{"id":4890,"date":"2017-06-20T10:53:36","date_gmt":"2017-06-20T09:53:36","guid":{"rendered":"http:\/\/www.nadinka.webd.pl\/letslearnenglish\/?page_id=4890"},"modified":"2023-07-14T16:17:56","modified_gmt":"2023-07-14T15:17:56","slug":"services","status":"publish","type":"page","link":"https:\/\/letslearnenglish.com\/tr\/services\/","title":{"rendered":"Hizmetler"},"content":{"rendered":"<div class=\"wpb-content-wrapper\"><div class=\"container\" ><div class=\"vc_row wpb_row vc_row-fluid margin-bottom-120\"><div class=\"sm-margin-bottom-30 wpb_column vc_column_container vc_col-sm-4\"><div class=\"vc_column-inner\"><div class=\"wpb_wrapper\">            <div class=\"heading color-dark size-md text-left margin-bottom-50 wpb_animate_when_almost_visible g5plus-css-animation wpb_fadeInUp\" >\n                                <div class=\"line-double\">\n                                                        <h2>\n                        WE OFFER A WIDE RANGE OF SERVICES FOR INDIVIDUAL USERS AND INSTITUTIONS                    <\/h2>\n                                        <span>\n                        Our services cover a range of materials aimed at students, teachers, schools and business                    <\/span>\n                                    <\/div>\n                            <\/div>\n            <\/div><\/div><\/div><div class=\"wpb_column vc_column_container vc_col-sm-4\"><div class=\"vc_column-inner\"><div class=\"wpb_wrapper\">\t\t\t<div class=\"iconbox default  text-center color-dark\" >\n                <div class=\"icon-box-shape\">\n                    <a title=\"\" target=\"_self\" href=\"http:\/\/sales.etestify.com\/services\/students\/\">\n                                                        <i class=\"micon icon-185082-man-people-streamline-user\"><\/i>\n                                                <\/a>\n                <\/div>\n                                    <h3><a title=\"\" target=\"_self\" href=\"http:\/\/sales.etestify.com\/services\/students\/\">\u00d6\u011eRENC\u0130LER<\/a><\/h3>\n                                <p>Kendi h\u0131z\u0131n\u0131zda, kendi seviyenizde \u00e7al\u0131\u015f\u0131n. Bir seviye s\u0131nav\u0131na girin ve ard\u0131ndan genel \u0130ngilizcenizi geli\u015ftirmek i\u00e7in \u00e7ok \u00e7e\u015fitli kurslar\u0131m\u0131zdan birini se\u00e7in veya uzman s\u0131nav haz\u0131rl\u0131k kurslar\u0131m\u0131zla \u0130ngilizce dil s\u0131nav\u0131n\u0131za haz\u0131rlanman\u0131za yard\u0131mc\u0131 olun.<\/p>\n                \t\t\t<\/div>\n            <div class=\"vc_empty_space\"   style=\"height: 32px\"><span class=\"vc_empty_space_inner\"><\/span><\/div>\t\t\t<div class=\"iconbox default  text-center color-dark\" >\n                <div class=\"icon-box-shape\">\n                    <a title=\"\" target=\"_self\" href=\"http:\/\/sales.etestify.com\/services\/schools\/\">\n                                                        <i class=\"micon icon-tools\"><\/i>\n                                                <\/a>\n                <\/div>\n                                    <h3><a title=\"\" target=\"_self\" href=\"http:\/\/sales.etestify.com\/services\/schools\/\">OKULLAR<\/a><\/h3>\n                                <p>Fiziksel s\u0131n\u0131flar\u0131n\u0131z\u0131 \u00e7evrimi\u00e7i okulumuzla \u00e7o\u011falt\u0131n, \u00f6\u011frencileri \u00f6\u011fretmenleriyle birlikte bir s\u0131n\u0131fa yerle\u015ftirin. H\u0131zl\u0131 ve basit ara\u00e7lar\u0131m\u0131z\u0131 kullanarak okulunuzu y\u00f6netin. Web sitesini kendi okulunuzun platformuna benzeyecek \u015fekilde yeniden markalay\u0131n.<\/p>\n                \t\t\t<\/div>\n            <\/div><\/div><\/div><div class=\"wpb_column vc_column_container vc_col-sm-4\"><div class=\"vc_column-inner\"><div class=\"wpb_wrapper\">\t\t\t<div class=\"iconbox default  text-center color-dark\" >\n                <div class=\"icon-box-shape\">\n                    <a title=\"\" target=\"_self\" href=\"http:\/\/sales.etestify.com\/services\/teachers\/\">\n                                                        <i class=\"micon icon-185081-speech-streamline-talk-user\"><\/i>\n                                                <\/a>\n                <\/div>\n                                    <h3><a title=\"\" target=\"_self\" href=\"http:\/\/sales.etestify.com\/services\/teachers\/\">\u00d6\u011eRETMENLER<\/a><\/h3>\n                                <p>Ders kitab\u0131n\u0131zla \u00e7apraz referansl\u0131 benzersiz materyal veritaban\u0131m\u0131z\u0131 kullanarak \u00f6\u011frencileriniz i\u00e7in uygun \u00e7evrimi\u00e7i \u00e7al\u0131\u015fmalar\u0131 saniyeler i\u00e7inde bulun ve ard\u0131ndan y\u00f6netim merkezimiz arac\u0131l\u0131\u011f\u0131yla ilerlemelerini kontrol edin. Yazma ara\u00e7lar\u0131m\u0131z\u0131 kullanarak kendi dijital materyallerinizi olu\u015fturun.<\/p>\n                \t\t\t<\/div>\n            <div class=\"vc_empty_space\"   style=\"height: 32px\"><span class=\"vc_empty_space_inner\"><\/span><\/div>\t\t\t<div class=\"iconbox default  text-center color-dark\" >\n                <div class=\"icon-box-shape\">\n                    <a title=\"\" target=\"_self\" href=\"http:\/\/sales.etestify.com\/services\/business\/\">\n                                                        <i class=\"micon icon-toolbox\"><\/i>\n                                                <\/a>\n                <\/div>\n                                    <h3><a title=\"\" target=\"_self\" href=\"http:\/\/sales.etestify.com\/services\/business\/\">\u0130\u015eLETME<\/a><\/h3>\n                                <p>Personelinizin \u0130ngilizce seviyesini geli\u015ftirmek i\u00e7in i\u015f \u0130ngilizcesi uzmanlar\u0131 taraf\u0131ndan yaz\u0131lm\u0131\u015f kurslar\u0131m\u0131z\u0131 kullan\u0131n. \u00c7al\u0131\u015fanlar\u0131n\u0131z i\u00e7in \u0131smarlama kurslar olu\u015fturmam\u0131z\u0131 isteyin.<\/p>\n                \t\t\t<\/div>\n            <\/div><\/div><\/div><\/div><\/div><div class=\"fullwidth\" ><div class=\"vc_row wpb_row vc_row-fluid vc_custom_1498475147716\"><div class=\"wpb_column vc_column_container vc_col-sm-12\"><div class=\"vc_column-inner\"><div class=\"wpb_wrapper\">            <div class=\"heading color-dark size-md text-center margin-bottom-75\" >\n                                <div class=\"line-double\">\n                                                        <h2>\n                        CLIENT LIST                    <\/h2>\n                                    <\/div>\n                                <p>\n                    Here are some of the 350 schools that work with us.                <\/p>\n                            <\/div>\n                        <div class=\"partner-carousel style1 opacity80\" >\n                <div class=\"owl-g5plus-shortcode owl-carousel\"\n                     data-plugin-options='{&quot;loop&quot;:true,&quot;center&quot;:false,&quot;nav&quot;:false,&quot;dots&quot;:false,&quot;autoplay&quot;:true,&quot;autoplayHoverPause&quot;:false,&quot;autoplayTimeout&quot;:5000,&quot;margin&quot;:0,&quot;items&quot;:4,&quot;responsive&quot;:{&quot;0&quot;:{&quot;items&quot;:1},&quot;600&quot;:{&quot;items&quot;:2},&quot;768&quot;:{&quot;items&quot;:3},&quot;980&quot;:{&quot;items&quot;:5},&quot;1200&quot;:{&quot;items&quot;:5}}}'>\n                    <img decoding=\"async\" width=\"220\" height=\"125\" src=\"https:\/\/letslearnenglish.com\/wp-content\/uploads\/2020\/03\/stgiles.png\" class=\"attachment-medium\" alt=\"\" title=\"stgiles\" \/><img decoding=\"async\" width=\"178\" height=\"89\" src=\"https:\/\/letslearnenglish.com\/wp-content\/uploads\/2020\/03\/beet.png\" class=\"attachment-medium\" alt=\"\" title=\"pancar\" \/><img decoding=\"async\" width=\"229\" height=\"163\" src=\"https:\/\/letslearnenglish.com\/wp-content\/uploads\/2020\/03\/kae.png\" class=\"attachment-medium\" alt=\"\" title=\"kae\" \/><img loading=\"lazy\" decoding=\"async\" width=\"300\" height=\"162\" src=\"https:\/\/letslearnenglish.com\/wp-content\/uploads\/2020\/03\/lse.jpg\" class=\"attachment-medium\" alt=\"\" title=\"lse\" \/><img loading=\"lazy\" decoding=\"async\" width=\"300\" height=\"100\" src=\"https:\/\/letslearnenglish.com\/wp-content\/uploads\/2020\/03\/ih1.png\" class=\"attachment-medium\" alt=\"\" title=\"ih1\" \/>                <\/div>\n            <\/div>\n            <\/div><\/div><\/div><\/div><\/div>\n<\/div>","protected":false},"excerpt":{"rendered":"WE OFFER A WIDE RANGE OF SERVICES FOR INDIVIDUAL USERS AND INSTITUTIONS Our services cover a range of materials aimed at students, teachers, schools and business STUDENTS Study at your own pace, at your own level. Take a level test and then choose from our wide range of courses to improve your general English, or [...]","protected":false},"author":1,"featured_media":0,"parent":0,"menu_order":0,"comment_status":"closed","ping_status":"closed","template":"","meta":{"_jet_sm_ready_style":"","_jet_sm_style":"","_jet_sm_controls_values":"","_jet_sm_fonts_collection":"","_jet_sm_fonts_links":"","footnotes":""},"class_list":["post-4890","page","type-page","status-publish","hentry"],"yoast_head":"<!-- This site is optimized with the Yoast SEO plugin v26.3 - https:\/\/yoast.com\/wordpress\/plugins\/seo\/ -->\n<title>Services<\/title>\n<meta name=\"description\" content=\"Discover a wide range of exceptional language learning services on Let&#039;s Learn English&#039;s dedicated Services page. From personalized...\" \/>\n<meta name=\"robots\" content=\"index, follow, max-snippet:-1, max-image-preview:large, max-video-preview:-1\" \/>\n<link rel=\"canonical\" href=\"https:\/\/letslearnenglish.com\/tr\/services\/\" \/>\n<meta property=\"og:locale\" content=\"tr_TR\" \/>\n<meta property=\"og:type\" content=\"article\" \/>\n<meta property=\"og:title\" content=\"Services\" \/>\n<meta property=\"og:description\" content=\"Discover a wide range of exceptional language learning services on Let&#039;s Learn English&#039;s dedicated Services page. From personalized...\" \/>\n<meta property=\"og:url\" content=\"https:\/\/letslearnenglish.com\/tr\/services\/\" \/>\n<meta property=\"og:site_name\" content=\"Let&#039;s Learn English\" \/>\n<meta property=\"article:publisher\" content=\"https:\/\/www.facebook.com\/letslearnenglishcom\/\" \/>\n<meta property=\"article:modified_time\" content=\"2023-07-14T15:17:56+00:00\" \/>\n<meta name=\"twitter:card\" content=\"summary_large_image\" \/>\n<meta name=\"twitter:site\" content=\"@LLEgold\" \/>\n<meta name=\"twitter:label1\" content=\"Tahmini okuma s\u00fcresi\" \/>\n\t<meta name=\"twitter:data1\" content=\"1 dakika\" \/>\n<script type=\"application\/ld+json\" class=\"yoast-schema-graph\">{\"@context\":\"https:\/\/schema.org\",\"@graph\":[{\"@type\":\"WebPage\",\"@id\":\"https:\/\/letslearnenglish.com\/services\/\",\"url\":\"https:\/\/letslearnenglish.com\/services\/\",\"name\":\"Services\",\"isPartOf\":{\"@id\":\"https:\/\/letslearnenglish.com\/#website\"},\"datePublished\":\"2017-06-20T09:53:36+00:00\",\"dateModified\":\"2023-07-14T15:17:56+00:00\",\"description\":\"Discover a wide range of exceptional language learning services on Let's Learn English's dedicated Services page. From personalized...\",\"breadcrumb\":{\"@id\":\"https:\/\/letslearnenglish.com\/services\/#breadcrumb\"},\"inLanguage\":\"tr\",\"potentialAction\":[{\"@type\":\"ReadAction\",\"target\":[\"https:\/\/letslearnenglish.com\/services\/\"]}]},{\"@type\":\"BreadcrumbList\",\"@id\":\"https:\/\/letslearnenglish.com\/services\/#breadcrumb\",\"itemListElement\":[{\"@type\":\"ListItem\",\"position\":1,\"name\":\"Home\",\"item\":\"https:\/\/letslearnenglish.com\/\"},{\"@type\":\"ListItem\",\"position\":2,\"name\":\"Services\"}]},{\"@type\":\"WebSite\",\"@id\":\"https:\/\/letslearnenglish.com\/#website\",\"url\":\"https:\/\/letslearnenglish.com\/\",\"name\":\"Let's Learn English\",\"description\":\"e-Learning platform with the largest database of material ready built in.\",\"publisher\":{\"@id\":\"https:\/\/letslearnenglish.com\/#organization\"},\"potentialAction\":[{\"@type\":\"SearchAction\",\"target\":{\"@type\":\"EntryPoint\",\"urlTemplate\":\"https:\/\/letslearnenglish.com\/?s={search_term_string}\"},\"query-input\":{\"@type\":\"PropertyValueSpecification\",\"valueRequired\":true,\"valueName\":\"search_term_string\"}}],\"inLanguage\":\"tr\"},{\"@type\":\"Organization\",\"@id\":\"https:\/\/letslearnenglish.com\/#organization\",\"name\":\"Let's Learn English\",\"url\":\"https:\/\/letslearnenglish.com\/\",\"logo\":{\"@type\":\"ImageObject\",\"inLanguage\":\"tr\",\"@id\":\"https:\/\/letslearnenglish.com\/#\/schema\/logo\/image\/\",\"url\":\"https:\/\/letslearnenglish.com\/wp-content\/uploads\/2017\/06\/newlogo.png\",\"contentUrl\":\"https:\/\/letslearnenglish.com\/wp-content\/uploads\/2017\/06\/newlogo.png\",\"width\":230,\"height\":110,\"caption\":\"Let's Learn English\"},\"image\":{\"@id\":\"https:\/\/letslearnenglish.com\/#\/schema\/logo\/image\/\"},\"sameAs\":[\"https:\/\/www.facebook.com\/letslearnenglishcom\/\",\"https:\/\/x.com\/LLEgold\",\"https:\/\/pinterest.com\/LLEgold\/\",\"https:\/\/www.youtube.com\/channel\/UCFQB7KnGf5tG82qHssJQQLw\"]}]}<\/script>\n<!-- \/ Yoast SEO plugin. -->","yoast_head_json":{"title":"Hizmetler","description":"Discover a wide range of exceptional language learning services on Let's Learn English's dedicated Services page. From personalized...","robots":{"index":"index","follow":"follow","max-snippet":"max-snippet:-1","max-image-preview":"max-image-preview:large","max-video-preview":"max-video-preview:-1"},"canonical":"https:\/\/letslearnenglish.com\/tr\/services\/","og_locale":"tr_TR","og_type":"article","og_title":"Services","og_description":"Discover a wide range of exceptional language learning services on Let's Learn English's dedicated Services page. From personalized...","og_url":"https:\/\/letslearnenglish.com\/tr\/services\/","og_site_name":"Let&#039;s Learn English","article_publisher":"https:\/\/www.facebook.com\/letslearnenglishcom\/","article_modified_time":"2023-07-14T15:17:56+00:00","twitter_card":"summary_large_image","twitter_site":"@LLEgold","twitter_misc":{"Tahmini okuma s\u00fcresi":"1 dakika"},"schema":{"@context":"https:\/\/schema.org","@graph":[{"@type":"WebPage","@id":"https:\/\/letslearnenglish.com\/services\/","url":"https:\/\/letslearnenglish.com\/services\/","name":"Hizmetler","isPartOf":{"@id":"https:\/\/letslearnenglish.com\/#website"},"datePublished":"2017-06-20T09:53:36+00:00","dateModified":"2023-07-14T15:17:56+00:00","description":"Discover a wide range of exceptional language learning services on Let's Learn English's dedicated Services page. From personalized...","breadcrumb":{"@id":"https:\/\/letslearnenglish.com\/services\/#breadcrumb"},"inLanguage":"tr","potentialAction":[{"@type":"ReadAction","target":["https:\/\/letslearnenglish.com\/services\/"]}]},{"@type":"BreadcrumbList","@id":"https:\/\/letslearnenglish.com\/services\/#breadcrumb","itemListElement":[{"@type":"ListItem","position":1,"name":"Home","item":"https:\/\/letslearnenglish.com\/"},{"@type":"ListItem","position":2,"name":"Services"}]},{"@type":"WebSite","@id":"https:\/\/letslearnenglish.com\/#website","url":"https:\/\/letslearnenglish.com\/","name":"Let's Learn English","description":"e-Learning platform with the largest database of material ready built in.","publisher":{"@id":"https:\/\/letslearnenglish.com\/#organization"},"potentialAction":[{"@type":"SearchAction","target":{"@type":"EntryPoint","urlTemplate":"https:\/\/letslearnenglish.com\/?s={search_term_string}"},"query-input":{"@type":"PropertyValueSpecification","valueRequired":true,"valueName":"search_term_string"}}],"inLanguage":"tr"},{"@type":"Organization","@id":"https:\/\/letslearnenglish.com\/#organization","name":"Let's Learn English","url":"https:\/\/letslearnenglish.com\/","logo":{"@type":"ImageObject","inLanguage":"tr","@id":"https:\/\/letslearnenglish.com\/#\/schema\/logo\/image\/","url":"https:\/\/letslearnenglish.com\/wp-content\/uploads\/2017\/06\/newlogo.png","contentUrl":"https:\/\/letslearnenglish.com\/wp-content\/uploads\/2017\/06\/newlogo.png","width":230,"height":110,"caption":"Let's Learn English"},"image":{"@id":"https:\/\/letslearnenglish.com\/#\/schema\/logo\/image\/"},"sameAs":["https:\/\/www.facebook.com\/letslearnenglishcom\/","https:\/\/x.com\/LLEgold","https:\/\/pinterest.com\/LLEgold\/","https:\/\/www.youtube.com\/channel\/UCFQB7KnGf5tG82qHssJQQLw"]}]}},"_links":{"self":[{"href":"https:\/\/letslearnenglish.com\/tr\/wp-json\/wp\/v2\/pages\/4890","targetHints":{"allow":["GET"]}}],"collection":[{"href":"https:\/\/letslearnenglish.com\/tr\/wp-json\/wp\/v2\/pages"}],"about":[{"href":"https:\/\/letslearnenglish.com\/tr\/wp-json\/wp\/v2\/types\/page"}],"author":[{"embeddable":true,"href":"https:\/\/letslearnenglish.com\/tr\/wp-json\/wp\/v2\/users\/1"}],"replies":[{"embeddable":true,"href":"https:\/\/letslearnenglish.com\/tr\/wp-json\/wp\/v2\/comments?post=4890"}],"version-history":[{"count":1,"href":"https:\/\/letslearnenglish.com\/tr\/wp-json\/wp\/v2\/pages\/4890\/revisions"}],"predecessor-version":[{"id":9246,"href":"https:\/\/letslearnenglish.com\/tr\/wp-json\/wp\/v2\/pages\/4890\/revisions\/9246"}],"wp:attachment":[{"href":"https:\/\/letslearnenglish.com\/tr\/wp-json\/wp\/v2\/media?parent=4890"}],"curies":[{"name":"wp","href":"https:\/\/api.w.org\/{rel}","templated":true}]}}