{"id":15792,"date":"2024-09-12T18:36:09","date_gmt":"2024-09-12T17:36:09","guid":{"rendered":"https:\/\/letslearnenglish.com\/?page_id=15792"},"modified":"2024-09-30T09:48:04","modified_gmt":"2024-09-30T08:48:04","slug":"english-for-law","status":"publish","type":"page","link":"https:\/\/letslearnenglish.com\/tr\/services\/course-outlines\/english-for-law\/","title":{"rendered":"English for Law"},"content":{"rendered":"<div data-elementor-type=\"wp-page\" data-elementor-id=\"15792\" class=\"elementor elementor-15792\" data-elementor-post-type=\"page\">\n\t\t\t\t<div class=\"elementor-element elementor-element-3ca1f68c e-flex e-con-boxed e-con e-parent\" data-id=\"3ca1f68c\" data-element_type=\"container\" data-settings=\"{&quot;jet_parallax_layout_list&quot;:[]}\">\n\t\t\t\t\t<div class=\"e-con-inner\">\n\t\t\t\t<div class=\"elementor-element elementor-element-51bbaa9e elementor-widget elementor-widget-text-editor\" data-id=\"51bbaa9e\" data-element_type=\"widget\" data-widget_type=\"text-editor.default\">\n\t\t\t\t<div class=\"elementor-widget-container\">\n\t\t\t\t\t\t\t\t\t<h3>Introduction<\/h3><p>English for Law is an online course, consisting of 56 units of English, and providing approximately 60 hours of study for students.<\/p><h3>Course aims<\/h3><p>To give students at Intermediate, CEFR B1\/Upper Intermediate B2 level practice in general and business-oriented language required for business contexts at this level, specifically tailored towards the specialisation of the law. The course blends grammatical structures necessary for this level, with vocabulary, reading, listening, writing, speaking and pronunciation.<\/p><h3>Dilbilgisi<\/h3><ul><li>Use present and past tenses correctly<\/li><li>Use the appropriate conditional forms to talk about situations and consequences.<\/li><li>Use the present perfect to describe a link between past and present events.<\/li><li>Use going to and will to talk about future predictions and intentions.<\/li><li>Use the passive form correctly<\/li><li>Distinguish and be able to correctly describe countable and uncountable nouns.<\/li><\/ul><h3>Kelime da\u011farc\u0131\u011f\u0131<\/h3><ul><li>By the end of the course students will have learnt approximately 120 expressions used in legal contexts.<\/li><\/ul><h3>Skills<\/h3><ul><li>By the end of the course students will have had exposure to and practice in reading and hearing formal and informal English from a variety of accents and legal contexts.<\/li><\/ul><h3>Unit summary<\/h3><div class=\"module-table-group\"><h4>Module 1<\/h4><ul><li><strong>Introduction to Legal Terminology<\/strong><\/li><li><strong>Grammar:<\/strong> Present tenses<\/li><li><strong>Kelime da\u011farc\u0131\u011f\u0131<\/strong>: Essential legal vocabulary, legal concepts, branches of law<\/li><li><strong>Okuma<\/strong>: Understanding legal texts, articles, and case studies<\/li><li><strong>Dinleme<\/strong>: Legal discussions, lectures, and debates<\/li><li><strong>Yazma<\/strong>: My life as a lawyer<\/li><li><strong>Konu\u015fma<\/strong>: Describing a legal concept<\/li><li><strong>Pronunciation<\/strong>: Anxious and Chess + connected speech<\/li><\/ul><\/div><div class=\"module-table-group\"><h4>Module 2<\/h4><ul><li><strong>Contract Law<\/strong><\/li><li><strong>Grammar:<\/strong> Past tenses<\/li><li><strong>Kelime da\u011farc\u0131\u011f\u0131<\/strong>: Contract formation, breaches, remedies, contract terms<\/li><li><strong>Okuma<\/strong>: Contracts and agreements<\/li><li><strong>Dinleme<\/strong>: Contract negotiation and dispute resolution discussions<\/li><li><strong>Yazma<\/strong>: Contract clauses and summaries<\/li><li><strong>Konu\u015fma<\/strong>: Discussing contract terms and negotiating agreements<\/li><li><strong>Pronunciation<\/strong>: Beats and Beach + connected speech<\/li><\/ul><\/div><div class=\"module-table-group\"><h4>Module 3<\/h4><ul><li><strong>Criminal Law<\/strong><\/li><li><strong>Grammar:<\/strong> Going to and Will<\/li><li><strong>Kelime da\u011farc\u0131\u011f\u0131<\/strong>: Offences, criminal procedure, sentencing, criminal defences<\/li><li><strong>Okuma<\/strong>: Criminal case summaries and legal statutes<\/li><li><strong>Dinleme<\/strong>: Courtroom proceedings and criminal law discussions<\/li><li><strong>Yazma<\/strong>: A case brief<\/li><li><strong>Konu\u015fma<\/strong>: Presenting criminal law arguments<\/li><li><strong>Pronunciation<\/strong>: Bet and But + connected speech<\/li><\/ul><\/div><div class=\"module-table-group\"><h4>Module 4<\/h4><ul><li><strong>Family Law<\/strong><\/li><li><strong>Grammar:<\/strong> Present perfect<\/li><li><strong>Kelime da\u011farc\u0131\u011f\u0131<\/strong>: Marriage, divorce, child custody, alimony, adoption<\/li><li><strong>Okuma<\/strong>: Family law statutes and cases<\/li><li><strong>Dinleme<\/strong>: Family law consultations and court hearings<\/li><li><strong>Yazma<\/strong>: A family law document<\/li><li><strong>Konu\u015fma<\/strong>: Discussing family law issues<\/li><li><strong>Pronunciation<\/strong>: Bud and Bird + connected speech<\/li><\/ul><\/div><div class=\"module-table-group\"><h4>Module 5<\/h4><ul><li><strong>Property Law<\/strong><\/li><li><strong>Grammar:<\/strong> Countable and uncountable nouns<\/li><li><strong>Kelime da\u011farc\u0131\u011f\u0131<\/strong>: Real property, personal property, leases, mortgages, easements<\/li><li><strong>Okuma<\/strong>: Property law documents and cases<\/li><li><strong>Dinleme<\/strong>: Property law discussions and negotiations<\/li><li><strong>Yazma<\/strong>: A property law document<\/li><li><strong>Konu\u015fma<\/strong>: Discussing property law transactions<\/li><li><strong>Pronunciation<\/strong>: Cart and Cut + connected speech<\/li><\/ul><\/div><div class=\"module-table-group\"><h4>Module 6<\/h4><ul><li><strong>Employment Law<\/strong><\/li><li><strong>Grammar:<\/strong> First conditional<\/li><li><strong>Kelime da\u011farc\u0131\u011f\u0131<\/strong>: Employment contracts, discrimination, termination, worker&#8217;s rights<\/li><li><strong>Okuma<\/strong>: Employment law cases and regulations<\/li><li><strong>Dinleme<\/strong>: Employment law consultations and disputes<\/li><li><strong>Yazma<\/strong>: An employment law document<\/li><li><strong>Konu\u015fma<\/strong>: Discussing employment law<\/li><li><strong>Pronunciation<\/strong>: Day and Ray + connected speech<\/li><\/ul><\/div><div class=\"module-table-group\"><h4>Module 7<\/h4><ul><li><strong>Intellectual Property Law<\/strong><\/li><li><strong>Dilbilgisi<\/strong>: Passive<\/li><li><strong>Kelime da\u011farc\u0131\u011f\u0131<\/strong>: Copyright, trademarks, patents, trade secrets, infringement<\/li><li><strong>Okuma<\/strong>: Intellectual property law cases and statutes<\/li><li><strong>Dinleme<\/strong>: Intellectual property law discussions and disputes<\/li><li><strong>Yazma<\/strong>: An intellectual property law document<\/li><li><strong>Konu\u015fma<\/strong>: Discussing intellectual property law<\/li><li><strong>Pronunciation<\/strong>: Guess and Yes + connected speech<\/li><\/ul><\/div><div class=\"module-table-group\"><h4>Module 8<\/h4><ul><li><strong>Professional Communication for Legal Professionals<\/strong><\/li><li><strong>Grammar:<\/strong> Second conditional<\/li><li><strong>Kelime da\u011farc\u0131\u011f\u0131<\/strong>: Formal and informal language, presentation skills, cultural awareness<\/li><li><strong>Okuma<\/strong>: Professional emails, memos, and announcements<\/li><li><strong>Dinleme<\/strong>: Effective communication with colleagues<\/li><li><strong>Yazma<\/strong>: Professional emails, memos, and announcements<\/li><li><strong>Konu\u015fma<\/strong>: Communication between legal professionals<\/li><li><strong>Pronunciation<\/strong>:Hope and Hop + connected speech<\/li><\/ul><\/div><h3>Follow-up<\/h3><ul><li>Students completing the English for Law course should feel confident in tackling any upper intermediate course, including our Upper Intermediate Business Power course.<\/li><\/ul>\t\t\t\t\t\t\t\t<\/div>\n\t\t\t\t<\/div>\n\t\t\t\t\t<\/div>\n\t\t\t\t<\/div>\n\t\t\t\t<\/div>","protected":false},"excerpt":{"rendered":"<p>Introduction English for Law is an online course, consisting of 56 units of English, and providing approximately 60 hours of study for students. Course aims To give students at Intermediate, CEFR B1\/Upper Intermediate B2 level practice in general and business-oriented language required for business contexts at this level, specifically tailored towards the specialisation of the [&hellip;]<\/p>","protected":false},"author":5,"featured_media":0,"parent":14791,"menu_order":0,"comment_status":"closed","ping_status":"closed","template":"","meta":{"_jet_sm_ready_style":"","_jet_sm_style":"","_jet_sm_controls_values":"","_jet_sm_fonts_collection":"","_jet_sm_fonts_links":"","footnotes":""},"class_list":["post-15792","page","type-page","status-publish","hentry"],"yoast_head":"<!-- This site is optimized with the Yoast SEO plugin v26.3 - https:\/\/yoast.com\/wordpress\/plugins\/seo\/ -->\n<title>English for Law<\/title>\n<meta name=\"robots\" content=\"index, follow, max-snippet:-1, max-image-preview:large, max-video-preview:-1\" \/>\n<link rel=\"canonical\" href=\"https:\/\/letslearnenglish.com\/tr\/services\/course-outlines\/english-for-law\/\" \/>\n<meta property=\"og:locale\" content=\"tr_TR\" \/>\n<meta property=\"og:type\" content=\"article\" \/>\n<meta property=\"og:title\" content=\"English for Law\" \/>\n<meta property=\"og:description\" content=\"Introduction English for Law is an online course, consisting of 56 units of English, and providing approximately 60 hours of study for students. Course aims To give students at Intermediate, CEFR B1\/Upper Intermediate B2 level practice in general and business-oriented language required for business contexts at this level, specifically tailored towards the specialisation of the [&hellip;]\" \/>\n<meta property=\"og:url\" content=\"https:\/\/letslearnenglish.com\/tr\/services\/course-outlines\/english-for-law\/\" \/>\n<meta property=\"og:site_name\" content=\"Let&#039;s Learn English\" \/>\n<meta property=\"article:publisher\" content=\"https:\/\/www.facebook.com\/letslearnenglishcom\/\" \/>\n<meta property=\"article:modified_time\" content=\"2024-09-30T08:48:04+00:00\" \/>\n<meta name=\"twitter:card\" content=\"summary_large_image\" \/>\n<meta name=\"twitter:site\" content=\"@LLEgold\" \/>\n<meta name=\"twitter:label1\" content=\"Tahmini okuma s\u00fcresi\" \/>\n\t<meta name=\"twitter:data1\" content=\"3 dakika\" \/>\n<script type=\"application\/ld+json\" class=\"yoast-schema-graph\">{\"@context\":\"https:\/\/schema.org\",\"@graph\":[{\"@type\":\"WebPage\",\"@id\":\"https:\/\/letslearnenglish.com\/services\/course-outlines\/english-for-law\/\",\"url\":\"https:\/\/letslearnenglish.com\/services\/course-outlines\/english-for-law\/\",\"name\":\"English for Law\",\"isPartOf\":{\"@id\":\"https:\/\/letslearnenglish.com\/#website\"},\"datePublished\":\"2024-09-12T17:36:09+00:00\",\"dateModified\":\"2024-09-30T08:48:04+00:00\",\"breadcrumb\":{\"@id\":\"https:\/\/letslearnenglish.com\/services\/course-outlines\/english-for-law\/#breadcrumb\"},\"inLanguage\":\"tr\",\"potentialAction\":[{\"@type\":\"ReadAction\",\"target\":[\"https:\/\/letslearnenglish.com\/services\/course-outlines\/english-for-law\/\"]}]},{\"@type\":\"BreadcrumbList\",\"@id\":\"https:\/\/letslearnenglish.com\/services\/course-outlines\/english-for-law\/#breadcrumb\",\"itemListElement\":[{\"@type\":\"ListItem\",\"position\":1,\"name\":\"Home\",\"item\":\"https:\/\/letslearnenglish.com\/\"},{\"@type\":\"ListItem\",\"position\":2,\"name\":\"Services\",\"item\":\"https:\/\/letslearnenglish.com\/services\/\"},{\"@type\":\"ListItem\",\"position\":3,\"name\":\"Course outlines\",\"item\":\"https:\/\/letslearnenglish.com\/services\/course-outlines\/\"},{\"@type\":\"ListItem\",\"position\":4,\"name\":\"English for Law\"}]},{\"@type\":\"WebSite\",\"@id\":\"https:\/\/letslearnenglish.com\/#website\",\"url\":\"https:\/\/letslearnenglish.com\/\",\"name\":\"Let's Learn English\",\"description\":\"e-Learning platform with the largest database of material ready built in.\",\"publisher\":{\"@id\":\"https:\/\/letslearnenglish.com\/#organization\"},\"potentialAction\":[{\"@type\":\"SearchAction\",\"target\":{\"@type\":\"EntryPoint\",\"urlTemplate\":\"https:\/\/letslearnenglish.com\/?s={search_term_string}\"},\"query-input\":{\"@type\":\"PropertyValueSpecification\",\"valueRequired\":true,\"valueName\":\"search_term_string\"}}],\"inLanguage\":\"tr\"},{\"@type\":\"Organization\",\"@id\":\"https:\/\/letslearnenglish.com\/#organization\",\"name\":\"Let's Learn English\",\"url\":\"https:\/\/letslearnenglish.com\/\",\"logo\":{\"@type\":\"ImageObject\",\"inLanguage\":\"tr\",\"@id\":\"https:\/\/letslearnenglish.com\/#\/schema\/logo\/image\/\",\"url\":\"https:\/\/letslearnenglish.com\/wp-content\/uploads\/2017\/06\/newlogo.png\",\"contentUrl\":\"https:\/\/letslearnenglish.com\/wp-content\/uploads\/2017\/06\/newlogo.png\",\"width\":230,\"height\":110,\"caption\":\"Let's Learn English\"},\"image\":{\"@id\":\"https:\/\/letslearnenglish.com\/#\/schema\/logo\/image\/\"},\"sameAs\":[\"https:\/\/www.facebook.com\/letslearnenglishcom\/\",\"https:\/\/x.com\/LLEgold\",\"https:\/\/pinterest.com\/LLEgold\/\",\"https:\/\/www.youtube.com\/channel\/UCFQB7KnGf5tG82qHssJQQLw\"]}]}<\/script>\n<!-- \/ Yoast SEO plugin. -->","yoast_head_json":{"title":"English for Law","robots":{"index":"index","follow":"follow","max-snippet":"max-snippet:-1","max-image-preview":"max-image-preview:large","max-video-preview":"max-video-preview:-1"},"canonical":"https:\/\/letslearnenglish.com\/tr\/services\/course-outlines\/english-for-law\/","og_locale":"tr_TR","og_type":"article","og_title":"English for Law","og_description":"Introduction English for Law is an online course, consisting of 56 units of English, and providing approximately 60 hours of study for students. Course aims To give students at Intermediate, CEFR B1\/Upper Intermediate B2 level practice in general and business-oriented language required for business contexts at this level, specifically tailored towards the specialisation of the [&hellip;]","og_url":"https:\/\/letslearnenglish.com\/tr\/services\/course-outlines\/english-for-law\/","og_site_name":"Let&#039;s Learn English","article_publisher":"https:\/\/www.facebook.com\/letslearnenglishcom\/","article_modified_time":"2024-09-30T08:48:04+00:00","twitter_card":"summary_large_image","twitter_site":"@LLEgold","twitter_misc":{"Tahmini okuma s\u00fcresi":"3 dakika"},"schema":{"@context":"https:\/\/schema.org","@graph":[{"@type":"WebPage","@id":"https:\/\/letslearnenglish.com\/services\/course-outlines\/english-for-law\/","url":"https:\/\/letslearnenglish.com\/services\/course-outlines\/english-for-law\/","name":"English for Law","isPartOf":{"@id":"https:\/\/letslearnenglish.com\/#website"},"datePublished":"2024-09-12T17:36:09+00:00","dateModified":"2024-09-30T08:48:04+00:00","breadcrumb":{"@id":"https:\/\/letslearnenglish.com\/services\/course-outlines\/english-for-law\/#breadcrumb"},"inLanguage":"tr","potentialAction":[{"@type":"ReadAction","target":["https:\/\/letslearnenglish.com\/services\/course-outlines\/english-for-law\/"]}]},{"@type":"BreadcrumbList","@id":"https:\/\/letslearnenglish.com\/services\/course-outlines\/english-for-law\/#breadcrumb","itemListElement":[{"@type":"ListItem","position":1,"name":"Home","item":"https:\/\/letslearnenglish.com\/"},{"@type":"ListItem","position":2,"name":"Services","item":"https:\/\/letslearnenglish.com\/services\/"},{"@type":"ListItem","position":3,"name":"Course outlines","item":"https:\/\/letslearnenglish.com\/services\/course-outlines\/"},{"@type":"ListItem","position":4,"name":"English for Law"}]},{"@type":"WebSite","@id":"https:\/\/letslearnenglish.com\/#website","url":"https:\/\/letslearnenglish.com\/","name":"Let's Learn English","description":"e-Learning platform with the largest database of material ready built in.","publisher":{"@id":"https:\/\/letslearnenglish.com\/#organization"},"potentialAction":[{"@type":"SearchAction","target":{"@type":"EntryPoint","urlTemplate":"https:\/\/letslearnenglish.com\/?s={search_term_string}"},"query-input":{"@type":"PropertyValueSpecification","valueRequired":true,"valueName":"search_term_string"}}],"inLanguage":"tr"},{"@type":"Organization","@id":"https:\/\/letslearnenglish.com\/#organization","name":"Let's Learn English","url":"https:\/\/letslearnenglish.com\/","logo":{"@type":"ImageObject","inLanguage":"tr","@id":"https:\/\/letslearnenglish.com\/#\/schema\/logo\/image\/","url":"https:\/\/letslearnenglish.com\/wp-content\/uploads\/2017\/06\/newlogo.png","contentUrl":"https:\/\/letslearnenglish.com\/wp-content\/uploads\/2017\/06\/newlogo.png","width":230,"height":110,"caption":"Let's Learn English"},"image":{"@id":"https:\/\/letslearnenglish.com\/#\/schema\/logo\/image\/"},"sameAs":["https:\/\/www.facebook.com\/letslearnenglishcom\/","https:\/\/x.com\/LLEgold","https:\/\/pinterest.com\/LLEgold\/","https:\/\/www.youtube.com\/channel\/UCFQB7KnGf5tG82qHssJQQLw"]}]}},"_links":{"self":[{"href":"https:\/\/letslearnenglish.com\/tr\/wp-json\/wp\/v2\/pages\/15792","targetHints":{"allow":["GET"]}}],"collection":[{"href":"https:\/\/letslearnenglish.com\/tr\/wp-json\/wp\/v2\/pages"}],"about":[{"href":"https:\/\/letslearnenglish.com\/tr\/wp-json\/wp\/v2\/types\/page"}],"author":[{"embeddable":true,"href":"https:\/\/letslearnenglish.com\/tr\/wp-json\/wp\/v2\/users\/5"}],"replies":[{"embeddable":true,"href":"https:\/\/letslearnenglish.com\/tr\/wp-json\/wp\/v2\/comments?post=15792"}],"version-history":[{"count":15,"href":"https:\/\/letslearnenglish.com\/tr\/wp-json\/wp\/v2\/pages\/15792\/revisions"}],"predecessor-version":[{"id":17330,"href":"https:\/\/letslearnenglish.com\/tr\/wp-json\/wp\/v2\/pages\/15792\/revisions\/17330"}],"up":[{"embeddable":true,"href":"https:\/\/letslearnenglish.com\/tr\/wp-json\/wp\/v2\/pages\/14791"}],"wp:attachment":[{"href":"https:\/\/letslearnenglish.com\/tr\/wp-json\/wp\/v2\/media?parent=15792"}],"curies":[{"name":"wp","href":"https:\/\/api.w.org\/{rel}","templated":true}]}}