{"id":15102,"date":"2024-09-11T11:50:25","date_gmt":"2024-09-11T10:50:25","guid":{"rendered":"https:\/\/letslearnenglish.com\/?page_id=15102"},"modified":"2024-10-03T18:23:27","modified_gmt":"2024-10-03T17:23:27","slug":"lets-start-80","status":"publish","type":"page","link":"https:\/\/letslearnenglish.com\/tr\/services\/course-outlines\/lets-start-80\/","title":{"rendered":"Let&#8217;s Start 80"},"content":{"rendered":"<div data-elementor-type=\"wp-page\" data-elementor-id=\"15102\" class=\"elementor elementor-15102\" data-elementor-post-type=\"page\">\n\t\t\t\t<div class=\"elementor-element elementor-element-5e155e28 e-flex e-con-boxed e-con e-parent\" data-id=\"5e155e28\" data-element_type=\"container\" data-settings=\"{&quot;jet_parallax_layout_list&quot;:[]}\">\n\t\t\t\t\t<div class=\"e-con-inner\">\n\t\t<div class=\"elementor-element elementor-element-3baf544 e-con-full e-flex e-con e-child\" data-id=\"3baf544\" data-element_type=\"container\" data-settings=\"{&quot;jet_parallax_layout_list&quot;:[]}\">\n\t\t\t\t<div class=\"elementor-element elementor-element-4fdf1b2 elementor-widget__width-auto left elementor-widget elementor-widget-rtwwpge-pdf-generator-addon\" data-id=\"4fdf1b2\" data-element_type=\"widget\" data-widget_type=\"rtwwpge-pdf-generator-addon.default\">\n\t\t\t\t<div class=\"elementor-widget-container\">\n\t\t\t\t\t<div class=\"rtwwpge_main\">\r\n\t\t\t<a target=\"_blank\" class=\"rtwwpge_pdf_button\"\r\n\t\t\t\ttitle=\"Download PDF\"\r\n\t\t\t\tdata-post_id=\"15102\"\r\n\t\t\t\tdata-post_url=\"https:\/\/letslearnenglish.com\/tr\/services\/course-outlines\/lets-start-80\/?rtwwpge_generate_pdf=true\"\r\n\t\t\t\tdata-pdf_cache=\"1\"\r\n\t\t\t\tdata-pdf_hide_class=\"\"\r\n\t\t\t\tdata-pdf_hide_id=\"\">\r\n\t\t\t\t<img decoding=\"async\" alt=\"Download PDF\" src=\"https:\/\/letslearnenglish.com\/wp-content\/plugins\/rtwwpge-wordpress-pdf-generator-for-elementor\/\/public\/images\/pdf_icon.png\" width=\"40\" height=\"40\">\r\n\t\t\t<\/a>\r\n\t\t\t<img decoding=\"async\" src=\"https:\/\/letslearnenglish.com\/wp-content\/plugins\/rtwwpge-wordpress-pdf-generator-for-elementor\/\/public\/images\/spinner.gif\" class=\"rtwwpge_pdf_gif\">\r\n\t\t\t<\/div>\t\t\t\t<\/div>\n\t\t\t\t<\/div>\n\t\t\t\t<div class=\"elementor-element elementor-element-50951e4 elementor-widget__width-auto elementor-absolute elementor-widget elementor-widget-text-editor\" data-id=\"50951e4\" data-element_type=\"widget\" data-settings=\"{&quot;_position&quot;:&quot;absolute&quot;}\" data-widget_type=\"text-editor.default\">\n\t\t\t\t<div class=\"elementor-widget-container\">\n\t\t\t\t\t\t\t\t\t<p>Click the PDF icon to download this page<\/p>\t\t\t\t\t\t\t\t<\/div>\n\t\t\t\t<\/div>\n\t\t\t\t<\/div>\n\t\t\t\t<div class=\"elementor-element elementor-element-5986b0f3 elementor-widget elementor-widget-text-editor\" data-id=\"5986b0f3\" data-element_type=\"widget\" data-widget_type=\"text-editor.default\">\n\t\t\t\t<div class=\"elementor-widget-container\">\n\t\t\t\t\t\t\t\t\t<h3>Introduction<\/h3><p>Let\u2019s Start 80 is an online course, consisting of 60 units of English, and providing approximately 80 hours of study for students.<\/p><h3>Course aims<\/h3><p>This course is designed for complete beginner students at CEFR A0 level, helping them build the essential grammar and vocabulary necessary to begin elementary studies. It blends grammatical structures with relevant vocabulary.<\/p><h3>Dilbilgisi<\/h3><p>By the end of the course, students will be able to:<\/p><ul><li>Use the verb &#8220;to be&#8221; in the affirmative, negative, and interrogative forms.<\/li><li>Identify and use plural forms of common nouns.<\/li><li>Identify nouns, verbs, and adjectives.<\/li><li>Use regular and irregular verbs in different sentence forms.<\/li><li>Form questions using auxiliary verbs &#8220;do&#8221; and &#8220;be.&#8221;<\/li><li>Use possessive adjectives to identify ownership.<\/li><li>Use the modal verb &#8220;can&#8221; to express ability.<\/li><li>Use articles with singular nouns and &#8220;some&#8221; with plural nouns.<\/li><li>Use &#8220;some&#8221; with plural countable and uncountable nouns.<\/li><li>Apply correct word order in sentences.<\/li><\/ul><h3>Kelime da\u011farc\u0131\u011f\u0131<\/h3><p>By the end of the course, students will have learned approximately 120 nouns, verbs, and adjectives. Key lexical sets include:<\/p><ul><li>Common nouns, verbs, and adjectives<\/li><li>Numbers<\/li><li>Days, months, and dates<\/li><li>Parts of the day<\/li><li>The alphabet<\/li><li>Seasons<\/li><li>Meals<\/li><li>Frequency (once, twice, etc.)<\/li><li>Simple connecting words (and, but, so, because)<\/li><li>Colours<\/li><li>Countries and nationalities<\/li><li>Clothes<\/li><li>Time and spelling<\/li><\/ul><h3>Unit summary<\/h3><div class=\"module-table-group\"><h4>Module 1<\/h4><ul><li><b>Dilbilgisi<\/b>: I am Ben<\/li><li><b>Kelime da\u011farc\u0131\u011f\u0131<\/b>: Nouns 1; Numbers 1-5<\/li><li><b>Dilbilgisi<\/b>: You are Ben<\/li><li><b>Kelime da\u011farc\u0131\u011f\u0131<\/b>: Nouns 2; Numbers 6-10<\/li><li><b>Dilbilgisi<\/b>: He is Pete; She is Mary<\/li><li><b>Revision<\/b>: Revision of module 1<\/li><\/ul><\/div><div class=\"module-table-group\"><h4>Module 2<\/h4><ul><li><b>Kelime da\u011farc\u0131\u011f\u0131<\/b>: Nouns 3; Numbers 11-20; Spelling<\/li><li><b>Dilbilgisi<\/b>: We are Ben and Mary<\/li><li><b>Kelime da\u011farc\u0131\u011f\u0131<\/b>: Nouns 4; Numbers 21-30; Spelling<\/li><li><b>Dilbilgisi<\/b>: They are Meg and Molly<\/li><li><b>Kelime da\u011farc\u0131\u011f\u0131<\/b>: Nouns 5; Days of the week; Spelling<\/li><li><b>Revision<\/b>: Revision of modules 1 and 2<\/li><\/ul><\/div><div class=\"module-table-group\"><h4>Module 3<\/h4><ul><li><b>Dilbilgisi<\/b>: It is a cat<\/li><li><b>Kelime da\u011farc\u0131\u011f\u0131<\/b>: Nouns 6; Months January &#8211; April; Spelling<\/li><li><b>Dilbilgisi<\/b>: I\u2019m not Ben<\/li><li><b>Kelime da\u011farc\u0131\u011f\u0131<\/b>: Nouns 7; Months May &#8211; August; Spelling<\/li><li><b>Dilbilgisi<\/b>: You are not Polly<\/li><li><b>Revision<\/b>: Revision of modules 1-3<\/li><\/ul><\/div><div class=\"module-table-group\"><h4>Module 4<\/h4><ul><li><b>Kelime da\u011farc\u0131\u011f\u0131<\/b>: Nouns 8; Months September &#8211; December; Spelling<\/li><li><b>Dilbilgisi<\/b>: We are Ben and Mary<\/li><li><b>Kelime da\u011farc\u0131\u011f\u0131<\/b>: Nouns 9; Dates; Spelling<\/li><li><b>Dilbilgisi<\/b>: They are Meg and Molly<\/li><li><b>Kelime da\u011farc\u0131\u011f\u0131<\/b>: Nouns 10; Parts of the day; Spelling<\/li><li><b>Revision<\/b>: Revision of modules 1-4<\/li><\/ul><\/div><div class=\"module-table-group\"><h4>Module 5<\/h4><ul><li><b>Dilbilgisi<\/b>: Am I Ben?<\/li><li><b>Kelime da\u011farc\u0131\u011f\u0131<\/b>: Nouns 11; Alphabet A-M; Spelling<\/li><li><b>Dilbilgisi<\/b>: Are you, Is he, Is she, Is it?<\/li><li><b>Kelime da\u011farc\u0131\u011f\u0131<\/b>: Nouns 12; Alphabet N-Z; Spelling<\/li><li><b>Dilbilgisi<\/b>: Plurals<\/li><li><b>Revision<\/b>: Revision of modules 1-5<\/li><\/ul><\/div><div class=\"module-table-group\"><h4>Module 6<\/h4><ul><li><b>Dilbilgisi<\/b>: Are we? Are they?<\/li><li><b>Kelime da\u011farc\u0131\u011f\u0131<\/b>: Nouns 13; Alphabet; Spelling<\/li><li><b>Dilbilgisi<\/b>: I am happy<\/li><li><b>Kelime da\u011farc\u0131\u011f\u0131<\/b>: Nouns and Adjectives; Spelling<\/li><li><b>Kelime da\u011farc\u0131\u011f\u0131<\/b>: Adjectives and Verbs; Time; Spelling<\/li><li><b>Revision<\/b>: Revision of modules 1-6<\/li><\/ul><\/div><div class=\"module-table-group\"><h4>Module 7<\/h4><ul><li><b>Dilbilgisi<\/b>: I play football<\/li><li><b>Kelime da\u011farc\u0131\u011f\u0131<\/b>: Verbs 1; Seasons; Spelling<\/li><li><b>Dilbilgisi<\/b>: I don\u2019t play tennis<\/li><li><b>Kelime da\u011farc\u0131\u011f\u0131<\/b>: Verbs 2; Meals; Spelling<\/li><li><b>Dilbilgisi<\/b>: Do you eat pizza?<\/li><li><b>Revision<\/b>: Revision of modules 1-7<\/li><\/ul><\/div><div class=\"module-table-group\"><h4>Module 8<\/h4><ul><li><b>Kelime da\u011farc\u0131\u011f\u0131<\/b>: Verbs 3; Please and Thank you; Word order; Frequency; Spelling<\/li><li><b>Dilbilgisi<\/b>: I am eating<\/li><li><b>Kelime da\u011farc\u0131\u011f\u0131<\/b>: Adjectives 1; And, but, so, because; Spelling<\/li><li><b>Dilbilgisi<\/b>: What\u2019s that?<\/li><li><b>Kelime da\u011farc\u0131\u011f\u0131<\/b>: Verbs 4; Colours; Spelling<\/li><li><b>Revision<\/b>: Revision of modules 1-8<\/li><\/ul><\/div><div class=\"module-table-group\"><h4>Module 9<\/h4><ul><li><b>Dilbilgisi<\/b>: I eat vs. I am eating<\/li><li><b>Kelime da\u011farc\u0131\u011f\u0131<\/b>: Adjectives 2; Spelling<\/li><li><b>Dilbilgisi<\/b>: My city is cold<\/li><li><b>Kelime da\u011farc\u0131\u011f\u0131<\/b>: Verbs 5; Useful words<\/li><li><b>Dilbilgisi<\/b>: Questions with do or be<\/li><li><b>Revision<\/b>: Revision of modules 1-9<\/li><\/ul><\/div><div class=\"module-table-group\"><h4>Module 10<\/h4><ul><li><b>Kelime da\u011farc\u0131\u011f\u0131<\/b>: Adjectives 3; Countries and Nationalities; Spelling<\/li><li><b>Dilbilgisi<\/b>: Information questions<\/li><li><b>Kelime da\u011farc\u0131\u011f\u0131<\/b>: Verbs 6; Wordbuilding; Spelling<\/li><li><b>Dilbilgisi<\/b>: Can\/can\u2019t<\/li><li><b>Kelime da\u011farc\u0131\u011f\u0131<\/b>: Adjectives 4; Clothes<\/li><li><b>Revision<\/b>: Revision of modules 1-10<\/li><\/ul><\/div><h3>Follow-up<\/h3><p>Students completing the Let\u2019s Start 80 course should feel confident in tackling any elementary course, including our Elementary Power course.<\/p>\t\t\t\t\t\t\t\t<\/div>\n\t\t\t\t<\/div>\n\t\t\t\t\t<\/div>\n\t\t\t\t<\/div>\n\t\t\t\t<\/div>","protected":false},"excerpt":{"rendered":"<p>Click the PDF icon to download this page Introduction Let\u2019s Start 80 is an online course, consisting of 60 units of English, and providing approximately 80 hours of study for students. Course aims This course is designed for complete beginner students at CEFR A0 level, helping them build the essential grammar and vocabulary necessary to [&hellip;]<\/p>","protected":false},"author":5,"featured_media":0,"parent":14791,"menu_order":0,"comment_status":"closed","ping_status":"closed","template":"","meta":{"_jet_sm_ready_style":"","_jet_sm_style":"","_jet_sm_controls_values":"","_jet_sm_fonts_collection":"","_jet_sm_fonts_links":"","footnotes":""},"class_list":["post-15102","page","type-page","status-publish","hentry"],"yoast_head":"<!-- This site is optimized with the Yoast SEO plugin v26.3 - https:\/\/yoast.com\/wordpress\/plugins\/seo\/ -->\n<title>Let&#039;s Start 80<\/title>\n<meta name=\"robots\" content=\"index, follow, max-snippet:-1, max-image-preview:large, max-video-preview:-1\" \/>\n<link rel=\"canonical\" href=\"https:\/\/letslearnenglish.com\/tr\/services\/course-outlines\/lets-start-80\/\" \/>\n<meta property=\"og:locale\" content=\"tr_TR\" \/>\n<meta property=\"og:type\" content=\"article\" \/>\n<meta property=\"og:title\" content=\"Let&#039;s Start 80\" \/>\n<meta property=\"og:description\" content=\"Click the PDF icon to download this page Introduction Let\u2019s Start 80 is an online course, consisting of 60 units of English, and providing approximately 80 hours of study for students. Course aims This course is designed for complete beginner students at CEFR A0 level, helping them build the essential grammar and vocabulary necessary to [&hellip;]\" \/>\n<meta property=\"og:url\" content=\"https:\/\/letslearnenglish.com\/tr\/services\/course-outlines\/lets-start-80\/\" \/>\n<meta property=\"og:site_name\" content=\"Let&#039;s Learn English\" \/>\n<meta property=\"article:publisher\" content=\"https:\/\/www.facebook.com\/letslearnenglishcom\/\" \/>\n<meta property=\"article:modified_time\" content=\"2024-10-03T17:23:27+00:00\" \/>\n<meta property=\"og:image\" content=\"https:\/\/letslearnenglish.com\/wp-content\/plugins\/rtwwpge-wordpress-pdf-generator-for-elementor\/\/public\/images\/pdf_icon.png\" \/>\n<meta name=\"twitter:card\" content=\"summary_large_image\" \/>\n<meta name=\"twitter:site\" content=\"@LLEgold\" \/>\n<meta name=\"twitter:label1\" content=\"Tahmini okuma s\u00fcresi\" \/>\n\t<meta name=\"twitter:data1\" content=\"3 dakika\" \/>\n<script type=\"application\/ld+json\" class=\"yoast-schema-graph\">{\"@context\":\"https:\/\/schema.org\",\"@graph\":[{\"@type\":\"WebPage\",\"@id\":\"https:\/\/letslearnenglish.com\/services\/course-outlines\/lets-start-80\/\",\"url\":\"https:\/\/letslearnenglish.com\/services\/course-outlines\/lets-start-80\/\",\"name\":\"Let's Start 80\",\"isPartOf\":{\"@id\":\"https:\/\/letslearnenglish.com\/#website\"},\"primaryImageOfPage\":{\"@id\":\"https:\/\/letslearnenglish.com\/services\/course-outlines\/lets-start-80\/#primaryimage\"},\"image\":{\"@id\":\"https:\/\/letslearnenglish.com\/services\/course-outlines\/lets-start-80\/#primaryimage\"},\"thumbnailUrl\":\"https:\/\/letslearnenglish.com\/wp-content\/plugins\/rtwwpge-wordpress-pdf-generator-for-elementor\/\/public\/images\/pdf_icon.png\",\"datePublished\":\"2024-09-11T10:50:25+00:00\",\"dateModified\":\"2024-10-03T17:23:27+00:00\",\"breadcrumb\":{\"@id\":\"https:\/\/letslearnenglish.com\/services\/course-outlines\/lets-start-80\/#breadcrumb\"},\"inLanguage\":\"tr\",\"potentialAction\":[{\"@type\":\"ReadAction\",\"target\":[\"https:\/\/letslearnenglish.com\/services\/course-outlines\/lets-start-80\/\"]}]},{\"@type\":\"ImageObject\",\"inLanguage\":\"tr\",\"@id\":\"https:\/\/letslearnenglish.com\/services\/course-outlines\/lets-start-80\/#primaryimage\",\"url\":\"https:\/\/letslearnenglish.com\/wp-content\/plugins\/rtwwpge-wordpress-pdf-generator-for-elementor\/\/public\/images\/pdf_icon.png\",\"contentUrl\":\"https:\/\/letslearnenglish.com\/wp-content\/plugins\/rtwwpge-wordpress-pdf-generator-for-elementor\/\/public\/images\/pdf_icon.png\"},{\"@type\":\"BreadcrumbList\",\"@id\":\"https:\/\/letslearnenglish.com\/services\/course-outlines\/lets-start-80\/#breadcrumb\",\"itemListElement\":[{\"@type\":\"ListItem\",\"position\":1,\"name\":\"Home\",\"item\":\"https:\/\/letslearnenglish.com\/\"},{\"@type\":\"ListItem\",\"position\":2,\"name\":\"Services\",\"item\":\"https:\/\/letslearnenglish.com\/services\/\"},{\"@type\":\"ListItem\",\"position\":3,\"name\":\"Course outlines\",\"item\":\"https:\/\/letslearnenglish.com\/services\/course-outlines\/\"},{\"@type\":\"ListItem\",\"position\":4,\"name\":\"Let&#8217;s Start 80\"}]},{\"@type\":\"WebSite\",\"@id\":\"https:\/\/letslearnenglish.com\/#website\",\"url\":\"https:\/\/letslearnenglish.com\/\",\"name\":\"Let's Learn English\",\"description\":\"e-Learning platform with the largest database of material ready built in.\",\"publisher\":{\"@id\":\"https:\/\/letslearnenglish.com\/#organization\"},\"potentialAction\":[{\"@type\":\"SearchAction\",\"target\":{\"@type\":\"EntryPoint\",\"urlTemplate\":\"https:\/\/letslearnenglish.com\/?s={search_term_string}\"},\"query-input\":{\"@type\":\"PropertyValueSpecification\",\"valueRequired\":true,\"valueName\":\"search_term_string\"}}],\"inLanguage\":\"tr\"},{\"@type\":\"Organization\",\"@id\":\"https:\/\/letslearnenglish.com\/#organization\",\"name\":\"Let's Learn English\",\"url\":\"https:\/\/letslearnenglish.com\/\",\"logo\":{\"@type\":\"ImageObject\",\"inLanguage\":\"tr\",\"@id\":\"https:\/\/letslearnenglish.com\/#\/schema\/logo\/image\/\",\"url\":\"https:\/\/letslearnenglish.com\/wp-content\/uploads\/2017\/06\/newlogo.png\",\"contentUrl\":\"https:\/\/letslearnenglish.com\/wp-content\/uploads\/2017\/06\/newlogo.png\",\"width\":230,\"height\":110,\"caption\":\"Let's Learn English\"},\"image\":{\"@id\":\"https:\/\/letslearnenglish.com\/#\/schema\/logo\/image\/\"},\"sameAs\":[\"https:\/\/www.facebook.com\/letslearnenglishcom\/\",\"https:\/\/x.com\/LLEgold\",\"https:\/\/pinterest.com\/LLEgold\/\",\"https:\/\/www.youtube.com\/channel\/UCFQB7KnGf5tG82qHssJQQLw\"]}]}<\/script>\n<!-- \/ Yoast SEO plugin. -->","yoast_head_json":{"title":"Let's Start 80","robots":{"index":"index","follow":"follow","max-snippet":"max-snippet:-1","max-image-preview":"max-image-preview:large","max-video-preview":"max-video-preview:-1"},"canonical":"https:\/\/letslearnenglish.com\/tr\/services\/course-outlines\/lets-start-80\/","og_locale":"tr_TR","og_type":"article","og_title":"Let's Start 80","og_description":"Click the PDF icon to download this page Introduction Let\u2019s Start 80 is an online course, consisting of 60 units of English, and providing approximately 80 hours of study for students. Course aims This course is designed for complete beginner students at CEFR A0 level, helping them build the essential grammar and vocabulary necessary to [&hellip;]","og_url":"https:\/\/letslearnenglish.com\/tr\/services\/course-outlines\/lets-start-80\/","og_site_name":"Let&#039;s Learn English","article_publisher":"https:\/\/www.facebook.com\/letslearnenglishcom\/","article_modified_time":"2024-10-03T17:23:27+00:00","og_image":[{"url":"https:\/\/letslearnenglish.com\/wp-content\/plugins\/rtwwpge-wordpress-pdf-generator-for-elementor\/\/public\/images\/pdf_icon.png","type":"","width":"","height":""}],"twitter_card":"summary_large_image","twitter_site":"@LLEgold","twitter_misc":{"Tahmini okuma s\u00fcresi":"3 dakika"},"schema":{"@context":"https:\/\/schema.org","@graph":[{"@type":"WebPage","@id":"https:\/\/letslearnenglish.com\/services\/course-outlines\/lets-start-80\/","url":"https:\/\/letslearnenglish.com\/services\/course-outlines\/lets-start-80\/","name":"Let's Start 80","isPartOf":{"@id":"https:\/\/letslearnenglish.com\/#website"},"primaryImageOfPage":{"@id":"https:\/\/letslearnenglish.com\/services\/course-outlines\/lets-start-80\/#primaryimage"},"image":{"@id":"https:\/\/letslearnenglish.com\/services\/course-outlines\/lets-start-80\/#primaryimage"},"thumbnailUrl":"https:\/\/letslearnenglish.com\/wp-content\/plugins\/rtwwpge-wordpress-pdf-generator-for-elementor\/\/public\/images\/pdf_icon.png","datePublished":"2024-09-11T10:50:25+00:00","dateModified":"2024-10-03T17:23:27+00:00","breadcrumb":{"@id":"https:\/\/letslearnenglish.com\/services\/course-outlines\/lets-start-80\/#breadcrumb"},"inLanguage":"tr","potentialAction":[{"@type":"ReadAction","target":["https:\/\/letslearnenglish.com\/services\/course-outlines\/lets-start-80\/"]}]},{"@type":"ImageObject","inLanguage":"tr","@id":"https:\/\/letslearnenglish.com\/services\/course-outlines\/lets-start-80\/#primaryimage","url":"https:\/\/letslearnenglish.com\/wp-content\/plugins\/rtwwpge-wordpress-pdf-generator-for-elementor\/\/public\/images\/pdf_icon.png","contentUrl":"https:\/\/letslearnenglish.com\/wp-content\/plugins\/rtwwpge-wordpress-pdf-generator-for-elementor\/\/public\/images\/pdf_icon.png"},{"@type":"BreadcrumbList","@id":"https:\/\/letslearnenglish.com\/services\/course-outlines\/lets-start-80\/#breadcrumb","itemListElement":[{"@type":"ListItem","position":1,"name":"Home","item":"https:\/\/letslearnenglish.com\/"},{"@type":"ListItem","position":2,"name":"Services","item":"https:\/\/letslearnenglish.com\/services\/"},{"@type":"ListItem","position":3,"name":"Course outlines","item":"https:\/\/letslearnenglish.com\/services\/course-outlines\/"},{"@type":"ListItem","position":4,"name":"Let&#8217;s Start 80"}]},{"@type":"WebSite","@id":"https:\/\/letslearnenglish.com\/#website","url":"https:\/\/letslearnenglish.com\/","name":"Let's Learn English","description":"e-Learning platform with the largest database of material ready built in.","publisher":{"@id":"https:\/\/letslearnenglish.com\/#organization"},"potentialAction":[{"@type":"SearchAction","target":{"@type":"EntryPoint","urlTemplate":"https:\/\/letslearnenglish.com\/?s={search_term_string}"},"query-input":{"@type":"PropertyValueSpecification","valueRequired":true,"valueName":"search_term_string"}}],"inLanguage":"tr"},{"@type":"Organization","@id":"https:\/\/letslearnenglish.com\/#organization","name":"Let's Learn English","url":"https:\/\/letslearnenglish.com\/","logo":{"@type":"ImageObject","inLanguage":"tr","@id":"https:\/\/letslearnenglish.com\/#\/schema\/logo\/image\/","url":"https:\/\/letslearnenglish.com\/wp-content\/uploads\/2017\/06\/newlogo.png","contentUrl":"https:\/\/letslearnenglish.com\/wp-content\/uploads\/2017\/06\/newlogo.png","width":230,"height":110,"caption":"Let's Learn English"},"image":{"@id":"https:\/\/letslearnenglish.com\/#\/schema\/logo\/image\/"},"sameAs":["https:\/\/www.facebook.com\/letslearnenglishcom\/","https:\/\/x.com\/LLEgold","https:\/\/pinterest.com\/LLEgold\/","https:\/\/www.youtube.com\/channel\/UCFQB7KnGf5tG82qHssJQQLw"]}]}},"_links":{"self":[{"href":"https:\/\/letslearnenglish.com\/tr\/wp-json\/wp\/v2\/pages\/15102","targetHints":{"allow":["GET"]}}],"collection":[{"href":"https:\/\/letslearnenglish.com\/tr\/wp-json\/wp\/v2\/pages"}],"about":[{"href":"https:\/\/letslearnenglish.com\/tr\/wp-json\/wp\/v2\/types\/page"}],"author":[{"embeddable":true,"href":"https:\/\/letslearnenglish.com\/tr\/wp-json\/wp\/v2\/users\/5"}],"replies":[{"embeddable":true,"href":"https:\/\/letslearnenglish.com\/tr\/wp-json\/wp\/v2\/comments?post=15102"}],"version-history":[{"count":18,"href":"https:\/\/letslearnenglish.com\/tr\/wp-json\/wp\/v2\/pages\/15102\/revisions"}],"predecessor-version":[{"id":17792,"href":"https:\/\/letslearnenglish.com\/tr\/wp-json\/wp\/v2\/pages\/15102\/revisions\/17792"}],"up":[{"embeddable":true,"href":"https:\/\/letslearnenglish.com\/tr\/wp-json\/wp\/v2\/pages\/14791"}],"wp:attachment":[{"href":"https:\/\/letslearnenglish.com\/tr\/wp-json\/wp\/v2\/media?parent=15102"}],"curies":[{"name":"wp","href":"https:\/\/api.w.org\/{rel}","templated":true}]}}