{"id":15235,"date":"2024-09-11T13:43:19","date_gmt":"2024-09-11T12:43:19","guid":{"rendered":"https:\/\/letslearnenglish.com\/?page_id=15235"},"modified":"2024-09-30T09:28:28","modified_gmt":"2024-09-30T08:28:28","slug":"upper-intermediate-power-60-course-a","status":"publish","type":"page","link":"https:\/\/letslearnenglish.com\/sk\/services\/course-outlines\/upper-intermediate-power-60-course-a\/","title":{"rendered":"Upper Intermediate Power 60, Course A"},"content":{"rendered":"<div data-elementor-type=\"wp-page\" data-elementor-id=\"15235\" class=\"elementor elementor-15235\" data-elementor-post-type=\"page\">\n\t\t\t\t<div class=\"elementor-element elementor-element-9b265d2 e-flex e-con-boxed e-con e-parent\" data-id=\"9b265d2\" data-element_type=\"container\" data-settings=\"{&quot;jet_parallax_layout_list&quot;:[]}\">\n\t\t\t\t\t<div class=\"e-con-inner\">\n\t\t\t\t<div class=\"elementor-element elementor-element-bdf6a8b elementor-widget elementor-widget-text-editor\" data-id=\"bdf6a8b\" data-element_type=\"widget\" data-widget_type=\"text-editor.default\">\n\t\t\t\t<div class=\"elementor-widget-container\">\n\t\t\t\t\t\t\t\t\t<h3>Introduction<\/h3><p>Upper Intermediate Power 60, Course A is an online course, consisting of 50 units of English, and providing approximately 60 hours of study for students.<\/p><h3>Course aims<\/h3><p>This course is designed for Upper Intermediate, CEFR B2 students to consolidate their English language skills. It focuses on developing advanced grammar structures, expanding vocabulary, and improving the four key skills: reading, writing, listening, and speaking.<\/p><h3>Gramatika<\/h3><p>By the end of the course, students will be able to:<\/p><ul><li>Use mixed conditionals to talk about hypothetical situations in the past, present, and future.<\/li><li>Use reported speech to communicate what someone else has said in different contexts.<\/li><li>Form and use relative clauses to give extra information.<\/li><li>Master the passive voice in all tenses and forms.<\/li><li>Use advanced modals of speculation and deduction.<\/li><\/ul><h3>Slovn\u00e1 z\u00e1soba<\/h3><p>By the end of the course, students will have acquired approximately 500 new lexical items, covering topics such as business, travel, culture, and relationships.<\/p><h3>Skills<\/h3><p>Students will have practiced reading and listening to various text types, including interviews, articles, and real-world conversations about diverse topics.<\/p><h3>Unit summary<\/h3><div class=\"module-table-group\"><h4>Module 1<\/h4><ul><li><b>Slovn\u00e1 z\u00e1soba<\/b>: Business and commerce<\/li><li><b>Gramatika<\/b>: Mixed conditionals<\/li><li><b>\u010c\u00edtanie<\/b>: A business proposal<\/li><li><b>Po\u010d\u00favanie<\/b>: A meeting about a new project<\/li><li><b>Wordbuilding<\/b>: Business-related nouns and adjectives<\/li><li><b>Slovn\u00e1 z\u00e1soba<\/b>: Business jargon<\/li><li><b>Gramatika<\/b>: Modals for speculation and deduction<\/li><li><b>P\u00edsanie<\/b>: A business report<\/li><li><b>Spelling<\/b>: Common business-related words<\/li><li><b>Revision<\/b>: Material from module 1<\/li><\/ul><\/div><div class=\"module-table-group\"><h4>Module 2<\/h4><ul><li><b>Slovn\u00e1 z\u00e1soba<\/b>: Culture and society<\/li><li><b>Gramatika<\/b>: Reported speech<\/li><li><b>\u010c\u00edtanie<\/b>: A cultural review<\/li><li><b>Po\u010d\u00favanie<\/b>: A discussion about social trends<\/li><li><b>Phrasal verbs<\/b>: Phrasal verbs related to society<\/li><li><b>Slovn\u00e1 z\u00e1soba<\/b>: Social issues<\/li><li><b>Gramatika<\/b>: Passive voice (all forms)<\/li><li><b>Hovorenie<\/b>: Discussing cultural differences<\/li><li><b>Spelling<\/b>: Common words related to culture<\/li><li><b>Revision<\/b>: Material from module 2<\/li><\/ul><\/div><div class=\"module-table-group\"><h4>Module 3<\/h4><ul><li><b>Slovn\u00e1 z\u00e1soba<\/b>: Travel and tourism<\/li><li><b>Gramatika<\/b>: Advanced relative clauses<\/li><li><b>\u010c\u00edtanie<\/b>: A travel blog<\/li><li><b>Po\u010d\u00favanie<\/b>: A podcast on travel experiences<\/li><li><b>Wordbuilding<\/b>: Nouns and verbs related to travel<\/li><li><b>Slovn\u00e1 z\u00e1soba<\/b>: Describing travel experiences<\/li><li><b>Gramatika<\/b>: Future continuous and future perfect<\/li><li><b>P\u00edsanie<\/b>: A travel itinerary<\/li><li><b>Spelling<\/b>: Common travel-related words<\/li><li><b>Revision<\/b>: Material from module 3<\/li><\/ul><\/div><div class=\"module-table-group\"><h4>Module 4<\/h4><ul><li><b>Slovn\u00e1 z\u00e1soba<\/b>: Technology and innovation<\/li><li><b>Gramatika<\/b>: Modals of deduction and speculation<\/li><li><b>\u010c\u00edtanie<\/b>: A technology article<\/li><li><b>Po\u010d\u00favanie<\/b>: A radio show on innovation<\/li><li><b>Phrasal verbs<\/b>: Technology-related phrasal verbs<\/li><li><b>Slovn\u00e1 z\u00e1soba<\/b>: Describing technological advances<\/li><li><b>Gramatika<\/b>: Inversion in conditional sentences<\/li><li><b>Hovorenie<\/b>: Discussing the future of technology<\/li><li><b>Spelling<\/b>: Common technology-related words<\/li><li><b>Revision<\/b>: Material from module 4<\/li><\/ul><\/div><div class=\"module-table-group\"><h4>Module 5<\/h4><ul><li><b>Slovn\u00e1 z\u00e1soba<\/b>: Health and fitness<\/li><li><b>Gramatika<\/b>: Reported speech in various tenses<\/li><li><b>\u010c\u00edtanie<\/b>: An article on fitness trends<\/li><li><b>Po\u010d\u00favanie<\/b>: A health coach interview<\/li><li><b>Wordbuilding<\/b>: Health-related nouns and adjectives<\/li><li><b>Slovn\u00e1 z\u00e1soba<\/b>: Describing fitness routines<\/li><li><b>Gramatika<\/b>: Past perfect continuous<\/li><li><b>P\u00edsanie<\/b>: A report on fitness habits<\/li><li><b>Spelling<\/b>: Common health-related words<\/li><li><b>Revision<\/b>: Material from module 5<\/li><\/ul><\/div><h3>Follow-up<\/h3><p>Students completing Upper Intermediate Power 60 Course A should move on to Upper Intermediate Power 60 Course B.<\/p>\t\t\t\t\t\t\t\t<\/div>\n\t\t\t\t<\/div>\n\t\t\t\t\t<\/div>\n\t\t\t\t<\/div>\n\t\t\t\t<\/div>","protected":false},"excerpt":{"rendered":"<p>Introduction Upper Intermediate Power 60, Course A is an online course, consisting of 50 units of English, and providing approximately 60 hours of study for students. Course aims This course is designed for Upper Intermediate, CEFR B2 students to consolidate their English language skills. It focuses on developing advanced grammar structures, expanding vocabulary, and improving [&hellip;]<\/p>","protected":false},"author":5,"featured_media":0,"parent":14791,"menu_order":0,"comment_status":"closed","ping_status":"closed","template":"","meta":{"_jet_sm_ready_style":"","_jet_sm_style":"","_jet_sm_controls_values":"","_jet_sm_fonts_collection":"","_jet_sm_fonts_links":"","footnotes":""},"class_list":["post-15235","page","type-page","status-publish","hentry"],"yoast_head":"<!-- This site is optimized with the Yoast SEO plugin v26.3 - https:\/\/yoast.com\/wordpress\/plugins\/seo\/ -->\n<title>Upper Intermediate Power 60, Course A<\/title>\n<meta name=\"robots\" content=\"index, follow, max-snippet:-1, max-image-preview:large, max-video-preview:-1\" \/>\n<link rel=\"canonical\" href=\"https:\/\/letslearnenglish.com\/sk\/services\/course-outlines\/upper-intermediate-power-60-course-a\/\" \/>\n<meta property=\"og:locale\" content=\"sk_SK\" \/>\n<meta property=\"og:type\" content=\"article\" \/>\n<meta property=\"og:title\" content=\"Upper Intermediate Power 60, Course A\" \/>\n<meta property=\"og:description\" content=\"Introduction Upper Intermediate Power 60, Course A is an online course, consisting of 50 units of English, and providing approximately 60 hours of study for students. Course aims This course is designed for Upper Intermediate, CEFR B2 students to consolidate their English language skills. It focuses on developing advanced grammar structures, expanding vocabulary, and improving [&hellip;]\" \/>\n<meta property=\"og:url\" content=\"https:\/\/letslearnenglish.com\/sk\/services\/course-outlines\/upper-intermediate-power-60-course-a\/\" \/>\n<meta property=\"og:site_name\" content=\"Let&#039;s Learn English\" \/>\n<meta property=\"article:publisher\" content=\"https:\/\/www.facebook.com\/letslearnenglishcom\/\" \/>\n<meta property=\"article:modified_time\" content=\"2024-09-30T08:28:28+00:00\" \/>\n<meta name=\"twitter:card\" content=\"summary_large_image\" \/>\n<meta name=\"twitter:site\" content=\"@LLEgold\" \/>\n<meta name=\"twitter:label1\" content=\"Predpokladan\u00fd \u010das \u010d\u00edtania\" \/>\n\t<meta name=\"twitter:data1\" content=\"3 min\u00faty\" \/>\n<script type=\"application\/ld+json\" class=\"yoast-schema-graph\">{\"@context\":\"https:\/\/schema.org\",\"@graph\":[{\"@type\":\"WebPage\",\"@id\":\"https:\/\/letslearnenglish.com\/services\/course-outlines\/upper-intermediate-power-60-course-a\/\",\"url\":\"https:\/\/letslearnenglish.com\/services\/course-outlines\/upper-intermediate-power-60-course-a\/\",\"name\":\"Upper Intermediate Power 60, Course A\",\"isPartOf\":{\"@id\":\"https:\/\/letslearnenglish.com\/#website\"},\"datePublished\":\"2024-09-11T12:43:19+00:00\",\"dateModified\":\"2024-09-30T08:28:28+00:00\",\"breadcrumb\":{\"@id\":\"https:\/\/letslearnenglish.com\/services\/course-outlines\/upper-intermediate-power-60-course-a\/#breadcrumb\"},\"inLanguage\":\"sk-SK\",\"potentialAction\":[{\"@type\":\"ReadAction\",\"target\":[\"https:\/\/letslearnenglish.com\/services\/course-outlines\/upper-intermediate-power-60-course-a\/\"]}]},{\"@type\":\"BreadcrumbList\",\"@id\":\"https:\/\/letslearnenglish.com\/services\/course-outlines\/upper-intermediate-power-60-course-a\/#breadcrumb\",\"itemListElement\":[{\"@type\":\"ListItem\",\"position\":1,\"name\":\"Home\",\"item\":\"https:\/\/letslearnenglish.com\/\"},{\"@type\":\"ListItem\",\"position\":2,\"name\":\"Services\",\"item\":\"https:\/\/letslearnenglish.com\/services\/\"},{\"@type\":\"ListItem\",\"position\":3,\"name\":\"Course outlines\",\"item\":\"https:\/\/letslearnenglish.com\/services\/course-outlines\/\"},{\"@type\":\"ListItem\",\"position\":4,\"name\":\"Upper Intermediate Power 60, Course A\"}]},{\"@type\":\"WebSite\",\"@id\":\"https:\/\/letslearnenglish.com\/#website\",\"url\":\"https:\/\/letslearnenglish.com\/\",\"name\":\"Let's Learn English\",\"description\":\"e-Learning platform with the largest database of material ready built in.\",\"publisher\":{\"@id\":\"https:\/\/letslearnenglish.com\/#organization\"},\"potentialAction\":[{\"@type\":\"SearchAction\",\"target\":{\"@type\":\"EntryPoint\",\"urlTemplate\":\"https:\/\/letslearnenglish.com\/?s={search_term_string}\"},\"query-input\":{\"@type\":\"PropertyValueSpecification\",\"valueRequired\":true,\"valueName\":\"search_term_string\"}}],\"inLanguage\":\"sk-SK\"},{\"@type\":\"Organization\",\"@id\":\"https:\/\/letslearnenglish.com\/#organization\",\"name\":\"Let's Learn English\",\"url\":\"https:\/\/letslearnenglish.com\/\",\"logo\":{\"@type\":\"ImageObject\",\"inLanguage\":\"sk-SK\",\"@id\":\"https:\/\/letslearnenglish.com\/#\/schema\/logo\/image\/\",\"url\":\"https:\/\/letslearnenglish.com\/wp-content\/uploads\/2017\/06\/newlogo.png\",\"contentUrl\":\"https:\/\/letslearnenglish.com\/wp-content\/uploads\/2017\/06\/newlogo.png\",\"width\":230,\"height\":110,\"caption\":\"Let's Learn English\"},\"image\":{\"@id\":\"https:\/\/letslearnenglish.com\/#\/schema\/logo\/image\/\"},\"sameAs\":[\"https:\/\/www.facebook.com\/letslearnenglishcom\/\",\"https:\/\/x.com\/LLEgold\",\"https:\/\/pinterest.com\/LLEgold\/\",\"https:\/\/www.youtube.com\/channel\/UCFQB7KnGf5tG82qHssJQQLw\"]}]}<\/script>\n<!-- \/ Yoast SEO plugin. -->","yoast_head_json":{"title":"Upper Intermediate Power 60, Course A","robots":{"index":"index","follow":"follow","max-snippet":"max-snippet:-1","max-image-preview":"max-image-preview:large","max-video-preview":"max-video-preview:-1"},"canonical":"https:\/\/letslearnenglish.com\/sk\/services\/course-outlines\/upper-intermediate-power-60-course-a\/","og_locale":"sk_SK","og_type":"article","og_title":"Upper Intermediate Power 60, Course A","og_description":"Introduction Upper Intermediate Power 60, Course A is an online course, consisting of 50 units of English, and providing approximately 60 hours of study for students. Course aims This course is designed for Upper Intermediate, CEFR B2 students to consolidate their English language skills. It focuses on developing advanced grammar structures, expanding vocabulary, and improving [&hellip;]","og_url":"https:\/\/letslearnenglish.com\/sk\/services\/course-outlines\/upper-intermediate-power-60-course-a\/","og_site_name":"Let&#039;s Learn English","article_publisher":"https:\/\/www.facebook.com\/letslearnenglishcom\/","article_modified_time":"2024-09-30T08:28:28+00:00","twitter_card":"summary_large_image","twitter_site":"@LLEgold","twitter_misc":{"Predpokladan\u00fd \u010das \u010d\u00edtania":"3 min\u00faty"},"schema":{"@context":"https:\/\/schema.org","@graph":[{"@type":"WebPage","@id":"https:\/\/letslearnenglish.com\/services\/course-outlines\/upper-intermediate-power-60-course-a\/","url":"https:\/\/letslearnenglish.com\/services\/course-outlines\/upper-intermediate-power-60-course-a\/","name":"Upper Intermediate Power 60, Course A","isPartOf":{"@id":"https:\/\/letslearnenglish.com\/#website"},"datePublished":"2024-09-11T12:43:19+00:00","dateModified":"2024-09-30T08:28:28+00:00","breadcrumb":{"@id":"https:\/\/letslearnenglish.com\/services\/course-outlines\/upper-intermediate-power-60-course-a\/#breadcrumb"},"inLanguage":"sk-SK","potentialAction":[{"@type":"ReadAction","target":["https:\/\/letslearnenglish.com\/services\/course-outlines\/upper-intermediate-power-60-course-a\/"]}]},{"@type":"BreadcrumbList","@id":"https:\/\/letslearnenglish.com\/services\/course-outlines\/upper-intermediate-power-60-course-a\/#breadcrumb","itemListElement":[{"@type":"ListItem","position":1,"name":"Home","item":"https:\/\/letslearnenglish.com\/"},{"@type":"ListItem","position":2,"name":"Services","item":"https:\/\/letslearnenglish.com\/services\/"},{"@type":"ListItem","position":3,"name":"Course outlines","item":"https:\/\/letslearnenglish.com\/services\/course-outlines\/"},{"@type":"ListItem","position":4,"name":"Upper Intermediate Power 60, Course A"}]},{"@type":"WebSite","@id":"https:\/\/letslearnenglish.com\/#website","url":"https:\/\/letslearnenglish.com\/","name":"Let's Learn English","description":"e-Learning platform with the largest database of material ready built in.","publisher":{"@id":"https:\/\/letslearnenglish.com\/#organization"},"potentialAction":[{"@type":"SearchAction","target":{"@type":"EntryPoint","urlTemplate":"https:\/\/letslearnenglish.com\/?s={search_term_string}"},"query-input":{"@type":"PropertyValueSpecification","valueRequired":true,"valueName":"search_term_string"}}],"inLanguage":"sk-SK"},{"@type":"Organization","@id":"https:\/\/letslearnenglish.com\/#organization","name":"Let's Learn English","url":"https:\/\/letslearnenglish.com\/","logo":{"@type":"ImageObject","inLanguage":"sk-SK","@id":"https:\/\/letslearnenglish.com\/#\/schema\/logo\/image\/","url":"https:\/\/letslearnenglish.com\/wp-content\/uploads\/2017\/06\/newlogo.png","contentUrl":"https:\/\/letslearnenglish.com\/wp-content\/uploads\/2017\/06\/newlogo.png","width":230,"height":110,"caption":"Let's Learn English"},"image":{"@id":"https:\/\/letslearnenglish.com\/#\/schema\/logo\/image\/"},"sameAs":["https:\/\/www.facebook.com\/letslearnenglishcom\/","https:\/\/x.com\/LLEgold","https:\/\/pinterest.com\/LLEgold\/","https:\/\/www.youtube.com\/channel\/UCFQB7KnGf5tG82qHssJQQLw"]}]}},"_links":{"self":[{"href":"https:\/\/letslearnenglish.com\/sk\/wp-json\/wp\/v2\/pages\/15235","targetHints":{"allow":["GET"]}}],"collection":[{"href":"https:\/\/letslearnenglish.com\/sk\/wp-json\/wp\/v2\/pages"}],"about":[{"href":"https:\/\/letslearnenglish.com\/sk\/wp-json\/wp\/v2\/types\/page"}],"author":[{"embeddable":true,"href":"https:\/\/letslearnenglish.com\/sk\/wp-json\/wp\/v2\/users\/5"}],"replies":[{"embeddable":true,"href":"https:\/\/letslearnenglish.com\/sk\/wp-json\/wp\/v2\/comments?post=15235"}],"version-history":[{"count":10,"href":"https:\/\/letslearnenglish.com\/sk\/wp-json\/wp\/v2\/pages\/15235\/revisions"}],"predecessor-version":[{"id":17197,"href":"https:\/\/letslearnenglish.com\/sk\/wp-json\/wp\/v2\/pages\/15235\/revisions\/17197"}],"up":[{"embeddable":true,"href":"https:\/\/letslearnenglish.com\/sk\/wp-json\/wp\/v2\/pages\/14791"}],"wp:attachment":[{"href":"https:\/\/letslearnenglish.com\/sk\/wp-json\/wp\/v2\/media?parent=15235"}],"curies":[{"name":"wp","href":"https:\/\/api.w.org\/{rel}","templated":true}]}}