{"id":15076,"date":"2024-09-11T11:46:31","date_gmt":"2024-09-11T10:46:31","guid":{"rendered":"https:\/\/letslearnenglish.com\/?page_id=15076"},"modified":"2024-09-30T09:44:00","modified_gmt":"2024-09-30T08:44:00","slug":"grammar-box-advanced-plus","status":"publish","type":"page","link":"https:\/\/letslearnenglish.com\/sk\/services\/course-outlines\/grammar-box-advanced-plus\/","title":{"rendered":"Grammar Box Advanced Plus"},"content":{"rendered":"<div data-elementor-type=\"wp-page\" data-elementor-id=\"15076\" class=\"elementor elementor-15076\" data-elementor-post-type=\"page\">\n\t\t\t\t<div class=\"elementor-element elementor-element-732e7fb6 e-flex e-con-boxed e-con e-parent\" data-id=\"732e7fb6\" data-element_type=\"container\" data-settings=\"{&quot;jet_parallax_layout_list&quot;:[]}\">\n\t\t\t\t\t<div class=\"e-con-inner\">\n\t\t\t\t<div class=\"elementor-element elementor-element-3aff4bcb elementor-widget elementor-widget-text-editor\" data-id=\"3aff4bcb\" data-element_type=\"widget\" data-widget_type=\"text-editor.default\">\n\t\t\t\t<div class=\"elementor-widget-container\">\n\t\t\t\t\t\t\t\t\t<h3>Introduction<\/h3><p>Listen Up Advanced Plus is an online course, consisting of 12 modules of English, and providing approximately 30 hours of study for students.<\/p><h3>Course aims<\/h3><p>To give students at Advanced Plus, CEFR C2 level practice in listening passages of different kinds. The course is ideal for students who find their level of listening comprehension is falling behind their level of grammar, vocabulary, writing, reading, speaking, or pronunciation, and need a more targeted approach to bring their listening skills into line with their other English language skills at this level.<\/p><p>Students can also combine this course with our other similar courses:<\/p><ul><li>Grammar Box<\/li><li>Reading Skills<\/li><li>Vocabulary Booster<\/li><li>Pronunciation Portal<\/li><\/ul><h3>Unit summary<\/h3><div class=\"module-table-group\"><h4>Module 1<\/h4><ul><li><b>Work<\/b>:<\/li><li>The global workforce<\/li><li>Freelancing in the digital age<\/li><\/ul><\/div><div class=\"module-table-group\"><h4>Module 2<\/h4><ul><li><b>Technology<\/b>:<\/li><li>The future of artificial intelligence<\/li><li>How AI is shaping society<\/li><\/ul><\/div><div class=\"module-table-group\"><h4>Module 3<\/h4><ul><li><b>Health<\/b>:<\/li><li>The role of technology in mental health<\/li><li>Revolutionary medical treatments<\/li><\/ul><\/div><div class=\"module-table-group\"><h4>Module 4<\/h4><ul><li><b>Entertainment<\/b>:<\/li><li>Virtual reality: the next frontier<\/li><li>The impact of digital entertainment<\/li><\/ul><\/div><div class=\"module-table-group\"><h4>Module 5<\/h4><ul><li><b>Travel<\/b>:<\/li><li>Space tourism: reality or fantasy?<\/li><li>How travel is changing in the digital age<\/li><\/ul><\/div><div class=\"module-table-group\"><h4>Module 6<\/h4><ul><li><b>Education<\/b>:<\/li><li>The role of AI in education<\/li><li>How technology is transforming learning<\/li><\/ul><\/div><div class=\"module-table-group\"><h4>Module 7<\/h4><ul><li><b>Hobbies<\/b>:<\/li><li>The rise of online gaming<\/li><li>New ways to engage in traditional hobbies<\/li><\/ul><\/div><div class=\"module-table-group\"><h4>Module 8<\/h4><ul><li><b>Environment<\/b>:<\/li><li>Using technology to fight climate change<\/li><li>Renewable energy and the future<\/li><\/ul><\/div><div class=\"module-table-group\"><h4>Module 9<\/h4><ul><li><b>Shopping<\/b>:<\/li><li>How online shopping is transforming retail<\/li><li>Luxury brands in the digital age<\/li><\/ul><\/div><div class=\"module-table-group\"><h4>Module 10<\/h4><ul><li><b>Sports<\/b>:<\/li><li>The future of sports broadcasting<\/li><li>Technology and the athlete&#8217;s edge<\/li><\/ul><\/div><div class=\"module-table-group\"><h4>Module 11<\/h4><ul><li><b>Transport<\/b>:<\/li><li>Self-driving cars and beyond<\/li><li>The impact of electric vehicles<\/li><\/ul><\/div><div class=\"module-table-group\"><h4>Module 12<\/h4><ul><li><b>Fashion<\/b>:<\/li><li>Digital fashion trends<\/li><li>How technology is reshaping fashion<\/li><\/ul><\/div><h3>Follow-up<\/h3><p>Students completing the Listen Up Advanced Plus course could:<\/p><ul><li>Choose one of our other skills-specific courses, such as Grammar Box, Reading Skills, Vocabulary Booster, or Pronunciation Portal<\/li><li>Study one of our general English improvement courses, such as Complete, Advanced Plus Power, or Focus on C2 Proficiency<\/li><\/ul>\t\t\t\t\t\t\t\t<\/div>\n\t\t\t\t<\/div>\n\t\t\t\t\t<\/div>\n\t\t\t\t<\/div>\n\t\t\t\t<\/div>","protected":false},"excerpt":{"rendered":"<p>Introduction Listen Up Advanced Plus is an online course, consisting of 12 modules of English, and providing approximately 30 hours of study for students. Course aims To give students at Advanced Plus, CEFR C2 level practice in listening passages of different kinds. The course is ideal for students who find their level of listening comprehension [&hellip;]<\/p>","protected":false},"author":5,"featured_media":0,"parent":14791,"menu_order":0,"comment_status":"closed","ping_status":"closed","template":"","meta":{"_jet_sm_ready_style":"","_jet_sm_style":"","_jet_sm_controls_values":"","_jet_sm_fonts_collection":"","_jet_sm_fonts_links":"","footnotes":""},"class_list":["post-15076","page","type-page","status-publish","hentry"],"yoast_head":"<!-- This site is optimized with the Yoast SEO plugin v26.3 - https:\/\/yoast.com\/wordpress\/plugins\/seo\/ -->\n<title>Grammar Box Advanced Plus<\/title>\n<meta name=\"robots\" content=\"index, follow, max-snippet:-1, max-image-preview:large, max-video-preview:-1\" \/>\n<link rel=\"canonical\" href=\"https:\/\/letslearnenglish.com\/sk\/services\/course-outlines\/grammar-box-advanced-plus\/\" \/>\n<meta property=\"og:locale\" content=\"sk_SK\" \/>\n<meta property=\"og:type\" content=\"article\" \/>\n<meta property=\"og:title\" content=\"Grammar Box Advanced Plus\" \/>\n<meta property=\"og:description\" content=\"Introduction Listen Up Advanced Plus is an online course, consisting of 12 modules of English, and providing approximately 30 hours of study for students. Course aims To give students at Advanced Plus, CEFR C2 level practice in listening passages of different kinds. The course is ideal for students who find their level of listening comprehension [&hellip;]\" \/>\n<meta property=\"og:url\" content=\"https:\/\/letslearnenglish.com\/sk\/services\/course-outlines\/grammar-box-advanced-plus\/\" \/>\n<meta property=\"og:site_name\" content=\"Let&#039;s Learn English\" \/>\n<meta property=\"article:publisher\" content=\"https:\/\/www.facebook.com\/letslearnenglishcom\/\" \/>\n<meta property=\"article:modified_time\" content=\"2024-09-30T08:44:00+00:00\" \/>\n<meta name=\"twitter:card\" content=\"summary_large_image\" \/>\n<meta name=\"twitter:site\" content=\"@LLEgold\" \/>\n<meta name=\"twitter:label1\" content=\"Predpokladan\u00fd \u010das \u010d\u00edtania\" \/>\n\t<meta name=\"twitter:data1\" content=\"2 min\u00faty\" \/>\n<script type=\"application\/ld+json\" class=\"yoast-schema-graph\">{\"@context\":\"https:\/\/schema.org\",\"@graph\":[{\"@type\":\"WebPage\",\"@id\":\"https:\/\/letslearnenglish.com\/services\/course-outlines\/grammar-box-advanced-plus\/\",\"url\":\"https:\/\/letslearnenglish.com\/services\/course-outlines\/grammar-box-advanced-plus\/\",\"name\":\"Grammar Box Advanced Plus\",\"isPartOf\":{\"@id\":\"https:\/\/letslearnenglish.com\/#website\"},\"datePublished\":\"2024-09-11T10:46:31+00:00\",\"dateModified\":\"2024-09-30T08:44:00+00:00\",\"breadcrumb\":{\"@id\":\"https:\/\/letslearnenglish.com\/services\/course-outlines\/grammar-box-advanced-plus\/#breadcrumb\"},\"inLanguage\":\"sk-SK\",\"potentialAction\":[{\"@type\":\"ReadAction\",\"target\":[\"https:\/\/letslearnenglish.com\/services\/course-outlines\/grammar-box-advanced-plus\/\"]}]},{\"@type\":\"BreadcrumbList\",\"@id\":\"https:\/\/letslearnenglish.com\/services\/course-outlines\/grammar-box-advanced-plus\/#breadcrumb\",\"itemListElement\":[{\"@type\":\"ListItem\",\"position\":1,\"name\":\"Home\",\"item\":\"https:\/\/letslearnenglish.com\/\"},{\"@type\":\"ListItem\",\"position\":2,\"name\":\"Services\",\"item\":\"https:\/\/letslearnenglish.com\/services\/\"},{\"@type\":\"ListItem\",\"position\":3,\"name\":\"Course outlines\",\"item\":\"https:\/\/letslearnenglish.com\/services\/course-outlines\/\"},{\"@type\":\"ListItem\",\"position\":4,\"name\":\"Grammar Box Advanced Plus\"}]},{\"@type\":\"WebSite\",\"@id\":\"https:\/\/letslearnenglish.com\/#website\",\"url\":\"https:\/\/letslearnenglish.com\/\",\"name\":\"Let's Learn English\",\"description\":\"e-Learning platform with the largest database of material ready built in.\",\"publisher\":{\"@id\":\"https:\/\/letslearnenglish.com\/#organization\"},\"potentialAction\":[{\"@type\":\"SearchAction\",\"target\":{\"@type\":\"EntryPoint\",\"urlTemplate\":\"https:\/\/letslearnenglish.com\/?s={search_term_string}\"},\"query-input\":{\"@type\":\"PropertyValueSpecification\",\"valueRequired\":true,\"valueName\":\"search_term_string\"}}],\"inLanguage\":\"sk-SK\"},{\"@type\":\"Organization\",\"@id\":\"https:\/\/letslearnenglish.com\/#organization\",\"name\":\"Let's Learn English\",\"url\":\"https:\/\/letslearnenglish.com\/\",\"logo\":{\"@type\":\"ImageObject\",\"inLanguage\":\"sk-SK\",\"@id\":\"https:\/\/letslearnenglish.com\/#\/schema\/logo\/image\/\",\"url\":\"https:\/\/letslearnenglish.com\/wp-content\/uploads\/2017\/06\/newlogo.png\",\"contentUrl\":\"https:\/\/letslearnenglish.com\/wp-content\/uploads\/2017\/06\/newlogo.png\",\"width\":230,\"height\":110,\"caption\":\"Let's Learn English\"},\"image\":{\"@id\":\"https:\/\/letslearnenglish.com\/#\/schema\/logo\/image\/\"},\"sameAs\":[\"https:\/\/www.facebook.com\/letslearnenglishcom\/\",\"https:\/\/x.com\/LLEgold\",\"https:\/\/pinterest.com\/LLEgold\/\",\"https:\/\/www.youtube.com\/channel\/UCFQB7KnGf5tG82qHssJQQLw\"]}]}<\/script>\n<!-- \/ Yoast SEO plugin. -->","yoast_head_json":{"title":"Grammar Box Advanced Plus","robots":{"index":"index","follow":"follow","max-snippet":"max-snippet:-1","max-image-preview":"max-image-preview:large","max-video-preview":"max-video-preview:-1"},"canonical":"https:\/\/letslearnenglish.com\/sk\/services\/course-outlines\/grammar-box-advanced-plus\/","og_locale":"sk_SK","og_type":"article","og_title":"Grammar Box Advanced Plus","og_description":"Introduction Listen Up Advanced Plus is an online course, consisting of 12 modules of English, and providing approximately 30 hours of study for students. Course aims To give students at Advanced Plus, CEFR C2 level practice in listening passages of different kinds. The course is ideal for students who find their level of listening comprehension [&hellip;]","og_url":"https:\/\/letslearnenglish.com\/sk\/services\/course-outlines\/grammar-box-advanced-plus\/","og_site_name":"Let&#039;s Learn English","article_publisher":"https:\/\/www.facebook.com\/letslearnenglishcom\/","article_modified_time":"2024-09-30T08:44:00+00:00","twitter_card":"summary_large_image","twitter_site":"@LLEgold","twitter_misc":{"Predpokladan\u00fd \u010das \u010d\u00edtania":"2 min\u00faty"},"schema":{"@context":"https:\/\/schema.org","@graph":[{"@type":"WebPage","@id":"https:\/\/letslearnenglish.com\/services\/course-outlines\/grammar-box-advanced-plus\/","url":"https:\/\/letslearnenglish.com\/services\/course-outlines\/grammar-box-advanced-plus\/","name":"Grammar Box Advanced Plus","isPartOf":{"@id":"https:\/\/letslearnenglish.com\/#website"},"datePublished":"2024-09-11T10:46:31+00:00","dateModified":"2024-09-30T08:44:00+00:00","breadcrumb":{"@id":"https:\/\/letslearnenglish.com\/services\/course-outlines\/grammar-box-advanced-plus\/#breadcrumb"},"inLanguage":"sk-SK","potentialAction":[{"@type":"ReadAction","target":["https:\/\/letslearnenglish.com\/services\/course-outlines\/grammar-box-advanced-plus\/"]}]},{"@type":"BreadcrumbList","@id":"https:\/\/letslearnenglish.com\/services\/course-outlines\/grammar-box-advanced-plus\/#breadcrumb","itemListElement":[{"@type":"ListItem","position":1,"name":"Home","item":"https:\/\/letslearnenglish.com\/"},{"@type":"ListItem","position":2,"name":"Services","item":"https:\/\/letslearnenglish.com\/services\/"},{"@type":"ListItem","position":3,"name":"Course outlines","item":"https:\/\/letslearnenglish.com\/services\/course-outlines\/"},{"@type":"ListItem","position":4,"name":"Grammar Box Advanced Plus"}]},{"@type":"WebSite","@id":"https:\/\/letslearnenglish.com\/#website","url":"https:\/\/letslearnenglish.com\/","name":"Let's Learn English","description":"e-Learning platform with the largest database of material ready built in.","publisher":{"@id":"https:\/\/letslearnenglish.com\/#organization"},"potentialAction":[{"@type":"SearchAction","target":{"@type":"EntryPoint","urlTemplate":"https:\/\/letslearnenglish.com\/?s={search_term_string}"},"query-input":{"@type":"PropertyValueSpecification","valueRequired":true,"valueName":"search_term_string"}}],"inLanguage":"sk-SK"},{"@type":"Organization","@id":"https:\/\/letslearnenglish.com\/#organization","name":"Let's Learn English","url":"https:\/\/letslearnenglish.com\/","logo":{"@type":"ImageObject","inLanguage":"sk-SK","@id":"https:\/\/letslearnenglish.com\/#\/schema\/logo\/image\/","url":"https:\/\/letslearnenglish.com\/wp-content\/uploads\/2017\/06\/newlogo.png","contentUrl":"https:\/\/letslearnenglish.com\/wp-content\/uploads\/2017\/06\/newlogo.png","width":230,"height":110,"caption":"Let's Learn English"},"image":{"@id":"https:\/\/letslearnenglish.com\/#\/schema\/logo\/image\/"},"sameAs":["https:\/\/www.facebook.com\/letslearnenglishcom\/","https:\/\/x.com\/LLEgold","https:\/\/pinterest.com\/LLEgold\/","https:\/\/www.youtube.com\/channel\/UCFQB7KnGf5tG82qHssJQQLw"]}]}},"_links":{"self":[{"href":"https:\/\/letslearnenglish.com\/sk\/wp-json\/wp\/v2\/pages\/15076","targetHints":{"allow":["GET"]}}],"collection":[{"href":"https:\/\/letslearnenglish.com\/sk\/wp-json\/wp\/v2\/pages"}],"about":[{"href":"https:\/\/letslearnenglish.com\/sk\/wp-json\/wp\/v2\/types\/page"}],"author":[{"embeddable":true,"href":"https:\/\/letslearnenglish.com\/sk\/wp-json\/wp\/v2\/users\/5"}],"replies":[{"embeddable":true,"href":"https:\/\/letslearnenglish.com\/sk\/wp-json\/wp\/v2\/comments?post=15076"}],"version-history":[{"count":9,"href":"https:\/\/letslearnenglish.com\/sk\/wp-json\/wp\/v2\/pages\/15076\/revisions"}],"predecessor-version":[{"id":17297,"href":"https:\/\/letslearnenglish.com\/sk\/wp-json\/wp\/v2\/pages\/15076\/revisions\/17297"}],"up":[{"embeddable":true,"href":"https:\/\/letslearnenglish.com\/sk\/wp-json\/wp\/v2\/pages\/14791"}],"wp:attachment":[{"href":"https:\/\/letslearnenglish.com\/sk\/wp-json\/wp\/v2\/media?parent=15076"}],"curies":[{"name":"wp","href":"https:\/\/api.w.org\/{rel}","templated":true}]}}