{"id":15075,"date":"2024-09-11T11:46:20","date_gmt":"2024-09-11T10:46:20","guid":{"rendered":"https:\/\/letslearnenglish.com\/?page_id=15075"},"modified":"2024-09-30T09:44:05","modified_gmt":"2024-09-30T08:44:05","slug":"grammar-box-advanced","status":"publish","type":"page","link":"https:\/\/letslearnenglish.com\/sk\/services\/course-outlines\/grammar-box-advanced\/","title":{"rendered":"Grammar Box Advanced"},"content":{"rendered":"<div data-elementor-type=\"wp-page\" data-elementor-id=\"15075\" class=\"elementor elementor-15075\" data-elementor-post-type=\"page\">\n\t\t\t\t<div class=\"elementor-element elementor-element-6dc50b4c e-flex e-con-boxed e-con e-parent\" data-id=\"6dc50b4c\" data-element_type=\"container\" data-settings=\"{&quot;jet_parallax_layout_list&quot;:[]}\">\n\t\t\t\t\t<div class=\"e-con-inner\">\n\t\t\t\t<div class=\"elementor-element elementor-element-247f611 elementor-widget elementor-widget-text-editor\" data-id=\"247f611\" data-element_type=\"widget\" data-widget_type=\"text-editor.default\">\n\t\t\t\t<div class=\"elementor-widget-container\">\n\t\t\t\t\t\t\t\t\t<h3>Introduction<\/h3><p>Grammar Box Advanced is an online course, consisting of 5 modules of English, and providing approximately 30 hours of study for students.<\/p><h3>Course aims<\/h3><p>To give students at Advanced, CEFR C1 level practice in advanced grammar structures. The course is ideal for students looking to perfect their grammatical accuracy in both written and spoken communication.<\/p><p>Students can also combine this course with our other skills-focused courses:<\/p><ul><li>Vocabulary Booster<\/li><li>Listen Up<\/li><li>Reading Skills<\/li><li>Pronunciation Portal<\/li><\/ul><h3>Unit summary<\/h3><div class=\"module-table-group\"><h4>Module 1<\/h4><ul><li><b>Future continuous<\/b><\/li><li><b>Future perfect simple<\/b><\/li><li><b>Future perfect continuous<\/b><\/li><li><b>Future time expressions<\/b><\/li><li><b>Present perfect simple vs continuous<\/b><\/li><\/ul><\/div><div class=\"module-table-group\"><h4>Module 2<\/h4><ul><li><b>Conditionals (zero, first, second, third, mixed)<\/b><\/li><li><b>Wish and if only<\/b><\/li><li><b>Inversion in conditionals<\/b><\/li><li><b>Modals of deduction in the past<\/b><\/li><li><b>Past perfect continuous<\/b><\/li><\/ul><\/div><div class=\"module-table-group\"><h4>Module 3<\/h4><ul><li><b>Reported speech<\/b><\/li><li><b>Reporting verbs with gerunds and infinitives<\/b><\/li><li><b>Relative clauses with prepositions<\/b><\/li><li><b>Ellipsis and substitution<\/b><\/li><li><b>Nominal clauses<\/b><\/li><\/ul><\/div><div class=\"module-table-group\"><h4>Module 4<\/h4><ul><li><b>Advanced passive voice<\/b><\/li><li><b>Causative structures with modals<\/b><\/li><li><b>Articles and determiners (advanced)<\/b><\/li><li><b>Gerunds vs infinitives (advanced)<\/b><\/li><li><b>Advanced collocations<\/b><\/li><\/ul><\/div><div class=\"module-table-group\"><h4>Module 5<\/h4><ul><li><b>Adverbial clauses (concessive, reason, result)<\/b><\/li><li><b>Comparatives and superlatives (advanced)<\/b><\/li><li><b>Advanced prepositions<\/b><\/li><li><b>Complex sentence structures<\/b><\/li><li><b>Nominalisation in academic writing<\/b><\/li><\/ul><\/div><h3>Follow-up<\/h3><p>Students completing the Grammar Box Advanced course could:<\/p><ul><li>Move on to the next level course: Grammar Box Advanced Plus<\/li><li>Choose skills-specific courses: Vocabulary Booster, Listen Up, Reading Skills, or Pronunciation Portal<\/li><li>Study general English courses like Complete, Advanced Plus Power, or Focus on C2 Proficiency<\/li><\/ul>\t\t\t\t\t\t\t\t<\/div>\n\t\t\t\t<\/div>\n\t\t\t\t\t<\/div>\n\t\t\t\t<\/div>\n\t\t\t\t<\/div>","protected":false},"excerpt":{"rendered":"<p>Introduction Grammar Box Advanced is an online course, consisting of 5 modules of English, and providing approximately 30 hours of study for students. Course aims To give students at Advanced, CEFR C1 level practice in advanced grammar structures. The course is ideal for students looking to perfect their grammatical accuracy in both written and spoken [&hellip;]<\/p>","protected":false},"author":5,"featured_media":0,"parent":14791,"menu_order":0,"comment_status":"closed","ping_status":"closed","template":"","meta":{"_jet_sm_ready_style":"","_jet_sm_style":"","_jet_sm_controls_values":"","_jet_sm_fonts_collection":"","_jet_sm_fonts_links":"","footnotes":""},"class_list":["post-15075","page","type-page","status-publish","hentry"],"yoast_head":"<!-- This site is optimized with the Yoast SEO plugin v26.3 - https:\/\/yoast.com\/wordpress\/plugins\/seo\/ -->\n<title>Grammar Box Advanced<\/title>\n<meta name=\"robots\" content=\"index, follow, max-snippet:-1, max-image-preview:large, max-video-preview:-1\" \/>\n<link rel=\"canonical\" href=\"https:\/\/letslearnenglish.com\/sk\/services\/course-outlines\/grammar-box-advanced\/\" \/>\n<meta property=\"og:locale\" content=\"sk_SK\" \/>\n<meta property=\"og:type\" content=\"article\" \/>\n<meta property=\"og:title\" content=\"Grammar Box Advanced\" \/>\n<meta property=\"og:description\" content=\"Introduction Grammar Box Advanced is an online course, consisting of 5 modules of English, and providing approximately 30 hours of study for students. Course aims To give students at Advanced, CEFR C1 level practice in advanced grammar structures. The course is ideal for students looking to perfect their grammatical accuracy in both written and spoken [&hellip;]\" \/>\n<meta property=\"og:url\" content=\"https:\/\/letslearnenglish.com\/sk\/services\/course-outlines\/grammar-box-advanced\/\" \/>\n<meta property=\"og:site_name\" content=\"Let&#039;s Learn English\" \/>\n<meta property=\"article:publisher\" content=\"https:\/\/www.facebook.com\/letslearnenglishcom\/\" \/>\n<meta property=\"article:modified_time\" content=\"2024-09-30T08:44:05+00:00\" \/>\n<meta name=\"twitter:card\" content=\"summary_large_image\" \/>\n<meta name=\"twitter:site\" content=\"@LLEgold\" \/>\n<meta name=\"twitter:label1\" content=\"Predpokladan\u00fd \u010das \u010d\u00edtania\" \/>\n\t<meta name=\"twitter:data1\" content=\"2 min\u00faty\" \/>\n<script type=\"application\/ld+json\" class=\"yoast-schema-graph\">{\"@context\":\"https:\/\/schema.org\",\"@graph\":[{\"@type\":\"WebPage\",\"@id\":\"https:\/\/letslearnenglish.com\/services\/course-outlines\/grammar-box-advanced\/\",\"url\":\"https:\/\/letslearnenglish.com\/services\/course-outlines\/grammar-box-advanced\/\",\"name\":\"Grammar Box Advanced\",\"isPartOf\":{\"@id\":\"https:\/\/letslearnenglish.com\/#website\"},\"datePublished\":\"2024-09-11T10:46:20+00:00\",\"dateModified\":\"2024-09-30T08:44:05+00:00\",\"breadcrumb\":{\"@id\":\"https:\/\/letslearnenglish.com\/services\/course-outlines\/grammar-box-advanced\/#breadcrumb\"},\"inLanguage\":\"sk-SK\",\"potentialAction\":[{\"@type\":\"ReadAction\",\"target\":[\"https:\/\/letslearnenglish.com\/services\/course-outlines\/grammar-box-advanced\/\"]}]},{\"@type\":\"BreadcrumbList\",\"@id\":\"https:\/\/letslearnenglish.com\/services\/course-outlines\/grammar-box-advanced\/#breadcrumb\",\"itemListElement\":[{\"@type\":\"ListItem\",\"position\":1,\"name\":\"Home\",\"item\":\"https:\/\/letslearnenglish.com\/\"},{\"@type\":\"ListItem\",\"position\":2,\"name\":\"Services\",\"item\":\"https:\/\/letslearnenglish.com\/services\/\"},{\"@type\":\"ListItem\",\"position\":3,\"name\":\"Course outlines\",\"item\":\"https:\/\/letslearnenglish.com\/services\/course-outlines\/\"},{\"@type\":\"ListItem\",\"position\":4,\"name\":\"Grammar Box Advanced\"}]},{\"@type\":\"WebSite\",\"@id\":\"https:\/\/letslearnenglish.com\/#website\",\"url\":\"https:\/\/letslearnenglish.com\/\",\"name\":\"Let's Learn English\",\"description\":\"e-Learning platform with the largest database of material ready built in.\",\"publisher\":{\"@id\":\"https:\/\/letslearnenglish.com\/#organization\"},\"potentialAction\":[{\"@type\":\"SearchAction\",\"target\":{\"@type\":\"EntryPoint\",\"urlTemplate\":\"https:\/\/letslearnenglish.com\/?s={search_term_string}\"},\"query-input\":{\"@type\":\"PropertyValueSpecification\",\"valueRequired\":true,\"valueName\":\"search_term_string\"}}],\"inLanguage\":\"sk-SK\"},{\"@type\":\"Organization\",\"@id\":\"https:\/\/letslearnenglish.com\/#organization\",\"name\":\"Let's Learn English\",\"url\":\"https:\/\/letslearnenglish.com\/\",\"logo\":{\"@type\":\"ImageObject\",\"inLanguage\":\"sk-SK\",\"@id\":\"https:\/\/letslearnenglish.com\/#\/schema\/logo\/image\/\",\"url\":\"https:\/\/letslearnenglish.com\/wp-content\/uploads\/2017\/06\/newlogo.png\",\"contentUrl\":\"https:\/\/letslearnenglish.com\/wp-content\/uploads\/2017\/06\/newlogo.png\",\"width\":230,\"height\":110,\"caption\":\"Let's Learn English\"},\"image\":{\"@id\":\"https:\/\/letslearnenglish.com\/#\/schema\/logo\/image\/\"},\"sameAs\":[\"https:\/\/www.facebook.com\/letslearnenglishcom\/\",\"https:\/\/x.com\/LLEgold\",\"https:\/\/pinterest.com\/LLEgold\/\",\"https:\/\/www.youtube.com\/channel\/UCFQB7KnGf5tG82qHssJQQLw\"]}]}<\/script>\n<!-- \/ Yoast SEO plugin. -->","yoast_head_json":{"title":"Grammar Box Advanced","robots":{"index":"index","follow":"follow","max-snippet":"max-snippet:-1","max-image-preview":"max-image-preview:large","max-video-preview":"max-video-preview:-1"},"canonical":"https:\/\/letslearnenglish.com\/sk\/services\/course-outlines\/grammar-box-advanced\/","og_locale":"sk_SK","og_type":"article","og_title":"Grammar Box Advanced","og_description":"Introduction Grammar Box Advanced is an online course, consisting of 5 modules of English, and providing approximately 30 hours of study for students. Course aims To give students at Advanced, CEFR C1 level practice in advanced grammar structures. The course is ideal for students looking to perfect their grammatical accuracy in both written and spoken [&hellip;]","og_url":"https:\/\/letslearnenglish.com\/sk\/services\/course-outlines\/grammar-box-advanced\/","og_site_name":"Let&#039;s Learn English","article_publisher":"https:\/\/www.facebook.com\/letslearnenglishcom\/","article_modified_time":"2024-09-30T08:44:05+00:00","twitter_card":"summary_large_image","twitter_site":"@LLEgold","twitter_misc":{"Predpokladan\u00fd \u010das \u010d\u00edtania":"2 min\u00faty"},"schema":{"@context":"https:\/\/schema.org","@graph":[{"@type":"WebPage","@id":"https:\/\/letslearnenglish.com\/services\/course-outlines\/grammar-box-advanced\/","url":"https:\/\/letslearnenglish.com\/services\/course-outlines\/grammar-box-advanced\/","name":"Grammar Box Advanced","isPartOf":{"@id":"https:\/\/letslearnenglish.com\/#website"},"datePublished":"2024-09-11T10:46:20+00:00","dateModified":"2024-09-30T08:44:05+00:00","breadcrumb":{"@id":"https:\/\/letslearnenglish.com\/services\/course-outlines\/grammar-box-advanced\/#breadcrumb"},"inLanguage":"sk-SK","potentialAction":[{"@type":"ReadAction","target":["https:\/\/letslearnenglish.com\/services\/course-outlines\/grammar-box-advanced\/"]}]},{"@type":"BreadcrumbList","@id":"https:\/\/letslearnenglish.com\/services\/course-outlines\/grammar-box-advanced\/#breadcrumb","itemListElement":[{"@type":"ListItem","position":1,"name":"Home","item":"https:\/\/letslearnenglish.com\/"},{"@type":"ListItem","position":2,"name":"Services","item":"https:\/\/letslearnenglish.com\/services\/"},{"@type":"ListItem","position":3,"name":"Course outlines","item":"https:\/\/letslearnenglish.com\/services\/course-outlines\/"},{"@type":"ListItem","position":4,"name":"Grammar Box Advanced"}]},{"@type":"WebSite","@id":"https:\/\/letslearnenglish.com\/#website","url":"https:\/\/letslearnenglish.com\/","name":"Let's Learn English","description":"e-Learning platform with the largest database of material ready built in.","publisher":{"@id":"https:\/\/letslearnenglish.com\/#organization"},"potentialAction":[{"@type":"SearchAction","target":{"@type":"EntryPoint","urlTemplate":"https:\/\/letslearnenglish.com\/?s={search_term_string}"},"query-input":{"@type":"PropertyValueSpecification","valueRequired":true,"valueName":"search_term_string"}}],"inLanguage":"sk-SK"},{"@type":"Organization","@id":"https:\/\/letslearnenglish.com\/#organization","name":"Let's Learn English","url":"https:\/\/letslearnenglish.com\/","logo":{"@type":"ImageObject","inLanguage":"sk-SK","@id":"https:\/\/letslearnenglish.com\/#\/schema\/logo\/image\/","url":"https:\/\/letslearnenglish.com\/wp-content\/uploads\/2017\/06\/newlogo.png","contentUrl":"https:\/\/letslearnenglish.com\/wp-content\/uploads\/2017\/06\/newlogo.png","width":230,"height":110,"caption":"Let's Learn English"},"image":{"@id":"https:\/\/letslearnenglish.com\/#\/schema\/logo\/image\/"},"sameAs":["https:\/\/www.facebook.com\/letslearnenglishcom\/","https:\/\/x.com\/LLEgold","https:\/\/pinterest.com\/LLEgold\/","https:\/\/www.youtube.com\/channel\/UCFQB7KnGf5tG82qHssJQQLw"]}]}},"_links":{"self":[{"href":"https:\/\/letslearnenglish.com\/sk\/wp-json\/wp\/v2\/pages\/15075","targetHints":{"allow":["GET"]}}],"collection":[{"href":"https:\/\/letslearnenglish.com\/sk\/wp-json\/wp\/v2\/pages"}],"about":[{"href":"https:\/\/letslearnenglish.com\/sk\/wp-json\/wp\/v2\/types\/page"}],"author":[{"embeddable":true,"href":"https:\/\/letslearnenglish.com\/sk\/wp-json\/wp\/v2\/users\/5"}],"replies":[{"embeddable":true,"href":"https:\/\/letslearnenglish.com\/sk\/wp-json\/wp\/v2\/comments?post=15075"}],"version-history":[{"count":9,"href":"https:\/\/letslearnenglish.com\/sk\/wp-json\/wp\/v2\/pages\/15075\/revisions"}],"predecessor-version":[{"id":17300,"href":"https:\/\/letslearnenglish.com\/sk\/wp-json\/wp\/v2\/pages\/15075\/revisions\/17300"}],"up":[{"embeddable":true,"href":"https:\/\/letslearnenglish.com\/sk\/wp-json\/wp\/v2\/pages\/14791"}],"wp:attachment":[{"href":"https:\/\/letslearnenglish.com\/sk\/wp-json\/wp\/v2\/media?parent=15075"}],"curies":[{"name":"wp","href":"https:\/\/api.w.org\/{rel}","templated":true}]}}