{"id":4915,"date":"2017-06-26T11:47:48","date_gmt":"2017-06-26T10:47:48","guid":{"rendered":"http:\/\/www.nadinka.webd.pl\/letslearnenglish\/?page_id=4915"},"modified":"2023-10-26T13:58:13","modified_gmt":"2023-10-26T12:58:13","slug":"teachers","status":"publish","type":"page","link":"https:\/\/letslearnenglish.com\/pl\/services\/teachers\/","title":{"rendered":"Zasoby ESL dla nauczycieli j\u0119zyka angielskiego"},"content":{"rendered":"<div class=\"wpb-content-wrapper\"><div class=\"container\" ><div class=\"vc_row wpb_row vc_row-fluid margin-bottom-70\"><div class=\"col-md-4 col-sm-12 sm-margin-bottom-30 wpb_column vc_column_container vc_col-sm-4\"><div class=\"vc_column-inner\"><div class=\"wpb_wrapper\">\n\t<div  class=\"wpb_single_image wpb_content_element vc_align_center wpb_content_element wpb_animate_when_almost_visible wpb_bottom-to-top bottom-to-top\">\n\t\t\n\t\t<figure class=\"wpb_wrapper vc_figure\">\n\t\t\t<div class=\"vc_single_image-wrapper   vc_box_border_grey\"><img fetchpriority=\"high\" decoding=\"async\" width=\"2560\" height=\"1707\" src=\"https:\/\/letslearnenglish.com\/wp-content\/uploads\/2015\/11\/multi-ethnic-business-people-posing-in-office-82795675-573514035f9b58723df38fc0-scaled.jpg\" class=\"vc_single_image-img attachment-full\" alt=\"\" title=\"multi-ethnic-business-people-posing-in-office-82795675-573514035f9b58723df38fc0\" srcset=\"https:\/\/letslearnenglish.com\/wp-content\/uploads\/2015\/11\/multi-ethnic-business-people-posing-in-office-82795675-573514035f9b58723df38fc0-scaled.jpg 2560w, https:\/\/letslearnenglish.com\/wp-content\/uploads\/2015\/11\/multi-ethnic-business-people-posing-in-office-82795675-573514035f9b58723df38fc0-470x313.jpg 470w\" sizes=\"(max-width: 2560px) 100vw, 2560px\" \/><\/div>\n\t\t<\/figure>\n\t<\/div>\n<\/div><\/div><\/div><div class=\"col-md-8 col-sm-12 wpb_column vc_column_container vc_col-sm-8\"><div class=\"vc_column-inner vc_custom_1448335991567\"><div class=\"wpb_wrapper\">            <div class=\"heading color-dark size-md text-left margin-bottom-50 wpb_animate_when_almost_visible g5plus-css-animation wpb_fadeInUp\" >\n                                <div class=\"line-double\">\n                                                        <h2>\n                        Let's Learn English zosta\u0142o stworzone przez nauczycieli z my\u015bl\u0105 o nauczycielach                    <\/h2>\n                                    <\/div>\n                                <p>\n                    W Let's Learn English jeste\u015bmy nauczycielami. Wiemy, jak pracowite mo\u017ce by\u0107 \u017cycie nauczyciela. Przed rozpocz\u0119ciem lekcji przygotowujemy klas\u0119, piszemy arkusze \u0107wicze\u0144, zaznaczamy kompozycje, nagrywamy p\u0142yty CD i robimy kserokopie; mi\u0119dzy lekcjami zajmujemy si\u0119 pytaniami uczni\u00f3w, wsp\u00f3\u0142pracujemy z naszymi nauczycielami partnerskimi, biegamy do toalety i pr\u00f3bujemy zrobi\u0107 i wypi\u0107 gor\u0105c\u0105 fili\u017cank\u0119 herbaty lub kawy przed rozpocz\u0119ciem nast\u0119pnej lekcji. Potrzebujemy materia\u0142\u00f3w, kt\u00f3re s\u0105 wysokiej jako\u015bci, \u0142atwe do zorganizowania, mog\u0105 poprawi\u0107 zrozumienie przez naszych uczni\u00f3w j\u0119zyka, kt\u00f3ry wprowadzamy, i kt\u00f3re uzupe\u0142niaj\u0105 to, co robimy w klasie. To, czego nie potrzebujemy, to materia\u0142y, kt\u00f3rych znalezienie zajmuje wieczno\u015b\u0107 i oferuj\u0105 do\u015bwiadczenie, kt\u00f3re nie jest harmonijne z tym, co robili\u015bmy w klasie.                <\/p>\n                            <\/div>\n            \n                <a  class=\"m-button m-button-3d m-button-xs m-button-primary\" href=\"#\" title=\"DOWIEDZ SI\u0118 WI\u0118CEJ\" target=\"_self\">\n                                        DOWIEDZ SI\u0118 WI\u0118CEJ                <\/a>\n            <\/div><\/div><\/div><\/div><\/div><div class=\"container\" ><div class=\"vc_row wpb_row vc_row-fluid margin-bottom-40\"><div class=\"sm-margin-bottom-30 wpb_column vc_column_container vc_col-sm-6\"><div class=\"vc_column-inner\"><div class=\"wpb_wrapper\">\t\t\t<div class=\"iconbox default  text-center color-dark\" >\n                <div class=\"icon-box-shape\">\n                    <a title=\"\" target=\"_self\" href=\"#\">\n                                                        <i class=\"micon icon-185041-arrow-streamline-target\"><\/i>\n                                                <\/a>\n                <\/div>\n                                    <h3><a title=\"\" target=\"_self\" href=\"#\">TRE\u015aCI TWORZONE PRZEZ EKSPERT\u00d3W<\/a><\/h3>\n                                <p>Materia\u0142y tworzone w Let's Learn English s\u0105 pisane przez praktykuj\u0105cych nauczycieli. Jednak samo napisanie materia\u0142\u00f3w przez nauczyciela nie wystarczy. Potrzebujemy autor\u00f3w z solidnymi kwalifikacjami i do\u015bwiadczeniem. Wszyscy nasi autorzy posiadaj\u0105 kwalifikacje DELTA lub M.A. i co najmniej dziesi\u0119cioletnie do\u015bwiadczenie w nauczaniu. S\u0105 r\u00f3wnie\u017c praktykuj\u0105cymi nauczycielami, a nie nauczycielami, kt\u00f3rzy opu\u015bcili kredens i stracili kontakt z do\u015bwiadczeniem w nauczaniu. Autorzy tekst\u00f3w Business English s\u0105 nauczycielami j\u0119zyka angielskiego w biznesie; autorzy materia\u0142\u00f3w egzaminacyjnych ucz\u0105 egzamin\u00f3w Cambridge od wielu lat i w wi\u0119kszo\u015bci przypadk\u00f3w s\u0105 egzaminatorami Cambridge; autorzy tekst\u00f3w dla m\u0142odych uczni\u00f3w s\u0105 ekspertami w swojej dziedzinie. Nie jeste\u015bmy tylko autorami dla Let's Learn English; pisali\u015bmy r\u00f3wnie\u017c dla najwi\u0119kszych marek w ELT - Oxford University Press i MacMillan.<\/p>\n                \t\t\t<\/div>\n            <\/div><\/div><\/div><div class=\"wpb_column vc_column_container vc_col-sm-6\"><div class=\"vc_column-inner\"><div class=\"wpb_wrapper\">\t\t\t<div class=\"iconbox default  text-center color-dark\" >\n                <div class=\"icon-box-shape\">\n                    <a title=\"\" target=\"_self\" href=\"#\">\n                                                        <i class=\"micon icon-185074-notebook-streamline\"><\/i>\n                                                <\/a>\n                <\/div>\n                                    <h3><a title=\"\" target=\"_self\" href=\"#\">MAPOWANIE PODR\u0118CZNIKA<\/a><\/h3>\n                                <p>Wi\u0119kszo\u015b\u0107 nauczycieli korzysta z podr\u0119cznik\u00f3w dla swoich uczni\u00f3w. Je\u015bli jednak chodzi o przekazywanie uczniom materia\u0142\u00f3w z platformy edukacyjnej, w jaki spos\u00f3b mog\u0105 oni upewni\u0107 si\u0119, \u017ce to, co daj\u0105 swoim uczniom do pracy domowej lub w centrum komputerowym, obejmuje ten sam obszar tematyczny lub uczy tych samych zestaw\u00f3w leksykalnych lub struktur, co to, co robi\u0105 w klasie. U\u0142atwili\u015bmy nauczycielom t\u0119 prac\u0119, por\u00f3wnuj\u0105c nasze wewn\u0119trzne materia\u0142y z materia\u0142ami z ponad 120 podr\u0119cznik\u00f3w wszystkich g\u0142\u00f3wnych wydawc\u00f3w. Wystarczy, \u017ce wybierzesz podr\u0119cznik, z kt\u00f3rego korzystasz ze swoimi uczniami, a zobaczysz, co zosta\u0142o om\u00f3wione w ka\u017cdej jednostce podr\u0119cznika oraz link do tego, co mamy w naszej bazie danych materia\u0142\u00f3w, kt\u00f3re obejmuj\u0105 ten sam obszar. Po zalogowaniu si\u0119, mo\u017cna znale\u017a\u0107 prac\u0119 domow\u0105 lub materia\u0142y uzupe\u0142niaj\u0105ce dla swoich uczni\u00f3w w ci\u0105gu kilku sekund, pozostawiaj\u0105c wi\u0119cej czasu na inne sprawy.<\/p>\n                \t\t\t<\/div>\n            <\/div><\/div><\/div><\/div><\/div><div class=\"container\" ><div class=\"vc_row wpb_row vc_row-fluid margin-bottom-120\"><div class=\"sm-margin-bottom-30 wpb_column vc_column_container vc_col-sm-6\"><div class=\"vc_column-inner\"><div class=\"wpb_wrapper\">\t\t\t<div class=\"iconbox default  text-center color-dark\" >\n                <div class=\"icon-box-shape\">\n                    <a title=\"\" target=\"_self\" href=\"#\">\n                                                        <i class=\"micon icon-185042-edit-modify-streamline\"><\/i>\n                                                <\/a>\n                <\/div>\n                                    <h3><a title=\"\" target=\"_self\" href=\"#\">AUTOR<\/a><\/h3>\n                                <p>Czy nie by\u0142oby wspaniale, gdyby\u015b m\u00f3g\u0142 przekszta\u0142ci\u0107 wszystkie te wspania\u0142e arkusze, kt\u00f3re tworzysz i drukujesz ka\u017cdego dnia, w format cyfrowy? Dzi\u0119ki Let's Learn English ta funkcja jest dost\u0119pna, a co wi\u0119cej, jest naprawd\u0119 \u0142atwa w u\u017cyciu. Tw\u00f3rz w\u0142asne tre\u015bci za pomoc\u0105 naszych edytor\u00f3w tekstu lub kopiuj i wklejaj. Chcesz doda\u0107 multimedia? To dziecinnie proste, dzi\u0119ki prostym narz\u0119dziom do wstawiania obraz\u00f3w, d\u017awi\u0119ku, dokument\u00f3w .pdf i wideo do arkuszy roboczych, aby o\u017cywi\u0107 je. Wystarczy jedno klikni\u0119cie, aby przenie\u015b\u0107 \u015bwiat YouTube do swojej klasy. Mo\u017cesz tworzy\u0107 \u0107wiczenia typu prawda\/fa\u0142sz, wielokrotny wyb\u00f3r, wielokrotne dopasowywanie, dopasowywanie par, korekta, przekszta\u0142canie zda\u0144, zmiana kolejno\u015bci, kolorowanie, \u0142\u0105czenie obraz\u00f3w, s\u0142uchanie, czytanie ze zrozumieniem i wype\u0142nianie luk dla swoich uczni\u00f3w. Co wi\u0119cej, wszystkie materia\u0142y stworzone przez nauczycieli w jednej szkole s\u0105 dost\u0119pne tylko dla uczni\u00f3w tej szko\u0142y, wi\u0119c nie oddajesz ca\u0142ej swojej kreatywno\u015bci. Pami\u0119taj jednak, \u017ce w systemie mamy ju\u017c tysi\u0105ce \u0107wicze\u0144 i wprowadze\u0144 obejmuj\u0105cych wszystkie typowe tematy.<\/p>\n                \t\t\t<\/div>\n            <\/div><\/div><\/div><div class=\"wpb_column vc_column_container vc_col-sm-6\"><div class=\"vc_column-inner\"><div class=\"wpb_wrapper\">\t\t\t<div class=\"iconbox default  text-center color-dark\" >\n                <div class=\"icon-box-shape\">\n                    <a title=\"\" target=\"_self\" href=\"#\">\n                                                        <i class=\"micon icon-tools\"><\/i>\n                                                <\/a>\n                <\/div>\n                                    <h3><a title=\"\" target=\"_self\" href=\"#\">MIEJ OKO NA SWOICH UCZNI\u00d3W<\/a><\/h3>\n                                <p>Zazwyczaj organizujemy nasz\u0105 wirtualn\u0105 szko\u0142\u0119 w taki sam spos\u00f3b, jak organizowana jest prawdziwa szko\u0142a: nauczyciele maj\u0105 zaj\u0119cia, a uczniowie s\u0105 przydzielani do tych klas. W mojej klasie o 16:00 b\u0119dzie o\u015bmiu uczni\u00f3w na poziomie Cambridge First. Zostanie to odzwierciedlone na moim profilu na platformie Let's Learn English. Widz\u0119 wszystkich moich uczni\u00f3w i mog\u0119 sprawdzi\u0107 ich obecno\u015b\u0107 online oraz to, czy uko\u0144czyli swoje zadania, ile czasu zaj\u0119\u0142o im ich wykonanie, a tak\u017ce ich wyniki. Mog\u0119 przegl\u0105da\u0107 ka\u017cde \u0107wiczenie, kt\u00f3re ka\u017cdy z nich uko\u0144czy\u0142 i mog\u0119 pisa\u0107 notatki do poszczeg\u00f3lnych uczni\u00f3w na temat ich wynik\u00f3w. Mog\u0119 komunikowa\u0107 si\u0119 z moimi uczniami lub innymi nauczycielami za po\u015brednictwem tablicy og\u0142osze\u0144 LLE; mog\u0119 nawet skonfigurowa\u0107 multimedialne projekty online dla moich uczni\u00f3w do wykonania w czasie lekcji lub po szkole.<\/p>\n                \t\t\t<\/div>\n            <\/div><\/div><\/div><\/div><\/div><div class=\"fullwidth\" ><div class=\"vc_row wpb_row vc_row-fluid vc_custom_1498475147716\"><div class=\"wpb_column vc_column_container vc_col-sm-12\"><div class=\"vc_column-inner\"><div class=\"wpb_wrapper\">            <div class=\"heading color-dark size-md text-center margin-bottom-75\" >\n                                <div class=\"line-double\">\n                                                        <h2>\n                        LISTA WYBRANYCH KLIENT\u00d3W                    <\/h2>\n                                        <span>\n                        Niekt\u00f3re z setek szk\u00f3\u0142, kt\u00f3re korzystaj\u0105 z naszej platformy e-learningowej ...                    <\/span>\n                                    <\/div>\n                            <\/div>\n                        <div class=\"partner-carousel style1 opacity80\" >\n                <div class=\"owl-g5plus-shortcode owl-carousel\"\n                     data-plugin-options='{&quot;loop&quot;:true,&quot;center&quot;:false,&quot;nav&quot;:false,&quot;dots&quot;:false,&quot;autoplay&quot;:true,&quot;autoplayHoverPause&quot;:false,&quot;autoplayTimeout&quot;:5000,&quot;margin&quot;:0,&quot;items&quot;:5,&quot;responsive&quot;:{&quot;0&quot;:{&quot;items&quot;:1},&quot;600&quot;:{&quot;items&quot;:2},&quot;768&quot;:{&quot;items&quot;:3},&quot;980&quot;:{&quot;items&quot;:5},&quot;1200&quot;:{&quot;items&quot;:5}}}'>\n                    <img decoding=\"async\" width=\"255\" height=\"100\" src=\"https:\/\/letslearnenglish.com\/wp-content\/uploads\/2020\/03\/ukec.png\" class=\"attachment-medium\" alt=\"\" title=\"ukec\" \/><img decoding=\"async\" width=\"300\" height=\"142\" src=\"https:\/\/letslearnenglish.com\/wp-content\/uploads\/2020\/03\/lingua.jpg\" class=\"attachment-medium\" alt=\"\" title=\"lingua\" \/><img loading=\"lazy\" decoding=\"async\" width=\"300\" height=\"162\" src=\"https:\/\/letslearnenglish.com\/wp-content\/uploads\/2020\/03\/lse.jpg\" class=\"attachment-medium\" alt=\"\" title=\"lse\" \/><img loading=\"lazy\" decoding=\"async\" width=\"178\" height=\"89\" src=\"https:\/\/letslearnenglish.com\/wp-content\/uploads\/2020\/03\/beet.png\" class=\"attachment-medium\" alt=\"\" title=\"burak\" \/><img loading=\"lazy\" decoding=\"async\" width=\"300\" height=\"252\" src=\"https:\/\/letslearnenglish.com\/wp-content\/uploads\/2020\/03\/bath.png\" class=\"attachment-medium\" alt=\"\" title=\"k\u0105piel\" \/><img loading=\"lazy\" decoding=\"async\" width=\"223\" height=\"160\" src=\"https:\/\/letslearnenglish.com\/wp-content\/uploads\/2020\/03\/fvg.png\" class=\"attachment-medium\" alt=\"\" title=\"fvg\" \/><img loading=\"lazy\" decoding=\"async\" width=\"300\" height=\"100\" src=\"https:\/\/letslearnenglish.com\/wp-content\/uploads\/2020\/03\/cambridge.jpg\" class=\"attachment-medium\" alt=\"\" title=\"Cambridge\" \/><img loading=\"lazy\" decoding=\"async\" width=\"130\" height=\"85\" src=\"https:\/\/letslearnenglish.com\/wp-content\/uploads\/2020\/03\/leo.png\" class=\"attachment-medium\" alt=\"\" title=\"leo\" \/><img loading=\"lazy\" decoding=\"async\" width=\"300\" height=\"100\" src=\"https:\/\/letslearnenglish.com\/wp-content\/uploads\/2020\/03\/ih1.png\" class=\"attachment-medium\" alt=\"\" title=\"ih1\" \/><img loading=\"lazy\" decoding=\"async\" width=\"214\" height=\"54\" src=\"https:\/\/letslearnenglish.com\/wp-content\/uploads\/2020\/03\/ih2.png\" class=\"attachment-medium\" alt=\"\" title=\"ih2\" \/><img loading=\"lazy\" decoding=\"async\" width=\"300\" height=\"117\" src=\"https:\/\/letslearnenglish.com\/wp-content\/uploads\/2020\/03\/ih3.jpg\" class=\"attachment-medium\" alt=\"\" title=\"ih3\" \/><img loading=\"lazy\" decoding=\"async\" width=\"229\" height=\"163\" src=\"https:\/\/letslearnenglish.com\/wp-content\/uploads\/2020\/03\/kae.png\" class=\"attachment-medium\" alt=\"\" title=\"kae\" \/><img loading=\"lazy\" decoding=\"async\" width=\"300\" height=\"122\" src=\"https:\/\/letslearnenglish.com\/wp-content\/uploads\/2020\/03\/park.png\" class=\"attachment-medium\" alt=\"\" title=\"park\" \/><img loading=\"lazy\" decoding=\"async\" width=\"220\" height=\"125\" src=\"https:\/\/letslearnenglish.com\/wp-content\/uploads\/2020\/03\/stgiles.png\" class=\"attachment-medium\" alt=\"\" title=\"stgiles\" \/><img loading=\"lazy\" decoding=\"async\" width=\"175\" height=\"175\" src=\"https:\/\/letslearnenglish.com\/wp-content\/uploads\/2020\/03\/stpauls.png\" class=\"attachment-medium\" alt=\"\" title=\"stpauls\" \/>                <\/div>\n            <\/div>\n            <\/div><\/div><\/div><\/div><\/div>\n<\/div>","protected":false},"excerpt":{"rendered":"Let's Learn English was created by teachers with teachers in mind We at Let's Learn English are teachers. We know how busy a teacher's life can be. Before the start of lessons we are preparing the class, writing up worksheets, marking compositions, cueing up CDs and doing photocopying; between classes, we are dealing with student [...]","protected":false},"author":1,"featured_media":0,"parent":4890,"menu_order":0,"comment_status":"closed","ping_status":"closed","template":"","meta":{"_jet_sm_ready_style":"","_jet_sm_style":"","_jet_sm_controls_values":"","_jet_sm_fonts_collection":"","_jet_sm_fonts_links":"","footnotes":""},"class_list":["post-4915","page","type-page","status-publish","hentry"],"yoast_head":"<!-- This site is optimized with the Yoast SEO plugin v26.3 - https:\/\/yoast.com\/wordpress\/plugins\/seo\/ -->\n<title>ESL Resources For English Teachers | Let&#039;s Learn English<\/title>\n<meta name=\"description\" content=\"Let&#039;s Learn English offers ESL resources for teachers and top-notch resources for English teachers, supporting institutions in language development.\" \/>\n<meta name=\"robots\" content=\"index, follow, max-snippet:-1, max-image-preview:large, max-video-preview:-1\" \/>\n<link rel=\"canonical\" href=\"https:\/\/letslearnenglish.com\/pl\/services\/teachers\/\" \/>\n<meta property=\"og:locale\" content=\"pl_PL\" \/>\n<meta property=\"og:type\" content=\"article\" \/>\n<meta property=\"og:title\" content=\"ESL Resources For English Teachers | Let&#039;s Learn English\" \/>\n<meta property=\"og:description\" content=\"Let&#039;s Learn English offers ESL resources for teachers and top-notch resources for English teachers, supporting institutions in language development.\" \/>\n<meta property=\"og:url\" content=\"https:\/\/letslearnenglish.com\/pl\/services\/teachers\/\" \/>\n<meta property=\"og:site_name\" content=\"Let&#039;s Learn English\" \/>\n<meta property=\"article:publisher\" content=\"https:\/\/www.facebook.com\/letslearnenglishcom\/\" \/>\n<meta property=\"article:modified_time\" content=\"2023-10-26T12:58:13+00:00\" \/>\n<meta name=\"twitter:card\" content=\"summary_large_image\" \/>\n<meta name=\"twitter:site\" content=\"@LLEgold\" \/>\n<meta name=\"twitter:label1\" content=\"Szacowany czas czytania\" \/>\n\t<meta name=\"twitter:data1\" content=\"4 minuty\" \/>\n<script type=\"application\/ld+json\" class=\"yoast-schema-graph\">{\"@context\":\"https:\/\/schema.org\",\"@graph\":[{\"@type\":\"WebPage\",\"@id\":\"https:\/\/letslearnenglish.com\/services\/teachers\/\",\"url\":\"https:\/\/letslearnenglish.com\/services\/teachers\/\",\"name\":\"ESL Resources For English Teachers | Let's Learn English\",\"isPartOf\":{\"@id\":\"https:\/\/letslearnenglish.com\/#website\"},\"datePublished\":\"2017-06-26T10:47:48+00:00\",\"dateModified\":\"2023-10-26T12:58:13+00:00\",\"description\":\"Let's Learn English offers ESL resources for teachers and top-notch resources for English teachers, supporting institutions in language development.\",\"breadcrumb\":{\"@id\":\"https:\/\/letslearnenglish.com\/services\/teachers\/#breadcrumb\"},\"inLanguage\":\"pl-PL\",\"potentialAction\":[{\"@type\":\"ReadAction\",\"target\":[\"https:\/\/letslearnenglish.com\/services\/teachers\/\"]}]},{\"@type\":\"BreadcrumbList\",\"@id\":\"https:\/\/letslearnenglish.com\/services\/teachers\/#breadcrumb\",\"itemListElement\":[{\"@type\":\"ListItem\",\"position\":1,\"name\":\"Home\",\"item\":\"https:\/\/letslearnenglish.com\/\"},{\"@type\":\"ListItem\",\"position\":2,\"name\":\"Services\",\"item\":\"https:\/\/letslearnenglish.com\/services\/\"},{\"@type\":\"ListItem\",\"position\":3,\"name\":\"ESL Resources For English Teachers\"}]},{\"@type\":\"WebSite\",\"@id\":\"https:\/\/letslearnenglish.com\/#website\",\"url\":\"https:\/\/letslearnenglish.com\/\",\"name\":\"Let's Learn English\",\"description\":\"e-Learning platform with the largest database of material ready built in.\",\"publisher\":{\"@id\":\"https:\/\/letslearnenglish.com\/#organization\"},\"potentialAction\":[{\"@type\":\"SearchAction\",\"target\":{\"@type\":\"EntryPoint\",\"urlTemplate\":\"https:\/\/letslearnenglish.com\/?s={search_term_string}\"},\"query-input\":{\"@type\":\"PropertyValueSpecification\",\"valueRequired\":true,\"valueName\":\"search_term_string\"}}],\"inLanguage\":\"pl-PL\"},{\"@type\":\"Organization\",\"@id\":\"https:\/\/letslearnenglish.com\/#organization\",\"name\":\"Let's Learn English\",\"url\":\"https:\/\/letslearnenglish.com\/\",\"logo\":{\"@type\":\"ImageObject\",\"inLanguage\":\"pl-PL\",\"@id\":\"https:\/\/letslearnenglish.com\/#\/schema\/logo\/image\/\",\"url\":\"https:\/\/letslearnenglish.com\/wp-content\/uploads\/2017\/06\/newlogo.png\",\"contentUrl\":\"https:\/\/letslearnenglish.com\/wp-content\/uploads\/2017\/06\/newlogo.png\",\"width\":230,\"height\":110,\"caption\":\"Let's Learn English\"},\"image\":{\"@id\":\"https:\/\/letslearnenglish.com\/#\/schema\/logo\/image\/\"},\"sameAs\":[\"https:\/\/www.facebook.com\/letslearnenglishcom\/\",\"https:\/\/x.com\/LLEgold\",\"https:\/\/pinterest.com\/LLEgold\/\",\"https:\/\/www.youtube.com\/channel\/UCFQB7KnGf5tG82qHssJQQLw\"]}]}<\/script>\n<!-- \/ Yoast SEO plugin. -->","yoast_head_json":{"title":"ESL Resources For English Teachers | Let's Learn English","description":"Let's Learn English offers ESL resources for teachers and top-notch resources for English teachers, supporting institutions in language development.","robots":{"index":"index","follow":"follow","max-snippet":"max-snippet:-1","max-image-preview":"max-image-preview:large","max-video-preview":"max-video-preview:-1"},"canonical":"https:\/\/letslearnenglish.com\/pl\/services\/teachers\/","og_locale":"pl_PL","og_type":"article","og_title":"ESL Resources For English Teachers | Let's Learn English","og_description":"Let's Learn English offers ESL resources for teachers and top-notch resources for English teachers, supporting institutions in language development.","og_url":"https:\/\/letslearnenglish.com\/pl\/services\/teachers\/","og_site_name":"Let&#039;s Learn English","article_publisher":"https:\/\/www.facebook.com\/letslearnenglishcom\/","article_modified_time":"2023-10-26T12:58:13+00:00","twitter_card":"summary_large_image","twitter_site":"@LLEgold","twitter_misc":{"Szacowany czas czytania":"4 minuty"},"schema":{"@context":"https:\/\/schema.org","@graph":[{"@type":"WebPage","@id":"https:\/\/letslearnenglish.com\/services\/teachers\/","url":"https:\/\/letslearnenglish.com\/services\/teachers\/","name":"ESL Resources For English Teachers | Let's Learn English","isPartOf":{"@id":"https:\/\/letslearnenglish.com\/#website"},"datePublished":"2017-06-26T10:47:48+00:00","dateModified":"2023-10-26T12:58:13+00:00","description":"Let's Learn English offers ESL resources for teachers and top-notch resources for English teachers, supporting institutions in language development.","breadcrumb":{"@id":"https:\/\/letslearnenglish.com\/services\/teachers\/#breadcrumb"},"inLanguage":"pl-PL","potentialAction":[{"@type":"ReadAction","target":["https:\/\/letslearnenglish.com\/services\/teachers\/"]}]},{"@type":"BreadcrumbList","@id":"https:\/\/letslearnenglish.com\/services\/teachers\/#breadcrumb","itemListElement":[{"@type":"ListItem","position":1,"name":"Home","item":"https:\/\/letslearnenglish.com\/"},{"@type":"ListItem","position":2,"name":"Services","item":"https:\/\/letslearnenglish.com\/services\/"},{"@type":"ListItem","position":3,"name":"ESL Resources For English Teachers"}]},{"@type":"WebSite","@id":"https:\/\/letslearnenglish.com\/#website","url":"https:\/\/letslearnenglish.com\/","name":"Let's Learn English","description":"Platforma e-learningowa z najwi\u0119ksz\u0105 baz\u0105 gotowych materia\u0142\u00f3w.","publisher":{"@id":"https:\/\/letslearnenglish.com\/#organization"},"potentialAction":[{"@type":"SearchAction","target":{"@type":"EntryPoint","urlTemplate":"https:\/\/letslearnenglish.com\/?s={search_term_string}"},"query-input":{"@type":"PropertyValueSpecification","valueRequired":true,"valueName":"search_term_string"}}],"inLanguage":"pl-PL"},{"@type":"Organization","@id":"https:\/\/letslearnenglish.com\/#organization","name":"Let's Learn English","url":"https:\/\/letslearnenglish.com\/","logo":{"@type":"ImageObject","inLanguage":"pl-PL","@id":"https:\/\/letslearnenglish.com\/#\/schema\/logo\/image\/","url":"https:\/\/letslearnenglish.com\/wp-content\/uploads\/2017\/06\/newlogo.png","contentUrl":"https:\/\/letslearnenglish.com\/wp-content\/uploads\/2017\/06\/newlogo.png","width":230,"height":110,"caption":"Let's Learn English"},"image":{"@id":"https:\/\/letslearnenglish.com\/#\/schema\/logo\/image\/"},"sameAs":["https:\/\/www.facebook.com\/letslearnenglishcom\/","https:\/\/x.com\/LLEgold","https:\/\/pinterest.com\/LLEgold\/","https:\/\/www.youtube.com\/channel\/UCFQB7KnGf5tG82qHssJQQLw"]}]}},"_links":{"self":[{"href":"https:\/\/letslearnenglish.com\/pl\/wp-json\/wp\/v2\/pages\/4915","targetHints":{"allow":["GET"]}}],"collection":[{"href":"https:\/\/letslearnenglish.com\/pl\/wp-json\/wp\/v2\/pages"}],"about":[{"href":"https:\/\/letslearnenglish.com\/pl\/wp-json\/wp\/v2\/types\/page"}],"author":[{"embeddable":true,"href":"https:\/\/letslearnenglish.com\/pl\/wp-json\/wp\/v2\/users\/1"}],"replies":[{"embeddable":true,"href":"https:\/\/letslearnenglish.com\/pl\/wp-json\/wp\/v2\/comments?post=4915"}],"version-history":[{"count":3,"href":"https:\/\/letslearnenglish.com\/pl\/wp-json\/wp\/v2\/pages\/4915\/revisions"}],"predecessor-version":[{"id":14033,"href":"https:\/\/letslearnenglish.com\/pl\/wp-json\/wp\/v2\/pages\/4915\/revisions\/14033"}],"up":[{"embeddable":true,"href":"https:\/\/letslearnenglish.com\/pl\/wp-json\/wp\/v2\/pages\/4890"}],"wp:attachment":[{"href":"https:\/\/letslearnenglish.com\/pl\/wp-json\/wp\/v2\/media?parent=4915"}],"curies":[{"name":"wp","href":"https:\/\/api.w.org\/{rel}","templated":true}]}}