{"id":4890,"date":"2017-06-20T10:53:36","date_gmt":"2017-06-20T09:53:36","guid":{"rendered":"http:\/\/www.nadinka.webd.pl\/letslearnenglish\/?page_id=4890"},"modified":"2023-07-14T16:17:56","modified_gmt":"2023-07-14T15:17:56","slug":"services","status":"publish","type":"page","link":"https:\/\/letslearnenglish.com\/pl\/services\/","title":{"rendered":"Us\u0142ugi"},"content":{"rendered":"<div class=\"wpb-content-wrapper\"><div class=\"container\" ><div class=\"vc_row wpb_row vc_row-fluid margin-bottom-120\"><div class=\"sm-margin-bottom-30 wpb_column vc_column_container vc_col-sm-4\"><div class=\"vc_column-inner\"><div class=\"wpb_wrapper\">            <div class=\"heading color-dark size-md text-left margin-bottom-50 wpb_animate_when_almost_visible g5plus-css-animation wpb_fadeInUp\" >\n                                <div class=\"line-double\">\n                                                        <h2>\n                        OFERUJEMY SZEROKI ZAKRES US\u0141UG DLA U\u017bYTKOWNIK\u00d3W INDYWIDUALNYCH I INSTYTUCJI                    <\/h2>\n                                        <span>\n                        Nasze us\u0142ugi obejmuj\u0105 szereg materia\u0142\u00f3w skierowanych do student\u00f3w, nauczycieli, szk\u00f3\u0142 i firm                    <\/span>\n                                    <\/div>\n                            <\/div>\n            <\/div><\/div><\/div><div class=\"wpb_column vc_column_container vc_col-sm-4\"><div class=\"vc_column-inner\"><div class=\"wpb_wrapper\">\t\t\t<div class=\"iconbox default  text-center color-dark\" >\n                <div class=\"icon-box-shape\">\n                    <a title=\"\" target=\"_self\" href=\"http:\/\/sales.etestify.com\/services\/students\/\">\n                                                        <i class=\"micon icon-185082-man-people-streamline-user\"><\/i>\n                                                <\/a>\n                <\/div>\n                                    <h3><a title=\"\" target=\"_self\" href=\"http:\/\/sales.etestify.com\/services\/students\/\">STUDENCI<\/a><\/h3>\n                                <p>Ucz si\u0119 we w\u0142asnym tempie, na w\u0142asnym poziomie. We\u017a udzia\u0142 w te\u015bcie poziomu, a nast\u0119pnie wybierz z naszej szerokiej gamy kurs\u00f3w, aby poprawi\u0107 sw\u00f3j og\u00f3lny angielski lub pom\u00f3c przygotowa\u0107 si\u0119 do egzaminu z j\u0119zyka angielskiego dzi\u0119ki naszym specjalistycznym kursom przygotowuj\u0105cym do egzaminu.<\/p>\n                \t\t\t<\/div>\n            <div class=\"vc_empty_space\"   style=\"height: 32px\"><span class=\"vc_empty_space_inner\"><\/span><\/div>\t\t\t<div class=\"iconbox default  text-center color-dark\" >\n                <div class=\"icon-box-shape\">\n                    <a title=\"\" target=\"_self\" href=\"http:\/\/sales.etestify.com\/services\/schools\/\">\n                                                        <i class=\"micon icon-tools\"><\/i>\n                                                <\/a>\n                <\/div>\n                                    <h3><a title=\"\" target=\"_self\" href=\"http:\/\/sales.etestify.com\/services\/schools\/\">SZKO\u0141Y<\/a><\/h3>\n                                <p>Replikuj swoje fizyczne klasy w naszej szkole online, umieszczaj\u0105c uczni\u00f3w w klasie z ich nauczycielem. Zarz\u0105dzaj swoj\u0105 szko\u0142\u0105 za pomoc\u0105 naszych szybkich i prostych narz\u0119dzi. Zmie\u0144 mark\u0119 witryny, aby wygl\u0105da\u0142a jak platforma Twojej szko\u0142y.<\/p>\n                \t\t\t<\/div>\n            <\/div><\/div><\/div><div class=\"wpb_column vc_column_container vc_col-sm-4\"><div class=\"vc_column-inner\"><div class=\"wpb_wrapper\">\t\t\t<div class=\"iconbox default  text-center color-dark\" >\n                <div class=\"icon-box-shape\">\n                    <a title=\"\" target=\"_self\" href=\"http:\/\/sales.etestify.com\/services\/teachers\/\">\n                                                        <i class=\"micon icon-185081-speech-streamline-talk-user\"><\/i>\n                                                <\/a>\n                <\/div>\n                                    <h3><a title=\"\" target=\"_self\" href=\"http:\/\/sales.etestify.com\/services\/teachers\/\">NAUCZYCIELE<\/a><\/h3>\n                                <p>Znajd\u017a odpowiedni\u0105 prac\u0119 online dla swoich uczni\u00f3w w ci\u0105gu kilku sekund, korzystaj\u0105c z naszej unikalnej bazy danych materia\u0142\u00f3w, powi\u0105zanych z podr\u0119cznikiem, a nast\u0119pnie sprawd\u017a ich post\u0119py za po\u015brednictwem naszego centrum administracyjnego. Tw\u00f3rz w\u0142asne materia\u0142y cyfrowe za pomoc\u0105 naszych narz\u0119dzi autorskich.<\/p>\n                \t\t\t<\/div>\n            <div class=\"vc_empty_space\"   style=\"height: 32px\"><span class=\"vc_empty_space_inner\"><\/span><\/div>\t\t\t<div class=\"iconbox default  text-center color-dark\" >\n                <div class=\"icon-box-shape\">\n                    <a title=\"\" target=\"_self\" href=\"http:\/\/sales.etestify.com\/services\/business\/\">\n                                                        <i class=\"micon icon-toolbox\"><\/i>\n                                                <\/a>\n                <\/div>\n                                    <h3><a title=\"\" target=\"_self\" href=\"http:\/\/sales.etestify.com\/services\/business\/\">BIZNES<\/a><\/h3>\n                                <p>Skorzystaj z naszej oferty kurs\u00f3w napisanych przez ekspert\u00f3w w dziedzinie j\u0119zyka angielskiego w biznesie, aby poprawi\u0107 poziom j\u0119zyka angielskiego swoich pracownik\u00f3w. Popro\u015b nas o stworzenie indywidualnych kurs\u00f3w dla Twoich pracownik\u00f3w.<\/p>\n                \t\t\t<\/div>\n            <\/div><\/div><\/div><\/div><\/div><div class=\"fullwidth\" ><div class=\"vc_row wpb_row vc_row-fluid vc_custom_1498475147716\"><div class=\"wpb_column vc_column_container vc_col-sm-12\"><div class=\"vc_column-inner\"><div class=\"wpb_wrapper\">            <div class=\"heading color-dark size-md text-center margin-bottom-75\" >\n                                <div class=\"line-double\">\n                                                        <h2>\n                        LISTA KLIENT\u00d3W                    <\/h2>\n                                    <\/div>\n                                <p>\n                    Oto niekt\u00f3re z 350 szk\u00f3\u0142, kt\u00f3re z nami wsp\u00f3\u0142pracuj\u0105.                <\/p>\n                            <\/div>\n                        <div class=\"partner-carousel style1 opacity80\" >\n                <div class=\"owl-g5plus-shortcode owl-carousel\"\n                     data-plugin-options='{&quot;loop&quot;:true,&quot;center&quot;:false,&quot;nav&quot;:false,&quot;dots&quot;:false,&quot;autoplay&quot;:true,&quot;autoplayHoverPause&quot;:false,&quot;autoplayTimeout&quot;:5000,&quot;margin&quot;:0,&quot;items&quot;:4,&quot;responsive&quot;:{&quot;0&quot;:{&quot;items&quot;:1},&quot;600&quot;:{&quot;items&quot;:2},&quot;768&quot;:{&quot;items&quot;:3},&quot;980&quot;:{&quot;items&quot;:5},&quot;1200&quot;:{&quot;items&quot;:5}}}'>\n                    <img decoding=\"async\" width=\"220\" height=\"125\" src=\"https:\/\/letslearnenglish.com\/wp-content\/uploads\/2020\/03\/stgiles.png\" class=\"attachment-medium\" alt=\"\" title=\"stgiles\" \/><img decoding=\"async\" width=\"178\" height=\"89\" src=\"https:\/\/letslearnenglish.com\/wp-content\/uploads\/2020\/03\/beet.png\" class=\"attachment-medium\" alt=\"\" title=\"burak\" \/><img decoding=\"async\" width=\"229\" height=\"163\" src=\"https:\/\/letslearnenglish.com\/wp-content\/uploads\/2020\/03\/kae.png\" class=\"attachment-medium\" alt=\"\" title=\"kae\" \/><img loading=\"lazy\" decoding=\"async\" width=\"300\" height=\"162\" src=\"https:\/\/letslearnenglish.com\/wp-content\/uploads\/2020\/03\/lse.jpg\" class=\"attachment-medium\" alt=\"\" title=\"lse\" \/><img loading=\"lazy\" decoding=\"async\" width=\"300\" height=\"100\" src=\"https:\/\/letslearnenglish.com\/wp-content\/uploads\/2020\/03\/ih1.png\" class=\"attachment-medium\" alt=\"\" title=\"ih1\" \/>                <\/div>\n            <\/div>\n            <\/div><\/div><\/div><\/div><\/div>\n<\/div>","protected":false},"excerpt":{"rendered":"WE OFFER A WIDE RANGE OF SERVICES FOR INDIVIDUAL USERS AND INSTITUTIONS Our services cover a range of materials aimed at students, teachers, schools and business STUDENTS Study at your own pace, at your own level. Take a level test and then choose from our wide range of courses to improve your general English, or [...]","protected":false},"author":1,"featured_media":0,"parent":0,"menu_order":0,"comment_status":"closed","ping_status":"closed","template":"","meta":{"_jet_sm_ready_style":"","_jet_sm_style":"","_jet_sm_controls_values":"","_jet_sm_fonts_collection":"","_jet_sm_fonts_links":"","footnotes":""},"class_list":["post-4890","page","type-page","status-publish","hentry"],"yoast_head":"<!-- This site is optimized with the Yoast SEO plugin v26.3 - https:\/\/yoast.com\/wordpress\/plugins\/seo\/ -->\n<title>Services<\/title>\n<meta name=\"description\" content=\"Discover a wide range of exceptional language learning services on Let&#039;s Learn English&#039;s dedicated Services page. From personalized...\" \/>\n<meta name=\"robots\" content=\"index, follow, max-snippet:-1, max-image-preview:large, max-video-preview:-1\" \/>\n<link rel=\"canonical\" href=\"https:\/\/letslearnenglish.com\/pl\/services\/\" \/>\n<meta property=\"og:locale\" content=\"pl_PL\" \/>\n<meta property=\"og:type\" content=\"article\" \/>\n<meta property=\"og:title\" content=\"Services\" \/>\n<meta property=\"og:description\" content=\"Discover a wide range of exceptional language learning services on Let&#039;s Learn English&#039;s dedicated Services page. From personalized...\" \/>\n<meta property=\"og:url\" content=\"https:\/\/letslearnenglish.com\/pl\/services\/\" \/>\n<meta property=\"og:site_name\" content=\"Let&#039;s Learn English\" \/>\n<meta property=\"article:publisher\" content=\"https:\/\/www.facebook.com\/letslearnenglishcom\/\" \/>\n<meta property=\"article:modified_time\" content=\"2023-07-14T15:17:56+00:00\" \/>\n<meta name=\"twitter:card\" content=\"summary_large_image\" \/>\n<meta name=\"twitter:site\" content=\"@LLEgold\" \/>\n<meta name=\"twitter:label1\" content=\"Szacowany czas czytania\" \/>\n\t<meta name=\"twitter:data1\" content=\"1 minuta\" \/>\n<script type=\"application\/ld+json\" class=\"yoast-schema-graph\">{\"@context\":\"https:\/\/schema.org\",\"@graph\":[{\"@type\":\"WebPage\",\"@id\":\"https:\/\/letslearnenglish.com\/services\/\",\"url\":\"https:\/\/letslearnenglish.com\/services\/\",\"name\":\"Services\",\"isPartOf\":{\"@id\":\"https:\/\/letslearnenglish.com\/#website\"},\"datePublished\":\"2017-06-20T09:53:36+00:00\",\"dateModified\":\"2023-07-14T15:17:56+00:00\",\"description\":\"Discover a wide range of exceptional language learning services on Let's Learn English's dedicated Services page. From personalized...\",\"breadcrumb\":{\"@id\":\"https:\/\/letslearnenglish.com\/services\/#breadcrumb\"},\"inLanguage\":\"pl-PL\",\"potentialAction\":[{\"@type\":\"ReadAction\",\"target\":[\"https:\/\/letslearnenglish.com\/services\/\"]}]},{\"@type\":\"BreadcrumbList\",\"@id\":\"https:\/\/letslearnenglish.com\/services\/#breadcrumb\",\"itemListElement\":[{\"@type\":\"ListItem\",\"position\":1,\"name\":\"Home\",\"item\":\"https:\/\/letslearnenglish.com\/\"},{\"@type\":\"ListItem\",\"position\":2,\"name\":\"Services\"}]},{\"@type\":\"WebSite\",\"@id\":\"https:\/\/letslearnenglish.com\/#website\",\"url\":\"https:\/\/letslearnenglish.com\/\",\"name\":\"Let's Learn English\",\"description\":\"e-Learning platform with the largest database of material ready built in.\",\"publisher\":{\"@id\":\"https:\/\/letslearnenglish.com\/#organization\"},\"potentialAction\":[{\"@type\":\"SearchAction\",\"target\":{\"@type\":\"EntryPoint\",\"urlTemplate\":\"https:\/\/letslearnenglish.com\/?s={search_term_string}\"},\"query-input\":{\"@type\":\"PropertyValueSpecification\",\"valueRequired\":true,\"valueName\":\"search_term_string\"}}],\"inLanguage\":\"pl-PL\"},{\"@type\":\"Organization\",\"@id\":\"https:\/\/letslearnenglish.com\/#organization\",\"name\":\"Let's Learn English\",\"url\":\"https:\/\/letslearnenglish.com\/\",\"logo\":{\"@type\":\"ImageObject\",\"inLanguage\":\"pl-PL\",\"@id\":\"https:\/\/letslearnenglish.com\/#\/schema\/logo\/image\/\",\"url\":\"https:\/\/letslearnenglish.com\/wp-content\/uploads\/2017\/06\/newlogo.png\",\"contentUrl\":\"https:\/\/letslearnenglish.com\/wp-content\/uploads\/2017\/06\/newlogo.png\",\"width\":230,\"height\":110,\"caption\":\"Let's Learn English\"},\"image\":{\"@id\":\"https:\/\/letslearnenglish.com\/#\/schema\/logo\/image\/\"},\"sameAs\":[\"https:\/\/www.facebook.com\/letslearnenglishcom\/\",\"https:\/\/x.com\/LLEgold\",\"https:\/\/pinterest.com\/LLEgold\/\",\"https:\/\/www.youtube.com\/channel\/UCFQB7KnGf5tG82qHssJQQLw\"]}]}<\/script>\n<!-- \/ Yoast SEO plugin. -->","yoast_head_json":{"title":"Us\u0142ugi","description":"Discover a wide range of exceptional language learning services on Let's Learn English's dedicated Services page. From personalized...","robots":{"index":"index","follow":"follow","max-snippet":"max-snippet:-1","max-image-preview":"max-image-preview:large","max-video-preview":"max-video-preview:-1"},"canonical":"https:\/\/letslearnenglish.com\/pl\/services\/","og_locale":"pl_PL","og_type":"article","og_title":"Services","og_description":"Discover a wide range of exceptional language learning services on Let's Learn English's dedicated Services page. From personalized...","og_url":"https:\/\/letslearnenglish.com\/pl\/services\/","og_site_name":"Let&#039;s Learn English","article_publisher":"https:\/\/www.facebook.com\/letslearnenglishcom\/","article_modified_time":"2023-07-14T15:17:56+00:00","twitter_card":"summary_large_image","twitter_site":"@LLEgold","twitter_misc":{"Szacowany czas czytania":"1 minuta"},"schema":{"@context":"https:\/\/schema.org","@graph":[{"@type":"WebPage","@id":"https:\/\/letslearnenglish.com\/services\/","url":"https:\/\/letslearnenglish.com\/services\/","name":"Us\u0142ugi","isPartOf":{"@id":"https:\/\/letslearnenglish.com\/#website"},"datePublished":"2017-06-20T09:53:36+00:00","dateModified":"2023-07-14T15:17:56+00:00","description":"Discover a wide range of exceptional language learning services on Let's Learn English's dedicated Services page. From personalized...","breadcrumb":{"@id":"https:\/\/letslearnenglish.com\/services\/#breadcrumb"},"inLanguage":"pl-PL","potentialAction":[{"@type":"ReadAction","target":["https:\/\/letslearnenglish.com\/services\/"]}]},{"@type":"BreadcrumbList","@id":"https:\/\/letslearnenglish.com\/services\/#breadcrumb","itemListElement":[{"@type":"ListItem","position":1,"name":"Home","item":"https:\/\/letslearnenglish.com\/"},{"@type":"ListItem","position":2,"name":"Services"}]},{"@type":"WebSite","@id":"https:\/\/letslearnenglish.com\/#website","url":"https:\/\/letslearnenglish.com\/","name":"Let's Learn English","description":"Platforma e-learningowa z najwi\u0119ksz\u0105 baz\u0105 gotowych materia\u0142\u00f3w.","publisher":{"@id":"https:\/\/letslearnenglish.com\/#organization"},"potentialAction":[{"@type":"SearchAction","target":{"@type":"EntryPoint","urlTemplate":"https:\/\/letslearnenglish.com\/?s={search_term_string}"},"query-input":{"@type":"PropertyValueSpecification","valueRequired":true,"valueName":"search_term_string"}}],"inLanguage":"pl-PL"},{"@type":"Organization","@id":"https:\/\/letslearnenglish.com\/#organization","name":"Let's Learn English","url":"https:\/\/letslearnenglish.com\/","logo":{"@type":"ImageObject","inLanguage":"pl-PL","@id":"https:\/\/letslearnenglish.com\/#\/schema\/logo\/image\/","url":"https:\/\/letslearnenglish.com\/wp-content\/uploads\/2017\/06\/newlogo.png","contentUrl":"https:\/\/letslearnenglish.com\/wp-content\/uploads\/2017\/06\/newlogo.png","width":230,"height":110,"caption":"Let's Learn English"},"image":{"@id":"https:\/\/letslearnenglish.com\/#\/schema\/logo\/image\/"},"sameAs":["https:\/\/www.facebook.com\/letslearnenglishcom\/","https:\/\/x.com\/LLEgold","https:\/\/pinterest.com\/LLEgold\/","https:\/\/www.youtube.com\/channel\/UCFQB7KnGf5tG82qHssJQQLw"]}]}},"_links":{"self":[{"href":"https:\/\/letslearnenglish.com\/pl\/wp-json\/wp\/v2\/pages\/4890","targetHints":{"allow":["GET"]}}],"collection":[{"href":"https:\/\/letslearnenglish.com\/pl\/wp-json\/wp\/v2\/pages"}],"about":[{"href":"https:\/\/letslearnenglish.com\/pl\/wp-json\/wp\/v2\/types\/page"}],"author":[{"embeddable":true,"href":"https:\/\/letslearnenglish.com\/pl\/wp-json\/wp\/v2\/users\/1"}],"replies":[{"embeddable":true,"href":"https:\/\/letslearnenglish.com\/pl\/wp-json\/wp\/v2\/comments?post=4890"}],"version-history":[{"count":1,"href":"https:\/\/letslearnenglish.com\/pl\/wp-json\/wp\/v2\/pages\/4890\/revisions"}],"predecessor-version":[{"id":9246,"href":"https:\/\/letslearnenglish.com\/pl\/wp-json\/wp\/v2\/pages\/4890\/revisions\/9246"}],"wp:attachment":[{"href":"https:\/\/letslearnenglish.com\/pl\/wp-json\/wp\/v2\/media?parent=4890"}],"curies":[{"name":"wp","href":"https:\/\/api.w.org\/{rel}","templated":true}]}}