{"id":15325,"date":"2024-09-11T15:35:23","date_gmt":"2024-09-11T14:35:23","guid":{"rendered":"https:\/\/letslearnenglish.com\/?page_id=15325"},"modified":"2024-09-30T11:06:06","modified_gmt":"2024-09-30T10:06:06","slug":"complete-44","status":"publish","type":"page","link":"https:\/\/letslearnenglish.com\/pl\/services\/course-outlines\/complete-44\/","title":{"rendered":"complete 44"},"content":{"rendered":"<div data-elementor-type=\"wp-page\" data-elementor-id=\"15325\" class=\"elementor elementor-15325\" data-elementor-post-type=\"page\">\n\t\t\t\t<div class=\"elementor-element elementor-element-3be26502 e-flex e-con-boxed e-con e-parent\" data-id=\"3be26502\" data-element_type=\"container\" data-settings=\"{&quot;jet_parallax_layout_list&quot;:[]}\">\n\t\t\t\t\t<div class=\"e-con-inner\">\n\t\t\t\t<div class=\"elementor-element elementor-element-2142d35d elementor-widget elementor-widget-text-editor\" data-id=\"2142d35d\" data-element_type=\"widget\" data-widget_type=\"text-editor.default\">\n\t\t\t\t<div class=\"elementor-widget-container\">\n\t\t\t\t\t\t\t\t\t<h3>Introduction<\/h3><p>Complete English Level 44: Holidays is an online course, consisting of 15 units of English, and providing approximately 15 hours of study for students.<\/p><h3>Course aims<\/h3><ul><li>As part of a series of short courses, this course, along with levels 07 &#8211; 30, aims to take students from CEFR Level B1 Intermediate to CEFR level B2 Upper Intermediate.<\/li><li>The course blends grammatical structures necessary for this level, with vocabulary, spelling, reading, listening, writing, and speaking.<\/li><\/ul><h3>Gramatyka<\/h3><ul><li>By the end of the course, students will be confident in using future forms (going to and will) for future predictions and intentions, and also understand the difference between adjectives ending in -ed and -ing.<\/li><\/ul><h3>S\u0142ownictwo<\/h3><ul><li>By the end of the course, students will have learned approximately 50 lexical items, in the form of simple lexical sets.<\/li><\/ul><h3>Unit Summary<\/h3><div class=\"module-table-group\"><h4>Unit 1<\/h4><ul><li><strong>Gramatyka<\/strong>: Going to and Will<\/li><\/ul><p>\u00a0<\/p><\/div><div class=\"module-table-group\"><h4>Unit 2<\/h4><ul><li><strong>S\u0142ownictwo<\/strong>: Clothes<\/li><\/ul><p>\u00a0<\/p><\/div><div class=\"module-table-group\"><h4>Unit 3<\/h4><ul><li><strong>Czytanie<\/strong>: Top ten London attractions<\/li><\/ul><p>\u00a0<\/p><\/div><div class=\"module-table-group\"><h4>Unit 4<\/h4><ul><li><strong>S\u0142uchanie<\/strong>: Three days in Rio<\/li><\/ul><p>\u00a0<\/p><\/div><div class=\"module-table-group\"><h4>Unit 5<\/h4><ul><li><strong>M\u00f3wienie<\/strong>: Choose your holiday<\/li><\/ul><p>\u00a0<\/p><\/div><div class=\"module-table-group\"><h4>Unit 6<\/h4><ul><li><strong>Gramatyka<\/strong>: Ed and Ing adjectives<\/li><\/ul><p>\u00a0<\/p><\/div><div class=\"module-table-group\"><h4>Unit 7<\/h4><ul><li><strong>S\u0142ownictwo<\/strong>: Confusing words<\/li><\/ul><p>\u00a0<\/p><\/div><div class=\"module-table-group\"><h4>Unit 8<\/h4><ul><li><strong>Czytanie<\/strong>: Hawaii<\/li><\/ul><p>\u00a0<\/p><\/div><div class=\"module-table-group\"><h4>Unit 9<\/h4><ul><li><strong>S\u0142uchanie<\/strong>: Vacation? Try a staycation!<\/li><\/ul><p>\u00a0<\/p><\/div><div class=\"module-table-group\"><h4>Unit 10<\/h4><ul><li><strong>S\u0142ownictwo<\/strong>: Phrasal verbs<\/li><\/ul><p>\u00a0<\/p><\/div><div class=\"module-table-group\"><h4>Unit 11<\/h4><ul><li><strong>Pisanie<\/strong>: Writing postcards<\/li><\/ul><p>\u00a0<\/p><\/div><div class=\"module-table-group\"><h4>Unit 12<\/h4><ul><li><strong>Spelling<\/strong>: Spelling test<\/li><\/ul><p>\u00a0<\/p><\/div><div class=\"module-table-group\"><h4>Unit 13<\/h4><ul><li><strong>Wymowa<\/strong>: Gate and Get + connected speech<\/li><\/ul><p>\u00a0<\/p><\/div><div class=\"module-table-group\"><h4>Unit 14<\/h4><ul><li><strong>Revision<\/strong>: Revision of course content<\/li><\/ul><p>\u00a0<\/p><\/div><h3>Follow-up<\/h3><p>Students completing the Complete English Level 44 course should move on to Complete English Level 45.<\/p>\t\t\t\t\t\t\t\t<\/div>\n\t\t\t\t<\/div>\n\t\t\t\t\t<\/div>\n\t\t\t\t<\/div>\n\t\t\t\t<\/div>","protected":false},"excerpt":{"rendered":"<p>Introduction Complete English Level 44: Holidays is an online course, consisting of 15 units of English, and providing approximately 15 hours of study for students. Course aims As part of a series of short courses, this course, along with levels 07 &#8211; 30, aims to take students from CEFR Level B1 Intermediate to CEFR level [&hellip;]<\/p>","protected":false},"author":5,"featured_media":0,"parent":14791,"menu_order":0,"comment_status":"closed","ping_status":"closed","template":"","meta":{"_jet_sm_ready_style":"","_jet_sm_style":"","_jet_sm_controls_values":"","_jet_sm_fonts_collection":"","_jet_sm_fonts_links":"","footnotes":""},"class_list":["post-15325","page","type-page","status-publish","hentry"],"yoast_head":"<!-- This site is optimized with the Yoast SEO plugin v26.3 - https:\/\/yoast.com\/wordpress\/plugins\/seo\/ -->\n<title>complete 44<\/title>\n<meta name=\"robots\" content=\"index, follow, max-snippet:-1, max-image-preview:large, max-video-preview:-1\" \/>\n<link rel=\"canonical\" href=\"https:\/\/letslearnenglish.com\/pl\/services\/course-outlines\/complete-44\/\" \/>\n<meta property=\"og:locale\" content=\"pl_PL\" \/>\n<meta property=\"og:type\" content=\"article\" \/>\n<meta property=\"og:title\" content=\"complete 44\" \/>\n<meta property=\"og:description\" content=\"Introduction Complete English Level 44: Holidays is an online course, consisting of 15 units of English, and providing approximately 15 hours of study for students. Course aims As part of a series of short courses, this course, along with levels 07 &#8211; 30, aims to take students from CEFR Level B1 Intermediate to CEFR level [&hellip;]\" \/>\n<meta property=\"og:url\" content=\"https:\/\/letslearnenglish.com\/pl\/services\/course-outlines\/complete-44\/\" \/>\n<meta property=\"og:site_name\" content=\"Let&#039;s Learn English\" \/>\n<meta property=\"article:publisher\" content=\"https:\/\/www.facebook.com\/letslearnenglishcom\/\" \/>\n<meta property=\"article:modified_time\" content=\"2024-09-30T10:06:06+00:00\" \/>\n<meta name=\"twitter:card\" content=\"summary_large_image\" \/>\n<meta name=\"twitter:site\" content=\"@LLEgold\" \/>\n<meta name=\"twitter:label1\" content=\"Szacowany czas czytania\" \/>\n\t<meta name=\"twitter:data1\" content=\"2 minuty\" \/>\n<script type=\"application\/ld+json\" class=\"yoast-schema-graph\">{\"@context\":\"https:\/\/schema.org\",\"@graph\":[{\"@type\":\"WebPage\",\"@id\":\"https:\/\/letslearnenglish.com\/services\/course-outlines\/complete-44\/\",\"url\":\"https:\/\/letslearnenglish.com\/services\/course-outlines\/complete-44\/\",\"name\":\"complete 44\",\"isPartOf\":{\"@id\":\"https:\/\/letslearnenglish.com\/#website\"},\"datePublished\":\"2024-09-11T14:35:23+00:00\",\"dateModified\":\"2024-09-30T10:06:06+00:00\",\"breadcrumb\":{\"@id\":\"https:\/\/letslearnenglish.com\/services\/course-outlines\/complete-44\/#breadcrumb\"},\"inLanguage\":\"pl-PL\",\"potentialAction\":[{\"@type\":\"ReadAction\",\"target\":[\"https:\/\/letslearnenglish.com\/services\/course-outlines\/complete-44\/\"]}]},{\"@type\":\"BreadcrumbList\",\"@id\":\"https:\/\/letslearnenglish.com\/services\/course-outlines\/complete-44\/#breadcrumb\",\"itemListElement\":[{\"@type\":\"ListItem\",\"position\":1,\"name\":\"Home\",\"item\":\"https:\/\/letslearnenglish.com\/\"},{\"@type\":\"ListItem\",\"position\":2,\"name\":\"Services\",\"item\":\"https:\/\/letslearnenglish.com\/services\/\"},{\"@type\":\"ListItem\",\"position\":3,\"name\":\"Course outlines\",\"item\":\"https:\/\/letslearnenglish.com\/services\/course-outlines\/\"},{\"@type\":\"ListItem\",\"position\":4,\"name\":\"complete 44\"}]},{\"@type\":\"WebSite\",\"@id\":\"https:\/\/letslearnenglish.com\/#website\",\"url\":\"https:\/\/letslearnenglish.com\/\",\"name\":\"Let's Learn English\",\"description\":\"e-Learning platform with the largest database of material ready built in.\",\"publisher\":{\"@id\":\"https:\/\/letslearnenglish.com\/#organization\"},\"potentialAction\":[{\"@type\":\"SearchAction\",\"target\":{\"@type\":\"EntryPoint\",\"urlTemplate\":\"https:\/\/letslearnenglish.com\/?s={search_term_string}\"},\"query-input\":{\"@type\":\"PropertyValueSpecification\",\"valueRequired\":true,\"valueName\":\"search_term_string\"}}],\"inLanguage\":\"pl-PL\"},{\"@type\":\"Organization\",\"@id\":\"https:\/\/letslearnenglish.com\/#organization\",\"name\":\"Let's Learn English\",\"url\":\"https:\/\/letslearnenglish.com\/\",\"logo\":{\"@type\":\"ImageObject\",\"inLanguage\":\"pl-PL\",\"@id\":\"https:\/\/letslearnenglish.com\/#\/schema\/logo\/image\/\",\"url\":\"https:\/\/letslearnenglish.com\/wp-content\/uploads\/2017\/06\/newlogo.png\",\"contentUrl\":\"https:\/\/letslearnenglish.com\/wp-content\/uploads\/2017\/06\/newlogo.png\",\"width\":230,\"height\":110,\"caption\":\"Let's Learn English\"},\"image\":{\"@id\":\"https:\/\/letslearnenglish.com\/#\/schema\/logo\/image\/\"},\"sameAs\":[\"https:\/\/www.facebook.com\/letslearnenglishcom\/\",\"https:\/\/x.com\/LLEgold\",\"https:\/\/pinterest.com\/LLEgold\/\",\"https:\/\/www.youtube.com\/channel\/UCFQB7KnGf5tG82qHssJQQLw\"]}]}<\/script>\n<!-- \/ Yoast SEO plugin. -->","yoast_head_json":{"title":"complete 44","robots":{"index":"index","follow":"follow","max-snippet":"max-snippet:-1","max-image-preview":"max-image-preview:large","max-video-preview":"max-video-preview:-1"},"canonical":"https:\/\/letslearnenglish.com\/pl\/services\/course-outlines\/complete-44\/","og_locale":"pl_PL","og_type":"article","og_title":"complete 44","og_description":"Introduction Complete English Level 44: Holidays is an online course, consisting of 15 units of English, and providing approximately 15 hours of study for students. Course aims As part of a series of short courses, this course, along with levels 07 &#8211; 30, aims to take students from CEFR Level B1 Intermediate to CEFR level [&hellip;]","og_url":"https:\/\/letslearnenglish.com\/pl\/services\/course-outlines\/complete-44\/","og_site_name":"Let&#039;s Learn English","article_publisher":"https:\/\/www.facebook.com\/letslearnenglishcom\/","article_modified_time":"2024-09-30T10:06:06+00:00","twitter_card":"summary_large_image","twitter_site":"@LLEgold","twitter_misc":{"Szacowany czas czytania":"2 minuty"},"schema":{"@context":"https:\/\/schema.org","@graph":[{"@type":"WebPage","@id":"https:\/\/letslearnenglish.com\/services\/course-outlines\/complete-44\/","url":"https:\/\/letslearnenglish.com\/services\/course-outlines\/complete-44\/","name":"complete 44","isPartOf":{"@id":"https:\/\/letslearnenglish.com\/#website"},"datePublished":"2024-09-11T14:35:23+00:00","dateModified":"2024-09-30T10:06:06+00:00","breadcrumb":{"@id":"https:\/\/letslearnenglish.com\/services\/course-outlines\/complete-44\/#breadcrumb"},"inLanguage":"pl-PL","potentialAction":[{"@type":"ReadAction","target":["https:\/\/letslearnenglish.com\/services\/course-outlines\/complete-44\/"]}]},{"@type":"BreadcrumbList","@id":"https:\/\/letslearnenglish.com\/services\/course-outlines\/complete-44\/#breadcrumb","itemListElement":[{"@type":"ListItem","position":1,"name":"Home","item":"https:\/\/letslearnenglish.com\/"},{"@type":"ListItem","position":2,"name":"Services","item":"https:\/\/letslearnenglish.com\/services\/"},{"@type":"ListItem","position":3,"name":"Course outlines","item":"https:\/\/letslearnenglish.com\/services\/course-outlines\/"},{"@type":"ListItem","position":4,"name":"complete 44"}]},{"@type":"WebSite","@id":"https:\/\/letslearnenglish.com\/#website","url":"https:\/\/letslearnenglish.com\/","name":"Let's Learn English","description":"Platforma e-learningowa z najwi\u0119ksz\u0105 baz\u0105 gotowych materia\u0142\u00f3w.","publisher":{"@id":"https:\/\/letslearnenglish.com\/#organization"},"potentialAction":[{"@type":"SearchAction","target":{"@type":"EntryPoint","urlTemplate":"https:\/\/letslearnenglish.com\/?s={search_term_string}"},"query-input":{"@type":"PropertyValueSpecification","valueRequired":true,"valueName":"search_term_string"}}],"inLanguage":"pl-PL"},{"@type":"Organization","@id":"https:\/\/letslearnenglish.com\/#organization","name":"Let's Learn English","url":"https:\/\/letslearnenglish.com\/","logo":{"@type":"ImageObject","inLanguage":"pl-PL","@id":"https:\/\/letslearnenglish.com\/#\/schema\/logo\/image\/","url":"https:\/\/letslearnenglish.com\/wp-content\/uploads\/2017\/06\/newlogo.png","contentUrl":"https:\/\/letslearnenglish.com\/wp-content\/uploads\/2017\/06\/newlogo.png","width":230,"height":110,"caption":"Let's Learn English"},"image":{"@id":"https:\/\/letslearnenglish.com\/#\/schema\/logo\/image\/"},"sameAs":["https:\/\/www.facebook.com\/letslearnenglishcom\/","https:\/\/x.com\/LLEgold","https:\/\/pinterest.com\/LLEgold\/","https:\/\/www.youtube.com\/channel\/UCFQB7KnGf5tG82qHssJQQLw"]}]}},"_links":{"self":[{"href":"https:\/\/letslearnenglish.com\/pl\/wp-json\/wp\/v2\/pages\/15325","targetHints":{"allow":["GET"]}}],"collection":[{"href":"https:\/\/letslearnenglish.com\/pl\/wp-json\/wp\/v2\/pages"}],"about":[{"href":"https:\/\/letslearnenglish.com\/pl\/wp-json\/wp\/v2\/types\/page"}],"author":[{"embeddable":true,"href":"https:\/\/letslearnenglish.com\/pl\/wp-json\/wp\/v2\/users\/5"}],"replies":[{"embeddable":true,"href":"https:\/\/letslearnenglish.com\/pl\/wp-json\/wp\/v2\/comments?post=15325"}],"version-history":[{"count":13,"href":"https:\/\/letslearnenglish.com\/pl\/wp-json\/wp\/v2\/pages\/15325\/revisions"}],"predecessor-version":[{"id":17591,"href":"https:\/\/letslearnenglish.com\/pl\/wp-json\/wp\/v2\/pages\/15325\/revisions\/17591"}],"up":[{"embeddable":true,"href":"https:\/\/letslearnenglish.com\/pl\/wp-json\/wp\/v2\/pages\/14791"}],"wp:attachment":[{"href":"https:\/\/letslearnenglish.com\/pl\/wp-json\/wp\/v2\/media?parent=15325"}],"curies":[{"name":"wp","href":"https:\/\/api.w.org\/{rel}","templated":true}]}}