{"id":4919,"date":"2017-06-26T11:48:59","date_gmt":"2017-06-26T10:48:59","guid":{"rendered":"http:\/\/www.nadinka.webd.pl\/letslearnenglish\/?page_id=4919"},"modified":"2023-07-17T11:38:17","modified_gmt":"2023-07-17T10:38:17","slug":"business","status":"publish","type":"page","link":"https:\/\/letslearnenglish.com\/lv\/services\/business\/","title":{"rendered":"Uz\u0146\u0113m\u0113jdarb\u012bba"},"content":{"rendered":"<div class=\"wpb-content-wrapper\"><div class=\"container\" ><div class=\"vc_row wpb_row vc_row-fluid margin-bottom-120\"><div class=\"sm-margin-bottom-30 wpb_column vc_column_container vc_col-sm-4\"><div class=\"vc_column-inner\"><div class=\"wpb_wrapper\">            <div class=\"heading color-dark size-md text-left margin-bottom-50\" >\n                                <div class=\"line-double\">\n                                                        <h2>\n                        LET'S LEARN ENGLISH IS AN IDEAL TOOL FOR BUSINESS                    <\/h2>\n                                        <span>\n                        Teachers with individual students can use our extensive library of materials in face-to-face or VOIP\/Skype classes; teachers in school can assign homework or supplementary materials for their business students.                    <\/span>\n                                    <\/div>\n                            <\/div>\n            <\/div><\/div><\/div><div class=\"wpb_column vc_column_container vc_col-sm-4\"><div class=\"vc_column-inner\"><div class=\"wpb_wrapper\">\t\t\t<div class=\"iconbox default  text-center color-dark\" >\n                <div class=\"icon-box-shape\">\n                    <a title=\"NEEDS ANALYSIS\" target=\"_self\" href=\"#\">\n                                                        <i class=\"micon icon-gears\"><\/i>\n                                                <\/a>\n                <\/div>\n                                    <h3><a title=\"NEEDS ANALYSIS\" target=\"_self\" href=\"#\">NEEDS ANALYSIS<\/a><\/h3>\n                                <p>We all know that business English students often have highly specialised requirements, and that preparing a course for them involves a two-way conversation to build a pathway that enables them to study what they need and get the most out of the time they are with you. Let's Learn English has an inbuilt needs analysis that can be given to students when they have enrolled at your centre, but before they have arrived for their lessons, giving you the time required to tailor a course of study based on their needs and requirements<\/p>\n                \t\t\t<\/div>\n            <div class=\"vc_empty_space\"   style=\"height: 32px\"><span class=\"vc_empty_space_inner\"><\/span><\/div>\t\t\t<div class=\"iconbox default  text-center color-dark\" >\n                <div class=\"icon-box-shape\">\n                    <a title=\"LET YOUR STUDENTS DO THE WORK\" target=\"_self\" href=\"#\">\n                                                        <i class=\"micon icon-presentation\"><\/i>\n                                                <\/a>\n                <\/div>\n                                    <h3><a title=\"LET YOUR STUDENTS DO THE WORK\" target=\"_self\" href=\"#\">LET YOUR STUDENTS DO THE WORK<\/a><\/h3>\n                                <p>Our authoring facility is not only useful for teachers who wish to create bespoke classes for their business students. Our collaborative projects tool allows students themselves to prepare multimedia presentations for use in class.<\/p>\n                \t\t\t<\/div>\n            <\/div><\/div><\/div><div class=\"wpb_column vc_column_container vc_col-sm-4\"><div class=\"vc_column-inner\"><div class=\"wpb_wrapper\">\t\t\t<div class=\"iconbox default  text-center color-dark\" >\n                <div class=\"icon-box-shape\">\n                    <a title=\"TUTORIALS\" target=\"_self\" href=\"#\">\n                                                        <i class=\"micon icon-185079-bubble-comment-streamline-talk\"><\/i>\n                                                <\/a>\n                <\/div>\n                                    <h3><a title=\"TUTORIALS\" target=\"_self\" href=\"#\">TUTORIALS<\/a><\/h3>\n                                <p>Giving regular personalised tutorials, meetings, or progress reports to students is the best way to ensure that they are happy in class, and that they are receiving the content from their teacher that they want. Tutorials enable teacher and student to fine-tune forthcoming classes to take into account perceived weaknesses in their English, and ensure that the student is receiving what they want in terms of the structures, lexis and functional language they will require once they are back behind their desks. Let's Learn English tutorial pages are easy to use and, being multi-platform, can be brought up on a tablet to enable more eye-to-eye contact between the tutor and client.<\/p>\n                \t\t\t<\/div>\n            <div class=\"vc_empty_space\"   style=\"height: 32px\"><span class=\"vc_empty_space_inner\"><\/span><\/div><\/div><\/div><\/div><\/div><\/div><div class=\"fullwidth\" ><div class=\"vc_row wpb_row vc_row-fluid vc_custom_1498475147716\"><div class=\"wpb_column vc_column_container vc_col-sm-12\"><div class=\"vc_column-inner\"><div class=\"wpb_wrapper\">            <div class=\"heading color-dark size-md text-center margin-bottom-75\" >\n                                <div class=\"line-double\">\n                                                        <h2>\n                        SELECTED CLIENT LIST                    <\/h2>\n                                        <span>\n                        Some of the hundreds of schools that use our e-Learning platform..                    <\/span>\n                                    <\/div>\n                            <\/div>\n                        <div class=\"partner-carousel style1 opacity80\" >\n                <div class=\"owl-g5plus-shortcode owl-carousel\"\n                     data-plugin-options='{&quot;loop&quot;:true,&quot;center&quot;:false,&quot;nav&quot;:false,&quot;dots&quot;:false,&quot;autoplay&quot;:true,&quot;autoplayHoverPause&quot;:false,&quot;autoplayTimeout&quot;:5000,&quot;margin&quot;:0,&quot;items&quot;:4,&quot;responsive&quot;:{&quot;0&quot;:{&quot;items&quot;:1},&quot;600&quot;:{&quot;items&quot;:2},&quot;768&quot;:{&quot;items&quot;:3},&quot;980&quot;:{&quot;items&quot;:5},&quot;1200&quot;:{&quot;items&quot;:5}}}'>\n                                                <a href=\"https:\/\/google.com\"\n                               target=\"_blank\">\n                                <img decoding=\"async\" width=\"300\" height=\"162\" src=\"https:\/\/letslearnenglish.com\/wp-content\/uploads\/2020\/03\/lse.jpg\" class=\"attachment-medium\" alt=\"\" title=\"lse\" \/>                            <\/a>\n                                                    <a href=\"https:\/\/google.co.uk\"\n                               target=\"_blank\">\n                                <img decoding=\"async\" width=\"300\" height=\"142\" src=\"https:\/\/letslearnenglish.com\/wp-content\/uploads\/2020\/03\/lingua.jpg\" class=\"attachment-medium\" alt=\"\" title=\"lingua\" \/>                            <\/a>\n                                                    <a href=\"https:\/\/google.de\"\n                               target=\"_blank\">\n                                <img decoding=\"async\" width=\"178\" height=\"89\" src=\"https:\/\/letslearnenglish.com\/wp-content\/uploads\/2020\/03\/beet.png\" class=\"attachment-medium\" alt=\"\" title=\"beet\" \/>                            <\/a>\n                                                    <a href=\"https:\/\/google.fr\"\n                               target=\"_blank\">\n                                <img loading=\"lazy\" decoding=\"async\" width=\"300\" height=\"252\" src=\"https:\/\/letslearnenglish.com\/wp-content\/uploads\/2020\/03\/bath.png\" class=\"attachment-medium\" alt=\"\" title=\"bath\" \/>                            <\/a>\n                        <img loading=\"lazy\" decoding=\"async\" width=\"223\" height=\"160\" src=\"https:\/\/letslearnenglish.com\/wp-content\/uploads\/2020\/03\/fvg.png\" class=\"attachment-medium\" alt=\"\" title=\"fvg\" \/><img loading=\"lazy\" decoding=\"async\" width=\"300\" height=\"100\" src=\"https:\/\/letslearnenglish.com\/wp-content\/uploads\/2020\/03\/cambridge.jpg\" class=\"attachment-medium\" alt=\"\" title=\"cambridge\" \/><img loading=\"lazy\" decoding=\"async\" width=\"130\" height=\"85\" src=\"https:\/\/letslearnenglish.com\/wp-content\/uploads\/2020\/03\/leo.png\" class=\"attachment-medium\" alt=\"\" title=\"leo\" \/><img loading=\"lazy\" decoding=\"async\" width=\"300\" height=\"100\" src=\"https:\/\/letslearnenglish.com\/wp-content\/uploads\/2020\/03\/ih1.png\" class=\"attachment-medium\" alt=\"\" title=\"ih1\" \/><img loading=\"lazy\" decoding=\"async\" width=\"214\" height=\"54\" src=\"https:\/\/letslearnenglish.com\/wp-content\/uploads\/2020\/03\/ih2.png\" class=\"attachment-medium\" alt=\"\" title=\"ih2\" \/><img loading=\"lazy\" decoding=\"async\" width=\"300\" height=\"117\" src=\"https:\/\/letslearnenglish.com\/wp-content\/uploads\/2020\/03\/ih3.jpg\" class=\"attachment-medium\" alt=\"\" title=\"ih3\" \/><img loading=\"lazy\" decoding=\"async\" width=\"229\" height=\"163\" src=\"https:\/\/letslearnenglish.com\/wp-content\/uploads\/2020\/03\/kae.png\" class=\"attachment-medium\" alt=\"\" title=\"kae\" \/><img loading=\"lazy\" decoding=\"async\" width=\"300\" height=\"122\" src=\"https:\/\/letslearnenglish.com\/wp-content\/uploads\/2020\/03\/park.png\" class=\"attachment-medium\" alt=\"\" title=\"park\" \/><img loading=\"lazy\" decoding=\"async\" width=\"220\" height=\"125\" src=\"https:\/\/letslearnenglish.com\/wp-content\/uploads\/2020\/03\/stgiles.png\" class=\"attachment-medium\" alt=\"\" title=\"stgiles\" \/><img loading=\"lazy\" decoding=\"async\" width=\"175\" height=\"175\" src=\"https:\/\/letslearnenglish.com\/wp-content\/uploads\/2020\/03\/stpauls.png\" class=\"attachment-medium\" alt=\"\" title=\"stpauls\" \/><img loading=\"lazy\" decoding=\"async\" width=\"255\" height=\"100\" src=\"https:\/\/letslearnenglish.com\/wp-content\/uploads\/2020\/03\/ukec.png\" class=\"attachment-medium\" alt=\"\" title=\"ukec\" \/>                <\/div>\n            <\/div>\n            <\/div><\/div><\/div><\/div><\/div>\n<\/div>","protected":false},"excerpt":{"rendered":"LET'S LEARN ENGLISH IS AN IDEAL TOOL FOR BUSINESS Teachers with individual students can use our extensive library of materials in face-to-face or VOIP\/Skype classes; teachers in school can assign homework or supplementary materials for their business students. NEEDS ANALYSIS We all know that business English students often have highly specialised requirements, and that preparing [...]","protected":false},"author":1,"featured_media":0,"parent":4890,"menu_order":0,"comment_status":"closed","ping_status":"closed","template":"","meta":{"_jet_sm_ready_style":"","_jet_sm_style":"","_jet_sm_controls_values":"","_jet_sm_fonts_collection":"","_jet_sm_fonts_links":"","footnotes":""},"class_list":["post-4919","page","type-page","status-publish","hentry"],"yoast_head":"<!-- This site is optimized with the Yoast SEO plugin v26.3 - https:\/\/yoast.com\/wordpress\/plugins\/seo\/ -->\n<title>Business Let&#039;s Learn English<\/title>\n<meta name=\"description\" content=\"Elevate your business to new heights with Let&#039;s Learn English&#039;s specialized Business Services. We provide tailored language training and...\" \/>\n<meta name=\"robots\" content=\"index, follow, max-snippet:-1, max-image-preview:large, max-video-preview:-1\" \/>\n<link rel=\"canonical\" href=\"https:\/\/letslearnenglish.com\/lv\/services\/business\/\" \/>\n<meta property=\"og:locale\" content=\"lv_LV\" \/>\n<meta property=\"og:type\" content=\"article\" \/>\n<meta property=\"og:title\" content=\"Business Let&#039;s Learn English\" \/>\n<meta property=\"og:description\" content=\"Elevate your business to new heights with Let&#039;s Learn English&#039;s specialized Business Services. We provide tailored language training and...\" \/>\n<meta property=\"og:url\" content=\"https:\/\/letslearnenglish.com\/lv\/services\/business\/\" \/>\n<meta property=\"og:site_name\" content=\"Let&#039;s Learn English\" \/>\n<meta property=\"article:publisher\" content=\"https:\/\/www.facebook.com\/letslearnenglishcom\/\" \/>\n<meta property=\"article:modified_time\" content=\"2023-07-17T10:38:17+00:00\" \/>\n<meta name=\"twitter:card\" content=\"summary_large_image\" \/>\n<meta name=\"twitter:site\" content=\"@LLEgold\" \/>\n<meta name=\"twitter:label1\" content=\"Est. reading time\" \/>\n\t<meta name=\"twitter:data1\" content=\"2 min\u016btes\" \/>\n<script type=\"application\/ld+json\" class=\"yoast-schema-graph\">{\"@context\":\"https:\/\/schema.org\",\"@graph\":[{\"@type\":\"WebPage\",\"@id\":\"https:\/\/letslearnenglish.com\/services\/business\/\",\"url\":\"https:\/\/letslearnenglish.com\/services\/business\/\",\"name\":\"Business Let&#039;s Learn English\",\"isPartOf\":{\"@id\":\"https:\/\/letslearnenglish.com\/#website\"},\"datePublished\":\"2017-06-26T10:48:59+00:00\",\"dateModified\":\"2023-07-17T10:38:17+00:00\",\"description\":\"Elevate your business to new heights with Let's Learn English's specialized Business Services. We provide tailored language training and...\",\"breadcrumb\":{\"@id\":\"https:\/\/letslearnenglish.com\/services\/business\/#breadcrumb\"},\"inLanguage\":\"lv-LV\",\"potentialAction\":[{\"@type\":\"ReadAction\",\"target\":[\"https:\/\/letslearnenglish.com\/services\/business\/\"]}]},{\"@type\":\"BreadcrumbList\",\"@id\":\"https:\/\/letslearnenglish.com\/services\/business\/#breadcrumb\",\"itemListElement\":[{\"@type\":\"ListItem\",\"position\":1,\"name\":\"Home\",\"item\":\"https:\/\/letslearnenglish.com\/\"},{\"@type\":\"ListItem\",\"position\":2,\"name\":\"Services\",\"item\":\"https:\/\/letslearnenglish.com\/services\/\"},{\"@type\":\"ListItem\",\"position\":3,\"name\":\"Business\"}]},{\"@type\":\"WebSite\",\"@id\":\"https:\/\/letslearnenglish.com\/#website\",\"url\":\"https:\/\/letslearnenglish.com\/\",\"name\":\"Let's Learn English\",\"description\":\"e-Learning platform with the largest database of material ready built in.\",\"publisher\":{\"@id\":\"https:\/\/letslearnenglish.com\/#organization\"},\"potentialAction\":[{\"@type\":\"SearchAction\",\"target\":{\"@type\":\"EntryPoint\",\"urlTemplate\":\"https:\/\/letslearnenglish.com\/?s={search_term_string}\"},\"query-input\":{\"@type\":\"PropertyValueSpecification\",\"valueRequired\":true,\"valueName\":\"search_term_string\"}}],\"inLanguage\":\"lv-LV\"},{\"@type\":\"Organization\",\"@id\":\"https:\/\/letslearnenglish.com\/#organization\",\"name\":\"Let's Learn English\",\"url\":\"https:\/\/letslearnenglish.com\/\",\"logo\":{\"@type\":\"ImageObject\",\"inLanguage\":\"lv-LV\",\"@id\":\"https:\/\/letslearnenglish.com\/#\/schema\/logo\/image\/\",\"url\":\"https:\/\/letslearnenglish.com\/wp-content\/uploads\/2017\/06\/newlogo.png\",\"contentUrl\":\"https:\/\/letslearnenglish.com\/wp-content\/uploads\/2017\/06\/newlogo.png\",\"width\":230,\"height\":110,\"caption\":\"Let's Learn English\"},\"image\":{\"@id\":\"https:\/\/letslearnenglish.com\/#\/schema\/logo\/image\/\"},\"sameAs\":[\"https:\/\/www.facebook.com\/letslearnenglishcom\/\",\"https:\/\/x.com\/LLEgold\",\"https:\/\/pinterest.com\/LLEgold\/\",\"https:\/\/www.youtube.com\/channel\/UCFQB7KnGf5tG82qHssJQQLw\"]}]}<\/script>\n<!-- \/ Yoast SEO plugin. -->","yoast_head_json":{"title":"Business Let&#039;s Learn English","description":"Elevate your business to new heights with Let's Learn English's specialized Business Services. We provide tailored language training and...","robots":{"index":"index","follow":"follow","max-snippet":"max-snippet:-1","max-image-preview":"max-image-preview:large","max-video-preview":"max-video-preview:-1"},"canonical":"https:\/\/letslearnenglish.com\/lv\/services\/business\/","og_locale":"lv_LV","og_type":"article","og_title":"Business Let&#039;s Learn English","og_description":"Elevate your business to new heights with Let's Learn English's specialized Business Services. We provide tailored language training and...","og_url":"https:\/\/letslearnenglish.com\/lv\/services\/business\/","og_site_name":"Let&#039;s Learn English","article_publisher":"https:\/\/www.facebook.com\/letslearnenglishcom\/","article_modified_time":"2023-07-17T10:38:17+00:00","twitter_card":"summary_large_image","twitter_site":"@LLEgold","twitter_misc":{"Est. reading time":"2 min\u016btes"},"schema":{"@context":"https:\/\/schema.org","@graph":[{"@type":"WebPage","@id":"https:\/\/letslearnenglish.com\/services\/business\/","url":"https:\/\/letslearnenglish.com\/services\/business\/","name":"Business Let&#039;s Learn English","isPartOf":{"@id":"https:\/\/letslearnenglish.com\/#website"},"datePublished":"2017-06-26T10:48:59+00:00","dateModified":"2023-07-17T10:38:17+00:00","description":"Elevate your business to new heights with Let's Learn English's specialized Business Services. We provide tailored language training and...","breadcrumb":{"@id":"https:\/\/letslearnenglish.com\/services\/business\/#breadcrumb"},"inLanguage":"lv-LV","potentialAction":[{"@type":"ReadAction","target":["https:\/\/letslearnenglish.com\/services\/business\/"]}]},{"@type":"BreadcrumbList","@id":"https:\/\/letslearnenglish.com\/services\/business\/#breadcrumb","itemListElement":[{"@type":"ListItem","position":1,"name":"Home","item":"https:\/\/letslearnenglish.com\/"},{"@type":"ListItem","position":2,"name":"Services","item":"https:\/\/letslearnenglish.com\/services\/"},{"@type":"ListItem","position":3,"name":"Business"}]},{"@type":"WebSite","@id":"https:\/\/letslearnenglish.com\/#website","url":"https:\/\/letslearnenglish.com\/","name":"Let's Learn English","description":"e-Learning platform with the largest database of material ready built in.","publisher":{"@id":"https:\/\/letslearnenglish.com\/#organization"},"potentialAction":[{"@type":"SearchAction","target":{"@type":"EntryPoint","urlTemplate":"https:\/\/letslearnenglish.com\/?s={search_term_string}"},"query-input":{"@type":"PropertyValueSpecification","valueRequired":true,"valueName":"search_term_string"}}],"inLanguage":"lv-LV"},{"@type":"Organization","@id":"https:\/\/letslearnenglish.com\/#organization","name":"Let's Learn English","url":"https:\/\/letslearnenglish.com\/","logo":{"@type":"ImageObject","inLanguage":"lv-LV","@id":"https:\/\/letslearnenglish.com\/#\/schema\/logo\/image\/","url":"https:\/\/letslearnenglish.com\/wp-content\/uploads\/2017\/06\/newlogo.png","contentUrl":"https:\/\/letslearnenglish.com\/wp-content\/uploads\/2017\/06\/newlogo.png","width":230,"height":110,"caption":"Let's Learn English"},"image":{"@id":"https:\/\/letslearnenglish.com\/#\/schema\/logo\/image\/"},"sameAs":["https:\/\/www.facebook.com\/letslearnenglishcom\/","https:\/\/x.com\/LLEgold","https:\/\/pinterest.com\/LLEgold\/","https:\/\/www.youtube.com\/channel\/UCFQB7KnGf5tG82qHssJQQLw"]}]}},"_links":{"self":[{"href":"https:\/\/letslearnenglish.com\/lv\/wp-json\/wp\/v2\/pages\/4919","targetHints":{"allow":["GET"]}}],"collection":[{"href":"https:\/\/letslearnenglish.com\/lv\/wp-json\/wp\/v2\/pages"}],"about":[{"href":"https:\/\/letslearnenglish.com\/lv\/wp-json\/wp\/v2\/types\/page"}],"author":[{"embeddable":true,"href":"https:\/\/letslearnenglish.com\/lv\/wp-json\/wp\/v2\/users\/1"}],"replies":[{"embeddable":true,"href":"https:\/\/letslearnenglish.com\/lv\/wp-json\/wp\/v2\/comments?post=4919"}],"version-history":[{"count":1,"href":"https:\/\/letslearnenglish.com\/lv\/wp-json\/wp\/v2\/pages\/4919\/revisions"}],"predecessor-version":[{"id":9548,"href":"https:\/\/letslearnenglish.com\/lv\/wp-json\/wp\/v2\/pages\/4919\/revisions\/9548"}],"up":[{"embeddable":true,"href":"https:\/\/letslearnenglish.com\/lv\/wp-json\/wp\/v2\/pages\/4890"}],"wp:attachment":[{"href":"https:\/\/letslearnenglish.com\/lv\/wp-json\/wp\/v2\/media?parent=4919"}],"curies":[{"name":"wp","href":"https:\/\/api.w.org\/{rel}","templated":true}]}}