{"id":4890,"date":"2017-06-20T10:53:36","date_gmt":"2017-06-20T09:53:36","guid":{"rendered":"http:\/\/www.nadinka.webd.pl\/letslearnenglish\/?page_id=4890"},"modified":"2023-07-14T16:17:56","modified_gmt":"2023-07-14T15:17:56","slug":"services","status":"publish","type":"page","link":"https:\/\/letslearnenglish.com\/lv\/services\/","title":{"rendered":"Pakalpojumi"},"content":{"rendered":"<div class=\"wpb-content-wrapper\"><div class=\"container\" ><div class=\"vc_row wpb_row vc_row-fluid margin-bottom-120\"><div class=\"sm-margin-bottom-30 wpb_column vc_column_container vc_col-sm-4\"><div class=\"vc_column-inner\"><div class=\"wpb_wrapper\">            <div class=\"heading color-dark size-md text-left margin-bottom-50 wpb_animate_when_almost_visible g5plus-css-animation wpb_fadeInUp\" >\n                                <div class=\"line-double\">\n                                                        <h2>\n                        WE OFFER A WIDE RANGE OF SERVICES FOR INDIVIDUAL USERS AND INSTITUTIONS                    <\/h2>\n                                        <span>\n                        Our services cover a range of materials aimed at students, teachers, schools and business                    <\/span>\n                                    <\/div>\n                            <\/div>\n            <\/div><\/div><\/div><div class=\"wpb_column vc_column_container vc_col-sm-4\"><div class=\"vc_column-inner\"><div class=\"wpb_wrapper\">\t\t\t<div class=\"iconbox default  text-center color-dark\" >\n                <div class=\"icon-box-shape\">\n                    <a title=\"\" target=\"_self\" href=\"http:\/\/sales.etestify.com\/services\/students\/\">\n                                                        <i class=\"micon icon-185082-man-people-streamline-user\"><\/i>\n                                                <\/a>\n                <\/div>\n                                    <h3><a title=\"\" target=\"_self\" href=\"http:\/\/sales.etestify.com\/services\/students\/\">STUDENTI<\/a><\/h3>\n                                <p>M\u0101cieties sav\u0101 temp\u0101 un sav\u0101 l\u012bmen\u012b. Veiciet l\u012bme\u0146a testu un p\u0113c tam izv\u0113lieties k\u0101du no m\u016bsu pla\u0161\u0101 kursu kl\u0101sta, lai uzlabotu visp\u0101r\u0113jo ang\u013cu valodas prasmi, vai pal\u012bdziet sagatavoties ang\u013cu valodas eks\u0101menam, izmantojot m\u016bsu ekspertu sagatavo\u0161anas kursus.<\/p>\n                \t\t\t<\/div>\n            <div class=\"vc_empty_space\"   style=\"height: 32px\"><span class=\"vc_empty_space_inner\"><\/span><\/div>\t\t\t<div class=\"iconbox default  text-center color-dark\" >\n                <div class=\"icon-box-shape\">\n                    <a title=\"\" target=\"_self\" href=\"http:\/\/sales.etestify.com\/services\/schools\/\">\n                                                        <i class=\"micon icon-tools\"><\/i>\n                                                <\/a>\n                <\/div>\n                                    <h3><a title=\"\" target=\"_self\" href=\"http:\/\/sales.etestify.com\/services\/schools\/\">SCHOOLS<\/a><\/h3>\n                                <p>Atk\u0101rtojiet savas fizisk\u0101s klases ar m\u016bsu tie\u0161saistes skolu, ievietojot skol\u0113nus klas\u0113 kop\u0101 ar vi\u0146u skolot\u0101ju. Administr\u0113jiet savu skolu, izmantojot m\u016bsu \u0101tros un vienk\u0101r\u0161os r\u012bkus. P\u0101rz\u012bm\u0113jiet vietni, lai t\u0101 izskat\u012btos k\u0101 j\u016bsu skolas platforma.<\/p>\n                \t\t\t<\/div>\n            <\/div><\/div><\/div><div class=\"wpb_column vc_column_container vc_col-sm-4\"><div class=\"vc_column-inner\"><div class=\"wpb_wrapper\">\t\t\t<div class=\"iconbox default  text-center color-dark\" >\n                <div class=\"icon-box-shape\">\n                    <a title=\"\" target=\"_self\" href=\"http:\/\/sales.etestify.com\/services\/teachers\/\">\n                                                        <i class=\"micon icon-185081-speech-streamline-talk-user\"><\/i>\n                                                <\/a>\n                <\/div>\n                                    <h3><a title=\"\" target=\"_self\" href=\"http:\/\/sales.etestify.com\/services\/teachers\/\">TEACHERS<\/a><\/h3>\n                                <p>Izmantojot m\u016bsu unik\u0101lo materi\u0101lu datub\u0101zi, kas sasaist\u012bta ar m\u0101c\u012bbu gr\u0101matu, da\u017eu sekun\u017eu laik\u0101 atrodiet skol\u0113niem piem\u0113rotu tie\u0161saistes darbu un p\u0113c tam p\u0101rbaudiet vi\u0146u progresu, izmantojot m\u016bsu administr\u0101cijas centru. Izveidojiet savus digit\u0101los materi\u0101lus, izmantojot m\u016bsu autoriz\u0101cijas r\u012bkus.<\/p>\n                \t\t\t<\/div>\n            <div class=\"vc_empty_space\"   style=\"height: 32px\"><span class=\"vc_empty_space_inner\"><\/span><\/div>\t\t\t<div class=\"iconbox default  text-center color-dark\" >\n                <div class=\"icon-box-shape\">\n                    <a title=\"\" target=\"_self\" href=\"http:\/\/sales.etestify.com\/services\/business\/\">\n                                                        <i class=\"micon icon-toolbox\"><\/i>\n                                                <\/a>\n                <\/div>\n                                    <h3><a title=\"\" target=\"_self\" href=\"http:\/\/sales.etestify.com\/services\/business\/\">BUSINESS<\/a><\/h3>\n                                <p>Izmantojiet m\u016bsu biznesa ang\u013cu valodas ekspertu sagatavotos kursus, lai uzlabotu savu darbinieku ang\u013cu valodas l\u012bmeni. Pal\u016bdziet mums izveidot j\u016bsu darbiniekiem piel\u0101gotus kursus.<\/p>\n                \t\t\t<\/div>\n            <\/div><\/div><\/div><\/div><\/div><div class=\"fullwidth\" ><div class=\"vc_row wpb_row vc_row-fluid vc_custom_1498475147716\"><div class=\"wpb_column vc_column_container vc_col-sm-12\"><div class=\"vc_column-inner\"><div class=\"wpb_wrapper\">            <div class=\"heading color-dark size-md text-center margin-bottom-75\" >\n                                <div class=\"line-double\">\n                                                        <h2>\n                        CLIENT LIST                    <\/h2>\n                                    <\/div>\n                                <p>\n                    Here are some of the 350 schools that work with us.                <\/p>\n                            <\/div>\n                        <div class=\"partner-carousel style1 opacity80\" >\n                <div class=\"owl-g5plus-shortcode owl-carousel\"\n                     data-plugin-options='{&quot;loop&quot;:true,&quot;center&quot;:false,&quot;nav&quot;:false,&quot;dots&quot;:false,&quot;autoplay&quot;:true,&quot;autoplayHoverPause&quot;:false,&quot;autoplayTimeout&quot;:5000,&quot;margin&quot;:0,&quot;items&quot;:4,&quot;responsive&quot;:{&quot;0&quot;:{&quot;items&quot;:1},&quot;600&quot;:{&quot;items&quot;:2},&quot;768&quot;:{&quot;items&quot;:3},&quot;980&quot;:{&quot;items&quot;:5},&quot;1200&quot;:{&quot;items&quot;:5}}}'>\n                    <img decoding=\"async\" width=\"220\" height=\"125\" src=\"https:\/\/letslearnenglish.com\/wp-content\/uploads\/2020\/03\/stgiles.png\" class=\"attachment-medium\" alt=\"\" title=\"stgiles\" \/><img decoding=\"async\" width=\"178\" height=\"89\" src=\"https:\/\/letslearnenglish.com\/wp-content\/uploads\/2020\/03\/beet.png\" class=\"attachment-medium\" alt=\"\" title=\"beet\" \/><img decoding=\"async\" width=\"229\" height=\"163\" src=\"https:\/\/letslearnenglish.com\/wp-content\/uploads\/2020\/03\/kae.png\" class=\"attachment-medium\" alt=\"\" title=\"kae\" \/><img loading=\"lazy\" decoding=\"async\" width=\"300\" height=\"162\" src=\"https:\/\/letslearnenglish.com\/wp-content\/uploads\/2020\/03\/lse.jpg\" class=\"attachment-medium\" alt=\"\" title=\"lse\" \/><img loading=\"lazy\" decoding=\"async\" width=\"300\" height=\"100\" src=\"https:\/\/letslearnenglish.com\/wp-content\/uploads\/2020\/03\/ih1.png\" class=\"attachment-medium\" alt=\"\" title=\"ih1\" \/>                <\/div>\n            <\/div>\n            <\/div><\/div><\/div><\/div><\/div>\n<\/div>","protected":false},"excerpt":{"rendered":"WE OFFER A WIDE RANGE OF SERVICES FOR INDIVIDUAL USERS AND INSTITUTIONS Our services cover a range of materials aimed at students, teachers, schools and business STUDENTS Study at your own pace, at your own level. Take a level test and then choose from our wide range of courses to improve your general English, or [...]","protected":false},"author":1,"featured_media":0,"parent":0,"menu_order":0,"comment_status":"closed","ping_status":"closed","template":"","meta":{"_jet_sm_ready_style":"","_jet_sm_style":"","_jet_sm_controls_values":"","_jet_sm_fonts_collection":"","_jet_sm_fonts_links":"","footnotes":""},"class_list":["post-4890","page","type-page","status-publish","hentry"],"yoast_head":"<!-- This site is optimized with the Yoast SEO plugin v26.3 - https:\/\/yoast.com\/wordpress\/plugins\/seo\/ -->\n<title>Services<\/title>\n<meta name=\"description\" content=\"Discover a wide range of exceptional language learning services on Let&#039;s Learn English&#039;s dedicated Services page. From personalized...\" \/>\n<meta name=\"robots\" content=\"index, follow, max-snippet:-1, max-image-preview:large, max-video-preview:-1\" \/>\n<link rel=\"canonical\" href=\"https:\/\/letslearnenglish.com\/lv\/services\/\" \/>\n<meta property=\"og:locale\" content=\"lv_LV\" \/>\n<meta property=\"og:type\" content=\"article\" \/>\n<meta property=\"og:title\" content=\"Services\" \/>\n<meta property=\"og:description\" content=\"Discover a wide range of exceptional language learning services on Let&#039;s Learn English&#039;s dedicated Services page. From personalized...\" \/>\n<meta property=\"og:url\" content=\"https:\/\/letslearnenglish.com\/lv\/services\/\" \/>\n<meta property=\"og:site_name\" content=\"Let&#039;s Learn English\" \/>\n<meta property=\"article:publisher\" content=\"https:\/\/www.facebook.com\/letslearnenglishcom\/\" \/>\n<meta property=\"article:modified_time\" content=\"2023-07-14T15:17:56+00:00\" \/>\n<meta name=\"twitter:card\" content=\"summary_large_image\" \/>\n<meta name=\"twitter:site\" content=\"@LLEgold\" \/>\n<meta name=\"twitter:label1\" content=\"Est. reading time\" \/>\n\t<meta name=\"twitter:data1\" content=\"1 min\u016bte\" \/>\n<script type=\"application\/ld+json\" class=\"yoast-schema-graph\">{\"@context\":\"https:\/\/schema.org\",\"@graph\":[{\"@type\":\"WebPage\",\"@id\":\"https:\/\/letslearnenglish.com\/services\/\",\"url\":\"https:\/\/letslearnenglish.com\/services\/\",\"name\":\"Services\",\"isPartOf\":{\"@id\":\"https:\/\/letslearnenglish.com\/#website\"},\"datePublished\":\"2017-06-20T09:53:36+00:00\",\"dateModified\":\"2023-07-14T15:17:56+00:00\",\"description\":\"Discover a wide range of exceptional language learning services on Let's Learn English's dedicated Services page. From personalized...\",\"breadcrumb\":{\"@id\":\"https:\/\/letslearnenglish.com\/services\/#breadcrumb\"},\"inLanguage\":\"lv-LV\",\"potentialAction\":[{\"@type\":\"ReadAction\",\"target\":[\"https:\/\/letslearnenglish.com\/services\/\"]}]},{\"@type\":\"BreadcrumbList\",\"@id\":\"https:\/\/letslearnenglish.com\/services\/#breadcrumb\",\"itemListElement\":[{\"@type\":\"ListItem\",\"position\":1,\"name\":\"Home\",\"item\":\"https:\/\/letslearnenglish.com\/\"},{\"@type\":\"ListItem\",\"position\":2,\"name\":\"Services\"}]},{\"@type\":\"WebSite\",\"@id\":\"https:\/\/letslearnenglish.com\/#website\",\"url\":\"https:\/\/letslearnenglish.com\/\",\"name\":\"Let's Learn English\",\"description\":\"e-Learning platform with the largest database of material ready built in.\",\"publisher\":{\"@id\":\"https:\/\/letslearnenglish.com\/#organization\"},\"potentialAction\":[{\"@type\":\"SearchAction\",\"target\":{\"@type\":\"EntryPoint\",\"urlTemplate\":\"https:\/\/letslearnenglish.com\/?s={search_term_string}\"},\"query-input\":{\"@type\":\"PropertyValueSpecification\",\"valueRequired\":true,\"valueName\":\"search_term_string\"}}],\"inLanguage\":\"lv-LV\"},{\"@type\":\"Organization\",\"@id\":\"https:\/\/letslearnenglish.com\/#organization\",\"name\":\"Let's Learn English\",\"url\":\"https:\/\/letslearnenglish.com\/\",\"logo\":{\"@type\":\"ImageObject\",\"inLanguage\":\"lv-LV\",\"@id\":\"https:\/\/letslearnenglish.com\/#\/schema\/logo\/image\/\",\"url\":\"https:\/\/letslearnenglish.com\/wp-content\/uploads\/2017\/06\/newlogo.png\",\"contentUrl\":\"https:\/\/letslearnenglish.com\/wp-content\/uploads\/2017\/06\/newlogo.png\",\"width\":230,\"height\":110,\"caption\":\"Let's Learn English\"},\"image\":{\"@id\":\"https:\/\/letslearnenglish.com\/#\/schema\/logo\/image\/\"},\"sameAs\":[\"https:\/\/www.facebook.com\/letslearnenglishcom\/\",\"https:\/\/x.com\/LLEgold\",\"https:\/\/pinterest.com\/LLEgold\/\",\"https:\/\/www.youtube.com\/channel\/UCFQB7KnGf5tG82qHssJQQLw\"]}]}<\/script>\n<!-- \/ Yoast SEO plugin. -->","yoast_head_json":{"title":"Pakalpojumi","description":"Discover a wide range of exceptional language learning services on Let's Learn English's dedicated Services page. From personalized...","robots":{"index":"index","follow":"follow","max-snippet":"max-snippet:-1","max-image-preview":"max-image-preview:large","max-video-preview":"max-video-preview:-1"},"canonical":"https:\/\/letslearnenglish.com\/lv\/services\/","og_locale":"lv_LV","og_type":"article","og_title":"Services","og_description":"Discover a wide range of exceptional language learning services on Let's Learn English's dedicated Services page. From personalized...","og_url":"https:\/\/letslearnenglish.com\/lv\/services\/","og_site_name":"Let&#039;s Learn English","article_publisher":"https:\/\/www.facebook.com\/letslearnenglishcom\/","article_modified_time":"2023-07-14T15:17:56+00:00","twitter_card":"summary_large_image","twitter_site":"@LLEgold","twitter_misc":{"Est. reading time":"1 min\u016bte"},"schema":{"@context":"https:\/\/schema.org","@graph":[{"@type":"WebPage","@id":"https:\/\/letslearnenglish.com\/services\/","url":"https:\/\/letslearnenglish.com\/services\/","name":"Pakalpojumi","isPartOf":{"@id":"https:\/\/letslearnenglish.com\/#website"},"datePublished":"2017-06-20T09:53:36+00:00","dateModified":"2023-07-14T15:17:56+00:00","description":"Discover a wide range of exceptional language learning services on Let's Learn English's dedicated Services page. From personalized...","breadcrumb":{"@id":"https:\/\/letslearnenglish.com\/services\/#breadcrumb"},"inLanguage":"lv-LV","potentialAction":[{"@type":"ReadAction","target":["https:\/\/letslearnenglish.com\/services\/"]}]},{"@type":"BreadcrumbList","@id":"https:\/\/letslearnenglish.com\/services\/#breadcrumb","itemListElement":[{"@type":"ListItem","position":1,"name":"Home","item":"https:\/\/letslearnenglish.com\/"},{"@type":"ListItem","position":2,"name":"Services"}]},{"@type":"WebSite","@id":"https:\/\/letslearnenglish.com\/#website","url":"https:\/\/letslearnenglish.com\/","name":"Let's Learn English","description":"e-Learning platform with the largest database of material ready built in.","publisher":{"@id":"https:\/\/letslearnenglish.com\/#organization"},"potentialAction":[{"@type":"SearchAction","target":{"@type":"EntryPoint","urlTemplate":"https:\/\/letslearnenglish.com\/?s={search_term_string}"},"query-input":{"@type":"PropertyValueSpecification","valueRequired":true,"valueName":"search_term_string"}}],"inLanguage":"lv-LV"},{"@type":"Organization","@id":"https:\/\/letslearnenglish.com\/#organization","name":"Let's Learn English","url":"https:\/\/letslearnenglish.com\/","logo":{"@type":"ImageObject","inLanguage":"lv-LV","@id":"https:\/\/letslearnenglish.com\/#\/schema\/logo\/image\/","url":"https:\/\/letslearnenglish.com\/wp-content\/uploads\/2017\/06\/newlogo.png","contentUrl":"https:\/\/letslearnenglish.com\/wp-content\/uploads\/2017\/06\/newlogo.png","width":230,"height":110,"caption":"Let's Learn English"},"image":{"@id":"https:\/\/letslearnenglish.com\/#\/schema\/logo\/image\/"},"sameAs":["https:\/\/www.facebook.com\/letslearnenglishcom\/","https:\/\/x.com\/LLEgold","https:\/\/pinterest.com\/LLEgold\/","https:\/\/www.youtube.com\/channel\/UCFQB7KnGf5tG82qHssJQQLw"]}]}},"_links":{"self":[{"href":"https:\/\/letslearnenglish.com\/lv\/wp-json\/wp\/v2\/pages\/4890","targetHints":{"allow":["GET"]}}],"collection":[{"href":"https:\/\/letslearnenglish.com\/lv\/wp-json\/wp\/v2\/pages"}],"about":[{"href":"https:\/\/letslearnenglish.com\/lv\/wp-json\/wp\/v2\/types\/page"}],"author":[{"embeddable":true,"href":"https:\/\/letslearnenglish.com\/lv\/wp-json\/wp\/v2\/users\/1"}],"replies":[{"embeddable":true,"href":"https:\/\/letslearnenglish.com\/lv\/wp-json\/wp\/v2\/comments?post=4890"}],"version-history":[{"count":1,"href":"https:\/\/letslearnenglish.com\/lv\/wp-json\/wp\/v2\/pages\/4890\/revisions"}],"predecessor-version":[{"id":9246,"href":"https:\/\/letslearnenglish.com\/lv\/wp-json\/wp\/v2\/pages\/4890\/revisions\/9246"}],"wp:attachment":[{"href":"https:\/\/letslearnenglish.com\/lv\/wp-json\/wp\/v2\/media?parent=4890"}],"curies":[{"name":"wp","href":"https:\/\/api.w.org\/{rel}","templated":true}]}}