{"id":15460,"date":"2024-09-11T15:55:57","date_gmt":"2024-09-11T14:55:57","guid":{"rendered":"https:\/\/letslearnenglish.com\/?page_id=15460"},"modified":"2024-09-30T11:08:27","modified_gmt":"2024-09-30T10:08:27","slug":"complete-53","status":"publish","type":"page","link":"https:\/\/letslearnenglish.com\/lv\/services\/course-outlines\/complete-53\/","title":{"rendered":"Complete 53"},"content":{"rendered":"<div data-elementor-type=\"wp-page\" data-elementor-id=\"15460\" class=\"elementor elementor-15460\" data-elementor-post-type=\"page\">\n\t\t\t\t<div class=\"elementor-element elementor-element-2d5b97b8 e-flex e-con-boxed e-con e-parent\" data-id=\"2d5b97b8\" data-element_type=\"container\" data-settings=\"{&quot;jet_parallax_layout_list&quot;:[]}\">\n\t\t\t\t\t<div class=\"e-con-inner\">\n\t\t\t\t<div class=\"elementor-element elementor-element-79f6d0b9 elementor-widget elementor-widget-text-editor\" data-id=\"79f6d0b9\" data-element_type=\"widget\" data-widget_type=\"text-editor.default\">\n\t\t\t\t<div class=\"elementor-widget-container\">\n\t\t\t\t\t\t\t\t\t<h3>Introduction<\/h3><p>Complete English Level 53: Technology is an online course, consisting of 15 units of English, and providing approximately 15 hours of study for students.<\/p><h3>Course aims<\/h3><ul><li>As part of a series of short courses, this course, along with levels 07 &#8211; 30, aims to take students from CEFR Level B1 Intermediate to CEFR Level B2 Upper Intermediate.<\/li><li>The course blends grammatical structures necessary for this level, with vocabulary, spelling, reading, listening, writing, and speaking.<\/li><\/ul><h3>Gramatika<\/h3><ul><li>By the end of the course, students will be able to confidently use relative clauses and their correct relative pronouns, and also adverbs like <em>still<\/em>, <em>yet<\/em>, and <em>already<\/em>.<\/li><\/ul><h3>V\u0101rdn\u012bca<\/h3><ul><li>By the end of the course, students will have learned approximately 50 lexical items in the form of simple lexical sets.<\/li><\/ul><h3>Unit Summary<\/h3><div class=\"module-table-group\"><h4>Unit 1<\/h4><ul><li><strong>Gramatika<\/strong>: Relative pronouns and clauses<\/li><\/ul><p>\u00a0<\/p><\/div><div class=\"module-table-group\"><h4>Unit 2<\/h4><ul><li><strong>V\u0101rdn\u012bca<\/strong>: Suffixes in adjectives<\/li><\/ul><p>\u00a0<\/p><\/div><div class=\"module-table-group\"><h4>Unit 3<\/h4><ul><li><strong>Las\u012b\u0161ana<\/strong>: You\u2019re lying!<\/li><\/ul><p>\u00a0<\/p><\/div><div class=\"module-table-group\"><h4>Unit 4<\/h4><ul><li><strong>Klaus\u012b\u0161an\u0101s<\/strong>: How does it work?<\/li><\/ul><p>\u00a0<\/p><\/div><div class=\"module-table-group\"><h4>Unit 5<\/h4><ul><li><strong>Run\u0101jot<\/strong>: Ranking: technology<\/li><\/ul><p>\u00a0<\/p><\/div><div class=\"module-table-group\"><h4>Unit 6<\/h4><ul><li><strong>Gramatika<\/strong>: Still, Yet, and Already<\/li><\/ul><p>\u00a0<\/p><\/div><div class=\"module-table-group\"><h4>Unit 7<\/h4><ul><li><strong>V\u0101rdn\u012bca<\/strong>: Sports<\/li><\/ul><p>\u00a0<\/p><\/div><div class=\"module-table-group\"><h4>Unit 8<\/h4><ul><li><strong>Las\u012b\u0161ana<\/strong>: Who invented the internet?<\/li><\/ul><p>\u00a0<\/p><\/div><div class=\"module-table-group\"><h4>Unit 9<\/h4><ul><li><strong>Klaus\u012b\u0161an\u0101s<\/strong>: The future of cinema<\/li><\/ul><p>\u00a0<\/p><\/div><div class=\"module-table-group\"><h4>Unit 10<\/h4><ul><li><strong>V\u0101rdn\u012bca<\/strong>: Wordbuilding<\/li><\/ul><p>\u00a0<\/p><\/div><div class=\"module-table-group\"><h4>Unit 11<\/h4><ul><li><strong>Rakst\u012b\u0161ana<\/strong>: My life online<\/li><\/ul><p>\u00a0<\/p><\/div><div class=\"module-table-group\"><h4>Unit 12<\/h4><ul><li><strong>Spelling<\/strong>: Spelling test<\/li><\/ul><p>\u00a0<\/p><\/div><div class=\"module-table-group\"><h4>Unit 13<\/h4><ul><li><strong>Pronunciation<\/strong>: Pressure and Treasure + connected speech<\/li><\/ul><p>\u00a0<\/p><\/div><div class=\"module-table-group\"><h4>Unit 14<\/h4><ul><li><strong>Revision<\/strong>: Revision of course content<\/li><\/ul><p>\u00a0<\/p><\/div><h3>Follow-up<\/h3><p>Students completing the Complete English Level 53 course should move on to Complete English Level 54.<\/p>\t\t\t\t\t\t\t\t<\/div>\n\t\t\t\t<\/div>\n\t\t\t\t\t<\/div>\n\t\t\t\t<\/div>\n\t\t\t\t<\/div>","protected":false},"excerpt":{"rendered":"<p>Introduction Complete English Level 53: Technology is an online course, consisting of 15 units of English, and providing approximately 15 hours of study for students. Course aims As part of a series of short courses, this course, along with levels 07 &#8211; 30, aims to take students from CEFR Level B1 Intermediate to CEFR Level [&hellip;]<\/p>","protected":false},"author":5,"featured_media":0,"parent":14791,"menu_order":0,"comment_status":"closed","ping_status":"closed","template":"","meta":{"_jet_sm_ready_style":"","_jet_sm_style":"","_jet_sm_controls_values":"","_jet_sm_fonts_collection":"","_jet_sm_fonts_links":"","footnotes":""},"class_list":["post-15460","page","type-page","status-publish","hentry"],"yoast_head":"<!-- This site is optimized with the Yoast SEO plugin v26.3 - https:\/\/yoast.com\/wordpress\/plugins\/seo\/ -->\n<title>Complete 53<\/title>\n<meta name=\"robots\" content=\"index, follow, max-snippet:-1, max-image-preview:large, max-video-preview:-1\" \/>\n<link rel=\"canonical\" href=\"https:\/\/letslearnenglish.com\/lv\/services\/course-outlines\/complete-53\/\" \/>\n<meta property=\"og:locale\" content=\"lv_LV\" \/>\n<meta property=\"og:type\" content=\"article\" \/>\n<meta property=\"og:title\" content=\"Complete 53\" \/>\n<meta property=\"og:description\" content=\"Introduction Complete English Level 53: Technology is an online course, consisting of 15 units of English, and providing approximately 15 hours of study for students. Course aims As part of a series of short courses, this course, along with levels 07 &#8211; 30, aims to take students from CEFR Level B1 Intermediate to CEFR Level [&hellip;]\" \/>\n<meta property=\"og:url\" content=\"https:\/\/letslearnenglish.com\/lv\/services\/course-outlines\/complete-53\/\" \/>\n<meta property=\"og:site_name\" content=\"Let&#039;s Learn English\" \/>\n<meta property=\"article:publisher\" content=\"https:\/\/www.facebook.com\/letslearnenglishcom\/\" \/>\n<meta property=\"article:modified_time\" content=\"2024-09-30T10:08:27+00:00\" \/>\n<meta name=\"twitter:card\" content=\"summary_large_image\" \/>\n<meta name=\"twitter:site\" content=\"@LLEgold\" \/>\n<meta name=\"twitter:label1\" content=\"Est. reading time\" \/>\n\t<meta name=\"twitter:data1\" content=\"2 min\u016btes\" \/>\n<script type=\"application\/ld+json\" class=\"yoast-schema-graph\">{\"@context\":\"https:\/\/schema.org\",\"@graph\":[{\"@type\":\"WebPage\",\"@id\":\"https:\/\/letslearnenglish.com\/services\/course-outlines\/complete-53\/\",\"url\":\"https:\/\/letslearnenglish.com\/services\/course-outlines\/complete-53\/\",\"name\":\"Complete 53\",\"isPartOf\":{\"@id\":\"https:\/\/letslearnenglish.com\/#website\"},\"datePublished\":\"2024-09-11T14:55:57+00:00\",\"dateModified\":\"2024-09-30T10:08:27+00:00\",\"breadcrumb\":{\"@id\":\"https:\/\/letslearnenglish.com\/services\/course-outlines\/complete-53\/#breadcrumb\"},\"inLanguage\":\"lv-LV\",\"potentialAction\":[{\"@type\":\"ReadAction\",\"target\":[\"https:\/\/letslearnenglish.com\/services\/course-outlines\/complete-53\/\"]}]},{\"@type\":\"BreadcrumbList\",\"@id\":\"https:\/\/letslearnenglish.com\/services\/course-outlines\/complete-53\/#breadcrumb\",\"itemListElement\":[{\"@type\":\"ListItem\",\"position\":1,\"name\":\"Home\",\"item\":\"https:\/\/letslearnenglish.com\/\"},{\"@type\":\"ListItem\",\"position\":2,\"name\":\"Services\",\"item\":\"https:\/\/letslearnenglish.com\/services\/\"},{\"@type\":\"ListItem\",\"position\":3,\"name\":\"Course outlines\",\"item\":\"https:\/\/letslearnenglish.com\/services\/course-outlines\/\"},{\"@type\":\"ListItem\",\"position\":4,\"name\":\"Complete 53\"}]},{\"@type\":\"WebSite\",\"@id\":\"https:\/\/letslearnenglish.com\/#website\",\"url\":\"https:\/\/letslearnenglish.com\/\",\"name\":\"Let's Learn English\",\"description\":\"e-Learning platform with the largest database of material ready built in.\",\"publisher\":{\"@id\":\"https:\/\/letslearnenglish.com\/#organization\"},\"potentialAction\":[{\"@type\":\"SearchAction\",\"target\":{\"@type\":\"EntryPoint\",\"urlTemplate\":\"https:\/\/letslearnenglish.com\/?s={search_term_string}\"},\"query-input\":{\"@type\":\"PropertyValueSpecification\",\"valueRequired\":true,\"valueName\":\"search_term_string\"}}],\"inLanguage\":\"lv-LV\"},{\"@type\":\"Organization\",\"@id\":\"https:\/\/letslearnenglish.com\/#organization\",\"name\":\"Let's Learn English\",\"url\":\"https:\/\/letslearnenglish.com\/\",\"logo\":{\"@type\":\"ImageObject\",\"inLanguage\":\"lv-LV\",\"@id\":\"https:\/\/letslearnenglish.com\/#\/schema\/logo\/image\/\",\"url\":\"https:\/\/letslearnenglish.com\/wp-content\/uploads\/2017\/06\/newlogo.png\",\"contentUrl\":\"https:\/\/letslearnenglish.com\/wp-content\/uploads\/2017\/06\/newlogo.png\",\"width\":230,\"height\":110,\"caption\":\"Let's Learn English\"},\"image\":{\"@id\":\"https:\/\/letslearnenglish.com\/#\/schema\/logo\/image\/\"},\"sameAs\":[\"https:\/\/www.facebook.com\/letslearnenglishcom\/\",\"https:\/\/x.com\/LLEgold\",\"https:\/\/pinterest.com\/LLEgold\/\",\"https:\/\/www.youtube.com\/channel\/UCFQB7KnGf5tG82qHssJQQLw\"]}]}<\/script>\n<!-- \/ Yoast SEO plugin. -->","yoast_head_json":{"title":"Complete 53","robots":{"index":"index","follow":"follow","max-snippet":"max-snippet:-1","max-image-preview":"max-image-preview:large","max-video-preview":"max-video-preview:-1"},"canonical":"https:\/\/letslearnenglish.com\/lv\/services\/course-outlines\/complete-53\/","og_locale":"lv_LV","og_type":"article","og_title":"Complete 53","og_description":"Introduction Complete English Level 53: Technology is an online course, consisting of 15 units of English, and providing approximately 15 hours of study for students. Course aims As part of a series of short courses, this course, along with levels 07 &#8211; 30, aims to take students from CEFR Level B1 Intermediate to CEFR Level [&hellip;]","og_url":"https:\/\/letslearnenglish.com\/lv\/services\/course-outlines\/complete-53\/","og_site_name":"Let&#039;s Learn English","article_publisher":"https:\/\/www.facebook.com\/letslearnenglishcom\/","article_modified_time":"2024-09-30T10:08:27+00:00","twitter_card":"summary_large_image","twitter_site":"@LLEgold","twitter_misc":{"Est. reading time":"2 min\u016btes"},"schema":{"@context":"https:\/\/schema.org","@graph":[{"@type":"WebPage","@id":"https:\/\/letslearnenglish.com\/services\/course-outlines\/complete-53\/","url":"https:\/\/letslearnenglish.com\/services\/course-outlines\/complete-53\/","name":"Complete 53","isPartOf":{"@id":"https:\/\/letslearnenglish.com\/#website"},"datePublished":"2024-09-11T14:55:57+00:00","dateModified":"2024-09-30T10:08:27+00:00","breadcrumb":{"@id":"https:\/\/letslearnenglish.com\/services\/course-outlines\/complete-53\/#breadcrumb"},"inLanguage":"lv-LV","potentialAction":[{"@type":"ReadAction","target":["https:\/\/letslearnenglish.com\/services\/course-outlines\/complete-53\/"]}]},{"@type":"BreadcrumbList","@id":"https:\/\/letslearnenglish.com\/services\/course-outlines\/complete-53\/#breadcrumb","itemListElement":[{"@type":"ListItem","position":1,"name":"Home","item":"https:\/\/letslearnenglish.com\/"},{"@type":"ListItem","position":2,"name":"Services","item":"https:\/\/letslearnenglish.com\/services\/"},{"@type":"ListItem","position":3,"name":"Course outlines","item":"https:\/\/letslearnenglish.com\/services\/course-outlines\/"},{"@type":"ListItem","position":4,"name":"Complete 53"}]},{"@type":"WebSite","@id":"https:\/\/letslearnenglish.com\/#website","url":"https:\/\/letslearnenglish.com\/","name":"Let's Learn English","description":"e-Learning platform with the largest database of material ready built in.","publisher":{"@id":"https:\/\/letslearnenglish.com\/#organization"},"potentialAction":[{"@type":"SearchAction","target":{"@type":"EntryPoint","urlTemplate":"https:\/\/letslearnenglish.com\/?s={search_term_string}"},"query-input":{"@type":"PropertyValueSpecification","valueRequired":true,"valueName":"search_term_string"}}],"inLanguage":"lv-LV"},{"@type":"Organization","@id":"https:\/\/letslearnenglish.com\/#organization","name":"Let's Learn English","url":"https:\/\/letslearnenglish.com\/","logo":{"@type":"ImageObject","inLanguage":"lv-LV","@id":"https:\/\/letslearnenglish.com\/#\/schema\/logo\/image\/","url":"https:\/\/letslearnenglish.com\/wp-content\/uploads\/2017\/06\/newlogo.png","contentUrl":"https:\/\/letslearnenglish.com\/wp-content\/uploads\/2017\/06\/newlogo.png","width":230,"height":110,"caption":"Let's Learn English"},"image":{"@id":"https:\/\/letslearnenglish.com\/#\/schema\/logo\/image\/"},"sameAs":["https:\/\/www.facebook.com\/letslearnenglishcom\/","https:\/\/x.com\/LLEgold","https:\/\/pinterest.com\/LLEgold\/","https:\/\/www.youtube.com\/channel\/UCFQB7KnGf5tG82qHssJQQLw"]}]}},"_links":{"self":[{"href":"https:\/\/letslearnenglish.com\/lv\/wp-json\/wp\/v2\/pages\/15460","targetHints":{"allow":["GET"]}}],"collection":[{"href":"https:\/\/letslearnenglish.com\/lv\/wp-json\/wp\/v2\/pages"}],"about":[{"href":"https:\/\/letslearnenglish.com\/lv\/wp-json\/wp\/v2\/types\/page"}],"author":[{"embeddable":true,"href":"https:\/\/letslearnenglish.com\/lv\/wp-json\/wp\/v2\/users\/5"}],"replies":[{"embeddable":true,"href":"https:\/\/letslearnenglish.com\/lv\/wp-json\/wp\/v2\/comments?post=15460"}],"version-history":[{"count":12,"href":"https:\/\/letslearnenglish.com\/lv\/wp-json\/wp\/v2\/pages\/15460\/revisions"}],"predecessor-version":[{"id":17615,"href":"https:\/\/letslearnenglish.com\/lv\/wp-json\/wp\/v2\/pages\/15460\/revisions\/17615"}],"up":[{"embeddable":true,"href":"https:\/\/letslearnenglish.com\/lv\/wp-json\/wp\/v2\/pages\/14791"}],"wp:attachment":[{"href":"https:\/\/letslearnenglish.com\/lv\/wp-json\/wp\/v2\/media?parent=15460"}],"curies":[{"name":"wp","href":"https:\/\/api.w.org\/{rel}","templated":true}]}}