{"id":4887,"date":"2017-06-20T10:53:03","date_gmt":"2017-06-20T09:53:03","guid":{"rendered":"http:\/\/www.nadinka.webd.pl\/letslearnenglish\/?page_id=4887"},"modified":"2023-07-18T11:13:16","modified_gmt":"2023-07-18T10:13:16","slug":"contact","status":"publish","type":"page","link":"https:\/\/letslearnenglish.com\/lt\/contact\/","title":{"rendered":"Susisiekite su"},"content":{"rendered":"<div class=\"wpb-content-wrapper\"><div class=\"container\" ><div class=\"vc_row wpb_row vc_row-fluid margin-bottom-120 vc_row-o-content-middle vc_row-flex\"><div class=\"wpb_column vc_column_container vc_col-sm-12\"><div class=\"vc_column-inner\"><div class=\"wpb_wrapper\">            <div class=\"heading color-dark size-md text-center\" >\n                                <div class=\"line-double\">\n                                                        <h2>\n                        KONTAKTAS                    <\/h2>\n                                        <span>\n                        Susisiekite su mumis                    <\/span>\n                                    <\/div>\n                            <\/div>\n            \n\t<div class=\"wpb_text_column wpb_content_element vc_custom_1689675192056\" >\n\t\t<div class=\"wpb_wrapper\">\n\t\t\t<h4 style=\"text-align: center;\">MOKYKIM\u0116S ANGL\u0172 KALBOS (PAGRINDIN\u0116 BUVEIN\u0116)<\/h4>\n\n\t\t<\/div>\n\t<\/div>\n\n\t<div class=\"wpb_text_column wpb_content_element\" >\n\t\t<div class=\"wpb_wrapper\">\n\t\t\t<p style=\"text-align: center;\">57 Usher Drive<br \/>\nBanbury, Oksford\u0161yras, OX16 1AG<br \/>\nJungtin\u0117 Karalyst\u0117<\/p>\n<p style=\"text-align: center;\">Tel: <a href=\"tel:0044 1295 254261\">0044 1295 254261<\/a><br \/>\nEl. pa\u0161tas: <a href=\"mailto:info@letslearnenglish.com\">info@letslearnenglish.com<\/a><br \/>\narba <a href=\"mailto:angusesp@gmail.com\">angusesp@gmail.com<\/a><\/p>\n\n\t\t<\/div>\n\t<\/div>\n<\/div><\/div><\/div><\/div><\/div>\n<\/div>","protected":false},"excerpt":{"rendered":"CONTACT Get in contact LET'S LEARN ENGLISH (HEAD OFFICE) 57 Usher Drive Banbury, Oxfordshire, OX16 1AG United Kingdom Tel\/Fax: 0044 1295 254261 E-Mail: info@letslearnenglish.com or angusesp@gmail.com","protected":false},"author":1,"featured_media":0,"parent":0,"menu_order":0,"comment_status":"closed","ping_status":"closed","template":"","meta":{"_jet_sm_ready_style":"","_jet_sm_style":"","_jet_sm_controls_values":"","_jet_sm_fonts_collection":"","_jet_sm_fonts_links":"","footnotes":""},"class_list":["post-4887","page","type-page","status-publish","hentry"],"yoast_head":"<!-- This site is optimized with the Yoast SEO plugin v26.3 - https:\/\/yoast.com\/wordpress\/plugins\/seo\/ -->\n<title>Contact<\/title>\n<meta name=\"description\" content=\"Reach out to Let&#039;s Learn English&#039;s contact page and unlock a world of language learning opportunities. Our experienced team is ready to...\" \/>\n<meta name=\"robots\" content=\"index, follow, max-snippet:-1, max-image-preview:large, max-video-preview:-1\" \/>\n<link rel=\"canonical\" href=\"https:\/\/letslearnenglish.com\/lt\/contact\/\" \/>\n<meta property=\"og:locale\" content=\"lt_LT\" \/>\n<meta property=\"og:type\" content=\"article\" \/>\n<meta property=\"og:title\" content=\"Contact\" \/>\n<meta property=\"og:description\" content=\"Reach out to Let&#039;s Learn English&#039;s contact page and unlock a world of language learning opportunities. Our experienced team is ready to...\" \/>\n<meta property=\"og:url\" content=\"https:\/\/letslearnenglish.com\/lt\/contact\/\" \/>\n<meta property=\"og:site_name\" content=\"Let&#039;s Learn English\" \/>\n<meta property=\"article:publisher\" content=\"https:\/\/www.facebook.com\/letslearnenglishcom\/\" \/>\n<meta property=\"article:modified_time\" content=\"2023-07-18T10:13:16+00:00\" \/>\n<meta name=\"twitter:card\" content=\"summary_large_image\" \/>\n<meta name=\"twitter:site\" content=\"@LLEgold\" \/>\n<meta name=\"twitter:label1\" content=\"Est. reading time\" \/>\n\t<meta name=\"twitter:data1\" content=\"1 minut\u0117\" \/>\n<script type=\"application\/ld+json\" class=\"yoast-schema-graph\">{\"@context\":\"https:\/\/schema.org\",\"@graph\":[{\"@type\":\"WebPage\",\"@id\":\"https:\/\/letslearnenglish.com\/contact\/\",\"url\":\"https:\/\/letslearnenglish.com\/contact\/\",\"name\":\"Contact\",\"isPartOf\":{\"@id\":\"https:\/\/letslearnenglish.com\/#website\"},\"datePublished\":\"2017-06-20T09:53:03+00:00\",\"dateModified\":\"2023-07-18T10:13:16+00:00\",\"description\":\"Reach out to Let's Learn English's contact page and unlock a world of language learning opportunities. Our experienced team is ready to...\",\"breadcrumb\":{\"@id\":\"https:\/\/letslearnenglish.com\/contact\/#breadcrumb\"},\"inLanguage\":\"lt-LT\",\"potentialAction\":[{\"@type\":\"ReadAction\",\"target\":[\"https:\/\/letslearnenglish.com\/contact\/\"]}]},{\"@type\":\"BreadcrumbList\",\"@id\":\"https:\/\/letslearnenglish.com\/contact\/#breadcrumb\",\"itemListElement\":[{\"@type\":\"ListItem\",\"position\":1,\"name\":\"Home\",\"item\":\"https:\/\/letslearnenglish.com\/\"},{\"@type\":\"ListItem\",\"position\":2,\"name\":\"Contact\"}]},{\"@type\":\"WebSite\",\"@id\":\"https:\/\/letslearnenglish.com\/#website\",\"url\":\"https:\/\/letslearnenglish.com\/\",\"name\":\"Let's Learn English\",\"description\":\"e-Learning platform with the largest database of material ready built in.\",\"publisher\":{\"@id\":\"https:\/\/letslearnenglish.com\/#organization\"},\"potentialAction\":[{\"@type\":\"SearchAction\",\"target\":{\"@type\":\"EntryPoint\",\"urlTemplate\":\"https:\/\/letslearnenglish.com\/?s={search_term_string}\"},\"query-input\":{\"@type\":\"PropertyValueSpecification\",\"valueRequired\":true,\"valueName\":\"search_term_string\"}}],\"inLanguage\":\"lt-LT\"},{\"@type\":\"Organization\",\"@id\":\"https:\/\/letslearnenglish.com\/#organization\",\"name\":\"Let's Learn English\",\"url\":\"https:\/\/letslearnenglish.com\/\",\"logo\":{\"@type\":\"ImageObject\",\"inLanguage\":\"lt-LT\",\"@id\":\"https:\/\/letslearnenglish.com\/#\/schema\/logo\/image\/\",\"url\":\"https:\/\/letslearnenglish.com\/wp-content\/uploads\/2017\/06\/newlogo.png\",\"contentUrl\":\"https:\/\/letslearnenglish.com\/wp-content\/uploads\/2017\/06\/newlogo.png\",\"width\":230,\"height\":110,\"caption\":\"Let's Learn English\"},\"image\":{\"@id\":\"https:\/\/letslearnenglish.com\/#\/schema\/logo\/image\/\"},\"sameAs\":[\"https:\/\/www.facebook.com\/letslearnenglishcom\/\",\"https:\/\/x.com\/LLEgold\",\"https:\/\/pinterest.com\/LLEgold\/\",\"https:\/\/www.youtube.com\/channel\/UCFQB7KnGf5tG82qHssJQQLw\"]}]}<\/script>\n<!-- \/ Yoast SEO plugin. -->","yoast_head_json":{"title":"Susisiekite su","description":"Reach out to Let's Learn English's contact page and unlock a world of language learning opportunities. Our experienced team is ready to...","robots":{"index":"index","follow":"follow","max-snippet":"max-snippet:-1","max-image-preview":"max-image-preview:large","max-video-preview":"max-video-preview:-1"},"canonical":"https:\/\/letslearnenglish.com\/lt\/contact\/","og_locale":"lt_LT","og_type":"article","og_title":"Contact","og_description":"Reach out to Let's Learn English's contact page and unlock a world of language learning opportunities. Our experienced team is ready to...","og_url":"https:\/\/letslearnenglish.com\/lt\/contact\/","og_site_name":"Let&#039;s Learn English","article_publisher":"https:\/\/www.facebook.com\/letslearnenglishcom\/","article_modified_time":"2023-07-18T10:13:16+00:00","twitter_card":"summary_large_image","twitter_site":"@LLEgold","twitter_misc":{"Est. reading time":"1 minut\u0117"},"schema":{"@context":"https:\/\/schema.org","@graph":[{"@type":"WebPage","@id":"https:\/\/letslearnenglish.com\/contact\/","url":"https:\/\/letslearnenglish.com\/contact\/","name":"Susisiekite su","isPartOf":{"@id":"https:\/\/letslearnenglish.com\/#website"},"datePublished":"2017-06-20T09:53:03+00:00","dateModified":"2023-07-18T10:13:16+00:00","description":"Reach out to Let's Learn English's contact page and unlock a world of language learning opportunities. Our experienced team is ready to...","breadcrumb":{"@id":"https:\/\/letslearnenglish.com\/contact\/#breadcrumb"},"inLanguage":"lt-LT","potentialAction":[{"@type":"ReadAction","target":["https:\/\/letslearnenglish.com\/contact\/"]}]},{"@type":"BreadcrumbList","@id":"https:\/\/letslearnenglish.com\/contact\/#breadcrumb","itemListElement":[{"@type":"ListItem","position":1,"name":"Home","item":"https:\/\/letslearnenglish.com\/"},{"@type":"ListItem","position":2,"name":"Contact"}]},{"@type":"WebSite","@id":"https:\/\/letslearnenglish.com\/#website","url":"https:\/\/letslearnenglish.com\/","name":"Let's Learn English","description":"e-Learning platform with the largest database of material ready built in.","publisher":{"@id":"https:\/\/letslearnenglish.com\/#organization"},"potentialAction":[{"@type":"SearchAction","target":{"@type":"EntryPoint","urlTemplate":"https:\/\/letslearnenglish.com\/?s={search_term_string}"},"query-input":{"@type":"PropertyValueSpecification","valueRequired":true,"valueName":"search_term_string"}}],"inLanguage":"lt-LT"},{"@type":"Organization","@id":"https:\/\/letslearnenglish.com\/#organization","name":"Let's Learn English","url":"https:\/\/letslearnenglish.com\/","logo":{"@type":"ImageObject","inLanguage":"lt-LT","@id":"https:\/\/letslearnenglish.com\/#\/schema\/logo\/image\/","url":"https:\/\/letslearnenglish.com\/wp-content\/uploads\/2017\/06\/newlogo.png","contentUrl":"https:\/\/letslearnenglish.com\/wp-content\/uploads\/2017\/06\/newlogo.png","width":230,"height":110,"caption":"Let's Learn English"},"image":{"@id":"https:\/\/letslearnenglish.com\/#\/schema\/logo\/image\/"},"sameAs":["https:\/\/www.facebook.com\/letslearnenglishcom\/","https:\/\/x.com\/LLEgold","https:\/\/pinterest.com\/LLEgold\/","https:\/\/www.youtube.com\/channel\/UCFQB7KnGf5tG82qHssJQQLw"]}]}},"_links":{"self":[{"href":"https:\/\/letslearnenglish.com\/lt\/wp-json\/wp\/v2\/pages\/4887","targetHints":{"allow":["GET"]}}],"collection":[{"href":"https:\/\/letslearnenglish.com\/lt\/wp-json\/wp\/v2\/pages"}],"about":[{"href":"https:\/\/letslearnenglish.com\/lt\/wp-json\/wp\/v2\/types\/page"}],"author":[{"embeddable":true,"href":"https:\/\/letslearnenglish.com\/lt\/wp-json\/wp\/v2\/users\/1"}],"replies":[{"embeddable":true,"href":"https:\/\/letslearnenglish.com\/lt\/wp-json\/wp\/v2\/comments?post=4887"}],"version-history":[{"count":18,"href":"https:\/\/letslearnenglish.com\/lt\/wp-json\/wp\/v2\/pages\/4887\/revisions"}],"predecessor-version":[{"id":9571,"href":"https:\/\/letslearnenglish.com\/lt\/wp-json\/wp\/v2\/pages\/4887\/revisions\/9571"}],"wp:attachment":[{"href":"https:\/\/letslearnenglish.com\/lt\/wp-json\/wp\/v2\/media?parent=4887"}],"curies":[{"name":"wp","href":"https:\/\/api.w.org\/{rel}","templated":true}]}}