{"id":4915,"date":"2017-06-26T11:47:48","date_gmt":"2017-06-26T10:47:48","guid":{"rendered":"http:\/\/www.nadinka.webd.pl\/letslearnenglish\/?page_id=4915"},"modified":"2023-10-26T13:58:13","modified_gmt":"2023-10-26T12:58:13","slug":"teachers","status":"publish","type":"page","link":"https:\/\/letslearnenglish.com\/it\/services\/teachers\/","title":{"rendered":"Risorse ESL per gli insegnanti di inglese"},"content":{"rendered":"<div class=\"wpb-content-wrapper\"><div class=\"container\" ><div class=\"vc_row wpb_row vc_row-fluid margin-bottom-70\"><div class=\"col-md-4 col-sm-12 sm-margin-bottom-30 wpb_column vc_column_container vc_col-sm-4\"><div class=\"vc_column-inner\"><div class=\"wpb_wrapper\">\n\t<div  class=\"wpb_single_image wpb_content_element vc_align_center wpb_content_element wpb_animate_when_almost_visible wpb_bottom-to-top bottom-to-top\">\n\t\t\n\t\t<figure class=\"wpb_wrapper vc_figure\">\n\t\t\t<div class=\"vc_single_image-wrapper   vc_box_border_grey\"><img fetchpriority=\"high\" decoding=\"async\" width=\"2560\" height=\"1707\" src=\"https:\/\/letslearnenglish.com\/wp-content\/uploads\/2015\/11\/multi-ethnic-business-people-posing-in-office-82795675-573514035f9b58723df38fc0-scaled.jpg\" class=\"vc_single_image-img attachment-full\" alt=\"\" title=\"multi-ethnic-business-people-posing-in-office-82795675-573514035f9b58723df38fc0\" srcset=\"https:\/\/letslearnenglish.com\/wp-content\/uploads\/2015\/11\/multi-ethnic-business-people-posing-in-office-82795675-573514035f9b58723df38fc0-scaled.jpg 2560w, https:\/\/letslearnenglish.com\/wp-content\/uploads\/2015\/11\/multi-ethnic-business-people-posing-in-office-82795675-573514035f9b58723df38fc0-470x313.jpg 470w\" sizes=\"(max-width: 2560px) 100vw, 2560px\" \/><\/div>\n\t\t<\/figure>\n\t<\/div>\n<\/div><\/div><\/div><div class=\"col-md-8 col-sm-12 wpb_column vc_column_container vc_col-sm-8\"><div class=\"vc_column-inner vc_custom_1448335991567\"><div class=\"wpb_wrapper\">            <div class=\"heading color-dark size-md text-left margin-bottom-50 wpb_animate_when_almost_visible g5plus-css-animation wpb_fadeInUp\" >\n                                <div class=\"line-double\">\n                                                        <h2>\n                        Let's Learn English \u00e8 stato creato dagli insegnanti pensando agli insegnanti.                    <\/h2>\n                                    <\/div>\n                                <p>\n                    Noi di Let's Learn English siamo insegnanti. Sappiamo quanto possa essere impegnativa la vita di un insegnante. Prima dell'inizio delle lezioni prepariamo la classe, scriviamo i fogli di lavoro, segniamo le composizioni, prepariamo i CD e facciamo le fotocopie; tra una lezione e l'altra ci occupiamo delle domande degli studenti, dei contatti con i nostri insegnanti partner, andiamo in bagno e cerchiamo di preparare e bere una tazza di t\u00e8 o di caff\u00e8 caldo prima che inizi la lezione successiva. Abbiamo bisogno di materiali di alta qualit\u00e0, facili da organizzare, in grado di migliorare la comprensione da parte dei nostri studenti della lingua che stiamo introducendo e che integrino ci\u00f2 che stiamo facendo in classe. Ci\u00f2 di cui non abbiamo bisogno \u00e8 materiale che richieda un'infinit\u00e0 di tempo per essere trovato e che offra un'esperienza che non sia in armonia con ci\u00f2 che abbiamo fatto in classe.                <\/p>\n                            <\/div>\n            \n                <a  class=\"m-button m-button-3d m-button-xs m-button-primary\" href=\"#\" title=\"SAPERNE DI PI\u00d9\" target=\"_self\">\n                                        SAPERNE DI PI\u00d9                <\/a>\n            <\/div><\/div><\/div><\/div><\/div><div class=\"container\" ><div class=\"vc_row wpb_row vc_row-fluid margin-bottom-40\"><div class=\"sm-margin-bottom-30 wpb_column vc_column_container vc_col-sm-6\"><div class=\"vc_column-inner\"><div class=\"wpb_wrapper\">\t\t\t<div class=\"iconbox default  text-center color-dark\" >\n                <div class=\"icon-box-shape\">\n                    <a title=\"\" target=\"_self\" href=\"#\">\n                                                        <i class=\"micon icon-185041-arrow-streamline-target\"><\/i>\n                                                <\/a>\n                <\/div>\n                                    <h3><a title=\"\" target=\"_self\" href=\"#\">CONTENUTI CREATI DA ESPERTI<\/a><\/h3>\n                                <p>I materiali creati da Let's Learn English sono tutti scritti da insegnanti praticanti. Tuttavia, il fatto che un insegnante scriva il materiale non \u00e8 sufficiente. Abbiamo bisogno di scrittori con solide qualifiche ed esperienza. Tutti i nostri autori sono qualificati DELTA o M.A. e hanno almeno dieci anni di esperienza nell'insegnamento. Sono anche insegnanti praticanti, non insegnanti che hanno lasciato il mondo della scuola e quindi hanno perso il contatto con l'esperienza dell'insegnamento. I redattori di Business English sono insegnanti di Business English; i redattori di materiali d'esame insegnano da molti anni agli esami Cambridge e nella maggior parte dei casi sono esaminatori Cambridge; i redattori di young learner sono esperti nel loro campo. Non scriviamo solo per Let's Learn English; abbiamo scritto anche per i pi\u00f9 grandi nomi dell'ELT: Oxford University Press e MacMillan.<\/p>\n                \t\t\t<\/div>\n            <\/div><\/div><\/div><div class=\"wpb_column vc_column_container vc_col-sm-6\"><div class=\"vc_column-inner\"><div class=\"wpb_wrapper\">\t\t\t<div class=\"iconbox default  text-center color-dark\" >\n                <div class=\"icon-box-shape\">\n                    <a title=\"\" target=\"_self\" href=\"#\">\n                                                        <i class=\"micon icon-185074-notebook-streamline\"><\/i>\n                                                <\/a>\n                <\/div>\n                                    <h3><a title=\"\" target=\"_self\" href=\"#\">MAPPATURA DEL LIBRO DI TESTO<\/a><\/h3>\n                                <p>La maggior parte degli insegnanti usa i libri di testo con i propri studenti. Tuttavia, quando si tratta di fornire agli studenti materiali da una piattaforma di apprendimento, come possono assicurarsi che ci\u00f2 che danno ai loro studenti per i compiti a casa o nel centro di calcolo copra la stessa area tematica, o insegni gli stessi set lessicali o le stesse strutture di ci\u00f2 che fanno in classe. Abbiamo semplificato il lavoro degli insegnanti incrociando i nostri materiali interni con quelli di oltre 120 libri di testo di tutte le principali case editrici. Basta scegliere il libro che state usando con i vostri studenti e vedrete cosa viene trattato in ogni unit\u00e0 del libro e un link a ci\u00f2 che abbiamo nel nostro database di materiali che copre la stessa area. Una volta effettuato l'accesso, potrete trovare i compiti o il materiale supplementare per i vostri studenti in pochi secondi, lasciando pi\u00f9 tempo per altre questioni.<\/p>\n                \t\t\t<\/div>\n            <\/div><\/div><\/div><\/div><\/div><div class=\"container\" ><div class=\"vc_row wpb_row vc_row-fluid margin-bottom-120\"><div class=\"sm-margin-bottom-30 wpb_column vc_column_container vc_col-sm-6\"><div class=\"vc_column-inner\"><div class=\"wpb_wrapper\">\t\t\t<div class=\"iconbox default  text-center color-dark\" >\n                <div class=\"icon-box-shape\">\n                    <a title=\"\" target=\"_self\" href=\"#\">\n                                                        <i class=\"micon icon-185042-edit-modify-streamline\"><\/i>\n                                                <\/a>\n                <\/div>\n                                    <h3><a title=\"\" target=\"_self\" href=\"#\">AUTORIZZAZIONE<\/a><\/h3>\n                                <p>Non sarebbe fantastico se poteste trasformare in formato digitale tutti quei favolosi fogli di lavoro che create e stampate ogni giorno? Con Let's Learn English, questa funzione di authoring \u00e8 disponibile e, per di pi\u00f9, \u00e8 davvero facile da usare. Create i vostri contenuti utilizzando i nostri strumenti di videoscrittura, oppure copiate e incollate. Volete aggiungere contenuti multimediali? \u00c8 un gioco da ragazzi, con semplici strumenti per inserire immagini, audio, documenti .pdf e video nei vostri fogli di lavoro per dar loro vita. Portate il mondo di YouTube in classe con un semplice clic. Potete creare per i vostri studenti esercizi di vero\/falso, scelta multipla, abbinamento multiplo, abbinamento a coppie, correzione di bozze, trasformazione di frasi, riordino, colorazione, collegamento di immagini, ascolto, comprensione della lettura e riempimento di lacune. Inoltre, tutti i materiali creati dagli insegnanti di una scuola sono disponibili solo per gli studenti di quella scuola, in modo da non dare via tutta la vostra creativit\u00e0. Ricordate per\u00f2 che nel sistema sono gi\u00e0 presenti migliaia di esercizi e introduzioni che coprono tutti gli argomenti pi\u00f9 comuni.<\/p>\n                \t\t\t<\/div>\n            <\/div><\/div><\/div><div class=\"wpb_column vc_column_container vc_col-sm-6\"><div class=\"vc_column-inner\"><div class=\"wpb_wrapper\">\t\t\t<div class=\"iconbox default  text-center color-dark\" >\n                <div class=\"icon-box-shape\">\n                    <a title=\"\" target=\"_self\" href=\"#\">\n                                                        <i class=\"micon icon-tools\"><\/i>\n                                                <\/a>\n                <\/div>\n                                    <h3><a title=\"\" target=\"_self\" href=\"#\">TENERE SOTTO CONTROLLO GLI STUDENTI<\/a><\/h3>\n                                <p>In genere la scuola virtuale \u00e8 organizzata nello stesso modo in cui \u00e8 organizzata la scuola reale: gli insegnanti hanno delle classi e gli studenti vengono inseriti in queste classi. La mia classe delle 16:00 avr\u00e0 otto studenti di livello Cambridge First. Questo si riflette sul mio profilo nella piattaforma Let's Learn English. Vedo tutti i miei studenti e posso controllare la loro presenza online, se hanno completato i compiti, quanto tempo hanno impiegato per completarli e i loro risultati. Posso vedere ogni singolo esercizio che ognuno ha completato e posso scrivere note ai singoli studenti sul loro rendimento. Posso comunicare con i miei studenti o con altri insegnanti attraverso la bacheca di LLE; posso anche impostare progetti multimediali online da far svolgere ai miei studenti durante le ore di lezione o dopo la scuola.<\/p>\n                \t\t\t<\/div>\n            <\/div><\/div><\/div><\/div><\/div><div class=\"fullwidth\" ><div class=\"vc_row wpb_row vc_row-fluid vc_custom_1498475147716\"><div class=\"wpb_column vc_column_container vc_col-sm-12\"><div class=\"vc_column-inner\"><div class=\"wpb_wrapper\">            <div class=\"heading color-dark size-md text-center margin-bottom-75\" >\n                                <div class=\"line-double\">\n                                                        <h2>\n                        ELENCO CLIENTI SELEZIONATI                    <\/h2>\n                                        <span>\n                        Alcune delle centinaia di scuole che utilizzano la nostra piattaforma e-learning...                    <\/span>\n                                    <\/div>\n                            <\/div>\n                        <div class=\"partner-carousel style1 opacity80\" >\n                <div class=\"owl-g5plus-shortcode owl-carousel\"\n                     data-plugin-options='{&quot;loop&quot;:true,&quot;center&quot;:false,&quot;nav&quot;:false,&quot;dots&quot;:false,&quot;autoplay&quot;:true,&quot;autoplayHoverPause&quot;:false,&quot;autoplayTimeout&quot;:5000,&quot;margin&quot;:0,&quot;items&quot;:5,&quot;responsive&quot;:{&quot;0&quot;:{&quot;items&quot;:1},&quot;600&quot;:{&quot;items&quot;:2},&quot;768&quot;:{&quot;items&quot;:3},&quot;980&quot;:{&quot;items&quot;:5},&quot;1200&quot;:{&quot;items&quot;:5}}}'>\n                    <img decoding=\"async\" width=\"255\" height=\"100\" src=\"https:\/\/letslearnenglish.com\/wp-content\/uploads\/2020\/03\/ukec.png\" class=\"attachment-medium\" alt=\"\" title=\"ukec\" \/><img decoding=\"async\" width=\"300\" height=\"142\" src=\"https:\/\/letslearnenglish.com\/wp-content\/uploads\/2020\/03\/lingua.jpg\" class=\"attachment-medium\" alt=\"\" title=\"lingua\" \/><img loading=\"lazy\" decoding=\"async\" width=\"300\" height=\"162\" src=\"https:\/\/letslearnenglish.com\/wp-content\/uploads\/2020\/03\/lse.jpg\" class=\"attachment-medium\" alt=\"\" title=\"lse\" \/><img loading=\"lazy\" decoding=\"async\" width=\"178\" height=\"89\" src=\"https:\/\/letslearnenglish.com\/wp-content\/uploads\/2020\/03\/beet.png\" class=\"attachment-medium\" alt=\"\" title=\"barbabietola\" \/><img loading=\"lazy\" decoding=\"async\" width=\"300\" height=\"252\" src=\"https:\/\/letslearnenglish.com\/wp-content\/uploads\/2020\/03\/bath.png\" class=\"attachment-medium\" alt=\"\" title=\"bagno\" \/><img loading=\"lazy\" decoding=\"async\" width=\"223\" height=\"160\" src=\"https:\/\/letslearnenglish.com\/wp-content\/uploads\/2020\/03\/fvg.png\" class=\"attachment-medium\" alt=\"\" title=\"fvg\" \/><img loading=\"lazy\" decoding=\"async\" width=\"300\" height=\"100\" src=\"https:\/\/letslearnenglish.com\/wp-content\/uploads\/2020\/03\/cambridge.jpg\" class=\"attachment-medium\" alt=\"\" title=\"cambridge\" \/><img loading=\"lazy\" decoding=\"async\" width=\"130\" height=\"85\" src=\"https:\/\/letslearnenglish.com\/wp-content\/uploads\/2020\/03\/leo.png\" class=\"attachment-medium\" alt=\"\" title=\"leo\" \/><img loading=\"lazy\" decoding=\"async\" width=\"300\" height=\"100\" src=\"https:\/\/letslearnenglish.com\/wp-content\/uploads\/2020\/03\/ih1.png\" class=\"attachment-medium\" alt=\"\" title=\"ih1\" \/><img loading=\"lazy\" decoding=\"async\" width=\"214\" height=\"54\" src=\"https:\/\/letslearnenglish.com\/wp-content\/uploads\/2020\/03\/ih2.png\" class=\"attachment-medium\" alt=\"\" title=\"ih2\" \/><img loading=\"lazy\" decoding=\"async\" width=\"300\" height=\"117\" src=\"https:\/\/letslearnenglish.com\/wp-content\/uploads\/2020\/03\/ih3.jpg\" class=\"attachment-medium\" alt=\"\" title=\"ih3\" \/><img loading=\"lazy\" decoding=\"async\" width=\"229\" height=\"163\" src=\"https:\/\/letslearnenglish.com\/wp-content\/uploads\/2020\/03\/kae.png\" class=\"attachment-medium\" alt=\"\" title=\"kae\" \/><img loading=\"lazy\" decoding=\"async\" width=\"300\" height=\"122\" src=\"https:\/\/letslearnenglish.com\/wp-content\/uploads\/2020\/03\/park.png\" class=\"attachment-medium\" alt=\"\" title=\"parco\" \/><img loading=\"lazy\" decoding=\"async\" width=\"220\" height=\"125\" src=\"https:\/\/letslearnenglish.com\/wp-content\/uploads\/2020\/03\/stgiles.png\" class=\"attachment-medium\" alt=\"\" title=\"stgili\" \/><img loading=\"lazy\" decoding=\"async\" width=\"175\" height=\"175\" src=\"https:\/\/letslearnenglish.com\/wp-content\/uploads\/2020\/03\/stpauls.png\" class=\"attachment-medium\" alt=\"\" title=\"stpauls\" \/>                <\/div>\n            <\/div>\n            <\/div><\/div><\/div><\/div><\/div>\n<\/div>","protected":false},"excerpt":{"rendered":"Let's Learn English was created by teachers with teachers in mind We at Let's Learn English are teachers. We know how busy a teacher's life can be. Before the start of lessons we are preparing the class, writing up worksheets, marking compositions, cueing up CDs and doing photocopying; between classes, we are dealing with student [...]","protected":false},"author":1,"featured_media":0,"parent":4890,"menu_order":0,"comment_status":"closed","ping_status":"closed","template":"","meta":{"_jet_sm_ready_style":"","_jet_sm_style":"","_jet_sm_controls_values":"","_jet_sm_fonts_collection":"","_jet_sm_fonts_links":"","footnotes":""},"class_list":["post-4915","page","type-page","status-publish","hentry"],"yoast_head":"<!-- This site is optimized with the Yoast SEO plugin v26.3 - https:\/\/yoast.com\/wordpress\/plugins\/seo\/ -->\n<title>ESL Resources For English Teachers | Let&#039;s Learn English<\/title>\n<meta name=\"description\" content=\"Let&#039;s Learn English offers ESL resources for teachers and top-notch resources for English teachers, supporting institutions in language development.\" \/>\n<meta name=\"robots\" content=\"index, follow, max-snippet:-1, max-image-preview:large, max-video-preview:-1\" \/>\n<link rel=\"canonical\" href=\"https:\/\/letslearnenglish.com\/it\/services\/teachers\/\" \/>\n<meta property=\"og:locale\" content=\"it_IT\" \/>\n<meta property=\"og:type\" content=\"article\" \/>\n<meta property=\"og:title\" content=\"ESL Resources For English Teachers | Let&#039;s Learn English\" \/>\n<meta property=\"og:description\" content=\"Let&#039;s Learn English offers ESL resources for teachers and top-notch resources for English teachers, supporting institutions in language development.\" \/>\n<meta property=\"og:url\" content=\"https:\/\/letslearnenglish.com\/it\/services\/teachers\/\" \/>\n<meta property=\"og:site_name\" content=\"Let&#039;s Learn English\" \/>\n<meta property=\"article:publisher\" content=\"https:\/\/www.facebook.com\/letslearnenglishcom\/\" \/>\n<meta property=\"article:modified_time\" content=\"2023-10-26T12:58:13+00:00\" \/>\n<meta name=\"twitter:card\" content=\"summary_large_image\" \/>\n<meta name=\"twitter:site\" content=\"@LLEgold\" \/>\n<meta name=\"twitter:label1\" content=\"Tempo di lettura stimato\" \/>\n\t<meta name=\"twitter:data1\" content=\"4 minuti\" \/>\n<script type=\"application\/ld+json\" class=\"yoast-schema-graph\">{\"@context\":\"https:\/\/schema.org\",\"@graph\":[{\"@type\":\"WebPage\",\"@id\":\"https:\/\/letslearnenglish.com\/services\/teachers\/\",\"url\":\"https:\/\/letslearnenglish.com\/services\/teachers\/\",\"name\":\"ESL Resources For English Teachers | Let's Learn English\",\"isPartOf\":{\"@id\":\"https:\/\/letslearnenglish.com\/#website\"},\"datePublished\":\"2017-06-26T10:47:48+00:00\",\"dateModified\":\"2023-10-26T12:58:13+00:00\",\"description\":\"Let's Learn English offers ESL resources for teachers and top-notch resources for English teachers, supporting institutions in language development.\",\"breadcrumb\":{\"@id\":\"https:\/\/letslearnenglish.com\/services\/teachers\/#breadcrumb\"},\"inLanguage\":\"it-IT\",\"potentialAction\":[{\"@type\":\"ReadAction\",\"target\":[\"https:\/\/letslearnenglish.com\/services\/teachers\/\"]}]},{\"@type\":\"BreadcrumbList\",\"@id\":\"https:\/\/letslearnenglish.com\/services\/teachers\/#breadcrumb\",\"itemListElement\":[{\"@type\":\"ListItem\",\"position\":1,\"name\":\"Home\",\"item\":\"https:\/\/letslearnenglish.com\/\"},{\"@type\":\"ListItem\",\"position\":2,\"name\":\"Services\",\"item\":\"https:\/\/letslearnenglish.com\/services\/\"},{\"@type\":\"ListItem\",\"position\":3,\"name\":\"ESL Resources For English Teachers\"}]},{\"@type\":\"WebSite\",\"@id\":\"https:\/\/letslearnenglish.com\/#website\",\"url\":\"https:\/\/letslearnenglish.com\/\",\"name\":\"Let's Learn English\",\"description\":\"e-Learning platform with the largest database of material ready built in.\",\"publisher\":{\"@id\":\"https:\/\/letslearnenglish.com\/#organization\"},\"potentialAction\":[{\"@type\":\"SearchAction\",\"target\":{\"@type\":\"EntryPoint\",\"urlTemplate\":\"https:\/\/letslearnenglish.com\/?s={search_term_string}\"},\"query-input\":{\"@type\":\"PropertyValueSpecification\",\"valueRequired\":true,\"valueName\":\"search_term_string\"}}],\"inLanguage\":\"it-IT\"},{\"@type\":\"Organization\",\"@id\":\"https:\/\/letslearnenglish.com\/#organization\",\"name\":\"Let's Learn English\",\"url\":\"https:\/\/letslearnenglish.com\/\",\"logo\":{\"@type\":\"ImageObject\",\"inLanguage\":\"it-IT\",\"@id\":\"https:\/\/letslearnenglish.com\/#\/schema\/logo\/image\/\",\"url\":\"https:\/\/letslearnenglish.com\/wp-content\/uploads\/2017\/06\/newlogo.png\",\"contentUrl\":\"https:\/\/letslearnenglish.com\/wp-content\/uploads\/2017\/06\/newlogo.png\",\"width\":230,\"height\":110,\"caption\":\"Let's Learn English\"},\"image\":{\"@id\":\"https:\/\/letslearnenglish.com\/#\/schema\/logo\/image\/\"},\"sameAs\":[\"https:\/\/www.facebook.com\/letslearnenglishcom\/\",\"https:\/\/x.com\/LLEgold\",\"https:\/\/pinterest.com\/LLEgold\/\",\"https:\/\/www.youtube.com\/channel\/UCFQB7KnGf5tG82qHssJQQLw\"]}]}<\/script>\n<!-- \/ Yoast SEO plugin. -->","yoast_head_json":{"title":"ESL Resources For English Teachers | Let's Learn English","description":"Let's Learn English offers ESL resources for teachers and top-notch resources for English teachers, supporting institutions in language development.","robots":{"index":"index","follow":"follow","max-snippet":"max-snippet:-1","max-image-preview":"max-image-preview:large","max-video-preview":"max-video-preview:-1"},"canonical":"https:\/\/letslearnenglish.com\/it\/services\/teachers\/","og_locale":"it_IT","og_type":"article","og_title":"ESL Resources For English Teachers | Let's Learn English","og_description":"Let's Learn English offers ESL resources for teachers and top-notch resources for English teachers, supporting institutions in language development.","og_url":"https:\/\/letslearnenglish.com\/it\/services\/teachers\/","og_site_name":"Let&#039;s Learn English","article_publisher":"https:\/\/www.facebook.com\/letslearnenglishcom\/","article_modified_time":"2023-10-26T12:58:13+00:00","twitter_card":"summary_large_image","twitter_site":"@LLEgold","twitter_misc":{"Tempo di lettura stimato":"4 minuti"},"schema":{"@context":"https:\/\/schema.org","@graph":[{"@type":"WebPage","@id":"https:\/\/letslearnenglish.com\/services\/teachers\/","url":"https:\/\/letslearnenglish.com\/services\/teachers\/","name":"ESL Resources For English Teachers | Let's Learn English","isPartOf":{"@id":"https:\/\/letslearnenglish.com\/#website"},"datePublished":"2017-06-26T10:47:48+00:00","dateModified":"2023-10-26T12:58:13+00:00","description":"Let's Learn English offers ESL resources for teachers and top-notch resources for English teachers, supporting institutions in language development.","breadcrumb":{"@id":"https:\/\/letslearnenglish.com\/services\/teachers\/#breadcrumb"},"inLanguage":"it-IT","potentialAction":[{"@type":"ReadAction","target":["https:\/\/letslearnenglish.com\/services\/teachers\/"]}]},{"@type":"BreadcrumbList","@id":"https:\/\/letslearnenglish.com\/services\/teachers\/#breadcrumb","itemListElement":[{"@type":"ListItem","position":1,"name":"Home","item":"https:\/\/letslearnenglish.com\/"},{"@type":"ListItem","position":2,"name":"Services","item":"https:\/\/letslearnenglish.com\/services\/"},{"@type":"ListItem","position":3,"name":"ESL Resources For English Teachers"}]},{"@type":"WebSite","@id":"https:\/\/letslearnenglish.com\/#website","url":"https:\/\/letslearnenglish.com\/","name":"Let's Learn English","description":"e-Learning platform with the largest database of material ready built in.","publisher":{"@id":"https:\/\/letslearnenglish.com\/#organization"},"potentialAction":[{"@type":"SearchAction","target":{"@type":"EntryPoint","urlTemplate":"https:\/\/letslearnenglish.com\/?s={search_term_string}"},"query-input":{"@type":"PropertyValueSpecification","valueRequired":true,"valueName":"search_term_string"}}],"inLanguage":"it-IT"},{"@type":"Organization","@id":"https:\/\/letslearnenglish.com\/#organization","name":"Let's Learn English","url":"https:\/\/letslearnenglish.com\/","logo":{"@type":"ImageObject","inLanguage":"it-IT","@id":"https:\/\/letslearnenglish.com\/#\/schema\/logo\/image\/","url":"https:\/\/letslearnenglish.com\/wp-content\/uploads\/2017\/06\/newlogo.png","contentUrl":"https:\/\/letslearnenglish.com\/wp-content\/uploads\/2017\/06\/newlogo.png","width":230,"height":110,"caption":"Let's Learn English"},"image":{"@id":"https:\/\/letslearnenglish.com\/#\/schema\/logo\/image\/"},"sameAs":["https:\/\/www.facebook.com\/letslearnenglishcom\/","https:\/\/x.com\/LLEgold","https:\/\/pinterest.com\/LLEgold\/","https:\/\/www.youtube.com\/channel\/UCFQB7KnGf5tG82qHssJQQLw"]}]}},"_links":{"self":[{"href":"https:\/\/letslearnenglish.com\/it\/wp-json\/wp\/v2\/pages\/4915","targetHints":{"allow":["GET"]}}],"collection":[{"href":"https:\/\/letslearnenglish.com\/it\/wp-json\/wp\/v2\/pages"}],"about":[{"href":"https:\/\/letslearnenglish.com\/it\/wp-json\/wp\/v2\/types\/page"}],"author":[{"embeddable":true,"href":"https:\/\/letslearnenglish.com\/it\/wp-json\/wp\/v2\/users\/1"}],"replies":[{"embeddable":true,"href":"https:\/\/letslearnenglish.com\/it\/wp-json\/wp\/v2\/comments?post=4915"}],"version-history":[{"count":3,"href":"https:\/\/letslearnenglish.com\/it\/wp-json\/wp\/v2\/pages\/4915\/revisions"}],"predecessor-version":[{"id":14033,"href":"https:\/\/letslearnenglish.com\/it\/wp-json\/wp\/v2\/pages\/4915\/revisions\/14033"}],"up":[{"embeddable":true,"href":"https:\/\/letslearnenglish.com\/it\/wp-json\/wp\/v2\/pages\/4890"}],"wp:attachment":[{"href":"https:\/\/letslearnenglish.com\/it\/wp-json\/wp\/v2\/media?parent=4915"}],"curies":[{"name":"wp","href":"https:\/\/api.w.org\/{rel}","templated":true}]}}