{"id":16180,"date":"2024-09-16T17:44:44","date_gmt":"2024-09-16T16:44:44","guid":{"rendered":"https:\/\/letslearnenglish.com\/?page_id=16180"},"modified":"2024-09-30T09:18:32","modified_gmt":"2024-09-30T08:18:32","slug":"movers","status":"publish","type":"page","link":"https:\/\/letslearnenglish.com\/hu\/services\/course-outlines\/movers\/","title":{"rendered":"Let&#8217;s Go Movers"},"content":{"rendered":"<div data-elementor-type=\"wp-page\" data-elementor-id=\"16180\" class=\"elementor elementor-16180\" data-elementor-post-type=\"page\">\n\t\t\t\t<div class=\"elementor-element elementor-element-745074c4 e-flex e-con-boxed e-con e-parent\" data-id=\"745074c4\" data-element_type=\"container\" data-settings=\"{&quot;jet_parallax_layout_list&quot;:[]}\">\n\t\t\t\t\t<div class=\"e-con-inner\">\n\t\t\t\t<div class=\"elementor-element elementor-element-377e6648 elementor-widget elementor-widget-text-editor\" data-id=\"377e6648\" data-element_type=\"widget\" data-widget_type=\"text-editor.default\">\n\t\t\t\t<div class=\"elementor-widget-container\">\n\t\t\t\t\t\t\t\t\t<h3>Introducti<span style=\"color: inherit; letter-spacing: 0.05em;\">on<\/span><\/h3><p>Let\u2019s Go, Movers is an online course, consisting of 30 units of English, and providing approximately 60 hours of study for students.<\/p><h3>Course aims<\/h3><ul><li>To give students at Elementary, CEFR A1 level practice in exam-style questions from the Cambridge Movers examination.<\/li><li>The course tests students\u2019 knowledge of different linguistic devices and lexis required for the exam.<\/li><\/ul><h3>Nyelvtan<\/h3><ul><li>Agree or disagree with someone, using phrases such as \u2018I think so\u2019, \u2018You are right\u2019, \u2018I don\u2019t think so\u2019.<\/li><li>Ask questions and use fixed expressions, such as \u2018How much is\/are &#8230;?\u2019, \u2018What\u2019s the matter?\u2019, \u2018I\u2019m good at &#8230;\u2019.<\/li><li>Understand simple sentences if they read them slowly and several times.<\/li><li>Write simple sentences using words given to them.<\/li><li>Understand when somebody talks about their family or friends in simple sentences.<\/li><li>Ask somebody about how they are and what they like doing and answer similar questions.<\/li><li>Understand simple stories and shorter texts with the help of pictures and drawings.<\/li><li>Write about what they like doing in their free time using words given to them.<\/li><li>Understand instructions given by the teacher in the classroom, such as \u2018You must do this\u2019, \u2018Take off your coats\u2019.<\/li><li>Ask questions about school activities, for example classroom tasks, homework, holidays.<\/li><li>Understand signs and simple notices.<\/li><li>Continue a story or text that has been started in English or add words that are missing.<\/li><\/ul><h3>Sz\u00f3kincs<\/h3><p>By the end of the course students will have learnt lexical items connected with the following topics:<\/p><ul><li>Animals<\/li><li>Body and health<\/li><li>Clothes<\/li><li>Family and friends<\/li><li>Food and drink<\/li><li>The home<\/li><li>Places and directions<\/li><li>Iskola<\/li><li>Sports and leisure<\/li><li>Time and numbers<\/li><li>Transport<\/li><li>Weather<\/li><li>Work<\/li><li>The world around us<\/li><\/ul><h3>Skills<\/h3><p>By the end of the course students will have had exposure to and practice in reading and hearing English from a variety of contexts.<\/p><h3>Unit summary<\/h3><div class=\"module-table-group\"><h4>Module 1<\/h4><ul><li><strong>Reading and writing<\/strong>: Animals<\/li><li><strong>Hallgat\u00e1s<\/strong>: Animals<\/li><\/ul><\/div><div class=\"module-table-group\"><h4>Module 2<\/h4><ul><li><strong>Reading and writing<\/strong>: Body and health<\/li><li><strong>Hallgat\u00e1s<\/strong>: Body and health<\/li><\/ul><\/div><div class=\"module-table-group\"><h4>Module 3<\/h4><ul><li><strong>Reading and writing<\/strong>: Clothes<\/li><li><strong>Hallgat\u00e1s<\/strong>: Clothes<\/li><\/ul><\/div><div class=\"module-table-group\"><h4>Module 4<\/h4><ul><li><strong>Reading and writing<\/strong>: Family and friends<\/li><li><strong>Hallgat\u00e1s<\/strong>: Family and friends<\/li><\/ul><\/div><div class=\"module-table-group\"><h4>Module 5<\/h4><ul><li><strong>Reading and writing<\/strong>: Food and drink<\/li><li><strong>Hallgat\u00e1s<\/strong>: Food and drink<\/li><\/ul><\/div><div class=\"module-table-group\"><h4>Module 6<\/h4><ul><li><strong>Reading and writing<\/strong>: Home<\/li><li><strong>Hallgat\u00e1s<\/strong>: Home<\/li><\/ul><\/div><div class=\"module-table-group\"><h4>Module 7<\/h4><ul><li><strong>Reading and writing<\/strong>: Colours<\/li><li><strong>Hallgat\u00e1s<\/strong>: Colours<\/li><\/ul><\/div><div class=\"module-table-group\"><h4>Module 8<\/h4><ul><li><strong>Reading and writing<\/strong>: School<\/li><li><strong>Hallgat\u00e1s<\/strong>: School<\/li><\/ul><\/div><div class=\"module-table-group\"><h4>Module 9<\/h4><ul><li><strong>Reading and writing<\/strong>: Sports and leisure<\/li><li><strong>Hallgat\u00e1s<\/strong>: Sports and leisure<\/li><\/ul><\/div><div class=\"module-table-group\"><h4>Module 10<\/h4><ul><li><strong>Reading and writing<\/strong>: Time and numbers<\/li><li><strong>Hallgat\u00e1s<\/strong>: Time and numbers<\/li><\/ul><\/div><div class=\"module-table-group\"><h4>Module 11<\/h4><ul><li><strong>Reading and writing<\/strong>: Transport<\/li><li><strong>Hallgat\u00e1s<\/strong>: Transport<\/li><\/ul><\/div><div class=\"module-table-group\"><h4>Module 12<\/h4><ul><li><strong>Reading and writing<\/strong>: Weather and our world<\/li><li><strong>Hallgat\u00e1s<\/strong>: Weather and our world<\/li><\/ul><\/div><h3>Follow-up<\/h3><p>Students completing the Let\u2019s Go, Movers course should feel confident in tackling any pre-intermediate course, including our Let\u2019s Go, Flyers course.<\/p>\t\t\t\t\t\t\t\t<\/div>\n\t\t\t\t<\/div>\n\t\t\t\t\t<\/div>\n\t\t\t\t<\/div>\n\t\t\t\t<\/div>","protected":false},"excerpt":{"rendered":"<p>Introduction Let\u2019s Go, Movers is an online course, consisting of 30 units of English, and providing approximately 60 hours of study for students. Course aims To give students at Elementary, CEFR A1 level practice in exam-style questions from the Cambridge Movers examination. The course tests students\u2019 knowledge of different linguistic devices and lexis required for [&hellip;]<\/p>","protected":false},"author":5,"featured_media":0,"parent":14791,"menu_order":0,"comment_status":"closed","ping_status":"closed","template":"","meta":{"_jet_sm_ready_style":"","_jet_sm_style":"","_jet_sm_controls_values":"","_jet_sm_fonts_collection":"","_jet_sm_fonts_links":"","footnotes":""},"class_list":["post-16180","page","type-page","status-publish","hentry"],"yoast_head":"<!-- This site is optimized with the Yoast SEO plugin v26.3 - https:\/\/yoast.com\/wordpress\/plugins\/seo\/ -->\n<title>Let&#039;s Go Movers<\/title>\n<meta name=\"robots\" content=\"index, follow, max-snippet:-1, max-image-preview:large, max-video-preview:-1\" \/>\n<link rel=\"canonical\" href=\"https:\/\/letslearnenglish.com\/hu\/services\/course-outlines\/movers\/\" \/>\n<meta property=\"og:locale\" content=\"hu_HU\" \/>\n<meta property=\"og:type\" content=\"article\" \/>\n<meta property=\"og:title\" content=\"Let&#039;s Go Movers\" \/>\n<meta property=\"og:description\" content=\"Introduction Let\u2019s Go, Movers is an online course, consisting of 30 units of English, and providing approximately 60 hours of study for students. Course aims To give students at Elementary, CEFR A1 level practice in exam-style questions from the Cambridge Movers examination. The course tests students\u2019 knowledge of different linguistic devices and lexis required for [&hellip;]\" \/>\n<meta property=\"og:url\" content=\"https:\/\/letslearnenglish.com\/hu\/services\/course-outlines\/movers\/\" \/>\n<meta property=\"og:site_name\" content=\"Let&#039;s Learn English\" \/>\n<meta property=\"article:publisher\" content=\"https:\/\/www.facebook.com\/letslearnenglishcom\/\" \/>\n<meta property=\"article:modified_time\" content=\"2024-09-30T08:18:32+00:00\" \/>\n<meta name=\"twitter:card\" content=\"summary_large_image\" \/>\n<meta name=\"twitter:site\" content=\"@LLEgold\" \/>\n<meta name=\"twitter:label1\" content=\"Becs\u00fclt olvas\u00e1si id\u0151\" \/>\n\t<meta name=\"twitter:data1\" content=\"3 perc\" \/>\n<script type=\"application\/ld+json\" class=\"yoast-schema-graph\">{\"@context\":\"https:\/\/schema.org\",\"@graph\":[{\"@type\":\"WebPage\",\"@id\":\"https:\/\/letslearnenglish.com\/services\/course-outlines\/movers\/\",\"url\":\"https:\/\/letslearnenglish.com\/services\/course-outlines\/movers\/\",\"name\":\"Let's Go Movers\",\"isPartOf\":{\"@id\":\"https:\/\/letslearnenglish.com\/#website\"},\"datePublished\":\"2024-09-16T16:44:44+00:00\",\"dateModified\":\"2024-09-30T08:18:32+00:00\",\"breadcrumb\":{\"@id\":\"https:\/\/letslearnenglish.com\/services\/course-outlines\/movers\/#breadcrumb\"},\"inLanguage\":\"hu\",\"potentialAction\":[{\"@type\":\"ReadAction\",\"target\":[\"https:\/\/letslearnenglish.com\/services\/course-outlines\/movers\/\"]}]},{\"@type\":\"BreadcrumbList\",\"@id\":\"https:\/\/letslearnenglish.com\/services\/course-outlines\/movers\/#breadcrumb\",\"itemListElement\":[{\"@type\":\"ListItem\",\"position\":1,\"name\":\"Home\",\"item\":\"https:\/\/letslearnenglish.com\/\"},{\"@type\":\"ListItem\",\"position\":2,\"name\":\"Services\",\"item\":\"https:\/\/letslearnenglish.com\/services\/\"},{\"@type\":\"ListItem\",\"position\":3,\"name\":\"Course outlines\",\"item\":\"https:\/\/letslearnenglish.com\/services\/course-outlines\/\"},{\"@type\":\"ListItem\",\"position\":4,\"name\":\"Let&#8217;s Go Movers\"}]},{\"@type\":\"WebSite\",\"@id\":\"https:\/\/letslearnenglish.com\/#website\",\"url\":\"https:\/\/letslearnenglish.com\/\",\"name\":\"Let's Learn English\",\"description\":\"e-Learning platform with the largest database of material ready built in.\",\"publisher\":{\"@id\":\"https:\/\/letslearnenglish.com\/#organization\"},\"potentialAction\":[{\"@type\":\"SearchAction\",\"target\":{\"@type\":\"EntryPoint\",\"urlTemplate\":\"https:\/\/letslearnenglish.com\/?s={search_term_string}\"},\"query-input\":{\"@type\":\"PropertyValueSpecification\",\"valueRequired\":true,\"valueName\":\"search_term_string\"}}],\"inLanguage\":\"hu\"},{\"@type\":\"Organization\",\"@id\":\"https:\/\/letslearnenglish.com\/#organization\",\"name\":\"Let's Learn English\",\"url\":\"https:\/\/letslearnenglish.com\/\",\"logo\":{\"@type\":\"ImageObject\",\"inLanguage\":\"hu\",\"@id\":\"https:\/\/letslearnenglish.com\/#\/schema\/logo\/image\/\",\"url\":\"https:\/\/letslearnenglish.com\/wp-content\/uploads\/2017\/06\/newlogo.png\",\"contentUrl\":\"https:\/\/letslearnenglish.com\/wp-content\/uploads\/2017\/06\/newlogo.png\",\"width\":230,\"height\":110,\"caption\":\"Let's Learn English\"},\"image\":{\"@id\":\"https:\/\/letslearnenglish.com\/#\/schema\/logo\/image\/\"},\"sameAs\":[\"https:\/\/www.facebook.com\/letslearnenglishcom\/\",\"https:\/\/x.com\/LLEgold\",\"https:\/\/pinterest.com\/LLEgold\/\",\"https:\/\/www.youtube.com\/channel\/UCFQB7KnGf5tG82qHssJQQLw\"]}]}<\/script>\n<!-- \/ Yoast SEO plugin. -->","yoast_head_json":{"title":"Let's Go Movers","robots":{"index":"index","follow":"follow","max-snippet":"max-snippet:-1","max-image-preview":"max-image-preview:large","max-video-preview":"max-video-preview:-1"},"canonical":"https:\/\/letslearnenglish.com\/hu\/services\/course-outlines\/movers\/","og_locale":"hu_HU","og_type":"article","og_title":"Let's Go Movers","og_description":"Introduction Let\u2019s Go, Movers is an online course, consisting of 30 units of English, and providing approximately 60 hours of study for students. Course aims To give students at Elementary, CEFR A1 level practice in exam-style questions from the Cambridge Movers examination. The course tests students\u2019 knowledge of different linguistic devices and lexis required for [&hellip;]","og_url":"https:\/\/letslearnenglish.com\/hu\/services\/course-outlines\/movers\/","og_site_name":"Let&#039;s Learn English","article_publisher":"https:\/\/www.facebook.com\/letslearnenglishcom\/","article_modified_time":"2024-09-30T08:18:32+00:00","twitter_card":"summary_large_image","twitter_site":"@LLEgold","twitter_misc":{"Becs\u00fclt olvas\u00e1si id\u0151":"3 perc"},"schema":{"@context":"https:\/\/schema.org","@graph":[{"@type":"WebPage","@id":"https:\/\/letslearnenglish.com\/services\/course-outlines\/movers\/","url":"https:\/\/letslearnenglish.com\/services\/course-outlines\/movers\/","name":"Let's Go Movers","isPartOf":{"@id":"https:\/\/letslearnenglish.com\/#website"},"datePublished":"2024-09-16T16:44:44+00:00","dateModified":"2024-09-30T08:18:32+00:00","breadcrumb":{"@id":"https:\/\/letslearnenglish.com\/services\/course-outlines\/movers\/#breadcrumb"},"inLanguage":"hu","potentialAction":[{"@type":"ReadAction","target":["https:\/\/letslearnenglish.com\/services\/course-outlines\/movers\/"]}]},{"@type":"BreadcrumbList","@id":"https:\/\/letslearnenglish.com\/services\/course-outlines\/movers\/#breadcrumb","itemListElement":[{"@type":"ListItem","position":1,"name":"Home","item":"https:\/\/letslearnenglish.com\/"},{"@type":"ListItem","position":2,"name":"Services","item":"https:\/\/letslearnenglish.com\/services\/"},{"@type":"ListItem","position":3,"name":"Course outlines","item":"https:\/\/letslearnenglish.com\/services\/course-outlines\/"},{"@type":"ListItem","position":4,"name":"Let&#8217;s Go Movers"}]},{"@type":"WebSite","@id":"https:\/\/letslearnenglish.com\/#website","url":"https:\/\/letslearnenglish.com\/","name":"Let's Learn English","description":"e-Learning platform with the largest database of material ready built in.","publisher":{"@id":"https:\/\/letslearnenglish.com\/#organization"},"potentialAction":[{"@type":"SearchAction","target":{"@type":"EntryPoint","urlTemplate":"https:\/\/letslearnenglish.com\/?s={search_term_string}"},"query-input":{"@type":"PropertyValueSpecification","valueRequired":true,"valueName":"search_term_string"}}],"inLanguage":"hu"},{"@type":"Organization","@id":"https:\/\/letslearnenglish.com\/#organization","name":"Let's Learn English","url":"https:\/\/letslearnenglish.com\/","logo":{"@type":"ImageObject","inLanguage":"hu","@id":"https:\/\/letslearnenglish.com\/#\/schema\/logo\/image\/","url":"https:\/\/letslearnenglish.com\/wp-content\/uploads\/2017\/06\/newlogo.png","contentUrl":"https:\/\/letslearnenglish.com\/wp-content\/uploads\/2017\/06\/newlogo.png","width":230,"height":110,"caption":"Let's Learn English"},"image":{"@id":"https:\/\/letslearnenglish.com\/#\/schema\/logo\/image\/"},"sameAs":["https:\/\/www.facebook.com\/letslearnenglishcom\/","https:\/\/x.com\/LLEgold","https:\/\/pinterest.com\/LLEgold\/","https:\/\/www.youtube.com\/channel\/UCFQB7KnGf5tG82qHssJQQLw"]}]}},"_links":{"self":[{"href":"https:\/\/letslearnenglish.com\/hu\/wp-json\/wp\/v2\/pages\/16180","targetHints":{"allow":["GET"]}}],"collection":[{"href":"https:\/\/letslearnenglish.com\/hu\/wp-json\/wp\/v2\/pages"}],"about":[{"href":"https:\/\/letslearnenglish.com\/hu\/wp-json\/wp\/v2\/types\/page"}],"author":[{"embeddable":true,"href":"https:\/\/letslearnenglish.com\/hu\/wp-json\/wp\/v2\/users\/5"}],"replies":[{"embeddable":true,"href":"https:\/\/letslearnenglish.com\/hu\/wp-json\/wp\/v2\/comments?post=16180"}],"version-history":[{"count":10,"href":"https:\/\/letslearnenglish.com\/hu\/wp-json\/wp\/v2\/pages\/16180\/revisions"}],"predecessor-version":[{"id":17155,"href":"https:\/\/letslearnenglish.com\/hu\/wp-json\/wp\/v2\/pages\/16180\/revisions\/17155"}],"up":[{"embeddable":true,"href":"https:\/\/letslearnenglish.com\/hu\/wp-json\/wp\/v2\/pages\/14791"}],"wp:attachment":[{"href":"https:\/\/letslearnenglish.com\/hu\/wp-json\/wp\/v2\/media?parent=16180"}],"curies":[{"name":"wp","href":"https:\/\/api.w.org\/{rel}","templated":true}]}}