{"id":15490,"date":"2024-09-11T16:06:58","date_gmt":"2024-09-11T15:06:58","guid":{"rendered":"https:\/\/letslearnenglish.com\/?page_id=15490"},"modified":"2024-09-30T11:23:24","modified_gmt":"2024-09-30T10:23:24","slug":"complete-89","status":"publish","type":"page","link":"https:\/\/letslearnenglish.com\/hu\/services\/course-outlines\/complete-89\/","title":{"rendered":"Complete 89"},"content":{"rendered":"<div data-elementor-type=\"wp-page\" data-elementor-id=\"15490\" class=\"elementor elementor-15490\" data-elementor-post-type=\"page\">\n\t\t\t\t<div class=\"elementor-element elementor-element-bb279e0 e-flex e-con-boxed e-con e-parent\" data-id=\"bb279e0\" data-element_type=\"container\" data-settings=\"{&quot;jet_parallax_layout_list&quot;:[]}\">\n\t\t\t\t\t<div class=\"e-con-inner\">\n\t\t\t\t<div class=\"elementor-element elementor-element-ec0a4 elementor-widget elementor-widget-text-editor\" data-id=\"ec0a4\" data-element_type=\"widget\" data-widget_type=\"text-editor.default\">\n\t\t\t\t<div class=\"elementor-widget-container\">\n\t\t\t\t\t\t\t\t\t<h3>Introduction<\/h3><p>Complete English Level 89: Health is an online course, consisting of 15 units of English, and providing approximately 15 hours of study for students.<\/p><h3>Course aims<\/h3><ul><li>As part of a series of short courses, this course, along with levels 76 &#8211; 90, aims to take students from CEFR Level C1 Advanced to CEFR Level C2 Advanced Plus.<\/li><li>The course blends grammatical structures necessary for this level, with vocabulary, including simple verb + preposition combinations, spelling, reading, listening, writing, and speaking.<\/li><\/ul><h3>Nyelvtan<\/h3><ul><li>By the end of the course, students will be confident in using mixed conditionals, with different time references in each clause, and using &#8220;wish&#8221; in different forms to talk about hypothetical desires.<\/li><\/ul><h3>Sz\u00f3kincs<\/h3><ul><li>By the end of the course, students will have learned approximately 50 lexical items in the form of simple lexical sets.<\/li><\/ul><h3>Unit Summary<\/h3><div class=\"module-table-group\"><h4>Unit 1<\/h4><ul><li><strong>Nyelvtan<\/strong>: Mixed Conditionals<\/li><\/ul><p>\u00a0<\/p><\/div><div class=\"module-table-group\"><h4>Unit 2<\/h4><ul><li><strong>Sz\u00f3kincs<\/strong>: Ways of moving<\/li><\/ul><p>\u00a0<\/p><\/div><div class=\"module-table-group\"><h4>Unit 3<\/h4><ul><li><strong>Olvas\u00e1s<\/strong>: Smoking<\/li><\/ul><p>\u00a0<\/p><\/div><div class=\"module-table-group\"><h4>Unit 4<\/h4><ul><li><strong>Hallgat\u00e1s<\/strong>: Bacteria<\/li><\/ul><p>\u00a0<\/p><\/div><div class=\"module-table-group\"><h4>Unit 5<\/h4><ul><li><strong>Besz\u00e9lget\u00e9s<\/strong>: Health<\/li><\/ul><p>\u00a0<\/p><\/div><div class=\"module-table-group\"><h4>Unit 6<\/h4><ul><li><strong>Nyelvtan<\/strong>: Wishes<\/li><\/ul><p>\u00a0<\/p><\/div><div class=\"module-table-group\"><h4>Unit 7<\/h4><ul><li><strong>Sz\u00f3kincs<\/strong>: Ways of holding<\/li><\/ul><p>\u00a0<\/p><\/div><div class=\"module-table-group\"><h4>Unit 8<\/h4><ul><li><strong>Olvas\u00e1s<\/strong>: My fishing accident<\/li><\/ul><p>\u00a0<\/p><\/div><div class=\"module-table-group\"><h4>Unit 9<\/h4><ul><li><strong>Hallgat\u00e1s<\/strong>: The Sweat &#8211; a Tudor England plague<\/li><\/ul><p>\u00a0<\/p><\/div><div class=\"module-table-group\"><h4>Unit 10<\/h4><ul><li><strong>Sz\u00f3kincs<\/strong>: Phrasal verbs<\/li><\/ul><p>\u00a0<\/p><\/div><div class=\"module-table-group\"><h4>Unit 11<\/h4><ul><li><strong>\u00cdr\u00e1s<\/strong>: Health<\/li><\/ul><p>\u00a0<\/p><\/div><div class=\"module-table-group\"><h4>Unit 12<\/h4><ul><li><strong>Spelling<\/strong>: Spelling test<\/li><\/ul><p>\u00a0<\/p><\/div><div class=\"module-table-group\"><h4>Unit 13<\/h4><ul><li><strong>Pronunciation<\/strong>: Guess and Yes + connected speech<\/li><\/ul><p>\u00a0<\/p><\/div><div class=\"module-table-group\"><h4>Unit 14<\/h4><ul><li><strong>Revision<\/strong>: Revision of course content<\/li><\/ul><p>\u00a0<\/p><\/div><h3>Follow-up<\/h3><p>Students completing the Complete English Level 89 course should move on to Complete English Level 90.<\/p>\t\t\t\t\t\t\t\t<\/div>\n\t\t\t\t<\/div>\n\t\t\t\t\t<\/div>\n\t\t\t\t<\/div>\n\t\t\t\t<\/div>","protected":false},"excerpt":{"rendered":"<p>Introduction Complete English Level 89: Health is an online course, consisting of 15 units of English, and providing approximately 15 hours of study for students. Course aims As part of a series of short courses, this course, along with levels 76 &#8211; 90, aims to take students from CEFR Level C1 Advanced to CEFR Level [&hellip;]<\/p>","protected":false},"author":5,"featured_media":0,"parent":14791,"menu_order":0,"comment_status":"closed","ping_status":"closed","template":"","meta":{"_jet_sm_ready_style":"","_jet_sm_style":"","_jet_sm_controls_values":"","_jet_sm_fonts_collection":"","_jet_sm_fonts_links":"","footnotes":""},"class_list":["post-15490","page","type-page","status-publish","hentry"],"yoast_head":"<!-- This site is optimized with the Yoast SEO plugin v26.3 - https:\/\/yoast.com\/wordpress\/plugins\/seo\/ -->\n<title>Complete 89<\/title>\n<meta name=\"robots\" content=\"index, follow, max-snippet:-1, max-image-preview:large, max-video-preview:-1\" \/>\n<link rel=\"canonical\" href=\"https:\/\/letslearnenglish.com\/hu\/services\/course-outlines\/complete-89\/\" \/>\n<meta property=\"og:locale\" content=\"hu_HU\" \/>\n<meta property=\"og:type\" content=\"article\" \/>\n<meta property=\"og:title\" content=\"Complete 89\" \/>\n<meta property=\"og:description\" content=\"Introduction Complete English Level 89: Health is an online course, consisting of 15 units of English, and providing approximately 15 hours of study for students. Course aims As part of a series of short courses, this course, along with levels 76 &#8211; 90, aims to take students from CEFR Level C1 Advanced to CEFR Level [&hellip;]\" \/>\n<meta property=\"og:url\" content=\"https:\/\/letslearnenglish.com\/hu\/services\/course-outlines\/complete-89\/\" \/>\n<meta property=\"og:site_name\" content=\"Let&#039;s Learn English\" \/>\n<meta property=\"article:publisher\" content=\"https:\/\/www.facebook.com\/letslearnenglishcom\/\" \/>\n<meta property=\"article:modified_time\" content=\"2024-09-30T10:23:24+00:00\" \/>\n<meta name=\"twitter:card\" content=\"summary_large_image\" \/>\n<meta name=\"twitter:site\" content=\"@LLEgold\" \/>\n<meta name=\"twitter:label1\" content=\"Becs\u00fclt olvas\u00e1si id\u0151\" \/>\n\t<meta name=\"twitter:data1\" content=\"2 perc\" \/>\n<script type=\"application\/ld+json\" class=\"yoast-schema-graph\">{\"@context\":\"https:\/\/schema.org\",\"@graph\":[{\"@type\":\"WebPage\",\"@id\":\"https:\/\/letslearnenglish.com\/services\/course-outlines\/complete-89\/\",\"url\":\"https:\/\/letslearnenglish.com\/services\/course-outlines\/complete-89\/\",\"name\":\"Complete 89\",\"isPartOf\":{\"@id\":\"https:\/\/letslearnenglish.com\/#website\"},\"datePublished\":\"2024-09-11T15:06:58+00:00\",\"dateModified\":\"2024-09-30T10:23:24+00:00\",\"breadcrumb\":{\"@id\":\"https:\/\/letslearnenglish.com\/services\/course-outlines\/complete-89\/#breadcrumb\"},\"inLanguage\":\"hu\",\"potentialAction\":[{\"@type\":\"ReadAction\",\"target\":[\"https:\/\/letslearnenglish.com\/services\/course-outlines\/complete-89\/\"]}]},{\"@type\":\"BreadcrumbList\",\"@id\":\"https:\/\/letslearnenglish.com\/services\/course-outlines\/complete-89\/#breadcrumb\",\"itemListElement\":[{\"@type\":\"ListItem\",\"position\":1,\"name\":\"Home\",\"item\":\"https:\/\/letslearnenglish.com\/\"},{\"@type\":\"ListItem\",\"position\":2,\"name\":\"Services\",\"item\":\"https:\/\/letslearnenglish.com\/services\/\"},{\"@type\":\"ListItem\",\"position\":3,\"name\":\"Course outlines\",\"item\":\"https:\/\/letslearnenglish.com\/services\/course-outlines\/\"},{\"@type\":\"ListItem\",\"position\":4,\"name\":\"Complete 89\"}]},{\"@type\":\"WebSite\",\"@id\":\"https:\/\/letslearnenglish.com\/#website\",\"url\":\"https:\/\/letslearnenglish.com\/\",\"name\":\"Let's Learn English\",\"description\":\"e-Learning platform with the largest database of material ready built in.\",\"publisher\":{\"@id\":\"https:\/\/letslearnenglish.com\/#organization\"},\"potentialAction\":[{\"@type\":\"SearchAction\",\"target\":{\"@type\":\"EntryPoint\",\"urlTemplate\":\"https:\/\/letslearnenglish.com\/?s={search_term_string}\"},\"query-input\":{\"@type\":\"PropertyValueSpecification\",\"valueRequired\":true,\"valueName\":\"search_term_string\"}}],\"inLanguage\":\"hu\"},{\"@type\":\"Organization\",\"@id\":\"https:\/\/letslearnenglish.com\/#organization\",\"name\":\"Let's Learn English\",\"url\":\"https:\/\/letslearnenglish.com\/\",\"logo\":{\"@type\":\"ImageObject\",\"inLanguage\":\"hu\",\"@id\":\"https:\/\/letslearnenglish.com\/#\/schema\/logo\/image\/\",\"url\":\"https:\/\/letslearnenglish.com\/wp-content\/uploads\/2017\/06\/newlogo.png\",\"contentUrl\":\"https:\/\/letslearnenglish.com\/wp-content\/uploads\/2017\/06\/newlogo.png\",\"width\":230,\"height\":110,\"caption\":\"Let's Learn English\"},\"image\":{\"@id\":\"https:\/\/letslearnenglish.com\/#\/schema\/logo\/image\/\"},\"sameAs\":[\"https:\/\/www.facebook.com\/letslearnenglishcom\/\",\"https:\/\/x.com\/LLEgold\",\"https:\/\/pinterest.com\/LLEgold\/\",\"https:\/\/www.youtube.com\/channel\/UCFQB7KnGf5tG82qHssJQQLw\"]}]}<\/script>\n<!-- \/ Yoast SEO plugin. -->","yoast_head_json":{"title":"Complete 89","robots":{"index":"index","follow":"follow","max-snippet":"max-snippet:-1","max-image-preview":"max-image-preview:large","max-video-preview":"max-video-preview:-1"},"canonical":"https:\/\/letslearnenglish.com\/hu\/services\/course-outlines\/complete-89\/","og_locale":"hu_HU","og_type":"article","og_title":"Complete 89","og_description":"Introduction Complete English Level 89: Health is an online course, consisting of 15 units of English, and providing approximately 15 hours of study for students. Course aims As part of a series of short courses, this course, along with levels 76 &#8211; 90, aims to take students from CEFR Level C1 Advanced to CEFR Level [&hellip;]","og_url":"https:\/\/letslearnenglish.com\/hu\/services\/course-outlines\/complete-89\/","og_site_name":"Let&#039;s Learn English","article_publisher":"https:\/\/www.facebook.com\/letslearnenglishcom\/","article_modified_time":"2024-09-30T10:23:24+00:00","twitter_card":"summary_large_image","twitter_site":"@LLEgold","twitter_misc":{"Becs\u00fclt olvas\u00e1si id\u0151":"2 perc"},"schema":{"@context":"https:\/\/schema.org","@graph":[{"@type":"WebPage","@id":"https:\/\/letslearnenglish.com\/services\/course-outlines\/complete-89\/","url":"https:\/\/letslearnenglish.com\/services\/course-outlines\/complete-89\/","name":"Complete 89","isPartOf":{"@id":"https:\/\/letslearnenglish.com\/#website"},"datePublished":"2024-09-11T15:06:58+00:00","dateModified":"2024-09-30T10:23:24+00:00","breadcrumb":{"@id":"https:\/\/letslearnenglish.com\/services\/course-outlines\/complete-89\/#breadcrumb"},"inLanguage":"hu","potentialAction":[{"@type":"ReadAction","target":["https:\/\/letslearnenglish.com\/services\/course-outlines\/complete-89\/"]}]},{"@type":"BreadcrumbList","@id":"https:\/\/letslearnenglish.com\/services\/course-outlines\/complete-89\/#breadcrumb","itemListElement":[{"@type":"ListItem","position":1,"name":"Home","item":"https:\/\/letslearnenglish.com\/"},{"@type":"ListItem","position":2,"name":"Services","item":"https:\/\/letslearnenglish.com\/services\/"},{"@type":"ListItem","position":3,"name":"Course outlines","item":"https:\/\/letslearnenglish.com\/services\/course-outlines\/"},{"@type":"ListItem","position":4,"name":"Complete 89"}]},{"@type":"WebSite","@id":"https:\/\/letslearnenglish.com\/#website","url":"https:\/\/letslearnenglish.com\/","name":"Let's Learn English","description":"e-Learning platform with the largest database of material ready built in.","publisher":{"@id":"https:\/\/letslearnenglish.com\/#organization"},"potentialAction":[{"@type":"SearchAction","target":{"@type":"EntryPoint","urlTemplate":"https:\/\/letslearnenglish.com\/?s={search_term_string}"},"query-input":{"@type":"PropertyValueSpecification","valueRequired":true,"valueName":"search_term_string"}}],"inLanguage":"hu"},{"@type":"Organization","@id":"https:\/\/letslearnenglish.com\/#organization","name":"Let's Learn English","url":"https:\/\/letslearnenglish.com\/","logo":{"@type":"ImageObject","inLanguage":"hu","@id":"https:\/\/letslearnenglish.com\/#\/schema\/logo\/image\/","url":"https:\/\/letslearnenglish.com\/wp-content\/uploads\/2017\/06\/newlogo.png","contentUrl":"https:\/\/letslearnenglish.com\/wp-content\/uploads\/2017\/06\/newlogo.png","width":230,"height":110,"caption":"Let's Learn English"},"image":{"@id":"https:\/\/letslearnenglish.com\/#\/schema\/logo\/image\/"},"sameAs":["https:\/\/www.facebook.com\/letslearnenglishcom\/","https:\/\/x.com\/LLEgold","https:\/\/pinterest.com\/LLEgold\/","https:\/\/www.youtube.com\/channel\/UCFQB7KnGf5tG82qHssJQQLw"]}]}},"_links":{"self":[{"href":"https:\/\/letslearnenglish.com\/hu\/wp-json\/wp\/v2\/pages\/15490","targetHints":{"allow":["GET"]}}],"collection":[{"href":"https:\/\/letslearnenglish.com\/hu\/wp-json\/wp\/v2\/pages"}],"about":[{"href":"https:\/\/letslearnenglish.com\/hu\/wp-json\/wp\/v2\/types\/page"}],"author":[{"embeddable":true,"href":"https:\/\/letslearnenglish.com\/hu\/wp-json\/wp\/v2\/users\/5"}],"replies":[{"embeddable":true,"href":"https:\/\/letslearnenglish.com\/hu\/wp-json\/wp\/v2\/comments?post=15490"}],"version-history":[{"count":12,"href":"https:\/\/letslearnenglish.com\/hu\/wp-json\/wp\/v2\/pages\/15490\/revisions"}],"predecessor-version":[{"id":17723,"href":"https:\/\/letslearnenglish.com\/hu\/wp-json\/wp\/v2\/pages\/15490\/revisions\/17723"}],"up":[{"embeddable":true,"href":"https:\/\/letslearnenglish.com\/hu\/wp-json\/wp\/v2\/pages\/14791"}],"wp:attachment":[{"href":"https:\/\/letslearnenglish.com\/hu\/wp-json\/wp\/v2\/media?parent=15490"}],"curies":[{"name":"wp","href":"https:\/\/api.w.org\/{rel}","templated":true}]}}