{"id":15466,"date":"2024-09-11T16:27:32","date_gmt":"2024-09-11T15:27:32","guid":{"rendered":"https:\/\/letslearnenglish.com\/?page_id=15466"},"modified":"2024-09-30T11:10:45","modified_gmt":"2024-09-30T10:10:45","slug":"complete-61","status":"publish","type":"page","link":"https:\/\/letslearnenglish.com\/hu\/services\/course-outlines\/complete-61\/","title":{"rendered":"Complete 61"},"content":{"rendered":"<div data-elementor-type=\"wp-page\" data-elementor-id=\"15466\" class=\"elementor elementor-15466\" data-elementor-post-type=\"page\">\n\t\t\t\t<div class=\"elementor-element elementor-element-ed52adb e-flex e-con-boxed e-con e-parent\" data-id=\"ed52adb\" data-element_type=\"container\" data-settings=\"{&quot;jet_parallax_layout_list&quot;:[]}\">\n\t\t\t\t\t<div class=\"e-con-inner\">\n\t\t\t\t<div class=\"elementor-element elementor-element-ba18bb1 elementor-widget elementor-widget-text-editor\" data-id=\"ba18bb1\" data-element_type=\"widget\" data-widget_type=\"text-editor.default\">\n\t\t\t\t<div class=\"elementor-widget-container\">\n\t\t\t\t\t\t\t\t\t<h3>Introduction<\/h3><p>Complete English Level 61: Shopping is an online course, consisting of 15 units of English, and providing approximately 15 hours of study for students.<\/p><h3>Course aims<\/h3><ul><li>As part of a series of short courses, this course, along with levels 61 &#8211; 75, aims to take students from CEFR Level B2 Upper Intermediate to CEFR Level C1 Advanced.<\/li><li>The course blends grammatical structures necessary for this level, with vocabulary, spelling, reading, listening, writing, and speaking.<\/li><\/ul><h3>Nyelvtan<\/h3><ul><li>By the end of the course, students will confidently use the second conditional to talk about future situations and their possible results, and sequence markers to indicate new sections in speech and writing.<\/li><\/ul><h3>Sz\u00f3kincs<\/h3><ul><li>By the end of the course, students will have learned approximately 50 lexical items in the form of simple lexical sets.<\/li><\/ul><h3>Unit Summary<\/h3><div class=\"module-table-group\"><h4>Unit 1<\/h4><ul><li><strong>Nyelvtan<\/strong>: Second Conditional<\/li><\/ul><p>\u00a0<\/p><\/div><div class=\"module-table-group\"><h4>Unit 2<\/h4><ul><li><strong>Sz\u00f3kincs<\/strong>: Positive Adjectives<\/li><\/ul><p>\u00a0<\/p><\/div><div class=\"module-table-group\"><h4>Unit 3<\/h4><ul><li><strong>Olvas\u00e1s<\/strong>: See it, buy it!<\/li><\/ul><p>\u00a0<\/p><\/div><div class=\"module-table-group\"><h4>Unit 4<\/h4><ul><li><strong>Hallgat\u00e1s<\/strong>: Shopping Madness<\/li><\/ul><p>\u00a0<\/p><\/div><div class=\"module-table-group\"><h4>Unit 5<\/h4><ul><li><strong>Besz\u00e9lget\u00e9s<\/strong>: Shopping<\/li><\/ul><p>\u00a0<\/p><\/div><div class=\"module-table-group\"><h4>Unit 6<\/h4><ul><li><strong>Nyelvtan<\/strong>: Sequence Markers<\/li><\/ul><p>\u00a0<\/p><\/div><div class=\"module-table-group\"><h4>Unit 7<\/h4><ul><li><strong>Sz\u00f3kincs<\/strong>: Verbs of Speaking<\/li><\/ul><p>\u00a0<\/p><\/div><div class=\"module-table-group\"><h4>Unit 8<\/h4><ul><li><strong>Olvas\u00e1s<\/strong>: The Death of the Shopping Mall<\/li><\/ul><p>\u00a0<\/p><\/div><div class=\"module-table-group\"><h4>Unit 9<\/h4><ul><li><strong>Hallgat\u00e1s<\/strong>: Fitness Trackers<\/li><\/ul><p>\u00a0<\/p><\/div><div class=\"module-table-group\"><h4>Unit 10<\/h4><ul><li><strong>Sz\u00f3kincs<\/strong>: Wordbuilding<\/li><\/ul><p>\u00a0<\/p><\/div><div class=\"module-table-group\"><h4>Unit 11<\/h4><ul><li><strong>\u00cdr\u00e1s<\/strong>: Shopping<\/li><\/ul><p>\u00a0<\/p><\/div><div class=\"module-table-group\"><h4>Unit 12<\/h4><ul><li><strong>Pronunciation<\/strong>: Shine and Sign + Connected Speech<\/li><\/ul><p>\u00a0<\/p><\/div><div class=\"module-table-group\"><h4>Unit 13<\/h4><ul><li><strong>Revision<\/strong>: Revision of Course Content<\/li><\/ul><p>\u00a0<\/p><\/div><h3>Follow-up<\/h3><p>Students completing the Complete English Level 61 course should move on to Complete English Level 62.<\/p>\t\t\t\t\t\t\t\t<\/div>\n\t\t\t\t<\/div>\n\t\t\t\t\t<\/div>\n\t\t\t\t<\/div>\n\t\t\t\t<\/div>","protected":false},"excerpt":{"rendered":"<p>Introduction Complete English Level 61: Shopping is an online course, consisting of 15 units of English, and providing approximately 15 hours of study for students. Course aims As part of a series of short courses, this course, along with levels 61 &#8211; 75, aims to take students from CEFR Level B2 Upper Intermediate to CEFR [&hellip;]<\/p>","protected":false},"author":5,"featured_media":0,"parent":14791,"menu_order":0,"comment_status":"closed","ping_status":"closed","template":"","meta":{"_jet_sm_ready_style":"","_jet_sm_style":"","_jet_sm_controls_values":"","_jet_sm_fonts_collection":"","_jet_sm_fonts_links":"","footnotes":""},"class_list":["post-15466","page","type-page","status-publish","hentry"],"yoast_head":"<!-- This site is optimized with the Yoast SEO plugin v26.3 - https:\/\/yoast.com\/wordpress\/plugins\/seo\/ -->\n<title>Complete 61<\/title>\n<meta name=\"robots\" content=\"index, follow, max-snippet:-1, max-image-preview:large, max-video-preview:-1\" \/>\n<link rel=\"canonical\" href=\"https:\/\/letslearnenglish.com\/hu\/services\/course-outlines\/complete-61\/\" \/>\n<meta property=\"og:locale\" content=\"hu_HU\" \/>\n<meta property=\"og:type\" content=\"article\" \/>\n<meta property=\"og:title\" content=\"Complete 61\" \/>\n<meta property=\"og:description\" content=\"Introduction Complete English Level 61: Shopping is an online course, consisting of 15 units of English, and providing approximately 15 hours of study for students. Course aims As part of a series of short courses, this course, along with levels 61 &#8211; 75, aims to take students from CEFR Level B2 Upper Intermediate to CEFR [&hellip;]\" \/>\n<meta property=\"og:url\" content=\"https:\/\/letslearnenglish.com\/hu\/services\/course-outlines\/complete-61\/\" \/>\n<meta property=\"og:site_name\" content=\"Let&#039;s Learn English\" \/>\n<meta property=\"article:publisher\" content=\"https:\/\/www.facebook.com\/letslearnenglishcom\/\" \/>\n<meta property=\"article:modified_time\" content=\"2024-09-30T10:10:45+00:00\" \/>\n<meta name=\"twitter:card\" content=\"summary_large_image\" \/>\n<meta name=\"twitter:site\" content=\"@LLEgold\" \/>\n<meta name=\"twitter:label1\" content=\"Becs\u00fclt olvas\u00e1si id\u0151\" \/>\n\t<meta name=\"twitter:data1\" content=\"2 perc\" \/>\n<script type=\"application\/ld+json\" class=\"yoast-schema-graph\">{\"@context\":\"https:\/\/schema.org\",\"@graph\":[{\"@type\":\"WebPage\",\"@id\":\"https:\/\/letslearnenglish.com\/services\/course-outlines\/complete-61\/\",\"url\":\"https:\/\/letslearnenglish.com\/services\/course-outlines\/complete-61\/\",\"name\":\"Complete 61\",\"isPartOf\":{\"@id\":\"https:\/\/letslearnenglish.com\/#website\"},\"datePublished\":\"2024-09-11T15:27:32+00:00\",\"dateModified\":\"2024-09-30T10:10:45+00:00\",\"breadcrumb\":{\"@id\":\"https:\/\/letslearnenglish.com\/services\/course-outlines\/complete-61\/#breadcrumb\"},\"inLanguage\":\"hu\",\"potentialAction\":[{\"@type\":\"ReadAction\",\"target\":[\"https:\/\/letslearnenglish.com\/services\/course-outlines\/complete-61\/\"]}]},{\"@type\":\"BreadcrumbList\",\"@id\":\"https:\/\/letslearnenglish.com\/services\/course-outlines\/complete-61\/#breadcrumb\",\"itemListElement\":[{\"@type\":\"ListItem\",\"position\":1,\"name\":\"Home\",\"item\":\"https:\/\/letslearnenglish.com\/\"},{\"@type\":\"ListItem\",\"position\":2,\"name\":\"Services\",\"item\":\"https:\/\/letslearnenglish.com\/services\/\"},{\"@type\":\"ListItem\",\"position\":3,\"name\":\"Course outlines\",\"item\":\"https:\/\/letslearnenglish.com\/services\/course-outlines\/\"},{\"@type\":\"ListItem\",\"position\":4,\"name\":\"Complete 61\"}]},{\"@type\":\"WebSite\",\"@id\":\"https:\/\/letslearnenglish.com\/#website\",\"url\":\"https:\/\/letslearnenglish.com\/\",\"name\":\"Let's Learn English\",\"description\":\"e-Learning platform with the largest database of material ready built in.\",\"publisher\":{\"@id\":\"https:\/\/letslearnenglish.com\/#organization\"},\"potentialAction\":[{\"@type\":\"SearchAction\",\"target\":{\"@type\":\"EntryPoint\",\"urlTemplate\":\"https:\/\/letslearnenglish.com\/?s={search_term_string}\"},\"query-input\":{\"@type\":\"PropertyValueSpecification\",\"valueRequired\":true,\"valueName\":\"search_term_string\"}}],\"inLanguage\":\"hu\"},{\"@type\":\"Organization\",\"@id\":\"https:\/\/letslearnenglish.com\/#organization\",\"name\":\"Let's Learn English\",\"url\":\"https:\/\/letslearnenglish.com\/\",\"logo\":{\"@type\":\"ImageObject\",\"inLanguage\":\"hu\",\"@id\":\"https:\/\/letslearnenglish.com\/#\/schema\/logo\/image\/\",\"url\":\"https:\/\/letslearnenglish.com\/wp-content\/uploads\/2017\/06\/newlogo.png\",\"contentUrl\":\"https:\/\/letslearnenglish.com\/wp-content\/uploads\/2017\/06\/newlogo.png\",\"width\":230,\"height\":110,\"caption\":\"Let's Learn English\"},\"image\":{\"@id\":\"https:\/\/letslearnenglish.com\/#\/schema\/logo\/image\/\"},\"sameAs\":[\"https:\/\/www.facebook.com\/letslearnenglishcom\/\",\"https:\/\/x.com\/LLEgold\",\"https:\/\/pinterest.com\/LLEgold\/\",\"https:\/\/www.youtube.com\/channel\/UCFQB7KnGf5tG82qHssJQQLw\"]}]}<\/script>\n<!-- \/ Yoast SEO plugin. -->","yoast_head_json":{"title":"Complete 61","robots":{"index":"index","follow":"follow","max-snippet":"max-snippet:-1","max-image-preview":"max-image-preview:large","max-video-preview":"max-video-preview:-1"},"canonical":"https:\/\/letslearnenglish.com\/hu\/services\/course-outlines\/complete-61\/","og_locale":"hu_HU","og_type":"article","og_title":"Complete 61","og_description":"Introduction Complete English Level 61: Shopping is an online course, consisting of 15 units of English, and providing approximately 15 hours of study for students. Course aims As part of a series of short courses, this course, along with levels 61 &#8211; 75, aims to take students from CEFR Level B2 Upper Intermediate to CEFR [&hellip;]","og_url":"https:\/\/letslearnenglish.com\/hu\/services\/course-outlines\/complete-61\/","og_site_name":"Let&#039;s Learn English","article_publisher":"https:\/\/www.facebook.com\/letslearnenglishcom\/","article_modified_time":"2024-09-30T10:10:45+00:00","twitter_card":"summary_large_image","twitter_site":"@LLEgold","twitter_misc":{"Becs\u00fclt olvas\u00e1si id\u0151":"2 perc"},"schema":{"@context":"https:\/\/schema.org","@graph":[{"@type":"WebPage","@id":"https:\/\/letslearnenglish.com\/services\/course-outlines\/complete-61\/","url":"https:\/\/letslearnenglish.com\/services\/course-outlines\/complete-61\/","name":"Complete 61","isPartOf":{"@id":"https:\/\/letslearnenglish.com\/#website"},"datePublished":"2024-09-11T15:27:32+00:00","dateModified":"2024-09-30T10:10:45+00:00","breadcrumb":{"@id":"https:\/\/letslearnenglish.com\/services\/course-outlines\/complete-61\/#breadcrumb"},"inLanguage":"hu","potentialAction":[{"@type":"ReadAction","target":["https:\/\/letslearnenglish.com\/services\/course-outlines\/complete-61\/"]}]},{"@type":"BreadcrumbList","@id":"https:\/\/letslearnenglish.com\/services\/course-outlines\/complete-61\/#breadcrumb","itemListElement":[{"@type":"ListItem","position":1,"name":"Home","item":"https:\/\/letslearnenglish.com\/"},{"@type":"ListItem","position":2,"name":"Services","item":"https:\/\/letslearnenglish.com\/services\/"},{"@type":"ListItem","position":3,"name":"Course outlines","item":"https:\/\/letslearnenglish.com\/services\/course-outlines\/"},{"@type":"ListItem","position":4,"name":"Complete 61"}]},{"@type":"WebSite","@id":"https:\/\/letslearnenglish.com\/#website","url":"https:\/\/letslearnenglish.com\/","name":"Let's Learn English","description":"e-Learning platform with the largest database of material ready built in.","publisher":{"@id":"https:\/\/letslearnenglish.com\/#organization"},"potentialAction":[{"@type":"SearchAction","target":{"@type":"EntryPoint","urlTemplate":"https:\/\/letslearnenglish.com\/?s={search_term_string}"},"query-input":{"@type":"PropertyValueSpecification","valueRequired":true,"valueName":"search_term_string"}}],"inLanguage":"hu"},{"@type":"Organization","@id":"https:\/\/letslearnenglish.com\/#organization","name":"Let's Learn English","url":"https:\/\/letslearnenglish.com\/","logo":{"@type":"ImageObject","inLanguage":"hu","@id":"https:\/\/letslearnenglish.com\/#\/schema\/logo\/image\/","url":"https:\/\/letslearnenglish.com\/wp-content\/uploads\/2017\/06\/newlogo.png","contentUrl":"https:\/\/letslearnenglish.com\/wp-content\/uploads\/2017\/06\/newlogo.png","width":230,"height":110,"caption":"Let's Learn English"},"image":{"@id":"https:\/\/letslearnenglish.com\/#\/schema\/logo\/image\/"},"sameAs":["https:\/\/www.facebook.com\/letslearnenglishcom\/","https:\/\/x.com\/LLEgold","https:\/\/pinterest.com\/LLEgold\/","https:\/\/www.youtube.com\/channel\/UCFQB7KnGf5tG82qHssJQQLw"]}]}},"_links":{"self":[{"href":"https:\/\/letslearnenglish.com\/hu\/wp-json\/wp\/v2\/pages\/15466","targetHints":{"allow":["GET"]}}],"collection":[{"href":"https:\/\/letslearnenglish.com\/hu\/wp-json\/wp\/v2\/pages"}],"about":[{"href":"https:\/\/letslearnenglish.com\/hu\/wp-json\/wp\/v2\/types\/page"}],"author":[{"embeddable":true,"href":"https:\/\/letslearnenglish.com\/hu\/wp-json\/wp\/v2\/users\/5"}],"replies":[{"embeddable":true,"href":"https:\/\/letslearnenglish.com\/hu\/wp-json\/wp\/v2\/comments?post=15466"}],"version-history":[{"count":13,"href":"https:\/\/letslearnenglish.com\/hu\/wp-json\/wp\/v2\/pages\/15466\/revisions"}],"predecessor-version":[{"id":17639,"href":"https:\/\/letslearnenglish.com\/hu\/wp-json\/wp\/v2\/pages\/15466\/revisions\/17639"}],"up":[{"embeddable":true,"href":"https:\/\/letslearnenglish.com\/hu\/wp-json\/wp\/v2\/pages\/14791"}],"wp:attachment":[{"href":"https:\/\/letslearnenglish.com\/hu\/wp-json\/wp\/v2\/media?parent=15466"}],"curies":[{"name":"wp","href":"https:\/\/api.w.org\/{rel}","templated":true}]}}