{"id":14853,"date":"2024-09-10T17:56:39","date_gmt":"2024-09-10T16:56:39","guid":{"rendered":"https:\/\/letslearnenglish.com\/?page_id=14853"},"modified":"2024-09-30T10:04:18","modified_gmt":"2024-09-30T09:04:18","slug":"english-for-the-hospitality-industry","status":"publish","type":"page","link":"https:\/\/letslearnenglish.com\/hu\/services\/course-outlines\/english-for-the-hospitality-industry\/","title":{"rendered":"English for the Hospitality Industry"},"content":{"rendered":"<div data-elementor-type=\"wp-page\" data-elementor-id=\"14853\" class=\"elementor elementor-14853\" data-elementor-post-type=\"page\">\n\t\t\t\t<div class=\"elementor-element elementor-element-530485e e-flex e-con-boxed e-con e-parent\" data-id=\"530485e\" data-element_type=\"container\" data-settings=\"{&quot;jet_parallax_layout_list&quot;:[]}\">\n\t\t\t\t\t<div class=\"e-con-inner\">\n\t\t\t\t<div class=\"elementor-element elementor-element-4a295e4 elementor-widget elementor-widget-text-editor\" data-id=\"4a295e4\" data-element_type=\"widget\" data-widget_type=\"text-editor.default\">\n\t\t\t\t<div class=\"elementor-widget-container\">\n\t\t\t\t\t\t\t\t\t<h3>Introduction<\/h3><p>English for the Hospitality industry is an online course, consisting of 93 units of English, and providing approximately 100 hours of study for students.<\/p><h3>Course aims<\/h3><p>To give students at Intermediate, CEFR B1\/Upper Intermediate B2 level practice in general and business-oriented language required for business contexts at this level, specifically tailored towards the specialisation of hospitality. The course blends grammatical structures necessary for this level, with vocabulary, reading, listening, writing, speaking and pronunciation.<\/p><h3>Nyelvtan<\/h3><ul><li>Use present and past tenses correctly<\/li><li>Use the appropriate conditional forms to talk about situations and consequences.<\/li><li>Use the present perfect to describe a link between past and present events.<\/li><li>Use going to and will to talk about future predictions and intentions.<\/li><li>Use the passive form correctly<\/li><li>Distinguish and be able to correctly describe countable and uncountable nouns.<\/li><\/ul><h3>Sz\u00f3kincs<\/h3><ul><li>By the end of the course students will have learnt approximately 120 expressions used in hospitality.<\/li><\/ul><h3>Skills<\/h3><ul><li>By the end of the course students will have had exposure to and practice in reading and hearing formal and informal English from a variety of accents and hospitality contexts.<\/li><\/ul><h3>Unit summary<\/h3><div class=\"module-table-group\"><h4>Module 1<\/h4><ul><li><strong>Introduction to Hospitality Industry<\/strong><\/li><li><strong>Grammar:<\/strong> Present tenses<\/li><li><strong>Sz\u00f3kincs<\/strong>: Essential hotel vocabulary, types of accommodation, hotel facilities<\/li><li><strong>Olvas\u00e1s<\/strong>: Hotel brochures and websites<\/li><li><strong>Hallgat\u00e1s<\/strong>: Hospitality industry trends<\/li><li><strong>\u00cdr\u00e1s<\/strong>: Writing hotel descriptions and promotional materials<\/li><li><strong>Besz\u00e9lget\u00e9s<\/strong>: The realities of working in a hotel<\/li><li><strong>Pronunciation<\/strong>: Anxious and Chess + connected speech<\/li><\/ul><\/div><div class=\"module-table-group\"><h4>Module 2<\/h4><ul><li><strong>Hotel Operations<\/strong><\/li><li><strong>Grammar:<\/strong> Past tenses<\/li><li><strong>Sz\u00f3kincs<\/strong>: Hotel operations<\/li><li><strong>Olvas\u00e1s<\/strong>: Hotel departments and their functions<\/li><li><strong>Hallgat\u00e1s<\/strong>: Conversation at a hotel front desk<\/li><li><strong>\u00cdr\u00e1s<\/strong>: Writing a note for a guest<\/li><li><strong>Besz\u00e9lget\u00e9s<\/strong>: Customer and front desk interactions<\/li><li><strong>Pronunciation<\/strong>: Beats and Beach + connected speech<\/li><\/ul><\/div><div class=\"module-table-group\"><h4>Module 3<\/h4><ul><li><strong>Housekeeping and Room Services<\/strong><\/li><li><strong>Grammar:<\/strong> Going to and Will<\/li><li><strong>Sz\u00f3kincs<\/strong>: Housekeeping tasks, cleaning equipment, room amenities<\/li><li><strong>Olvas\u00e1s<\/strong>: Room service menus and housekeeping schedules<\/li><li><strong>Hallgat\u00e1s<\/strong>: Listening to and interpreting guest requests for housekeeping or room service<\/li><li><strong>\u00cdr\u00e1s<\/strong>: Writing room service orders and housekeeping reports<\/li><li><strong>Besz\u00e9lget\u00e9s<\/strong>: Communicating with guests about housekeeping and room service requests<\/li><li><strong>Pronunciation<\/strong>: Bet and But + connected speech<\/li><\/ul><\/div><div class=\"module-table-group\"><h4>Module 4<\/h4><ul><li><strong>Food and Beverage Services<\/strong><\/li><li><strong>Grammar:<\/strong> Present perfect<\/li><li><strong>Sz\u00f3kincs<\/strong>: Kitchen, dining, and drink terms<\/li><li><strong>Olvas\u00e1s<\/strong>: A restaurant review<\/li><li><strong>Hallgat\u00e1s<\/strong>: Ordering food<\/li><li><strong>\u00cdr\u00e1s<\/strong>: Drafting a menu<\/li><li><strong>Besz\u00e9lget\u00e9s<\/strong>: Waiter-customer dialogue<\/li><li><strong>Pronunciation<\/strong>: Bud and Bird + connected speech<\/li><\/ul><\/div><div class=\"module-table-group\"><h4>Module 5<\/h4><ul><li><strong>Event Planning and Coordination<\/strong><\/li><li><strong>Grammar:<\/strong> Countable and uncountable nouns<\/li><li><strong>Sz\u00f3kincs<\/strong>: Event-specific language<\/li><li><strong>Olvas\u00e1s<\/strong>: Case study of an event planning process<\/li><li><strong>Hallgat\u00e1s<\/strong>: Meeting with an event planner<\/li><li><strong>\u00cdr\u00e1s<\/strong>: Writing an event proposal<\/li><li><strong>Besz\u00e9lget\u00e9s<\/strong>: Event planning issues<\/li><li><strong>Pronunciation<\/strong>: Cart and Cut + connected speech<\/li><\/ul><\/div><div class=\"module-table-group\"><h4>Module 6<\/h4><ul><li><strong>Customer Service<\/strong><\/li><li><strong>Grammar:<\/strong> First conditional<\/li><li><strong>Sz\u00f3kincs<\/strong>: Words and phrases related to customer service<\/li><li><strong>Olvas\u00e1s<\/strong>: The importance of customer service in the hospitality industry<\/li><li><strong>Hallgat\u00e1s<\/strong>: Dealing with a customer complaint<\/li><li><strong>\u00cdr\u00e1s<\/strong>: Customer reviews<\/li><li><strong>Besz\u00e9lget\u00e9s<\/strong>: Dealing with different customer scenarios<\/li><li><strong>Pronunciation<\/strong>: Day and Ray + connected speech<\/li><\/ul><\/div><div class=\"module-table-group\"><h4>Module 7<\/h4><ul><li><strong>Safety and Security in Hotels<\/strong><\/li><li><strong>Grammar:<\/strong> Passive<\/li><li><strong>Sz\u00f3kincs<\/strong>: Safety and security procedures, emergency situations<\/li><li><strong>Olvas\u00e1s<\/strong>: Reading and interpreting safety guidelines and protocols<\/li><li><strong>Hallgat\u00e1s<\/strong>: Giving safety announcements and instructions<\/li><li><strong>\u00cdr\u00e1s<\/strong>: Writing safety reports and incident logs<\/li><li><strong>Besz\u00e9lget\u00e9s<\/strong>: Communicating safety information to guests and colleagues<\/li><li><strong>Pronunciation<\/strong>: Guess and Yes + connected speech<\/li><\/ul><\/div><div class=\"module-table-group\"><h4>Module 8<\/h4><ul><li><strong>Cross-cultural Communications<\/strong><\/li><li><strong>Grammar:<\/strong> Second conditional<\/li><li><strong>Sz\u00f3kincs<\/strong>: Terms related to culture and etiquette<\/li><li><strong>Olvas\u00e1s<\/strong>: Cross-cultural communication in hotels<\/li><li><strong>Hallgat\u00e1s<\/strong>: Conversation with a foreign guest<\/li><li><strong>\u00cdr\u00e1s<\/strong>: Writing an email to a foreign client<\/li><li><strong>Besz\u00e9lget\u00e9s<\/strong>: Respectful and effective communication with guests from different cultural backgrounds<\/li><li><strong>Pronunciation<\/strong>: Hope and Hop + connected speech<\/li><\/ul><\/div><h3>Follow-up<\/h3><p>Students completing the English for the Hotel Staff course should feel confident in tackling any upper intermediate course, including our Upper Intermediate Business Power course.<\/p>\t\t\t\t\t\t\t\t<\/div>\n\t\t\t\t<\/div>\n\t\t\t\t\t<\/div>\n\t\t\t\t<\/div>\n\t\t\t\t<\/div>","protected":false},"excerpt":{"rendered":"<p>Introduction English for the Hospitality industry is an online course, consisting of 93 units of English, and providing approximately 100 hours of study for students. Course aims To give students at Intermediate, CEFR B1\/Upper Intermediate B2 level practice in general and business-oriented language required for business contexts at this level, specifically tailored towards the specialisation [&hellip;]<\/p>","protected":false},"author":5,"featured_media":0,"parent":14791,"menu_order":0,"comment_status":"closed","ping_status":"closed","template":"","meta":{"_jet_sm_ready_style":"","_jet_sm_style":"","_jet_sm_controls_values":"","_jet_sm_fonts_collection":"","_jet_sm_fonts_links":"","footnotes":""},"class_list":["post-14853","page","type-page","status-publish","hentry"],"yoast_head":"<!-- This site is optimized with the Yoast SEO plugin v26.3 - https:\/\/yoast.com\/wordpress\/plugins\/seo\/ -->\n<title>English for the Hospitality Industry<\/title>\n<meta name=\"robots\" content=\"index, follow, max-snippet:-1, max-image-preview:large, max-video-preview:-1\" \/>\n<link rel=\"canonical\" href=\"https:\/\/letslearnenglish.com\/hu\/services\/course-outlines\/english-for-the-hospitality-industry\/\" \/>\n<meta property=\"og:locale\" content=\"hu_HU\" \/>\n<meta property=\"og:type\" content=\"article\" \/>\n<meta property=\"og:title\" content=\"English for the Hospitality Industry\" \/>\n<meta property=\"og:description\" content=\"Introduction English for the Hospitality industry is an online course, consisting of 93 units of English, and providing approximately 100 hours of study for students. Course aims To give students at Intermediate, CEFR B1\/Upper Intermediate B2 level practice in general and business-oriented language required for business contexts at this level, specifically tailored towards the specialisation [&hellip;]\" \/>\n<meta property=\"og:url\" content=\"https:\/\/letslearnenglish.com\/hu\/services\/course-outlines\/english-for-the-hospitality-industry\/\" \/>\n<meta property=\"og:site_name\" content=\"Let&#039;s Learn English\" \/>\n<meta property=\"article:publisher\" content=\"https:\/\/www.facebook.com\/letslearnenglishcom\/\" \/>\n<meta property=\"article:modified_time\" content=\"2024-09-30T09:04:18+00:00\" \/>\n<meta name=\"twitter:card\" content=\"summary_large_image\" \/>\n<meta name=\"twitter:site\" content=\"@LLEgold\" \/>\n<meta name=\"twitter:label1\" content=\"Becs\u00fclt olvas\u00e1si id\u0151\" \/>\n\t<meta name=\"twitter:data1\" content=\"3 perc\" \/>\n<script type=\"application\/ld+json\" class=\"yoast-schema-graph\">{\"@context\":\"https:\/\/schema.org\",\"@graph\":[{\"@type\":\"WebPage\",\"@id\":\"https:\/\/letslearnenglish.com\/services\/course-outlines\/english-for-the-hospitality-industry\/\",\"url\":\"https:\/\/letslearnenglish.com\/services\/course-outlines\/english-for-the-hospitality-industry\/\",\"name\":\"English for the Hospitality Industry\",\"isPartOf\":{\"@id\":\"https:\/\/letslearnenglish.com\/#website\"},\"datePublished\":\"2024-09-10T16:56:39+00:00\",\"dateModified\":\"2024-09-30T09:04:18+00:00\",\"breadcrumb\":{\"@id\":\"https:\/\/letslearnenglish.com\/services\/course-outlines\/english-for-the-hospitality-industry\/#breadcrumb\"},\"inLanguage\":\"hu\",\"potentialAction\":[{\"@type\":\"ReadAction\",\"target\":[\"https:\/\/letslearnenglish.com\/services\/course-outlines\/english-for-the-hospitality-industry\/\"]}]},{\"@type\":\"BreadcrumbList\",\"@id\":\"https:\/\/letslearnenglish.com\/services\/course-outlines\/english-for-the-hospitality-industry\/#breadcrumb\",\"itemListElement\":[{\"@type\":\"ListItem\",\"position\":1,\"name\":\"Home\",\"item\":\"https:\/\/letslearnenglish.com\/\"},{\"@type\":\"ListItem\",\"position\":2,\"name\":\"Services\",\"item\":\"https:\/\/letslearnenglish.com\/services\/\"},{\"@type\":\"ListItem\",\"position\":3,\"name\":\"Course outlines\",\"item\":\"https:\/\/letslearnenglish.com\/services\/course-outlines\/\"},{\"@type\":\"ListItem\",\"position\":4,\"name\":\"English for the Hospitality Industry\"}]},{\"@type\":\"WebSite\",\"@id\":\"https:\/\/letslearnenglish.com\/#website\",\"url\":\"https:\/\/letslearnenglish.com\/\",\"name\":\"Let's Learn English\",\"description\":\"e-Learning platform with the largest database of material ready built in.\",\"publisher\":{\"@id\":\"https:\/\/letslearnenglish.com\/#organization\"},\"potentialAction\":[{\"@type\":\"SearchAction\",\"target\":{\"@type\":\"EntryPoint\",\"urlTemplate\":\"https:\/\/letslearnenglish.com\/?s={search_term_string}\"},\"query-input\":{\"@type\":\"PropertyValueSpecification\",\"valueRequired\":true,\"valueName\":\"search_term_string\"}}],\"inLanguage\":\"hu\"},{\"@type\":\"Organization\",\"@id\":\"https:\/\/letslearnenglish.com\/#organization\",\"name\":\"Let's Learn English\",\"url\":\"https:\/\/letslearnenglish.com\/\",\"logo\":{\"@type\":\"ImageObject\",\"inLanguage\":\"hu\",\"@id\":\"https:\/\/letslearnenglish.com\/#\/schema\/logo\/image\/\",\"url\":\"https:\/\/letslearnenglish.com\/wp-content\/uploads\/2017\/06\/newlogo.png\",\"contentUrl\":\"https:\/\/letslearnenglish.com\/wp-content\/uploads\/2017\/06\/newlogo.png\",\"width\":230,\"height\":110,\"caption\":\"Let's Learn English\"},\"image\":{\"@id\":\"https:\/\/letslearnenglish.com\/#\/schema\/logo\/image\/\"},\"sameAs\":[\"https:\/\/www.facebook.com\/letslearnenglishcom\/\",\"https:\/\/x.com\/LLEgold\",\"https:\/\/pinterest.com\/LLEgold\/\",\"https:\/\/www.youtube.com\/channel\/UCFQB7KnGf5tG82qHssJQQLw\"]}]}<\/script>\n<!-- \/ Yoast SEO plugin. -->","yoast_head_json":{"title":"English for the Hospitality Industry","robots":{"index":"index","follow":"follow","max-snippet":"max-snippet:-1","max-image-preview":"max-image-preview:large","max-video-preview":"max-video-preview:-1"},"canonical":"https:\/\/letslearnenglish.com\/hu\/services\/course-outlines\/english-for-the-hospitality-industry\/","og_locale":"hu_HU","og_type":"article","og_title":"English for the Hospitality Industry","og_description":"Introduction English for the Hospitality industry is an online course, consisting of 93 units of English, and providing approximately 100 hours of study for students. Course aims To give students at Intermediate, CEFR B1\/Upper Intermediate B2 level practice in general and business-oriented language required for business contexts at this level, specifically tailored towards the specialisation [&hellip;]","og_url":"https:\/\/letslearnenglish.com\/hu\/services\/course-outlines\/english-for-the-hospitality-industry\/","og_site_name":"Let&#039;s Learn English","article_publisher":"https:\/\/www.facebook.com\/letslearnenglishcom\/","article_modified_time":"2024-09-30T09:04:18+00:00","twitter_card":"summary_large_image","twitter_site":"@LLEgold","twitter_misc":{"Becs\u00fclt olvas\u00e1si id\u0151":"3 perc"},"schema":{"@context":"https:\/\/schema.org","@graph":[{"@type":"WebPage","@id":"https:\/\/letslearnenglish.com\/services\/course-outlines\/english-for-the-hospitality-industry\/","url":"https:\/\/letslearnenglish.com\/services\/course-outlines\/english-for-the-hospitality-industry\/","name":"English for the Hospitality Industry","isPartOf":{"@id":"https:\/\/letslearnenglish.com\/#website"},"datePublished":"2024-09-10T16:56:39+00:00","dateModified":"2024-09-30T09:04:18+00:00","breadcrumb":{"@id":"https:\/\/letslearnenglish.com\/services\/course-outlines\/english-for-the-hospitality-industry\/#breadcrumb"},"inLanguage":"hu","potentialAction":[{"@type":"ReadAction","target":["https:\/\/letslearnenglish.com\/services\/course-outlines\/english-for-the-hospitality-industry\/"]}]},{"@type":"BreadcrumbList","@id":"https:\/\/letslearnenglish.com\/services\/course-outlines\/english-for-the-hospitality-industry\/#breadcrumb","itemListElement":[{"@type":"ListItem","position":1,"name":"Home","item":"https:\/\/letslearnenglish.com\/"},{"@type":"ListItem","position":2,"name":"Services","item":"https:\/\/letslearnenglish.com\/services\/"},{"@type":"ListItem","position":3,"name":"Course outlines","item":"https:\/\/letslearnenglish.com\/services\/course-outlines\/"},{"@type":"ListItem","position":4,"name":"English for the Hospitality Industry"}]},{"@type":"WebSite","@id":"https:\/\/letslearnenglish.com\/#website","url":"https:\/\/letslearnenglish.com\/","name":"Let's Learn English","description":"e-Learning platform with the largest database of material ready built in.","publisher":{"@id":"https:\/\/letslearnenglish.com\/#organization"},"potentialAction":[{"@type":"SearchAction","target":{"@type":"EntryPoint","urlTemplate":"https:\/\/letslearnenglish.com\/?s={search_term_string}"},"query-input":{"@type":"PropertyValueSpecification","valueRequired":true,"valueName":"search_term_string"}}],"inLanguage":"hu"},{"@type":"Organization","@id":"https:\/\/letslearnenglish.com\/#organization","name":"Let's Learn English","url":"https:\/\/letslearnenglish.com\/","logo":{"@type":"ImageObject","inLanguage":"hu","@id":"https:\/\/letslearnenglish.com\/#\/schema\/logo\/image\/","url":"https:\/\/letslearnenglish.com\/wp-content\/uploads\/2017\/06\/newlogo.png","contentUrl":"https:\/\/letslearnenglish.com\/wp-content\/uploads\/2017\/06\/newlogo.png","width":230,"height":110,"caption":"Let's Learn English"},"image":{"@id":"https:\/\/letslearnenglish.com\/#\/schema\/logo\/image\/"},"sameAs":["https:\/\/www.facebook.com\/letslearnenglishcom\/","https:\/\/x.com\/LLEgold","https:\/\/pinterest.com\/LLEgold\/","https:\/\/www.youtube.com\/channel\/UCFQB7KnGf5tG82qHssJQQLw"]}]}},"_links":{"self":[{"href":"https:\/\/letslearnenglish.com\/hu\/wp-json\/wp\/v2\/pages\/14853","targetHints":{"allow":["GET"]}}],"collection":[{"href":"https:\/\/letslearnenglish.com\/hu\/wp-json\/wp\/v2\/pages"}],"about":[{"href":"https:\/\/letslearnenglish.com\/hu\/wp-json\/wp\/v2\/types\/page"}],"author":[{"embeddable":true,"href":"https:\/\/letslearnenglish.com\/hu\/wp-json\/wp\/v2\/users\/5"}],"replies":[{"embeddable":true,"href":"https:\/\/letslearnenglish.com\/hu\/wp-json\/wp\/v2\/comments?post=14853"}],"version-history":[{"count":12,"href":"https:\/\/letslearnenglish.com\/hu\/wp-json\/wp\/v2\/pages\/14853\/revisions"}],"predecessor-version":[{"id":17363,"href":"https:\/\/letslearnenglish.com\/hu\/wp-json\/wp\/v2\/pages\/14853\/revisions\/17363"}],"up":[{"embeddable":true,"href":"https:\/\/letslearnenglish.com\/hu\/wp-json\/wp\/v2\/pages\/14791"}],"wp:attachment":[{"href":"https:\/\/letslearnenglish.com\/hu\/wp-json\/wp\/v2\/media?parent=14853"}],"curies":[{"name":"wp","href":"https:\/\/api.w.org\/{rel}","templated":true}]}}