{"id":4992,"date":"2017-06-27T13:23:40","date_gmt":"2017-06-27T12:23:40","guid":{"rendered":"http:\/\/www.nadinka.webd.pl\/letslearnenglish\/?page_id=4992"},"modified":"2023-07-14T16:27:09","modified_gmt":"2023-07-14T15:27:09","slug":"video-tour","status":"publish","type":"page","link":"https:\/\/letslearnenglish.com\/da\/services\/video-tour\/","title":{"rendered":"Video-tur"},"content":{"rendered":"<div class=\"wpb-content-wrapper\"><div class=\"fullwidth\" ><div class=\"vc_row wpb_row vc_row-fluid vc_custom_1498481785573\"><div class=\"wpb_column vc_column_container vc_col-sm-8\"><div class=\"vc_column-inner\"><div class=\"wpb_wrapper\"><div class=\"fullwidth\" ><div class=\"vc_row wpb_row vc_inner vc_row-fluid\"><div class=\"wpb_column vc_column_container vc_col-sm-12\"><div class=\"vc_column-inner\"><div class=\"wpb_wrapper\">\n\t<div class=\"wpb_text_column wpb_content_element\" >\n\t\t<div class=\"wpb_wrapper\">\n\t\t\t<h4>LEARN MORE ABOUT LET&#8217;S LEARN ENGLISH<\/h4>\n\n\t\t<\/div>\n\t<\/div>\n\n\t<div class=\"wpb_video_widget wpb_content_element vc_clearfix   vc_video-aspect-ratio-169 vc_video-el-width-100 vc_video-align-left\" >\n\t\t<div class=\"wpb_wrapper\">\n\t\t\t\n\t\t\t<div class=\"wpb_video_wrapper\"><iframe title=\"01overview\" src=\"https:\/\/player.vimeo.com\/video\/467281485?dnt=1&amp;app_id=122963\" width=\"500\" height=\"281\" frameborder=\"0\" allow=\"autoplay; fullscreen; picture-in-picture\"><\/iframe><\/div>\n\t\t<\/div>\n\t<\/div>\n<\/div><\/div><\/div><\/div><\/div><div class=\"fullwidth\" ><div class=\"vc_row wpb_row vc_inner vc_row-fluid video-instructions\"><div class=\"wpb_column vc_column_container vc_col-sm-12\"><div class=\"vc_column-inner\"><div class=\"wpb_wrapper\">\n\t<div class=\"wpb_text_column wpb_content_element\" >\n\t\t<div class=\"wpb_wrapper\">\n\t\t\t\n\t\t<\/div>\n\t<\/div>\n\n\t<div class=\"wpb_text_column wpb_content_element\" >\n\t\t<div class=\"wpb_wrapper\">\n\t\t\t<p>&nbsp;<\/p>\n<h4>For the adult or teenage student<\/h4>\n\n\t\t<\/div>\n\t<\/div>\n\n\t<div class=\"wpb_video_widget wpb_content_element vc_clearfix   vc_video-aspect-ratio-169 vc_video-el-width-100 vc_video-align-left\" >\n\t\t<div class=\"wpb_wrapper\">\n\t\t\t\n\t\t\t<div class=\"wpb_video_wrapper\"><iframe title=\"student_collected\" src=\"https:\/\/player.vimeo.com\/video\/467285971?dnt=1&amp;app_id=122963\" width=\"500\" height=\"281\" frameborder=\"0\" allow=\"autoplay; fullscreen; picture-in-picture\"><\/iframe><\/div>\n\t\t<\/div>\n\t<\/div>\n<\/div><\/div><\/div><\/div><\/div><div class=\"fullwidth\" ><div class=\"vc_row wpb_row vc_inner vc_row-fluid video-instructions\"><div class=\"wpb_column vc_column_container vc_col-sm-12\"><div class=\"vc_column-inner\"><div class=\"wpb_wrapper\">\n\t<div class=\"wpb_text_column wpb_content_element\" >\n\t\t<div class=\"wpb_wrapper\">\n\t\t\t<h4>For the young learner student<\/h4>\n\n\t\t<\/div>\n\t<\/div>\n\n\t<div class=\"wpb_video_widget wpb_content_element vc_clearfix   vc_video-aspect-ratio-169 vc_video-el-width-100 vc_video-align-left\" >\n\t\t<div class=\"wpb_wrapper\">\n\t\t\t\n\t\t\t<div class=\"wpb_video_wrapper\"><iframe title=\"Teaching - Marketing\" src=\"https:\/\/player.vimeo.com\/video\/368247809?dnt=1&amp;app_id=122963\" width=\"500\" height=\"281\" frameborder=\"0\" allow=\"autoplay; fullscreen; picture-in-picture\"><\/iframe><\/div>\n\t\t<\/div>\n\t<\/div>\n<\/div><\/div><\/div><\/div><\/div><div class=\"fullwidth\" ><div class=\"vc_row wpb_row vc_inner vc_row-fluid video-instructions\"><div class=\"wpb_column vc_column_container vc_col-sm-12\"><div class=\"vc_column-inner\"><div class=\"wpb_wrapper\">\n\t<div class=\"wpb_text_column wpb_content_element\" >\n\t\t<div class=\"wpb_wrapper\">\n\t\t\t<h4>For the teacher<\/h4>\n\n\t\t<\/div>\n\t<\/div>\n\n\t<div class=\"wpb_video_widget wpb_content_element vc_clearfix   vc_video-aspect-ratio-169 vc_video-el-width-100 vc_video-align-left\" >\n\t\t<div class=\"wpb_wrapper\">\n\t\t\t\n\t\t\t<div class=\"wpb_video_wrapper\"><iframe title=\"teacher_collected\" src=\"https:\/\/player.vimeo.com\/video\/467286671?dnt=1&amp;app_id=122963\" width=\"500\" height=\"281\" frameborder=\"0\" allow=\"autoplay; fullscreen; picture-in-picture\"><\/iframe><\/div>\n\t\t<\/div>\n\t<\/div>\n<\/div><\/div><\/div><\/div><\/div><div class=\"fullwidth\" ><div class=\"vc_row wpb_row vc_inner vc_row-fluid video-instructions\"><div class=\"wpb_column vc_column_container vc_col-sm-12\"><div class=\"vc_column-inner\"><div class=\"wpb_wrapper\">\n\t<div class=\"wpb_text_column wpb_content_element\" >\n\t\t<div class=\"wpb_wrapper\">\n\t\t\t<h4>For the school<\/h4>\n\n\t\t<\/div>\n\t<\/div>\n\n\t<div class=\"wpb_video_widget wpb_content_element vc_clearfix   vc_video-aspect-ratio-169 vc_video-el-width-100 vc_video-align-left\" >\n\t\t<div class=\"wpb_wrapper\">\n\t\t\t\n\t\t\t<div class=\"wpb_video_wrapper\"><iframe title=\"admin_collected\" src=\"https:\/\/player.vimeo.com\/video\/467283697?dnt=1&amp;app_id=122963\" width=\"500\" height=\"281\" frameborder=\"0\" allow=\"autoplay; fullscreen; picture-in-picture\"><\/iframe><\/div>\n\t\t<\/div>\n\t<\/div>\n<\/div><\/div><\/div><\/div><\/div><div class=\"fullwidth\" ><div class=\"vc_row wpb_row vc_inner vc_row-fluid video-instructions\"><div class=\"wpb_column vc_column_container vc_col-sm-12\"><div class=\"vc_column-inner\"><div class=\"wpb_wrapper\">\n\t<div class=\"wpb_text_column wpb_content_element\" >\n\t\t<div class=\"wpb_wrapper\">\n\t\t\t<h4>Conclusion<\/h4>\n\n\t\t<\/div>\n\t<\/div>\n\n\t<div class=\"wpb_video_widget wpb_content_element vc_clearfix   vc_video-aspect-ratio-169 vc_video-el-width-100 vc_video-align-left\" >\n\t\t<div class=\"wpb_wrapper\">\n\t\t\t\n\t\t\t<div class=\"wpb_video_wrapper\"><iframe title=\"24conclusion\" src=\"https:\/\/player.vimeo.com\/video\/467283672?dnt=1&amp;app_id=122963\" width=\"500\" height=\"281\" frameborder=\"0\" allow=\"autoplay; fullscreen; picture-in-picture\"><\/iframe><\/div>\n\t\t<\/div>\n\t<\/div>\n<\/div><\/div><\/div><\/div><\/div>\n\t<div class=\"wpb_text_column wpb_content_element\" >\n\t\t<div class=\"wpb_wrapper\">\n\t\t\t<h3><\/h3>\n<h3><a href=\"\/da\/ask-for-quote\/\">Click here for a quotation and walkthrough document<\/a><\/h3>\n\n\t\t<\/div>\n\t<\/div>\n<div class=\"fullwidth\" ><div class=\"vc_row wpb_row vc_inner vc_row-fluid video-instructions\"><div class=\"wpb_column vc_column_container vc_col-sm-12\"><div class=\"vc_column-inner\"><div class=\"wpb_wrapper\">\n\t<div class=\"wpb_text_column wpb_content_element\" >\n\t\t<div class=\"wpb_wrapper\">\n\t\t\t<h4>Watch the complete video<a href=\"\/da\/complete-mp4\/\"> or click here to download it<\/a><\/h4>\n\n\t\t<\/div>\n\t<\/div>\n\n\t<div class=\"wpb_video_widget wpb_content_element vc_clearfix   vc_video-aspect-ratio-169 vc_video-el-width-100 vc_video-align-left\" >\n\t\t<div class=\"wpb_wrapper\">\n\t\t\t\n\t\t\t<div class=\"wpb_video_wrapper\"><iframe title=\"complete\" src=\"https:\/\/player.vimeo.com\/video\/467283982?dnt=1&amp;app_id=122963\" width=\"500\" height=\"281\" frameborder=\"0\" allow=\"autoplay; fullscreen; picture-in-picture\"><\/iframe><\/div>\n\t\t<\/div>\n\t<\/div>\n<\/div><\/div><\/div><\/div><\/div>\n\t<div class=\"wpb_text_column wpb_content_element\" >\n\t\t<div class=\"wpb_wrapper\">\n\t\t\t<h3><a href=\"\/da\/ask-for-quote\/\">Bed om et tilbud<\/a><\/h3>\n\n\t\t<\/div>\n\t<\/div>\n<\/div><\/div><\/div><div class=\"wpb_column vc_column_container vc_col-sm-4\"><div class=\"vc_column-inner\"><div class=\"wpb_wrapper\">\t\t\t<div class=\"iconbox icon-box-circle  text-center color-dark\" >\n                <div class=\"icon-box-shape\">\n                    <a title=\"\" target=\"_self\" href=\"\/da\/services\/students\/\">\n                                                        <i class=\"micon icon-185082-man-people-streamline-user\"><\/i>\n                                                <\/a>\n                <\/div>\n                                    <h3><a title=\"\" target=\"_self\" href=\"\/da\/services\/students\/\">STUDERENDE<\/a><\/h3>\n                                <p>Studer i dit eget tempo, p\u00e5 dit eget niveau. Tag en niveautest, og v\u00e6lg derefter fra vores brede udvalg af kurser for at forbedre dit generelle engelsk, eller hj\u00e6lp med at forberede dig til din engelsksprogede eksamen med vores ekspertkurser i eksamensforberedelse.<\/p>\n                \t\t\t<\/div>\n            <div class=\"vc_empty_space\"   style=\"height: 32px\"><span class=\"vc_empty_space_inner\"><\/span><\/div>\t\t\t<div class=\"iconbox icon-box-circle  text-center color-dark\" >\n                <div class=\"icon-box-shape\">\n                    <a title=\"\" target=\"_self\" href=\"\/da\/services\/teachers\/\">\n                                                        <i class=\"micon icon-185081-speech-streamline-talk-user\"><\/i>\n                                                <\/a>\n                <\/div>\n                                    <h3><a title=\"\" target=\"_self\" href=\"\/da\/services\/teachers\/\">L\u00c6RERE<\/a><\/h3>\n                                <p>Find passende onlinearbejde til dine elever p\u00e5 f\u00e5 sekunder ved hj\u00e6lp af vores unikke database over materialer med krydshenvisninger til din kursusbog, og tjek derefter deres fremskridt via vores administrationscenter. Skab dine egne digitale materialer ved hj\u00e6lp af vores forfatterv\u00e6rkt\u00f8jer.<\/p>\n                \t\t\t<\/div>\n            <div class=\"vc_empty_space\"   style=\"height: 32px\"><span class=\"vc_empty_space_inner\"><\/span><\/div>\t\t\t<div class=\"iconbox icon-box-circle  text-center color-dark\" >\n                <div class=\"icon-box-shape\">\n                    <a title=\"\" target=\"_self\" href=\"\/da\/services\/schools\/\">\n                                                        <i class=\"micon icon-tools\"><\/i>\n                                                <\/a>\n                <\/div>\n                                    <h3><a title=\"\" target=\"_self\" href=\"\/da\/services\/schools\/\">SKOLER<\/a><\/h3>\n                                <p>Kopier dine fysiske klasselokaler med vores online skole, og placer eleverne i et klasselokale med deres l\u00e6rer. Administrer din skole ved hj\u00e6lp af vores hurtige og enkle v\u00e6rkt\u00f8jer. Rebrand hjemmesiden, s\u00e5 den ligner din egen skoles platform.<\/p>\n                \t\t\t<\/div>\n            <div class=\"vc_empty_space\"   style=\"height: 32px\"><span class=\"vc_empty_space_inner\"><\/span><\/div>\t\t\t<div class=\"iconbox icon-box-circle  text-center color-dark\" >\n                <div class=\"icon-box-shape\">\n                    <a title=\"\" target=\"_self\" href=\"\/da\/services\/business\/\">\n                                                        <i class=\"micon icon-toolbox\"><\/i>\n                                                <\/a>\n                <\/div>\n                                    <h3><a title=\"\" target=\"_self\" href=\"\/da\/services\/business\/\">VIRKSOMHED<\/a><\/h3>\n                                <p>Brug vores udvalg af kurser skrevet af eksperter i forretningsengelsk til at forbedre dine medarbejderes engelskniveau. Bed os om at lave skr\u00e6ddersyede kurser til dine medarbejdere.<\/p>\n                \t\t\t<\/div>\n            <div class=\"vc_empty_space\"   style=\"height: 32px\"><span class=\"vc_empty_space_inner\"><\/span><\/div>\n\t<div  class=\"wpb_single_image wpb_content_element vc_align_center wpb_content_element\">\n\t\t\n\t\t<figure class=\"wpb_wrapper vc_figure\">\n\t\t\t<a href=\"\/da\/brochure-download\/\" target=\"_self\" class=\"vc_single_image-wrapper   vc_box_border_grey\"><img fetchpriority=\"high\" decoding=\"async\" width=\"600\" height=\"400\" src=\"https:\/\/letslearnenglish.com\/wp-content\/uploads\/2017\/06\/BROCHURE-BANNER.jpg\" class=\"vc_single_image-img attachment-full\" alt=\"\" title=\"BROCHURE-BANNER\" srcset=\"https:\/\/letslearnenglish.com\/wp-content\/uploads\/2017\/06\/BROCHURE-BANNER.jpg 600w, https:\/\/letslearnenglish.com\/wp-content\/uploads\/2017\/06\/BROCHURE-BANNER-470x313.jpg 470w\" sizes=\"(max-width: 600px) 100vw, 600px\" \/><\/a>\n\t\t<\/figure>\n\t<\/div>\n<\/div><\/div><\/div><\/div><\/div>\n<\/div>","protected":false},"excerpt":{"rendered":"LEARN MORE ABOUT LET'S LEARN ENGLISH &nbsp; For the adult or teenage student For the young learner student For the teacher For the school Conclusion Click here for a quotation and walkthrough document Watch the complete video or click here to download it Ask for a quote STUDENTS Study at your own pace, at your [...]","protected":false},"author":1,"featured_media":0,"parent":4890,"menu_order":0,"comment_status":"closed","ping_status":"closed","template":"","meta":{"_jet_sm_ready_style":"","_jet_sm_style":"","_jet_sm_controls_values":"","_jet_sm_fonts_collection":"","_jet_sm_fonts_links":"","footnotes":""},"class_list":["post-4992","page","type-page","status-publish","hentry"],"yoast_head":"<!-- This site is optimized with the Yoast SEO plugin v26.3 - https:\/\/yoast.com\/wordpress\/plugins\/seo\/ -->\n<title>Let&#039;s Learn English Video Tour - A Video Tour Of Our Office<\/title>\n<meta name=\"description\" content=\"Embark on a captivating video tour of Let&#039;s Learn English and discover the immersive world of language learning. Join us as we showcase...\" \/>\n<meta name=\"robots\" content=\"index, follow, max-snippet:-1, max-image-preview:large, max-video-preview:-1\" \/>\n<link rel=\"canonical\" href=\"https:\/\/letslearnenglish.com\/da\/services\/video-tour\/\" \/>\n<meta property=\"og:locale\" content=\"da_DK\" \/>\n<meta property=\"og:type\" content=\"article\" \/>\n<meta property=\"og:title\" content=\"Let&#039;s Learn English Video Tour - A Video Tour Of Our Office\" \/>\n<meta property=\"og:description\" content=\"Embark on a captivating video tour of Let&#039;s Learn English and discover the immersive world of language learning. Join us as we showcase...\" \/>\n<meta property=\"og:url\" content=\"https:\/\/letslearnenglish.com\/da\/services\/video-tour\/\" \/>\n<meta property=\"og:site_name\" content=\"Let&#039;s Learn English\" \/>\n<meta property=\"article:publisher\" content=\"https:\/\/www.facebook.com\/letslearnenglishcom\/\" \/>\n<meta property=\"article:modified_time\" content=\"2023-07-14T15:27:09+00:00\" \/>\n<meta name=\"twitter:card\" content=\"summary_large_image\" \/>\n<meta name=\"twitter:site\" content=\"@LLEgold\" \/>\n<meta name=\"twitter:label1\" content=\"Estimeret l\u00e6setid\" \/>\n\t<meta name=\"twitter:data1\" content=\"2 minutter\" \/>\n<script type=\"application\/ld+json\" class=\"yoast-schema-graph\">{\"@context\":\"https:\/\/schema.org\",\"@graph\":[{\"@type\":\"WebPage\",\"@id\":\"https:\/\/letslearnenglish.com\/services\/video-tour\/\",\"url\":\"https:\/\/letslearnenglish.com\/services\/video-tour\/\",\"name\":\"Let's Learn English Video Tour - A Video Tour Of Our Office\",\"isPartOf\":{\"@id\":\"https:\/\/letslearnenglish.com\/#website\"},\"datePublished\":\"2017-06-27T12:23:40+00:00\",\"dateModified\":\"2023-07-14T15:27:09+00:00\",\"description\":\"Embark on a captivating video tour of Let's Learn English and discover the immersive world of language learning. Join us as we showcase...\",\"breadcrumb\":{\"@id\":\"https:\/\/letslearnenglish.com\/services\/video-tour\/#breadcrumb\"},\"inLanguage\":\"da-DK\",\"potentialAction\":[{\"@type\":\"ReadAction\",\"target\":[\"https:\/\/letslearnenglish.com\/services\/video-tour\/\"]}]},{\"@type\":\"BreadcrumbList\",\"@id\":\"https:\/\/letslearnenglish.com\/services\/video-tour\/#breadcrumb\",\"itemListElement\":[{\"@type\":\"ListItem\",\"position\":1,\"name\":\"Home\",\"item\":\"https:\/\/letslearnenglish.com\/\"},{\"@type\":\"ListItem\",\"position\":2,\"name\":\"Services\",\"item\":\"https:\/\/letslearnenglish.com\/services\/\"},{\"@type\":\"ListItem\",\"position\":3,\"name\":\"Video tour\"}]},{\"@type\":\"WebSite\",\"@id\":\"https:\/\/letslearnenglish.com\/#website\",\"url\":\"https:\/\/letslearnenglish.com\/\",\"name\":\"Let's Learn English\",\"description\":\"e-Learning platform with the largest database of material ready built in.\",\"publisher\":{\"@id\":\"https:\/\/letslearnenglish.com\/#organization\"},\"potentialAction\":[{\"@type\":\"SearchAction\",\"target\":{\"@type\":\"EntryPoint\",\"urlTemplate\":\"https:\/\/letslearnenglish.com\/?s={search_term_string}\"},\"query-input\":{\"@type\":\"PropertyValueSpecification\",\"valueRequired\":true,\"valueName\":\"search_term_string\"}}],\"inLanguage\":\"da-DK\"},{\"@type\":\"Organization\",\"@id\":\"https:\/\/letslearnenglish.com\/#organization\",\"name\":\"Let's Learn English\",\"url\":\"https:\/\/letslearnenglish.com\/\",\"logo\":{\"@type\":\"ImageObject\",\"inLanguage\":\"da-DK\",\"@id\":\"https:\/\/letslearnenglish.com\/#\/schema\/logo\/image\/\",\"url\":\"https:\/\/letslearnenglish.com\/wp-content\/uploads\/2017\/06\/newlogo.png\",\"contentUrl\":\"https:\/\/letslearnenglish.com\/wp-content\/uploads\/2017\/06\/newlogo.png\",\"width\":230,\"height\":110,\"caption\":\"Let's Learn English\"},\"image\":{\"@id\":\"https:\/\/letslearnenglish.com\/#\/schema\/logo\/image\/\"},\"sameAs\":[\"https:\/\/www.facebook.com\/letslearnenglishcom\/\",\"https:\/\/x.com\/LLEgold\",\"https:\/\/pinterest.com\/LLEgold\/\",\"https:\/\/www.youtube.com\/channel\/UCFQB7KnGf5tG82qHssJQQLw\"]}]}<\/script>\n<!-- \/ Yoast SEO plugin. -->","yoast_head_json":{"title":"Let's Learn English Video Tour - A Video Tour Of Our Office","description":"Embark on a captivating video tour of Let's Learn English and discover the immersive world of language learning. Join us as we showcase...","robots":{"index":"index","follow":"follow","max-snippet":"max-snippet:-1","max-image-preview":"max-image-preview:large","max-video-preview":"max-video-preview:-1"},"canonical":"https:\/\/letslearnenglish.com\/da\/services\/video-tour\/","og_locale":"da_DK","og_type":"article","og_title":"Let's Learn English Video Tour - A Video Tour Of Our Office","og_description":"Embark on a captivating video tour of Let's Learn English and discover the immersive world of language learning. Join us as we showcase...","og_url":"https:\/\/letslearnenglish.com\/da\/services\/video-tour\/","og_site_name":"Let&#039;s Learn English","article_publisher":"https:\/\/www.facebook.com\/letslearnenglishcom\/","article_modified_time":"2023-07-14T15:27:09+00:00","twitter_card":"summary_large_image","twitter_site":"@LLEgold","twitter_misc":{"Estimeret l\u00e6setid":"2 minutter"},"schema":{"@context":"https:\/\/schema.org","@graph":[{"@type":"WebPage","@id":"https:\/\/letslearnenglish.com\/services\/video-tour\/","url":"https:\/\/letslearnenglish.com\/services\/video-tour\/","name":"Let's Learn English Video Tour - A Video Tour Of Our Office","isPartOf":{"@id":"https:\/\/letslearnenglish.com\/#website"},"datePublished":"2017-06-27T12:23:40+00:00","dateModified":"2023-07-14T15:27:09+00:00","description":"Embark on a captivating video tour of Let's Learn English and discover the immersive world of language learning. Join us as we showcase...","breadcrumb":{"@id":"https:\/\/letslearnenglish.com\/services\/video-tour\/#breadcrumb"},"inLanguage":"da-DK","potentialAction":[{"@type":"ReadAction","target":["https:\/\/letslearnenglish.com\/services\/video-tour\/"]}]},{"@type":"BreadcrumbList","@id":"https:\/\/letslearnenglish.com\/services\/video-tour\/#breadcrumb","itemListElement":[{"@type":"ListItem","position":1,"name":"Home","item":"https:\/\/letslearnenglish.com\/"},{"@type":"ListItem","position":2,"name":"Services","item":"https:\/\/letslearnenglish.com\/services\/"},{"@type":"ListItem","position":3,"name":"Video tour"}]},{"@type":"WebSite","@id":"https:\/\/letslearnenglish.com\/#website","url":"https:\/\/letslearnenglish.com\/","name":"Let's Learn English","description":"e-Learning platform with the largest database of material ready built in.","publisher":{"@id":"https:\/\/letslearnenglish.com\/#organization"},"potentialAction":[{"@type":"SearchAction","target":{"@type":"EntryPoint","urlTemplate":"https:\/\/letslearnenglish.com\/?s={search_term_string}"},"query-input":{"@type":"PropertyValueSpecification","valueRequired":true,"valueName":"search_term_string"}}],"inLanguage":"da-DK"},{"@type":"Organization","@id":"https:\/\/letslearnenglish.com\/#organization","name":"Let's Learn English","url":"https:\/\/letslearnenglish.com\/","logo":{"@type":"ImageObject","inLanguage":"da-DK","@id":"https:\/\/letslearnenglish.com\/#\/schema\/logo\/image\/","url":"https:\/\/letslearnenglish.com\/wp-content\/uploads\/2017\/06\/newlogo.png","contentUrl":"https:\/\/letslearnenglish.com\/wp-content\/uploads\/2017\/06\/newlogo.png","width":230,"height":110,"caption":"Let's Learn English"},"image":{"@id":"https:\/\/letslearnenglish.com\/#\/schema\/logo\/image\/"},"sameAs":["https:\/\/www.facebook.com\/letslearnenglishcom\/","https:\/\/x.com\/LLEgold","https:\/\/pinterest.com\/LLEgold\/","https:\/\/www.youtube.com\/channel\/UCFQB7KnGf5tG82qHssJQQLw"]}]}},"_links":{"self":[{"href":"https:\/\/letslearnenglish.com\/da\/wp-json\/wp\/v2\/pages\/4992","targetHints":{"allow":["GET"]}}],"collection":[{"href":"https:\/\/letslearnenglish.com\/da\/wp-json\/wp\/v2\/pages"}],"about":[{"href":"https:\/\/letslearnenglish.com\/da\/wp-json\/wp\/v2\/types\/page"}],"author":[{"embeddable":true,"href":"https:\/\/letslearnenglish.com\/da\/wp-json\/wp\/v2\/users\/1"}],"replies":[{"embeddable":true,"href":"https:\/\/letslearnenglish.com\/da\/wp-json\/wp\/v2\/comments?post=4992"}],"version-history":[{"count":1,"href":"https:\/\/letslearnenglish.com\/da\/wp-json\/wp\/v2\/pages\/4992\/revisions"}],"predecessor-version":[{"id":9556,"href":"https:\/\/letslearnenglish.com\/da\/wp-json\/wp\/v2\/pages\/4992\/revisions\/9556"}],"up":[{"embeddable":true,"href":"https:\/\/letslearnenglish.com\/da\/wp-json\/wp\/v2\/pages\/4890"}],"wp:attachment":[{"href":"https:\/\/letslearnenglish.com\/da\/wp-json\/wp\/v2\/media?parent=4992"}],"curies":[{"name":"wp","href":"https:\/\/api.w.org\/{rel}","templated":true}]}}