{"id":15231,"date":"2024-09-11T13:43:25","date_gmt":"2024-09-11T12:43:25","guid":{"rendered":"https:\/\/letslearnenglish.com\/?page_id=15231"},"modified":"2024-09-30T09:27:49","modified_gmt":"2024-09-30T08:27:49","slug":"upper-intermediate-power-60-course-b","status":"publish","type":"page","link":"https:\/\/letslearnenglish.com\/cs\/services\/course-outlines\/upper-intermediate-power-60-course-b\/","title":{"rendered":"Upper Intermediate Power 60, Course B"},"content":{"rendered":"<div data-elementor-type=\"wp-page\" data-elementor-id=\"15231\" class=\"elementor elementor-15231\" data-elementor-post-type=\"page\">\n\t\t\t\t<div class=\"elementor-element elementor-element-cf3bc40 e-flex e-con-boxed e-con e-parent\" data-id=\"cf3bc40\" data-element_type=\"container\" data-settings=\"{&quot;jet_parallax_layout_list&quot;:[]}\">\n\t\t\t\t\t<div class=\"e-con-inner\">\n\t\t\t\t<div class=\"elementor-element elementor-element-88b5d4d elementor-widget elementor-widget-text-editor\" data-id=\"88b5d4d\" data-element_type=\"widget\" data-widget_type=\"text-editor.default\">\n\t\t\t\t<div class=\"elementor-widget-container\">\n\t\t\t\t\t\t\t\t\t<h3>Introduction<\/h3><p>Upper Intermediate Power 60, Course B is an online course, consisting of 50 units of English, and providing approximately 60 hours of study for students.<\/p><h3>Course aims<\/h3><p>This course continues the journey started in Upper Intermediate Power 60, Course A, guiding students towards CEFR C1 level. It develops advanced grammar, expands vocabulary, and focuses on the four core skills: reading, writing, listening, and speaking.<\/p><h3>Gramatika<\/h3><p>By the end of the course, students will be able to:<\/p><ul><li>Use advanced passive voice forms to emphasize different parts of a sentence.<\/li><li>Master inversion in conditional and other sentence structures.<\/li><li>Use complex relative clauses to add detail and clarity to sentences.<\/li><li>Form and use cleft sentences for emphasis.<\/li><li>Use past modals to express regret, criticism, or missed opportunities.<\/li><\/ul><h3>Slovn\u00ed z\u00e1soba<\/h3><p>By the end of the course, students will have learned approximately 500 additional lexical items, covering topics such as health, business, society, and culture.<\/p><h3>Skills<\/h3><p>Students will have practiced listening to and reading texts related to real-world issues, health, and technological advancements.<\/p><h3>Unit summary<\/h3><div class=\"module-table-group\"><h4>Module 1<\/h4><ul><li><b>Slovn\u00ed z\u00e1soba<\/b>: Business and entrepreneurship<\/li><li><b>Gramatika<\/b>: Advanced passive voice<\/li><li><b>\u010cten\u00ed<\/b>: An article on start-ups<\/li><li><b>Poslech<\/b>: A business conference<\/li><li><b>Wordbuilding<\/b>: Business-related nouns and verbs<\/li><li><b>Slovn\u00ed z\u00e1soba<\/b>: Describing business practices<\/li><li><b>Gramatika<\/b>: Cleft sentences<\/li><li><b>Psan\u00ed<\/b>: A business proposal<\/li><li><b>Spelling<\/b>: Common business-related words<\/li><li><b>Revision<\/b>: Material from module 1<\/li><\/ul><\/div><div class=\"module-table-group\"><h4>Module 2<\/h4><ul><li><b>Slovn\u00ed z\u00e1soba<\/b>: Health and medicine<\/li><li><b>Gramatika<\/b>: Inversion in conditional sentences<\/li><li><b>\u010cten\u00ed<\/b>: An article on medical advancements<\/li><li><b>Poslech<\/b>: A health-related podcast<\/li><li><b>Phrasal verbs<\/b>: Health-related phrasal verbs<\/li><li><b>Slovn\u00ed z\u00e1soba<\/b>: Describing health improvements<\/li><li><b>Gramatika<\/b>: Modals in the past<\/li><li><b>Mluven\u00ed<\/b>: Discussing health trends<\/li><li><b>Spelling<\/b>: Common health-related words<\/li><li><b>Revision<\/b>: Material from module 2<\/li><\/ul><\/div><div class=\"module-table-group\"><h4>Module 3<\/h4><ul><li><b>Slovn\u00ed z\u00e1soba<\/b>: Global issues and society<\/li><li><b>Gramatika<\/b>: Complex relative clauses<\/li><li><b>\u010cten\u00ed<\/b>: A report on global warming<\/li><li><b>Poslech<\/b>: A news report on social change<\/li><li><b>Wordbuilding<\/b>: Society-related nouns and adjectives<\/li><li><b>Slovn\u00ed z\u00e1soba<\/b>: Describing societal changes<\/li><li><b>Gramatika<\/b>: Perfect modals<\/li><li><b>Psan\u00ed<\/b>: An essay on global issues<\/li><li><b>Spelling<\/b>: Common words related to society<\/li><li><b>Revision<\/b>: Material from module 3<\/li><\/ul><\/div><div class=\"module-table-group\"><h4>Module 4<\/h4><ul><li><b>Slovn\u00ed z\u00e1soba<\/b>: Technology and innovation<\/li><li><b>Gramatika<\/b>: Future perfect and future continuous<\/li><li><b>\u010cten\u00ed<\/b>: A forecast on technological advancements<\/li><li><b>Poslech<\/b>: A tech industry panel discussion<\/li><li><b>Phrasal verbs<\/b>: Technology-related phrasal verbs<\/li><li><b>Slovn\u00ed z\u00e1soba<\/b>: Describing future trends<\/li><li><b>Gramatika<\/b>: Mixed conditionals<\/li><li><b>Psan\u00ed<\/b>: A report on future technology<\/li><li><b>Spelling<\/b>: Common technology-related words<\/li><li><b>Revision<\/b>: Material from module 4<\/li><\/ul><\/div><div class=\"module-table-group\"><h4>Module 5<\/h4><ul><li><b>Slovn\u00ed z\u00e1soba<\/b>: Culture and society<\/li><li><b>Gramatika<\/b>: Complex relative clauses<\/li><li><b>\u010cten\u00ed<\/b>: A cultural analysis<\/li><li><b>Poslech<\/b>: A discussion on social norms<\/li><li><b>Wordbuilding<\/b>: Society-related nouns and verbs<\/li><li><b>Slovn\u00ed z\u00e1soba<\/b>: Describing cultural changes<\/li><li><b>Gramatika<\/b>: Cleft sentences for emphasis<\/li><li><b>Psan\u00ed<\/b>: A cultural critique<\/li><li><b>Spelling<\/b>: Common culture-related words<\/li><li><b>Revision<\/b>: Material from module 5<\/li><\/ul><\/div><h3>Follow-up<\/h3><p>Students completing Upper Intermediate Power 60 Course B could move on to the Advanced level course.<\/p>\t\t\t\t\t\t\t\t<\/div>\n\t\t\t\t<\/div>\n\t\t\t\t\t<\/div>\n\t\t\t\t<\/div>\n\t\t\t\t<\/div>","protected":false},"excerpt":{"rendered":"<p>Introduction Upper Intermediate Power 60, Course B is an online course, consisting of 50 units of English, and providing approximately 60 hours of study for students. Course aims This course continues the journey started in Upper Intermediate Power 60, Course A, guiding students towards CEFR C1 level. It develops advanced grammar, expands vocabulary, and focuses [&hellip;]<\/p>","protected":false},"author":5,"featured_media":0,"parent":14791,"menu_order":0,"comment_status":"closed","ping_status":"closed","template":"","meta":{"_jet_sm_ready_style":"","_jet_sm_style":"","_jet_sm_controls_values":"","_jet_sm_fonts_collection":"","_jet_sm_fonts_links":"","footnotes":""},"class_list":["post-15231","page","type-page","status-publish","hentry"],"yoast_head":"<!-- This site is optimized with the Yoast SEO plugin v26.3 - https:\/\/yoast.com\/wordpress\/plugins\/seo\/ -->\n<title>Upper Intermediate Power 60, Course B<\/title>\n<meta name=\"robots\" content=\"index, follow, max-snippet:-1, max-image-preview:large, max-video-preview:-1\" \/>\n<link rel=\"canonical\" href=\"https:\/\/letslearnenglish.com\/cs\/services\/course-outlines\/upper-intermediate-power-60-course-b\/\" \/>\n<meta property=\"og:locale\" content=\"cs_CZ\" \/>\n<meta property=\"og:type\" content=\"article\" \/>\n<meta property=\"og:title\" content=\"Upper Intermediate Power 60, Course B\" \/>\n<meta property=\"og:description\" content=\"Introduction Upper Intermediate Power 60, Course B is an online course, consisting of 50 units of English, and providing approximately 60 hours of study for students. Course aims This course continues the journey started in Upper Intermediate Power 60, Course A, guiding students towards CEFR C1 level. It develops advanced grammar, expands vocabulary, and focuses [&hellip;]\" \/>\n<meta property=\"og:url\" content=\"https:\/\/letslearnenglish.com\/cs\/services\/course-outlines\/upper-intermediate-power-60-course-b\/\" \/>\n<meta property=\"og:site_name\" content=\"Let&#039;s Learn English\" \/>\n<meta property=\"article:publisher\" content=\"https:\/\/www.facebook.com\/letslearnenglishcom\/\" \/>\n<meta property=\"article:modified_time\" content=\"2024-09-30T08:27:49+00:00\" \/>\n<meta name=\"twitter:card\" content=\"summary_large_image\" \/>\n<meta name=\"twitter:site\" content=\"@LLEgold\" \/>\n<meta name=\"twitter:label1\" content=\"Odhadovan\u00e1 doba \u010dten\u00ed\" \/>\n\t<meta name=\"twitter:data1\" content=\"3 minuty\" \/>\n<script type=\"application\/ld+json\" class=\"yoast-schema-graph\">{\"@context\":\"https:\/\/schema.org\",\"@graph\":[{\"@type\":\"WebPage\",\"@id\":\"https:\/\/letslearnenglish.com\/services\/course-outlines\/upper-intermediate-power-60-course-b\/\",\"url\":\"https:\/\/letslearnenglish.com\/services\/course-outlines\/upper-intermediate-power-60-course-b\/\",\"name\":\"Upper Intermediate Power 60, Course B\",\"isPartOf\":{\"@id\":\"https:\/\/letslearnenglish.com\/#website\"},\"datePublished\":\"2024-09-11T12:43:25+00:00\",\"dateModified\":\"2024-09-30T08:27:49+00:00\",\"breadcrumb\":{\"@id\":\"https:\/\/letslearnenglish.com\/services\/course-outlines\/upper-intermediate-power-60-course-b\/#breadcrumb\"},\"inLanguage\":\"cs\",\"potentialAction\":[{\"@type\":\"ReadAction\",\"target\":[\"https:\/\/letslearnenglish.com\/services\/course-outlines\/upper-intermediate-power-60-course-b\/\"]}]},{\"@type\":\"BreadcrumbList\",\"@id\":\"https:\/\/letslearnenglish.com\/services\/course-outlines\/upper-intermediate-power-60-course-b\/#breadcrumb\",\"itemListElement\":[{\"@type\":\"ListItem\",\"position\":1,\"name\":\"Home\",\"item\":\"https:\/\/letslearnenglish.com\/\"},{\"@type\":\"ListItem\",\"position\":2,\"name\":\"Services\",\"item\":\"https:\/\/letslearnenglish.com\/services\/\"},{\"@type\":\"ListItem\",\"position\":3,\"name\":\"Course outlines\",\"item\":\"https:\/\/letslearnenglish.com\/services\/course-outlines\/\"},{\"@type\":\"ListItem\",\"position\":4,\"name\":\"Upper Intermediate Power 60, Course B\"}]},{\"@type\":\"WebSite\",\"@id\":\"https:\/\/letslearnenglish.com\/#website\",\"url\":\"https:\/\/letslearnenglish.com\/\",\"name\":\"Let's Learn English\",\"description\":\"e-Learning platform with the largest database of material ready built in.\",\"publisher\":{\"@id\":\"https:\/\/letslearnenglish.com\/#organization\"},\"potentialAction\":[{\"@type\":\"SearchAction\",\"target\":{\"@type\":\"EntryPoint\",\"urlTemplate\":\"https:\/\/letslearnenglish.com\/?s={search_term_string}\"},\"query-input\":{\"@type\":\"PropertyValueSpecification\",\"valueRequired\":true,\"valueName\":\"search_term_string\"}}],\"inLanguage\":\"cs\"},{\"@type\":\"Organization\",\"@id\":\"https:\/\/letslearnenglish.com\/#organization\",\"name\":\"Let's Learn English\",\"url\":\"https:\/\/letslearnenglish.com\/\",\"logo\":{\"@type\":\"ImageObject\",\"inLanguage\":\"cs\",\"@id\":\"https:\/\/letslearnenglish.com\/#\/schema\/logo\/image\/\",\"url\":\"https:\/\/letslearnenglish.com\/wp-content\/uploads\/2017\/06\/newlogo.png\",\"contentUrl\":\"https:\/\/letslearnenglish.com\/wp-content\/uploads\/2017\/06\/newlogo.png\",\"width\":230,\"height\":110,\"caption\":\"Let's Learn English\"},\"image\":{\"@id\":\"https:\/\/letslearnenglish.com\/#\/schema\/logo\/image\/\"},\"sameAs\":[\"https:\/\/www.facebook.com\/letslearnenglishcom\/\",\"https:\/\/x.com\/LLEgold\",\"https:\/\/pinterest.com\/LLEgold\/\",\"https:\/\/www.youtube.com\/channel\/UCFQB7KnGf5tG82qHssJQQLw\"]}]}<\/script>\n<!-- \/ Yoast SEO plugin. -->","yoast_head_json":{"title":"Upper Intermediate Power 60, Course B","robots":{"index":"index","follow":"follow","max-snippet":"max-snippet:-1","max-image-preview":"max-image-preview:large","max-video-preview":"max-video-preview:-1"},"canonical":"https:\/\/letslearnenglish.com\/cs\/services\/course-outlines\/upper-intermediate-power-60-course-b\/","og_locale":"cs_CZ","og_type":"article","og_title":"Upper Intermediate Power 60, Course B","og_description":"Introduction Upper Intermediate Power 60, Course B is an online course, consisting of 50 units of English, and providing approximately 60 hours of study for students. Course aims This course continues the journey started in Upper Intermediate Power 60, Course A, guiding students towards CEFR C1 level. It develops advanced grammar, expands vocabulary, and focuses [&hellip;]","og_url":"https:\/\/letslearnenglish.com\/cs\/services\/course-outlines\/upper-intermediate-power-60-course-b\/","og_site_name":"Let&#039;s Learn English","article_publisher":"https:\/\/www.facebook.com\/letslearnenglishcom\/","article_modified_time":"2024-09-30T08:27:49+00:00","twitter_card":"summary_large_image","twitter_site":"@LLEgold","twitter_misc":{"Odhadovan\u00e1 doba \u010dten\u00ed":"3 minuty"},"schema":{"@context":"https:\/\/schema.org","@graph":[{"@type":"WebPage","@id":"https:\/\/letslearnenglish.com\/services\/course-outlines\/upper-intermediate-power-60-course-b\/","url":"https:\/\/letslearnenglish.com\/services\/course-outlines\/upper-intermediate-power-60-course-b\/","name":"Upper Intermediate Power 60, Course B","isPartOf":{"@id":"https:\/\/letslearnenglish.com\/#website"},"datePublished":"2024-09-11T12:43:25+00:00","dateModified":"2024-09-30T08:27:49+00:00","breadcrumb":{"@id":"https:\/\/letslearnenglish.com\/services\/course-outlines\/upper-intermediate-power-60-course-b\/#breadcrumb"},"inLanguage":"cs","potentialAction":[{"@type":"ReadAction","target":["https:\/\/letslearnenglish.com\/services\/course-outlines\/upper-intermediate-power-60-course-b\/"]}]},{"@type":"BreadcrumbList","@id":"https:\/\/letslearnenglish.com\/services\/course-outlines\/upper-intermediate-power-60-course-b\/#breadcrumb","itemListElement":[{"@type":"ListItem","position":1,"name":"Home","item":"https:\/\/letslearnenglish.com\/"},{"@type":"ListItem","position":2,"name":"Services","item":"https:\/\/letslearnenglish.com\/services\/"},{"@type":"ListItem","position":3,"name":"Course outlines","item":"https:\/\/letslearnenglish.com\/services\/course-outlines\/"},{"@type":"ListItem","position":4,"name":"Upper Intermediate Power 60, Course B"}]},{"@type":"WebSite","@id":"https:\/\/letslearnenglish.com\/#website","url":"https:\/\/letslearnenglish.com\/","name":"Let's Learn English","description":"e-Learning platform with the largest database of material ready built in.","publisher":{"@id":"https:\/\/letslearnenglish.com\/#organization"},"potentialAction":[{"@type":"SearchAction","target":{"@type":"EntryPoint","urlTemplate":"https:\/\/letslearnenglish.com\/?s={search_term_string}"},"query-input":{"@type":"PropertyValueSpecification","valueRequired":true,"valueName":"search_term_string"}}],"inLanguage":"cs"},{"@type":"Organization","@id":"https:\/\/letslearnenglish.com\/#organization","name":"Let's Learn English","url":"https:\/\/letslearnenglish.com\/","logo":{"@type":"ImageObject","inLanguage":"cs","@id":"https:\/\/letslearnenglish.com\/#\/schema\/logo\/image\/","url":"https:\/\/letslearnenglish.com\/wp-content\/uploads\/2017\/06\/newlogo.png","contentUrl":"https:\/\/letslearnenglish.com\/wp-content\/uploads\/2017\/06\/newlogo.png","width":230,"height":110,"caption":"Let's Learn English"},"image":{"@id":"https:\/\/letslearnenglish.com\/#\/schema\/logo\/image\/"},"sameAs":["https:\/\/www.facebook.com\/letslearnenglishcom\/","https:\/\/x.com\/LLEgold","https:\/\/pinterest.com\/LLEgold\/","https:\/\/www.youtube.com\/channel\/UCFQB7KnGf5tG82qHssJQQLw"]}]}},"_links":{"self":[{"href":"https:\/\/letslearnenglish.com\/cs\/wp-json\/wp\/v2\/pages\/15231","targetHints":{"allow":["GET"]}}],"collection":[{"href":"https:\/\/letslearnenglish.com\/cs\/wp-json\/wp\/v2\/pages"}],"about":[{"href":"https:\/\/letslearnenglish.com\/cs\/wp-json\/wp\/v2\/types\/page"}],"author":[{"embeddable":true,"href":"https:\/\/letslearnenglish.com\/cs\/wp-json\/wp\/v2\/users\/5"}],"replies":[{"embeddable":true,"href":"https:\/\/letslearnenglish.com\/cs\/wp-json\/wp\/v2\/comments?post=15231"}],"version-history":[{"count":10,"href":"https:\/\/letslearnenglish.com\/cs\/wp-json\/wp\/v2\/pages\/15231\/revisions"}],"predecessor-version":[{"id":17191,"href":"https:\/\/letslearnenglish.com\/cs\/wp-json\/wp\/v2\/pages\/15231\/revisions\/17191"}],"up":[{"embeddable":true,"href":"https:\/\/letslearnenglish.com\/cs\/wp-json\/wp\/v2\/pages\/14791"}],"wp:attachment":[{"href":"https:\/\/letslearnenglish.com\/cs\/wp-json\/wp\/v2\/media?parent=15231"}],"curies":[{"name":"wp","href":"https:\/\/api.w.org\/{rel}","templated":true}]}}