{"id":15086,"date":"2024-09-11T12:31:04","date_gmt":"2024-09-11T11:31:04","guid":{"rendered":"https:\/\/letslearnenglish.com\/?page_id=15086"},"modified":"2024-09-30T09:38:24","modified_gmt":"2024-09-30T08:38:24","slug":"pronunciation-portal-intermediate","status":"publish","type":"page","link":"https:\/\/letslearnenglish.com\/cs\/services\/course-outlines\/pronunciation-portal-intermediate\/","title":{"rendered":"Pronunciation Portal Intermediate"},"content":{"rendered":"<div data-elementor-type=\"wp-page\" data-elementor-id=\"15086\" class=\"elementor elementor-15086\" data-elementor-post-type=\"page\">\n\t\t\t\t<div class=\"elementor-element elementor-element-658411ab e-flex e-con-boxed e-con e-parent\" data-id=\"658411ab\" data-element_type=\"container\" data-settings=\"{&quot;jet_parallax_layout_list&quot;:[]}\">\n\t\t\t\t\t<div class=\"e-con-inner\">\n\t\t\t\t<div class=\"elementor-element elementor-element-430723d3 elementor-widget elementor-widget-text-editor\" data-id=\"430723d3\" data-element_type=\"widget\" data-widget_type=\"text-editor.default\">\n\t\t\t\t<div class=\"elementor-widget-container\">\n\t\t\t\t\t\t\t\t\t<h3 style=\"color: #444444;\"><span style=\"color: inherit; font-family: inherit; letter-spacing: 0.05em;\">Introduction<\/span><\/h3><p>Pronunciation Portal Intermediate is an online course, consisting of 20 modules of English, and providing approximately 20 hours of study for students.<\/p><h3>Course aims<\/h3><p>To give students at Intermediate, CEFR B1 level practice in understanding the differences between similar sounds and practice in speaking with good pronunciation. The course is ideal for students who find their level of receptive and\/or productive pronunciation is falling behind their level of grammar, vocabulary, writing, reading, speaking, or listening, and need a more targeted approach to bring their pronunciation into line with their other English language skills at this level.<\/p><p>Students can also combine this course with our other similar courses:<\/p><ul><li>Grammar Box<\/li><li>Reading Skills<\/li><li>Vocabulary Booster<\/li><li>Listen Up!<\/li><\/ul><h3>Unit summary<\/h3><div class=\"module-table-group\"><h4>Module 1<\/h4><ul><li><b>A Phonemic chart<\/b><\/li><\/ul><\/div><div class=\"module-table-group\"><h4>Module 2<\/h4><ul><li><b>Alive and Arrive<\/b> + connected speech<\/li><\/ul><\/div><div class=\"module-table-group\"><h4>Module 3<\/h4><ul><li><b>Bet and But<\/b> + connected speech<\/li><\/ul><\/div><div class=\"module-table-group\"><h4>Module 4<\/h4><ul><li><b>Boat and Bought<\/b> + connected speech<\/li><\/ul><\/div><div class=\"module-table-group\"><h4>Module 5<\/h4><ul><li><b>Chose and Shoes<\/b> + connected speech<\/li><\/ul><\/div><div class=\"module-table-group\"><h4>Module 6<\/h4><ul><li><b>Cold and Called<\/b> + connected speech<\/li><\/ul><\/div><div class=\"module-table-group\"><h4>Module 7<\/h4><ul><li><b>Fill and Feel<\/b> + connected speech<\/li><\/ul><\/div><div class=\"module-table-group\"><h4>Module 8<\/h4><ul><li><b>Fit and Feet<\/b> + connected speech<\/li><\/ul><\/div><div class=\"module-table-group\"><h4>Module 9<\/h4><ul><li><b>Full and Fool<\/b> + connected speech<\/li><\/ul><\/div><div class=\"module-table-group\"><h4>Module 10<\/h4><ul><li><b>Lie and Light<\/b> + connected speech<\/li><\/ul><\/div><div class=\"module-table-group\"><h4>Module 11<\/h4><ul><li><b>Look and Luck<\/b> + connected speech<\/li><\/ul><\/div><div class=\"module-table-group\"><h4>Module 12<\/h4><ul><li><b>Meet and Meat<\/b> + connected speech<\/li><\/ul><\/div><div class=\"module-table-group\"><h4>Module 13<\/h4><ul><li><b>Prize and Price<\/b> + connected speech<\/li><\/ul><\/div><div class=\"module-table-group\"><h4>Module 14<\/h4><ul><li><b>Ship and Sheep<\/b> + connected speech<\/li><\/ul><\/div><div class=\"module-table-group\"><h4>Module 15<\/h4><ul><li><b>Shot and Short<\/b> + connected speech<\/li><\/ul><\/div><div class=\"module-table-group\"><h4>Module 16<\/h4><ul><li><b>Sink and Think<\/b> + connected speech<\/li><\/ul><\/div><div class=\"module-table-group\"><h4>Module 17<\/h4><ul><li><b>Son and Sun<\/b> + connected speech<\/li><\/ul><\/div><div class=\"module-table-group\"><h4>Module 18<\/h4><ul><li><b>Taught and Thought<\/b> + connected speech<\/li><\/ul><\/div><div class=\"module-table-group\"><h4>Module 19<\/h4><ul><li><b>Vet and Wet<\/b> + connected speech<\/li><\/ul><\/div><div class=\"module-table-group\"><h4>Module 20<\/h4><ul><li><b>Yet and Jet<\/b> + connected speech<\/li><\/ul><\/div><h3>Follow-up<\/h3><p>Students completing the Pronunciation Portal Intermediate course could:<\/p><ul><li>Move on to our next level course: Pronunciation Portal Upper Intermediate<\/li><li>Choose one of our other skills-specific courses, such as Grammar Box, Reading Skills, Vocabulary Booster, or Listen Up!<\/li><li>Study one of our general English improvement courses, such as Complete, Upper Intermediate Power, or Focus on B2 First.<\/li><\/ul>\t\t\t\t\t\t\t\t<\/div>\n\t\t\t\t<\/div>\n\t\t\t\t\t<\/div>\n\t\t\t\t<\/div>\n\t\t\t\t<\/div>","protected":false},"excerpt":{"rendered":"<p>Introduction Pronunciation Portal Intermediate is an online course, consisting of 20 modules of English, and providing approximately 20 hours of study for students. Course aims To give students at Intermediate, CEFR B1 level practice in understanding the differences between similar sounds and practice in speaking with good pronunciation. The course is ideal for students who [&hellip;]<\/p>","protected":false},"author":5,"featured_media":0,"parent":14791,"menu_order":0,"comment_status":"closed","ping_status":"closed","template":"","meta":{"_jet_sm_ready_style":"","_jet_sm_style":"","_jet_sm_controls_values":"","_jet_sm_fonts_collection":"","_jet_sm_fonts_links":"","footnotes":""},"class_list":["post-15086","page","type-page","status-publish","hentry"],"yoast_head":"<!-- This site is optimized with the Yoast SEO plugin v26.3 - https:\/\/yoast.com\/wordpress\/plugins\/seo\/ -->\n<title>Pronunciation Portal Intermediate<\/title>\n<meta name=\"robots\" content=\"index, follow, max-snippet:-1, max-image-preview:large, max-video-preview:-1\" \/>\n<link rel=\"canonical\" href=\"https:\/\/letslearnenglish.com\/cs\/services\/course-outlines\/pronunciation-portal-intermediate\/\" \/>\n<meta property=\"og:locale\" content=\"cs_CZ\" \/>\n<meta property=\"og:type\" content=\"article\" \/>\n<meta property=\"og:title\" content=\"Pronunciation Portal Intermediate\" \/>\n<meta property=\"og:description\" content=\"Introduction Pronunciation Portal Intermediate is an online course, consisting of 20 modules of English, and providing approximately 20 hours of study for students. Course aims To give students at Intermediate, CEFR B1 level practice in understanding the differences between similar sounds and practice in speaking with good pronunciation. The course is ideal for students who [&hellip;]\" \/>\n<meta property=\"og:url\" content=\"https:\/\/letslearnenglish.com\/cs\/services\/course-outlines\/pronunciation-portal-intermediate\/\" \/>\n<meta property=\"og:site_name\" content=\"Let&#039;s Learn English\" \/>\n<meta property=\"article:publisher\" content=\"https:\/\/www.facebook.com\/letslearnenglishcom\/\" \/>\n<meta property=\"article:modified_time\" content=\"2024-09-30T08:38:24+00:00\" \/>\n<meta name=\"twitter:card\" content=\"summary_large_image\" \/>\n<meta name=\"twitter:site\" content=\"@LLEgold\" \/>\n<meta name=\"twitter:label1\" content=\"Odhadovan\u00e1 doba \u010dten\u00ed\" \/>\n\t<meta name=\"twitter:data1\" content=\"2 minuty\" \/>\n<script type=\"application\/ld+json\" class=\"yoast-schema-graph\">{\"@context\":\"https:\/\/schema.org\",\"@graph\":[{\"@type\":\"WebPage\",\"@id\":\"https:\/\/letslearnenglish.com\/services\/course-outlines\/pronunciation-portal-intermediate\/\",\"url\":\"https:\/\/letslearnenglish.com\/services\/course-outlines\/pronunciation-portal-intermediate\/\",\"name\":\"Pronunciation Portal Intermediate\",\"isPartOf\":{\"@id\":\"https:\/\/letslearnenglish.com\/#website\"},\"datePublished\":\"2024-09-11T11:31:04+00:00\",\"dateModified\":\"2024-09-30T08:38:24+00:00\",\"breadcrumb\":{\"@id\":\"https:\/\/letslearnenglish.com\/services\/course-outlines\/pronunciation-portal-intermediate\/#breadcrumb\"},\"inLanguage\":\"cs\",\"potentialAction\":[{\"@type\":\"ReadAction\",\"target\":[\"https:\/\/letslearnenglish.com\/services\/course-outlines\/pronunciation-portal-intermediate\/\"]}]},{\"@type\":\"BreadcrumbList\",\"@id\":\"https:\/\/letslearnenglish.com\/services\/course-outlines\/pronunciation-portal-intermediate\/#breadcrumb\",\"itemListElement\":[{\"@type\":\"ListItem\",\"position\":1,\"name\":\"Home\",\"item\":\"https:\/\/letslearnenglish.com\/\"},{\"@type\":\"ListItem\",\"position\":2,\"name\":\"Services\",\"item\":\"https:\/\/letslearnenglish.com\/services\/\"},{\"@type\":\"ListItem\",\"position\":3,\"name\":\"Course outlines\",\"item\":\"https:\/\/letslearnenglish.com\/services\/course-outlines\/\"},{\"@type\":\"ListItem\",\"position\":4,\"name\":\"Pronunciation Portal Intermediate\"}]},{\"@type\":\"WebSite\",\"@id\":\"https:\/\/letslearnenglish.com\/#website\",\"url\":\"https:\/\/letslearnenglish.com\/\",\"name\":\"Let's Learn English\",\"description\":\"e-Learning platform with the largest database of material ready built in.\",\"publisher\":{\"@id\":\"https:\/\/letslearnenglish.com\/#organization\"},\"potentialAction\":[{\"@type\":\"SearchAction\",\"target\":{\"@type\":\"EntryPoint\",\"urlTemplate\":\"https:\/\/letslearnenglish.com\/?s={search_term_string}\"},\"query-input\":{\"@type\":\"PropertyValueSpecification\",\"valueRequired\":true,\"valueName\":\"search_term_string\"}}],\"inLanguage\":\"cs\"},{\"@type\":\"Organization\",\"@id\":\"https:\/\/letslearnenglish.com\/#organization\",\"name\":\"Let's Learn English\",\"url\":\"https:\/\/letslearnenglish.com\/\",\"logo\":{\"@type\":\"ImageObject\",\"inLanguage\":\"cs\",\"@id\":\"https:\/\/letslearnenglish.com\/#\/schema\/logo\/image\/\",\"url\":\"https:\/\/letslearnenglish.com\/wp-content\/uploads\/2017\/06\/newlogo.png\",\"contentUrl\":\"https:\/\/letslearnenglish.com\/wp-content\/uploads\/2017\/06\/newlogo.png\",\"width\":230,\"height\":110,\"caption\":\"Let's Learn English\"},\"image\":{\"@id\":\"https:\/\/letslearnenglish.com\/#\/schema\/logo\/image\/\"},\"sameAs\":[\"https:\/\/www.facebook.com\/letslearnenglishcom\/\",\"https:\/\/x.com\/LLEgold\",\"https:\/\/pinterest.com\/LLEgold\/\",\"https:\/\/www.youtube.com\/channel\/UCFQB7KnGf5tG82qHssJQQLw\"]}]}<\/script>\n<!-- \/ Yoast SEO plugin. -->","yoast_head_json":{"title":"Pronunciation Portal Intermediate","robots":{"index":"index","follow":"follow","max-snippet":"max-snippet:-1","max-image-preview":"max-image-preview:large","max-video-preview":"max-video-preview:-1"},"canonical":"https:\/\/letslearnenglish.com\/cs\/services\/course-outlines\/pronunciation-portal-intermediate\/","og_locale":"cs_CZ","og_type":"article","og_title":"Pronunciation Portal Intermediate","og_description":"Introduction Pronunciation Portal Intermediate is an online course, consisting of 20 modules of English, and providing approximately 20 hours of study for students. Course aims To give students at Intermediate, CEFR B1 level practice in understanding the differences between similar sounds and practice in speaking with good pronunciation. The course is ideal for students who [&hellip;]","og_url":"https:\/\/letslearnenglish.com\/cs\/services\/course-outlines\/pronunciation-portal-intermediate\/","og_site_name":"Let&#039;s Learn English","article_publisher":"https:\/\/www.facebook.com\/letslearnenglishcom\/","article_modified_time":"2024-09-30T08:38:24+00:00","twitter_card":"summary_large_image","twitter_site":"@LLEgold","twitter_misc":{"Odhadovan\u00e1 doba \u010dten\u00ed":"2 minuty"},"schema":{"@context":"https:\/\/schema.org","@graph":[{"@type":"WebPage","@id":"https:\/\/letslearnenglish.com\/services\/course-outlines\/pronunciation-portal-intermediate\/","url":"https:\/\/letslearnenglish.com\/services\/course-outlines\/pronunciation-portal-intermediate\/","name":"Pronunciation Portal Intermediate","isPartOf":{"@id":"https:\/\/letslearnenglish.com\/#website"},"datePublished":"2024-09-11T11:31:04+00:00","dateModified":"2024-09-30T08:38:24+00:00","breadcrumb":{"@id":"https:\/\/letslearnenglish.com\/services\/course-outlines\/pronunciation-portal-intermediate\/#breadcrumb"},"inLanguage":"cs","potentialAction":[{"@type":"ReadAction","target":["https:\/\/letslearnenglish.com\/services\/course-outlines\/pronunciation-portal-intermediate\/"]}]},{"@type":"BreadcrumbList","@id":"https:\/\/letslearnenglish.com\/services\/course-outlines\/pronunciation-portal-intermediate\/#breadcrumb","itemListElement":[{"@type":"ListItem","position":1,"name":"Home","item":"https:\/\/letslearnenglish.com\/"},{"@type":"ListItem","position":2,"name":"Services","item":"https:\/\/letslearnenglish.com\/services\/"},{"@type":"ListItem","position":3,"name":"Course outlines","item":"https:\/\/letslearnenglish.com\/services\/course-outlines\/"},{"@type":"ListItem","position":4,"name":"Pronunciation Portal Intermediate"}]},{"@type":"WebSite","@id":"https:\/\/letslearnenglish.com\/#website","url":"https:\/\/letslearnenglish.com\/","name":"Let's Learn English","description":"e-Learning platform with the largest database of material ready built in.","publisher":{"@id":"https:\/\/letslearnenglish.com\/#organization"},"potentialAction":[{"@type":"SearchAction","target":{"@type":"EntryPoint","urlTemplate":"https:\/\/letslearnenglish.com\/?s={search_term_string}"},"query-input":{"@type":"PropertyValueSpecification","valueRequired":true,"valueName":"search_term_string"}}],"inLanguage":"cs"},{"@type":"Organization","@id":"https:\/\/letslearnenglish.com\/#organization","name":"Let's Learn English","url":"https:\/\/letslearnenglish.com\/","logo":{"@type":"ImageObject","inLanguage":"cs","@id":"https:\/\/letslearnenglish.com\/#\/schema\/logo\/image\/","url":"https:\/\/letslearnenglish.com\/wp-content\/uploads\/2017\/06\/newlogo.png","contentUrl":"https:\/\/letslearnenglish.com\/wp-content\/uploads\/2017\/06\/newlogo.png","width":230,"height":110,"caption":"Let's Learn English"},"image":{"@id":"https:\/\/letslearnenglish.com\/#\/schema\/logo\/image\/"},"sameAs":["https:\/\/www.facebook.com\/letslearnenglishcom\/","https:\/\/x.com\/LLEgold","https:\/\/pinterest.com\/LLEgold\/","https:\/\/www.youtube.com\/channel\/UCFQB7KnGf5tG82qHssJQQLw"]}]}},"_links":{"self":[{"href":"https:\/\/letslearnenglish.com\/cs\/wp-json\/wp\/v2\/pages\/15086","targetHints":{"allow":["GET"]}}],"collection":[{"href":"https:\/\/letslearnenglish.com\/cs\/wp-json\/wp\/v2\/pages"}],"about":[{"href":"https:\/\/letslearnenglish.com\/cs\/wp-json\/wp\/v2\/types\/page"}],"author":[{"embeddable":true,"href":"https:\/\/letslearnenglish.com\/cs\/wp-json\/wp\/v2\/users\/5"}],"replies":[{"embeddable":true,"href":"https:\/\/letslearnenglish.com\/cs\/wp-json\/wp\/v2\/comments?post=15086"}],"version-history":[{"count":10,"href":"https:\/\/letslearnenglish.com\/cs\/wp-json\/wp\/v2\/pages\/15086\/revisions"}],"predecessor-version":[{"id":17273,"href":"https:\/\/letslearnenglish.com\/cs\/wp-json\/wp\/v2\/pages\/15086\/revisions\/17273"}],"up":[{"embeddable":true,"href":"https:\/\/letslearnenglish.com\/cs\/wp-json\/wp\/v2\/pages\/14791"}],"wp:attachment":[{"href":"https:\/\/letslearnenglish.com\/cs\/wp-json\/wp\/v2\/media?parent=15086"}],"curies":[{"name":"wp","href":"https:\/\/api.w.org\/{rel}","templated":true}]}}