{"id":4919,"date":"2017-06-26T11:48:59","date_gmt":"2017-06-26T10:48:59","guid":{"rendered":"http:\/\/www.nadinka.webd.pl\/letslearnenglish\/?page_id=4919"},"modified":"2023-07-17T11:38:17","modified_gmt":"2023-07-17T10:38:17","slug":"business","status":"publish","type":"page","link":"http:\/\/letslearnenglish.com\/tr\/services\/business\/","title":{"rendered":"\u0130\u015f D\u00fcnyas\u0131"},"content":{"rendered":"<div class=\"wpb-content-wrapper\"><div class=\"container\" ><div class=\"vc_row wpb_row vc_row-fluid margin-bottom-120\"><div class=\"sm-margin-bottom-30 wpb_column vc_column_container vc_col-sm-4\"><div class=\"vc_column-inner\"><div class=\"wpb_wrapper\">            <div class=\"heading color-dark size-md text-left margin-bottom-50\" >\n                                <div class=\"line-double\">\n                                                        <h2>\n                        I\u0307NGI\u0307LI\u0307ZCE \u00d6\u011eRENELI\u0307M I\u0307\u015e I\u0307\u00c7I\u0307N I\u0307DEAL BI\u0307R ARA\u00c7TIR                    <\/h2>\n                                        <span>\n                        Bireysel \u00f6\u011frencileri olan \u00f6\u011fretmenler y\u00fcz y\u00fcze veya VOIP\/Skype derslerinde kapsaml\u0131 materyal k\u00fct\u00fcphanemizi kullanabilir; okuldaki \u00f6\u011fretmenler i\u015fletme \u00f6\u011frencileri i\u00e7in ev \u00f6devi veya tamamlay\u0131c\u0131 materyaller atayabilir.                    <\/span>\n                                    <\/div>\n                            <\/div>\n            <\/div><\/div><\/div><div class=\"wpb_column vc_column_container vc_col-sm-4\"><div class=\"vc_column-inner\"><div class=\"wpb_wrapper\">\t\t\t<div class=\"iconbox default  text-center color-dark\" >\n                <div class=\"icon-box-shape\">\n                    <a title=\"I\u0307HTI\u0307YA\u00c7 ANALI\u0307ZI\u0307\" target=\"_self\" href=\"#\">\n                                                        <i class=\"micon icon-gears\"><\/i>\n                                                <\/a>\n                <\/div>\n                                    <h3><a title=\"I\u0307HTI\u0307YA\u00c7 ANALI\u0307ZI\u0307\" target=\"_self\" href=\"#\">I\u0307HTI\u0307YA\u00c7 ANALI\u0307ZI\u0307<\/a><\/h3>\n                                <p>\u0130\u015f \u0130ngilizcesi \u00f6\u011frencilerinin genellikle son derece \u00f6zel gereksinimleri oldu\u011funu ve onlar i\u00e7in bir kurs haz\u0131rlaman\u0131n, ihtiya\u00e7 duyduklar\u0131 \u015feyi \u00f6\u011frenmelerini ve sizinle birlikte olduklar\u0131 zamandan en iyi \u015fekilde yararlanmalar\u0131n\u0131 sa\u011flayan bir yol olu\u015fturmak i\u00e7in iki y\u00f6nl\u00fc bir konu\u015fma i\u00e7erdi\u011fini hepimiz biliyoruz. Let's Learn English, \u00f6\u011frencilere merkezinize kay\u0131t olduklar\u0131nda, ancak derslerine gelmeden \u00f6nce verilebilecek dahili bir ihtiya\u00e7 analizine sahiptir ve size ihtiya\u00e7lar\u0131na ve gereksinimlerine g\u00f6re bir e\u011fitim kursu uyarlamak i\u00e7in gereken zaman\u0131 verir<\/p>\n                \t\t\t<\/div>\n            <div class=\"vc_empty_space\"   style=\"height: 32px\"><span class=\"vc_empty_space_inner\"><\/span><\/div>\t\t\t<div class=\"iconbox default  text-center color-dark\" >\n                <div class=\"icon-box-shape\">\n                    <a title=\"BIRAKIN I\u015eI \u00d6\u011eRENCILERINIZ YAPSIN\" target=\"_self\" href=\"#\">\n                                                        <i class=\"micon icon-presentation\"><\/i>\n                                                <\/a>\n                <\/div>\n                                    <h3><a title=\"BIRAKIN I\u015eI \u00d6\u011eRENCILERINIZ YAPSIN\" target=\"_self\" href=\"#\">BIRAKIN I\u015eI \u00d6\u011eRENCILERINIZ YAPSIN<\/a><\/h3>\n                                <p>Yazarl\u0131k tesisimiz sadece i\u015fletme \u00f6\u011frencileri i\u00e7in \u00f6zel s\u0131n\u0131flar olu\u015fturmak isteyen \u00f6\u011fretmenler i\u00e7in yararl\u0131 de\u011fildir. \u0130\u015fbirli\u011fine dayal\u0131 projeler arac\u0131m\u0131z, \u00f6\u011frencilerin s\u0131n\u0131fta kullanmak \u00fczere multimedya sunumlar\u0131 haz\u0131rlamalar\u0131na olanak tan\u0131r.<\/p>\n                \t\t\t<\/div>\n            <\/div><\/div><\/div><div class=\"wpb_column vc_column_container vc_col-sm-4\"><div class=\"vc_column-inner\"><div class=\"wpb_wrapper\">\t\t\t<div class=\"iconbox default  text-center color-dark\" >\n                <div class=\"icon-box-shape\">\n                    <a title=\"TUTORIALS\" target=\"_self\" href=\"#\">\n                                                        <i class=\"micon icon-185079-bubble-comment-streamline-talk\"><\/i>\n                                                <\/a>\n                <\/div>\n                                    <h3><a title=\"TUTORIALS\" target=\"_self\" href=\"#\">TUTORIALS<\/a><\/h3>\n                                <p>\u00d6\u011frencilere d\u00fczenli olarak ki\u015fiselle\u015ftirilmi\u015f e\u011fitimler, toplant\u0131lar veya ilerleme raporlar\u0131 vermek, s\u0131n\u0131fta mutlu olmalar\u0131n\u0131 ve \u00f6\u011fretmenlerinden istedikleri i\u00e7eri\u011fi almalar\u0131n\u0131 sa\u011flaman\u0131n en iyi yoludur. \u00d6zel dersler, \u00f6\u011fretmen ve \u00f6\u011frencinin \u0130ngilizcelerindeki alg\u0131lanan zay\u0131fl\u0131klar\u0131 dikkate almak i\u00e7in gelecek derslere ince ayar yapmalar\u0131n\u0131 ve \u00f6\u011frencinin masalar\u0131n\u0131n arkas\u0131na d\u00f6nd\u00fcklerinde ihtiya\u00e7 duyacaklar\u0131 yap\u0131lar, s\u00f6zc\u00fckler ve i\u015flevsel dil a\u00e7\u0131s\u0131ndan istediklerini almalar\u0131n\u0131 sa\u011flar. Let's Learn English e\u011fitim sayfalar\u0131n\u0131n kullan\u0131m\u0131 kolayd\u0131r ve \u00e7oklu platform oldu\u011fundan, \u00f6\u011fretmen ve m\u00fc\u015fteri aras\u0131nda daha fazla g\u00f6z temas\u0131 sa\u011flamak i\u00e7in bir tablette a\u00e7\u0131labilir.<\/p>\n                \t\t\t<\/div>\n            <div class=\"vc_empty_space\"   style=\"height: 32px\"><span class=\"vc_empty_space_inner\"><\/span><\/div><\/div><\/div><\/div><\/div><\/div><div class=\"fullwidth\" ><div class=\"vc_row wpb_row vc_row-fluid vc_custom_1498475147716\"><div class=\"wpb_column vc_column_container vc_col-sm-12\"><div class=\"vc_column-inner\"><div class=\"wpb_wrapper\">            <div class=\"heading color-dark size-md text-center margin-bottom-75\" >\n                                <div class=\"line-double\">\n                                                        <h2>\n                        SE\u00c7I\u0307LMI\u0307\u015e M\u00dc\u015eTERI\u0307 LI\u0307STESI\u0307                    <\/h2>\n                                        <span>\n                        E-\u00d6\u011frenim platformumuzu kullanan y\u00fczlerce okuldan baz\u0131lar\u0131...                    <\/span>\n                                    <\/div>\n                            <\/div>\n                        <div class=\"partner-carousel style1 opacity80\" >\n                <div class=\"owl-g5plus-shortcode owl-carousel\"\n                     data-plugin-options='{&quot;loop&quot;:true,&quot;center&quot;:false,&quot;nav&quot;:false,&quot;dots&quot;:false,&quot;autoplay&quot;:true,&quot;autoplayHoverPause&quot;:false,&quot;autoplayTimeout&quot;:5000,&quot;margin&quot;:0,&quot;items&quot;:4,&quot;responsive&quot;:{&quot;0&quot;:{&quot;items&quot;:1},&quot;600&quot;:{&quot;items&quot;:2},&quot;768&quot;:{&quot;items&quot;:3},&quot;980&quot;:{&quot;items&quot;:5},&quot;1200&quot;:{&quot;items&quot;:5}}}'>\n                                                <a href=\"https:\/\/google.com\"\n                               target=\"_blank\">\n                                <img decoding=\"async\" width=\"300\" height=\"162\" src=\"https:\/\/letslearnenglish.com\/wp-content\/uploads\/2020\/03\/lse.jpg\" class=\"attachment-medium\" alt=\"\" title=\"lse\" \/>                            <\/a>\n                                                    <a href=\"https:\/\/google.co.uk\"\n                               target=\"_blank\">\n                                <img decoding=\"async\" width=\"300\" height=\"142\" src=\"https:\/\/letslearnenglish.com\/wp-content\/uploads\/2020\/03\/lingua.jpg\" class=\"attachment-medium\" alt=\"\" title=\"lingua\" \/>                            <\/a>\n                                                    <a href=\"https:\/\/google.de\"\n                               target=\"_blank\">\n                                <img decoding=\"async\" width=\"178\" height=\"89\" src=\"https:\/\/letslearnenglish.com\/wp-content\/uploads\/2020\/03\/beet.png\" class=\"attachment-medium\" alt=\"\" title=\"pancar\" \/>                            <\/a>\n                                                    <a href=\"https:\/\/google.fr\"\n                               target=\"_blank\">\n                                <img loading=\"lazy\" decoding=\"async\" width=\"300\" height=\"252\" src=\"https:\/\/letslearnenglish.com\/wp-content\/uploads\/2020\/03\/bath.png\" class=\"attachment-medium\" alt=\"\" title=\"banyo\" \/>                            <\/a>\n                        <img loading=\"lazy\" decoding=\"async\" width=\"223\" height=\"160\" src=\"https:\/\/letslearnenglish.com\/wp-content\/uploads\/2020\/03\/fvg.png\" class=\"attachment-medium\" alt=\"\" title=\"fvg\" \/><img loading=\"lazy\" decoding=\"async\" width=\"300\" height=\"100\" src=\"https:\/\/letslearnenglish.com\/wp-content\/uploads\/2020\/03\/cambridge.jpg\" class=\"attachment-medium\" alt=\"\" title=\"cambridge\" \/><img loading=\"lazy\" decoding=\"async\" width=\"130\" height=\"85\" src=\"https:\/\/letslearnenglish.com\/wp-content\/uploads\/2020\/03\/leo.png\" class=\"attachment-medium\" alt=\"\" title=\"leo\" \/><img loading=\"lazy\" decoding=\"async\" width=\"300\" height=\"100\" src=\"https:\/\/letslearnenglish.com\/wp-content\/uploads\/2020\/03\/ih1.png\" class=\"attachment-medium\" alt=\"\" title=\"ih1\" \/><img loading=\"lazy\" decoding=\"async\" width=\"214\" height=\"54\" src=\"https:\/\/letslearnenglish.com\/wp-content\/uploads\/2020\/03\/ih2.png\" class=\"attachment-medium\" alt=\"\" title=\"ih2\" \/><img loading=\"lazy\" decoding=\"async\" width=\"300\" height=\"117\" src=\"https:\/\/letslearnenglish.com\/wp-content\/uploads\/2020\/03\/ih3.jpg\" class=\"attachment-medium\" alt=\"\" title=\"ih3\" \/><img loading=\"lazy\" decoding=\"async\" width=\"229\" height=\"163\" src=\"https:\/\/letslearnenglish.com\/wp-content\/uploads\/2020\/03\/kae.png\" class=\"attachment-medium\" alt=\"\" title=\"kae\" \/><img loading=\"lazy\" decoding=\"async\" width=\"300\" height=\"122\" src=\"https:\/\/letslearnenglish.com\/wp-content\/uploads\/2020\/03\/park.png\" class=\"attachment-medium\" alt=\"\" title=\"park\" \/><img loading=\"lazy\" decoding=\"async\" width=\"220\" height=\"125\" src=\"https:\/\/letslearnenglish.com\/wp-content\/uploads\/2020\/03\/stgiles.png\" class=\"attachment-medium\" alt=\"\" title=\"stgiles\" \/><img loading=\"lazy\" decoding=\"async\" width=\"175\" height=\"175\" src=\"https:\/\/letslearnenglish.com\/wp-content\/uploads\/2020\/03\/stpauls.png\" class=\"attachment-medium\" alt=\"\" title=\"stpauls\" \/><img loading=\"lazy\" decoding=\"async\" width=\"255\" height=\"100\" src=\"https:\/\/letslearnenglish.com\/wp-content\/uploads\/2020\/03\/ukec.png\" class=\"attachment-medium\" alt=\"\" title=\"ukec\" \/>                <\/div>\n            <\/div>\n            <\/div><\/div><\/div><\/div><\/div>\n<\/div>","protected":false},"excerpt":{"rendered":"LET'S LEARN ENGLISH IS AN IDEAL TOOL FOR BUSINESS Teachers with individual students can use our extensive library of materials in face-to-face or VOIP\/Skype classes; teachers in school can assign homework or supplementary materials for their business students. NEEDS ANALYSIS We all know that business English students often have highly specialised requirements, and that preparing [...]","protected":false},"author":1,"featured_media":0,"parent":4890,"menu_order":0,"comment_status":"closed","ping_status":"closed","template":"","meta":{"_jet_sm_ready_style":"","_jet_sm_style":"","_jet_sm_controls_values":"","_jet_sm_fonts_collection":"","_jet_sm_fonts_links":"","footnotes":""},"class_list":["post-4919","page","type-page","status-publish","hentry"],"yoast_head":"<!-- This site is optimized with the Yoast SEO plugin v26.3 - https:\/\/yoast.com\/wordpress\/plugins\/seo\/ -->\n<title>Business Let&#039;s Learn English<\/title>\n<meta name=\"description\" content=\"Elevate your business to new heights with Let&#039;s Learn English&#039;s specialized Business Services. We provide tailored language training and...\" \/>\n<meta name=\"robots\" content=\"index, follow, max-snippet:-1, max-image-preview:large, max-video-preview:-1\" \/>\n<link rel=\"canonical\" href=\"https:\/\/letslearnenglish.com\/tr\/services\/business\/\" \/>\n<meta property=\"og:locale\" content=\"tr_TR\" \/>\n<meta property=\"og:type\" content=\"article\" \/>\n<meta property=\"og:title\" content=\"Business Let&#039;s Learn English\" \/>\n<meta property=\"og:description\" content=\"Elevate your business to new heights with Let&#039;s Learn English&#039;s specialized Business Services. We provide tailored language training and...\" \/>\n<meta property=\"og:url\" content=\"https:\/\/letslearnenglish.com\/tr\/services\/business\/\" \/>\n<meta property=\"og:site_name\" content=\"Let&#039;s Learn English\" \/>\n<meta property=\"article:publisher\" content=\"https:\/\/www.facebook.com\/letslearnenglishcom\/\" \/>\n<meta property=\"article:modified_time\" content=\"2023-07-17T10:38:17+00:00\" \/>\n<meta name=\"twitter:card\" content=\"summary_large_image\" \/>\n<meta name=\"twitter:site\" content=\"@LLEgold\" \/>\n<meta name=\"twitter:label1\" content=\"Tahmini okuma s\u00fcresi\" \/>\n\t<meta name=\"twitter:data1\" content=\"2 dakika\" \/>\n<script type=\"application\/ld+json\" class=\"yoast-schema-graph\">{\"@context\":\"https:\/\/schema.org\",\"@graph\":[{\"@type\":\"WebPage\",\"@id\":\"https:\/\/letslearnenglish.com\/services\/business\/\",\"url\":\"https:\/\/letslearnenglish.com\/services\/business\/\",\"name\":\"Business Let&#039;s Learn English\",\"isPartOf\":{\"@id\":\"https:\/\/letslearnenglish.com\/#website\"},\"datePublished\":\"2017-06-26T10:48:59+00:00\",\"dateModified\":\"2023-07-17T10:38:17+00:00\",\"description\":\"Elevate your business to new heights with Let's Learn English's specialized Business Services. We provide tailored language training and...\",\"breadcrumb\":{\"@id\":\"https:\/\/letslearnenglish.com\/services\/business\/#breadcrumb\"},\"inLanguage\":\"tr\",\"potentialAction\":[{\"@type\":\"ReadAction\",\"target\":[\"https:\/\/letslearnenglish.com\/services\/business\/\"]}]},{\"@type\":\"BreadcrumbList\",\"@id\":\"https:\/\/letslearnenglish.com\/services\/business\/#breadcrumb\",\"itemListElement\":[{\"@type\":\"ListItem\",\"position\":1,\"name\":\"Home\",\"item\":\"https:\/\/letslearnenglish.com\/\"},{\"@type\":\"ListItem\",\"position\":2,\"name\":\"Services\",\"item\":\"https:\/\/letslearnenglish.com\/services\/\"},{\"@type\":\"ListItem\",\"position\":3,\"name\":\"Business\"}]},{\"@type\":\"WebSite\",\"@id\":\"https:\/\/letslearnenglish.com\/#website\",\"url\":\"https:\/\/letslearnenglish.com\/\",\"name\":\"Let's Learn English\",\"description\":\"e-Learning platform with the largest database of material ready built in.\",\"publisher\":{\"@id\":\"https:\/\/letslearnenglish.com\/#organization\"},\"potentialAction\":[{\"@type\":\"SearchAction\",\"target\":{\"@type\":\"EntryPoint\",\"urlTemplate\":\"https:\/\/letslearnenglish.com\/?s={search_term_string}\"},\"query-input\":{\"@type\":\"PropertyValueSpecification\",\"valueRequired\":true,\"valueName\":\"search_term_string\"}}],\"inLanguage\":\"tr\"},{\"@type\":\"Organization\",\"@id\":\"https:\/\/letslearnenglish.com\/#organization\",\"name\":\"Let's Learn English\",\"url\":\"https:\/\/letslearnenglish.com\/\",\"logo\":{\"@type\":\"ImageObject\",\"inLanguage\":\"tr\",\"@id\":\"https:\/\/letslearnenglish.com\/#\/schema\/logo\/image\/\",\"url\":\"https:\/\/letslearnenglish.com\/wp-content\/uploads\/2017\/06\/newlogo.png\",\"contentUrl\":\"https:\/\/letslearnenglish.com\/wp-content\/uploads\/2017\/06\/newlogo.png\",\"width\":230,\"height\":110,\"caption\":\"Let's Learn English\"},\"image\":{\"@id\":\"https:\/\/letslearnenglish.com\/#\/schema\/logo\/image\/\"},\"sameAs\":[\"https:\/\/www.facebook.com\/letslearnenglishcom\/\",\"https:\/\/x.com\/LLEgold\",\"https:\/\/pinterest.com\/LLEgold\/\",\"https:\/\/www.youtube.com\/channel\/UCFQB7KnGf5tG82qHssJQQLw\"]}]}<\/script>\n<!-- \/ Yoast SEO plugin. -->","yoast_head_json":{"title":"Business Let&#039;s Learn English","description":"Elevate your business to new heights with Let's Learn English's specialized Business Services. We provide tailored language training and...","robots":{"index":"index","follow":"follow","max-snippet":"max-snippet:-1","max-image-preview":"max-image-preview:large","max-video-preview":"max-video-preview:-1"},"canonical":"https:\/\/letslearnenglish.com\/tr\/services\/business\/","og_locale":"tr_TR","og_type":"article","og_title":"Business Let&#039;s Learn English","og_description":"Elevate your business to new heights with Let's Learn English's specialized Business Services. We provide tailored language training and...","og_url":"https:\/\/letslearnenglish.com\/tr\/services\/business\/","og_site_name":"Let&#039;s Learn English","article_publisher":"https:\/\/www.facebook.com\/letslearnenglishcom\/","article_modified_time":"2023-07-17T10:38:17+00:00","twitter_card":"summary_large_image","twitter_site":"@LLEgold","twitter_misc":{"Tahmini okuma s\u00fcresi":"2 dakika"},"schema":{"@context":"https:\/\/schema.org","@graph":[{"@type":"WebPage","@id":"https:\/\/letslearnenglish.com\/services\/business\/","url":"https:\/\/letslearnenglish.com\/services\/business\/","name":"Business Let&#039;s Learn English","isPartOf":{"@id":"https:\/\/letslearnenglish.com\/#website"},"datePublished":"2017-06-26T10:48:59+00:00","dateModified":"2023-07-17T10:38:17+00:00","description":"Elevate your business to new heights with Let's Learn English's specialized Business Services. We provide tailored language training and...","breadcrumb":{"@id":"https:\/\/letslearnenglish.com\/services\/business\/#breadcrumb"},"inLanguage":"tr","potentialAction":[{"@type":"ReadAction","target":["https:\/\/letslearnenglish.com\/services\/business\/"]}]},{"@type":"BreadcrumbList","@id":"https:\/\/letslearnenglish.com\/services\/business\/#breadcrumb","itemListElement":[{"@type":"ListItem","position":1,"name":"Home","item":"https:\/\/letslearnenglish.com\/"},{"@type":"ListItem","position":2,"name":"Services","item":"https:\/\/letslearnenglish.com\/services\/"},{"@type":"ListItem","position":3,"name":"Business"}]},{"@type":"WebSite","@id":"https:\/\/letslearnenglish.com\/#website","url":"https:\/\/letslearnenglish.com\/","name":"Let's Learn English","description":"e-Learning platform with the largest database of material ready built in.","publisher":{"@id":"https:\/\/letslearnenglish.com\/#organization"},"potentialAction":[{"@type":"SearchAction","target":{"@type":"EntryPoint","urlTemplate":"https:\/\/letslearnenglish.com\/?s={search_term_string}"},"query-input":{"@type":"PropertyValueSpecification","valueRequired":true,"valueName":"search_term_string"}}],"inLanguage":"tr"},{"@type":"Organization","@id":"https:\/\/letslearnenglish.com\/#organization","name":"Let's Learn English","url":"https:\/\/letslearnenglish.com\/","logo":{"@type":"ImageObject","inLanguage":"tr","@id":"https:\/\/letslearnenglish.com\/#\/schema\/logo\/image\/","url":"https:\/\/letslearnenglish.com\/wp-content\/uploads\/2017\/06\/newlogo.png","contentUrl":"https:\/\/letslearnenglish.com\/wp-content\/uploads\/2017\/06\/newlogo.png","width":230,"height":110,"caption":"Let's Learn English"},"image":{"@id":"https:\/\/letslearnenglish.com\/#\/schema\/logo\/image\/"},"sameAs":["https:\/\/www.facebook.com\/letslearnenglishcom\/","https:\/\/x.com\/LLEgold","https:\/\/pinterest.com\/LLEgold\/","https:\/\/www.youtube.com\/channel\/UCFQB7KnGf5tG82qHssJQQLw"]}]}},"_links":{"self":[{"href":"http:\/\/letslearnenglish.com\/tr\/wp-json\/wp\/v2\/pages\/4919","targetHints":{"allow":["GET"]}}],"collection":[{"href":"http:\/\/letslearnenglish.com\/tr\/wp-json\/wp\/v2\/pages"}],"about":[{"href":"http:\/\/letslearnenglish.com\/tr\/wp-json\/wp\/v2\/types\/page"}],"author":[{"embeddable":true,"href":"http:\/\/letslearnenglish.com\/tr\/wp-json\/wp\/v2\/users\/1"}],"replies":[{"embeddable":true,"href":"http:\/\/letslearnenglish.com\/tr\/wp-json\/wp\/v2\/comments?post=4919"}],"version-history":[{"count":1,"href":"http:\/\/letslearnenglish.com\/tr\/wp-json\/wp\/v2\/pages\/4919\/revisions"}],"predecessor-version":[{"id":9548,"href":"http:\/\/letslearnenglish.com\/tr\/wp-json\/wp\/v2\/pages\/4919\/revisions\/9548"}],"up":[{"embeddable":true,"href":"http:\/\/letslearnenglish.com\/tr\/wp-json\/wp\/v2\/pages\/4890"}],"wp:attachment":[{"href":"http:\/\/letslearnenglish.com\/tr\/wp-json\/wp\/v2\/media?parent=4919"}],"curies":[{"name":"wp","href":"https:\/\/api.w.org\/{rel}","templated":true}]}}